{"id":1725,"date":"2014-02-26T10:24:48","date_gmt":"2014-02-26T08:24:48","guid":{"rendered":"http:\/\/progwarts.de\/?page_id=1725"},"modified":"2022-03-09T12:44:18","modified_gmt":"2022-03-09T10:44:18","slug":"impressum","status":"publish","type":"page","link":"https:\/\/anseros-systeme.de\/de\/impressum\/","title":{"rendered":"Impressum"},"content":{"rendered":"<div class=\"auto-format ui--animation\"><p><strong>Anseros Klaus Nonnenmacher GmbH<\/strong><br \/>\nDischingerweg 11<br \/>\nD-72070 T\u00fcbingen (Hirschau)<br \/>\nDeutschland<br \/>\nTelefon: +49-(0)7071-7995-0<br \/>\nTelefax: +49-(0)7071-7995-95<br \/>\nE-mail: info@anseros.de<\/p>\n<p>Gesch\u00e4ftsf\u00fchrer: Dipl.-Ing. Klaus Nonnenmacher<br \/>\nUst-IdNr.: DE146890942<br \/>\nHandelsregister-Nr.: HRB 381208<br \/>\nRegistergericht: Amtsgericht Stuttgart<\/p>\n<p>Inhaltlich Verantwortlicher gem\u00e4\u00df \u00a7 6 MDStV:<br \/>\nDipl. Ing. Klaus Nonnenmacher<\/p>\n<p>Die Europ\u00e4ische Kommission stellt eine Plattform f\u00fcr die au\u00dfergerichtliche<br \/>\nOnline-Streitbeilegung (OS-Plattform) bereit, aufrufbar unter <a href=\"https:\/\/ec.europa.eu\/consumers\/odr\/main\/index.cfm?event=main.home.chooseLanguage\" target=\"_blank\">ec.europa.eu\/consumers\/odr.<\/a><\/p>\n<\/div>","protected":false},"excerpt":{"rendered":"<p>Anseros Klaus Nonnenmacher GmbH Dischingerweg 11 D-72070 T\u00fcbingen (Hirschau) Deutschland Telefon: +49-(0)7071-7995-0 Telefax: +49-(0)7071-7995-95 E-mail: info@anseros.de Gesch\u00e4ftsf\u00fchrer: Dipl.-Ing. Klaus Nonnenmacher Ust-IdNr.: DE146890942 Handelsregister-Nr.: HRB 381208 Registergericht: Amtsgericht Stuttgart Inhaltlich Verantwortlicher gem\u00e4\u00df \u00a7 6 MDStV: Dipl. Ing. Klaus Nonnenmacher Die Europ\u00e4ische Kommission stellt eine Plattform f\u00fcr die au\u00dfergerichtliche Online-Streitbeilegung (OS-Plattform) bereit, aufrufbar unter ec.europa.eu\/consumers\/odr.<\/p>\n","protected":false},"author":5,"featured_media":0,"parent":0,"menu_order":0,"comment_status":"closed","ping_status":"closed","template":"","meta":{"footnotes":""},"class_list":["post-1725","page","type-page","status-publish","hentry"],"yoast_head":"<!-- This site is optimized with the Yoast SEO plugin v23.6 - https:\/\/yoast.com\/wordpress\/plugins\/seo\/ -->\n<title>Impressum - Anseros Ozone Technologies<\/title>\n<meta name=\"robots\" content=\"noindex, follow, max-snippet:-1, max-image-preview:large, max-video-preview:-1\" \/>\n<meta property=\"og:locale\" content=\"de_DE\" \/>\n<meta property=\"og:type\" content=\"article\" \/>\n<meta property=\"og:title\" content=\"Impressum - Anseros Ozone Technologies\" \/>\n<meta property=\"og:description\" content=\"Anseros Klaus Nonnenmacher GmbH Dischingerweg 11 D-72070 T\u00fcbingen (Hirschau) Deutschland Telefon: +49-(0)7071-7995-0 Telefax: +49-(0)7071-7995-95 E-mail: info@anseros.de Gesch\u00e4ftsf\u00fchrer: Dipl.-Ing. Klaus Nonnenmacher Ust-IdNr.: DE146890942 Handelsregister-Nr.: HRB 381208 Registergericht: Amtsgericht Stuttgart Inhaltlich Verantwortlicher gem\u00e4\u00df \u00a7 6 MDStV: Dipl. Ing. Klaus Nonnenmacher Die Europ\u00e4ische Kommission stellt eine Plattform f\u00fcr die au\u00dfergerichtliche Online-Streitbeilegung (OS-Plattform) bereit, aufrufbar unter ec.europa.eu\/consumers\/odr.\" \/>\n<meta property=\"og:url\" content=\"https:\/\/anseros-systeme.de\/de\/impressum\/\" \/>\n<meta property=\"og:site_name\" content=\"Anseros Ozone Technologies\" \/>\n<meta property=\"article:publisher\" content=\"https:\/\/www.facebook.com\/AnserosDeutschland\/\" \/>\n<meta property=\"article:modified_time\" content=\"2022-03-09T10:44:18+00:00\" \/>\n<meta name=\"twitter:card\" content=\"summary_large_image\" \/>\n<script type=\"application\/ld+json\" class=\"yoast-schema-graph\">{\"@context\":\"https:\/\/schema.org\",\"@graph\":[{\"@type\":\"WebPage\",\"@id\":\"https:\/\/anseros-systeme.de\/de\/impressum\/\",\"url\":\"https:\/\/anseros-systeme.de\/de\/impressum\/\",\"name\":\"Impressum - Anseros Ozone Technologies\",\"isPartOf\":{\"@id\":\"https:\/\/anseros-systeme.de\/#website\"},\"datePublished\":\"2014-02-26T08:24:48+00:00\",\"dateModified\":\"2022-03-09T10:44:18+00:00\",\"breadcrumb\":{\"@id\":\"https:\/\/anseros-systeme.de\/de\/impressum\/#breadcrumb\"},\"inLanguage\":\"de\",\"potentialAction\":[{\"@type\":\"ReadAction\",\"target\":[\"https:\/\/anseros-systeme.de\/de\/impressum\/\"]}]},{\"@type\":\"BreadcrumbList\",\"@id\":\"https:\/\/anseros-systeme.de\/de\/impressum\/#breadcrumb\",\"itemListElement\":[{\"@type\":\"ListItem\",\"position\":1,\"name\":\"Home\",\"item\":\"https:\/\/anseros-systeme.de\/de\/\"},{\"@type\":\"ListItem\",\"position\":2,\"name\":\"Impressum\"}]},{\"@type\":\"WebSite\",\"@id\":\"https:\/\/anseros-systeme.de\/#website\",\"url\":\"https:\/\/anseros-systeme.de\/\",\"name\":\"Anseros Ozone Technologies\",\"description\":\"Ozone Generators | Ozone Analyzers | Ozone Water Treatment Systems | Ozone Air Purification Systems | Ozone Test Chambers\",\"publisher\":{\"@id\":\"https:\/\/anseros-systeme.de\/#organization\"},\"potentialAction\":[{\"@type\":\"SearchAction\",\"target\":{\"@type\":\"EntryPoint\",\"urlTemplate\":\"https:\/\/anseros-systeme.de\/?s={search_term_string}\"},\"query-input\":{\"@type\":\"PropertyValueSpecification\",\"valueRequired\":true,\"valueName\":\"search_term_string\"}}],\"inLanguage\":\"de\"},{\"@type\":\"Organization\",\"@id\":\"https:\/\/anseros-systeme.de\/#organization\",\"name\":\"ANSROS KLAUS NONNENMACHER GmbH\",\"url\":\"https:\/\/anseros-systeme.de\/\",\"logo\":{\"@type\":\"ImageObject\",\"inLanguage\":\"de\",\"@id\":\"https:\/\/anseros-systeme.de\/#\/schema\/logo\/image\/\",\"url\":\"https:\/\/hoxon.de\/wp-content\/uploads\/logo-7-e1609862136604.png\",\"contentUrl\":\"https:\/\/hoxon.de\/wp-content\/uploads\/logo-7-e1609862136604.png\",\"width\":150,\"height\":150,\"caption\":\"ANSROS KLAUS NONNENMACHER GmbH\"},\"image\":{\"@id\":\"https:\/\/anseros-systeme.de\/#\/schema\/logo\/image\/\"},\"sameAs\":[\"https:\/\/www.facebook.com\/AnserosDeutschland\/\"]}]}<\/script>\n<!-- \/ Yoast SEO plugin. -->","yoast_head_json":{"title":"Impressum - Anseros Ozone Technologies","robots":{"index":"noindex","follow":"follow","max-snippet":"max-snippet:-1","max-image-preview":"max-image-preview:large","max-video-preview":"max-video-preview:-1"},"og_locale":"de_DE","og_type":"article","og_title":"Impressum - Anseros Ozone Technologies","og_description":"Anseros Klaus Nonnenmacher GmbH Dischingerweg 11 D-72070 T\u00fcbingen (Hirschau) Deutschland Telefon: +49-(0)7071-7995-0 Telefax: +49-(0)7071-7995-95 E-mail: info@anseros.de Gesch\u00e4ftsf\u00fchrer: Dipl.-Ing. Klaus Nonnenmacher Ust-IdNr.: DE146890942 Handelsregister-Nr.: HRB 381208 Registergericht: Amtsgericht Stuttgart Inhaltlich Verantwortlicher gem\u00e4\u00df \u00a7 6 MDStV: Dipl. Ing. Klaus Nonnenmacher Die Europ\u00e4ische Kommission stellt eine Plattform f\u00fcr die au\u00dfergerichtliche Online-Streitbeilegung (OS-Plattform) bereit, aufrufbar unter ec.europa.eu\/consumers\/odr.","og_url":"https:\/\/anseros-systeme.de\/de\/impressum\/","og_site_name":"Anseros Ozone Technologies","article_publisher":"https:\/\/www.facebook.com\/AnserosDeutschland\/","article_modified_time":"2022-03-09T10:44:18+00:00","twitter_card":"summary_large_image","schema":{"@context":"https:\/\/schema.org","@graph":[{"@type":"WebPage","@id":"https:\/\/anseros-systeme.de\/de\/impressum\/","url":"https:\/\/anseros-systeme.de\/de\/impressum\/","name":"Impressum - Anseros Ozone Technologies","isPartOf":{"@id":"https:\/\/anseros-systeme.de\/#website"},"datePublished":"2014-02-26T08:24:48+00:00","dateModified":"2022-03-09T10:44:18+00:00","breadcrumb":{"@id":"https:\/\/anseros-systeme.de\/de\/impressum\/#breadcrumb"},"inLanguage":"de","potentialAction":[{"@type":"ReadAction","target":["https:\/\/anseros-systeme.de\/de\/impressum\/"]}]},{"@type":"BreadcrumbList","@id":"https:\/\/anseros-systeme.de\/de\/impressum\/#breadcrumb","itemListElement":[{"@type":"ListItem","position":1,"name":"Home","item":"https:\/\/anseros-systeme.de\/de\/"},{"@type":"ListItem","position":2,"name":"Impressum"}]},{"@type":"WebSite","@id":"https:\/\/anseros-systeme.de\/#website","url":"https:\/\/anseros-systeme.de\/","name":"Anseros Ozone Technologies","description":"Ozone Generators | Ozone Analyzers | Ozone Water Treatment Systems | Ozone Air Purification Systems | Ozone Test Chambers","publisher":{"@id":"https:\/\/anseros-systeme.de\/#organization"},"potentialAction":[{"@type":"SearchAction","target":{"@type":"EntryPoint","urlTemplate":"https:\/\/anseros-systeme.de\/?s={search_term_string}"},"query-input":{"@type":"PropertyValueSpecification","valueRequired":true,"valueName":"search_term_string"}}],"inLanguage":"de"},{"@type":"Organization","@id":"https:\/\/anseros-systeme.de\/#organization","name":"ANSROS KLAUS NONNENMACHER GmbH","url":"https:\/\/anseros-systeme.de\/","logo":{"@type":"ImageObject","inLanguage":"de","@id":"https:\/\/anseros-systeme.de\/#\/schema\/logo\/image\/","url":"https:\/\/hoxon.de\/wp-content\/uploads\/logo-7-e1609862136604.png","contentUrl":"https:\/\/hoxon.de\/wp-content\/uploads\/logo-7-e1609862136604.png","width":150,"height":150,"caption":"ANSROS KLAUS NONNENMACHER GmbH"},"image":{"@id":"https:\/\/anseros-systeme.de\/#\/schema\/logo\/image\/"},"sameAs":["https:\/\/www.facebook.com\/AnserosDeutschland\/"]}]}},"_links":{"self":[{"href":"https:\/\/anseros-systeme.de\/de\/wp-json\/wp\/v2\/pages\/1725"}],"collection":[{"href":"https:\/\/anseros-systeme.de\/de\/wp-json\/wp\/v2\/pages"}],"about":[{"href":"https:\/\/anseros-systeme.de\/de\/wp-json\/wp\/v2\/types\/page"}],"author":[{"embeddable":true,"href":"https:\/\/anseros-systeme.de\/de\/wp-json\/wp\/v2\/users\/5"}],"replies":[{"embeddable":true,"href":"https:\/\/anseros-systeme.de\/de\/wp-json\/wp\/v2\/comments?post=1725"}],"version-history":[{"count":12,"href":"https:\/\/anseros-systeme.de\/de\/wp-json\/wp\/v2\/pages\/1725\/revisions"}],"predecessor-version":[{"id":9139,"href":"https:\/\/anseros-systeme.de\/de\/wp-json\/wp\/v2\/pages\/1725\/revisions\/9139"}],"wp:attachment":[{"href":"https:\/\/anseros-systeme.de\/de\/wp-json\/wp\/v2\/media?parent=1725"}],"curies":[{"name":"wp","href":"https:\/\/api.w.org\/{rel}","templated":true}]}}