{"id":1726,"date":"2014-02-26T10:25:03","date_gmt":"2014-02-26T08:25:03","guid":{"rendered":"http:\/\/progwarts.de\/?page_id=1726"},"modified":"2018-05-25T19:01:20","modified_gmt":"2018-05-25T17:01:20","slug":"haftungsausschluss","status":"publish","type":"page","link":"https:\/\/anseros-systeme.de\/de\/haftungsausschluss\/","title":{"rendered":"Haftungsausschluss"},"content":{"rendered":"<div class=\"auto-format ui--animation\"><p>Die Informationen auf unseren Webseiten sind konzipiert und bestimmt f\u00fcr eine Nutzung in den Gebieten der Europ\u00e4ischen Union, des Europ\u00e4ischen Wirtschaftsraumes und der Schweiz. Die Nutzung erfolgt nach Ma\u00dfgabe der folgenden Bestimmungen:<\/p>\n<p><b>Allgemeines<\/b><br \/>\nWir stellen auf diesen Seiten verschiedene Informationen und Daten (fortan: Inhalte) zur Verf\u00fcgung, die wir fortlaufend pr\u00fcfen und aktualisieren. Trotz aller Sorgfalt k\u00f6nnen sich die diesen Inhalten zugrunde liegenden Informationen und Daten inzwischen ver\u00e4ndert haben. Eine Haftung oder Garantie f\u00fcr die Aktualit\u00e4t, Richtigkeit, Vollst\u00e4ndigkeit oder Nutzbarkeit der zur Verf\u00fcgung gestellten Inhalte kann nicht \u00fcbernommen werden.<\/p>\n<p><b>Haftung f\u00fcr Inhalte<\/b><br \/>\nWir \u00fcbernehmen keine Verantwortung daf\u00fcr, dass Inhalte auch von Orten au\u00dferhalb Deutschlands abgerufen oder herunter geladen werden k\u00f6nnen und d\u00fcrfen. Wenn Nutzer von au\u00dferhalb Deutschlands auf Inhalte zugreifen, sind sie ausschlie\u00dflich selbst f\u00fcr die Einhaltung der nach dem jeweiligen nationalen Recht einschl\u00e4gigen Vorschriften verantwortlich. Der Zugang zu Inhalten von L\u00e4ndern aus, in denen dieser Zugang rechtswidrig ist, ist nicht gestattet.<\/p>\n<p>Als Telemediendienstanbieter sind wir gem\u00e4\u00df \u00a7 7 Abs. 1 TMG f\u00fcr eigene Inhalte auf diesen Seiten nach den allgemeinen Gesetzen verantwortlich. Nach \u00a7\u00a7 8 bis 10 TMG sind wir als Anbieter jedoch nicht verpflichtet, \u00fcbermittelte oder gespeicherte fremde Inhalte zu \u00fcberwachen oder nach Umst\u00e4nden zu forschen, die auf eine rechtswidrige T\u00e4tigkeit hinweisen. Verpflichtungen zur Entfernung oder Sperrung der Nutzung von Inhalten nach den allgemeinen Gesetzen bleiben hiervon unber\u00fchrt. Eine diesbez\u00fcgliche Haftung kommt jedoch erst ab dem Zeitpunkt der Kenntnis einer konkreten Rechtsverletzung in Betracht. Bei Bekanntwerden von entsprechenden Rechtsverletzungen werden wir diese Inhalte umgehend entfernen.<\/p>\n<p><b>Haftung f\u00fcr Links<\/b><br \/>\nWir sind f\u00fcr die Inhalte von Webseiten Dritter, auf die mittels Hyperlinks oder \u00e4hnlicher Verbindung verwiesen wird, nicht verantwortlich, da wir auf derlei Inhalte keinen Einfluss haben. F\u00fcr die Inhalte der verlinkten Seiten ist stets der jeweilige Anbieter oder Betreiber der Seiten verantwortlich. Die verlinkten Seiten wurden zum Zeitpunkt der Verlinkung auf m\u00f6gliche Rechtsverst\u00f6\u00dfe \u00fcberpr\u00fcft. Rechtswidrige Inhalte waren zum Zeitpunkt der Verlinkung nicht erkennbar. Eine permanente inhaltliche Kontrolle der verlinkten Seiten ist ohne konkrete Anhaltspunkte einer Rechtsverletzung nicht zumutbar. Bei Bekanntwerden von Rechtsverletzungen werden wir derartige Links umgehend entfernen.<\/p>\n<p><b>Verbot kommerzieller Nutzung und Verwertung<\/b><br \/>\nDie Nutzung sowie das Herunterladen der Inhalte unserer Webseiten sind ausschlie\u00dflich zu privaten, nicht-kommerziellen Zwecken gestattet. Dar\u00fcber hinausgehende Reproduktionen und Nutzungen sind untersagt und werden zivil- und strafrechtlich verfolgt.<\/p>\n<p><b>Geistiges Eigentum<\/b><br \/>\nDie bei uns liegenden Rechte des geistigen Eigentums &#8211; wie z.B. das Urheberrecht f\u00fcr ver\u00f6ffentlichte, von uns selbst erstellte Objekte auf unseren Seiten &#8211; verbleiben allein bei uns. Eine Vervielf\u00e4ltigung und\/oder Bearbeitung und\/oder Verbreitung und\/oder jedwede (sonstige) Verwertung solcher Objekte (z.B. Bilder, Grafiken, Design, Tondokumente, Videosequenzen, Programme und Texte) in anderen elektronischen oder gedruckten Publikationen ist ohne unsere ausdr\u00fcckliche schriftliche Zustimmung nicht gestattet. Soweit die Rechte des geistigen Eigentums bei Dritten liegen, bedarf es der ausdr\u00fccklichen schriftlichen Zustimmung des jeweiligen Rechteinhabers (z.B. Autors, Fotografen, Programmierers oder sonstigen Erstellers).<br \/>\nSoweit die Inhalte auf unseren Seiten nicht von uns selbst erstellt sind, werden die geistigen Eigentumsrechte Dritter beachtet. Insbesondere werden Inhalte Dritter als solche gekennzeichnet. Sollten Sie trotzdem auf eine Verletzung von Rechten des geistigen Eigentums aufmerksam werden, bitten wir um einen entsprechenden Hinweis. Bei Bekanntwerden von Rechtsverletzungen werden wir derartige Inhalte umgehend entfernen.<\/p>\n<p><b>Diensteinstellung<\/b><br \/>\nWir behalten uns ausdr\u00fccklich vor, unsere Webseiten ohne gesonderte Ank\u00fcndigung zu ver\u00e4ndern, zu erg\u00e4nzen, zu l\u00f6schen oder die Ver\u00f6ffentlichung zeitweise oder endg\u00fcltig einzustellen oder deren URL zu \u00e4ndern.<\/p>\n<p><b>Widerspruch gegen Werbe-Mails<\/b><br \/>\nDer Nutzung von im Rahmen der Impressumspflicht ver\u00f6ffentlichten Kontaktdaten zur \u00dcbersendung von nicht ausdr\u00fccklich angeforderter Werbung und Informationsmaterialien wird hiermit widersprochen. Wir behalten uns ausdr\u00fccklich rechtliche Schritte im Falle der unverlangten Zusendung von Werbeinformationen, etwa durch Spam-E-Mails, vor.<\/p>\n<p><b>Sonstiges<\/b><br \/>\nSofern Teile oder einzelne Formulierungen dieser Nutzungsbedingungen der geltenden Rechtslage nicht, nicht mehr oder nicht vollst\u00e4ndig entsprechen sollten, bleiben die \u00fcbrigen Teile der Nutzungsbestimmungen in ihrem Inhalt und in ihrer G\u00fcltigkeit davon unber\u00fchrt. F\u00fcr rechtliche Streitigkeiten im Zusammenhang mit der Nutzung unserer Telemediendienste gilt deutsches Recht (unter Ausschluss des UN-Kaufrechts), dies auch dann, wenn die Dienste in einem anderen Staat innerhalb der Europ\u00e4ischen Union oder des Europ\u00e4ischen Wirtschaftsraumes gesch\u00e4ftsm\u00e4\u00dfig angeboten oder erbracht werden, soweit sich nicht aus den Regeln des Internationalen Privatrechts etwas anderes ergibt. Gerichtsstand ist Stuttgart.<\/p>\n<p>\u00a9 Anseros Klaus Nonnenmacher GmbH. Alle Rechte vorbehalten.<\/p>\n<\/div>","protected":false},"excerpt":{"rendered":"<p>Die Informationen auf unseren Webseiten sind konzipiert und bestimmt f\u00fcr eine Nutzung in den Gebieten der Europ\u00e4ischen Union, des Europ\u00e4ischen Wirtschaftsraumes und der Schweiz. Die Nutzung erfolgt nach Ma\u00dfgabe der folgenden Bestimmungen: Allgemeines Wir stellen auf diesen Seiten verschiedene Informationen und Daten (fortan: Inhalte) zur Verf\u00fcgung, die wir fortlaufend pr\u00fcfen und aktualisieren. Trotz aller Sorgfalt [&hellip;]<\/p>\n","protected":false},"author":5,"featured_media":0,"parent":0,"menu_order":0,"comment_status":"open","ping_status":"open","template":"","meta":{"footnotes":""},"class_list":["post-1726","page","type-page","status-publish","hentry"],"yoast_head":"<!-- This site is optimized with the Yoast SEO plugin v23.6 - https:\/\/yoast.com\/wordpress\/plugins\/seo\/ -->\n<title>Haftungsausschluss - Anseros Ozone Technologies<\/title>\n<meta name=\"robots\" content=\"noindex, follow, max-snippet:-1, max-image-preview:large, max-video-preview:-1\" \/>\n<meta property=\"og:locale\" content=\"de_DE\" \/>\n<meta property=\"og:type\" content=\"article\" \/>\n<meta property=\"og:title\" content=\"Haftungsausschluss - Anseros Ozone Technologies\" \/>\n<meta property=\"og:description\" content=\"Die Informationen auf unseren Webseiten sind konzipiert und bestimmt f\u00fcr eine Nutzung in den Gebieten der Europ\u00e4ischen Union, des Europ\u00e4ischen Wirtschaftsraumes und der Schweiz. Die Nutzung erfolgt nach Ma\u00dfgabe der folgenden Bestimmungen: Allgemeines Wir stellen auf diesen Seiten verschiedene Informationen und Daten (fortan: Inhalte) zur Verf\u00fcgung, die wir fortlaufend pr\u00fcfen und aktualisieren. Trotz aller Sorgfalt [&hellip;]\" \/>\n<meta property=\"og:url\" content=\"https:\/\/anseros-systeme.de\/de\/haftungsausschluss\/\" \/>\n<meta property=\"og:site_name\" content=\"Anseros Ozone Technologies\" \/>\n<meta property=\"article:publisher\" content=\"https:\/\/www.facebook.com\/AnserosDeutschland\/\" \/>\n<meta property=\"article:modified_time\" content=\"2018-05-25T17:01:20+00:00\" \/>\n<meta name=\"twitter:card\" content=\"summary_large_image\" \/>\n<script type=\"application\/ld+json\" class=\"yoast-schema-graph\">{\"@context\":\"https:\/\/schema.org\",\"@graph\":[{\"@type\":\"WebPage\",\"@id\":\"https:\/\/anseros-systeme.de\/de\/haftungsausschluss\/\",\"url\":\"https:\/\/anseros-systeme.de\/de\/haftungsausschluss\/\",\"name\":\"Haftungsausschluss - Anseros Ozone Technologies\",\"isPartOf\":{\"@id\":\"https:\/\/anseros-systeme.de\/#website\"},\"datePublished\":\"2014-02-26T08:25:03+00:00\",\"dateModified\":\"2018-05-25T17:01:20+00:00\",\"breadcrumb\":{\"@id\":\"https:\/\/anseros-systeme.de\/de\/haftungsausschluss\/#breadcrumb\"},\"inLanguage\":\"de\",\"potentialAction\":[{\"@type\":\"ReadAction\",\"target\":[\"https:\/\/anseros-systeme.de\/de\/haftungsausschluss\/\"]}]},{\"@type\":\"BreadcrumbList\",\"@id\":\"https:\/\/anseros-systeme.de\/de\/haftungsausschluss\/#breadcrumb\",\"itemListElement\":[{\"@type\":\"ListItem\",\"position\":1,\"name\":\"Home\",\"item\":\"https:\/\/anseros-systeme.de\/de\/\"},{\"@type\":\"ListItem\",\"position\":2,\"name\":\"Haftungsausschluss\"}]},{\"@type\":\"WebSite\",\"@id\":\"https:\/\/anseros-systeme.de\/#website\",\"url\":\"https:\/\/anseros-systeme.de\/\",\"name\":\"Anseros Ozone Technologies\",\"description\":\"Ozone Generators | Ozone Analyzers | Ozone Water Treatment Systems | Ozone Air Purification Systems | Ozone Test Chambers\",\"publisher\":{\"@id\":\"https:\/\/anseros-systeme.de\/#organization\"},\"potentialAction\":[{\"@type\":\"SearchAction\",\"target\":{\"@type\":\"EntryPoint\",\"urlTemplate\":\"https:\/\/anseros-systeme.de\/?s={search_term_string}\"},\"query-input\":{\"@type\":\"PropertyValueSpecification\",\"valueRequired\":true,\"valueName\":\"search_term_string\"}}],\"inLanguage\":\"de\"},{\"@type\":\"Organization\",\"@id\":\"https:\/\/anseros-systeme.de\/#organization\",\"name\":\"ANSROS KLAUS NONNENMACHER GmbH\",\"url\":\"https:\/\/anseros-systeme.de\/\",\"logo\":{\"@type\":\"ImageObject\",\"inLanguage\":\"de\",\"@id\":\"https:\/\/anseros-systeme.de\/#\/schema\/logo\/image\/\",\"url\":\"https:\/\/hoxon.de\/wp-content\/uploads\/logo-7-e1609862136604.png\",\"contentUrl\":\"https:\/\/hoxon.de\/wp-content\/uploads\/logo-7-e1609862136604.png\",\"width\":150,\"height\":150,\"caption\":\"ANSROS KLAUS NONNENMACHER GmbH\"},\"image\":{\"@id\":\"https:\/\/anseros-systeme.de\/#\/schema\/logo\/image\/\"},\"sameAs\":[\"https:\/\/www.facebook.com\/AnserosDeutschland\/\"]}]}<\/script>\n<!-- \/ Yoast SEO plugin. -->","yoast_head_json":{"title":"Haftungsausschluss - Anseros Ozone Technologies","robots":{"index":"noindex","follow":"follow","max-snippet":"max-snippet:-1","max-image-preview":"max-image-preview:large","max-video-preview":"max-video-preview:-1"},"og_locale":"de_DE","og_type":"article","og_title":"Haftungsausschluss - Anseros Ozone Technologies","og_description":"Die Informationen auf unseren Webseiten sind konzipiert und bestimmt f\u00fcr eine Nutzung in den Gebieten der Europ\u00e4ischen Union, des Europ\u00e4ischen Wirtschaftsraumes und der Schweiz. Die Nutzung erfolgt nach Ma\u00dfgabe der folgenden Bestimmungen: Allgemeines Wir stellen auf diesen Seiten verschiedene Informationen und Daten (fortan: Inhalte) zur Verf\u00fcgung, die wir fortlaufend pr\u00fcfen und aktualisieren. Trotz aller Sorgfalt [&hellip;]","og_url":"https:\/\/anseros-systeme.de\/de\/haftungsausschluss\/","og_site_name":"Anseros Ozone Technologies","article_publisher":"https:\/\/www.facebook.com\/AnserosDeutschland\/","article_modified_time":"2018-05-25T17:01:20+00:00","twitter_card":"summary_large_image","schema":{"@context":"https:\/\/schema.org","@graph":[{"@type":"WebPage","@id":"https:\/\/anseros-systeme.de\/de\/haftungsausschluss\/","url":"https:\/\/anseros-systeme.de\/de\/haftungsausschluss\/","name":"Haftungsausschluss - Anseros Ozone Technologies","isPartOf":{"@id":"https:\/\/anseros-systeme.de\/#website"},"datePublished":"2014-02-26T08:25:03+00:00","dateModified":"2018-05-25T17:01:20+00:00","breadcrumb":{"@id":"https:\/\/anseros-systeme.de\/de\/haftungsausschluss\/#breadcrumb"},"inLanguage":"de","potentialAction":[{"@type":"ReadAction","target":["https:\/\/anseros-systeme.de\/de\/haftungsausschluss\/"]}]},{"@type":"BreadcrumbList","@id":"https:\/\/anseros-systeme.de\/de\/haftungsausschluss\/#breadcrumb","itemListElement":[{"@type":"ListItem","position":1,"name":"Home","item":"https:\/\/anseros-systeme.de\/de\/"},{"@type":"ListItem","position":2,"name":"Haftungsausschluss"}]},{"@type":"WebSite","@id":"https:\/\/anseros-systeme.de\/#website","url":"https:\/\/anseros-systeme.de\/","name":"Anseros Ozone Technologies","description":"Ozone Generators | Ozone Analyzers | Ozone Water Treatment Systems | Ozone Air Purification Systems | Ozone Test Chambers","publisher":{"@id":"https:\/\/anseros-systeme.de\/#organization"},"potentialAction":[{"@type":"SearchAction","target":{"@type":"EntryPoint","urlTemplate":"https:\/\/anseros-systeme.de\/?s={search_term_string}"},"query-input":{"@type":"PropertyValueSpecification","valueRequired":true,"valueName":"search_term_string"}}],"inLanguage":"de"},{"@type":"Organization","@id":"https:\/\/anseros-systeme.de\/#organization","name":"ANSROS KLAUS NONNENMACHER GmbH","url":"https:\/\/anseros-systeme.de\/","logo":{"@type":"ImageObject","inLanguage":"de","@id":"https:\/\/anseros-systeme.de\/#\/schema\/logo\/image\/","url":"https:\/\/hoxon.de\/wp-content\/uploads\/logo-7-e1609862136604.png","contentUrl":"https:\/\/hoxon.de\/wp-content\/uploads\/logo-7-e1609862136604.png","width":150,"height":150,"caption":"ANSROS KLAUS NONNENMACHER GmbH"},"image":{"@id":"https:\/\/anseros-systeme.de\/#\/schema\/logo\/image\/"},"sameAs":["https:\/\/www.facebook.com\/AnserosDeutschland\/"]}]}},"_links":{"self":[{"href":"https:\/\/anseros-systeme.de\/de\/wp-json\/wp\/v2\/pages\/1726"}],"collection":[{"href":"https:\/\/anseros-systeme.de\/de\/wp-json\/wp\/v2\/pages"}],"about":[{"href":"https:\/\/anseros-systeme.de\/de\/wp-json\/wp\/v2\/types\/page"}],"author":[{"embeddable":true,"href":"https:\/\/anseros-systeme.de\/de\/wp-json\/wp\/v2\/users\/5"}],"replies":[{"embeddable":true,"href":"https:\/\/anseros-systeme.de\/de\/wp-json\/wp\/v2\/comments?post=1726"}],"version-history":[{"count":5,"href":"https:\/\/anseros-systeme.de\/de\/wp-json\/wp\/v2\/pages\/1726\/revisions"}],"predecessor-version":[{"id":5424,"href":"https:\/\/anseros-systeme.de\/de\/wp-json\/wp\/v2\/pages\/1726\/revisions\/5424"}],"wp:attachment":[{"href":"https:\/\/anseros-systeme.de\/de\/wp-json\/wp\/v2\/media?parent=1726"}],"curies":[{"name":"wp","href":"https:\/\/api.w.org\/{rel}","templated":true}]}}