{"id":1911,"date":"2014-03-08T13:07:45","date_gmt":"2014-03-08T11:07:45","guid":{"rendered":"http:\/\/progwarts.de\/?page_id=1911"},"modified":"2022-02-09T19:36:18","modified_gmt":"2022-02-09T17:36:18","slug":"produkte","status":"publish","type":"page","link":"https:\/\/anseros-systeme.de\/de\/produkte\/","title":{"rendered":"Produkte"},"content":{"rendered":"<div  class=\"ui--tagline-box-wrapper ui--animation clearfix\"><div  id=\"tagline-2\" class=\"ui--tagline-box ui-row clearfix ui--tagline-box-custom-color radius-6px\" data-responsive=\"{&quot;css&quot;:{&quot;min-height&quot;:{&quot;phone&quot;:&quot;auto&quot;,&quot;tablet&quot;:&quot;auto&quot;,&quot;widescreen&quot;:&quot;&quot;}}}\"><div  class=\"ui--tagline-background-container ui--tagline-background-overlay radius-6px\"><\/div><div  class=\"ui--tagline-background-container ui--tagline-background-image radius-6px\"><\/div><div  class=\"ui--tagline-content\"><div  class=\"ui--tagline-box-wrapper ui--animation clearfix\"><div  id=\"tagline-1\" class=\"ui--tagline-box ui-row clearfix ui--tagline-box-custom-color radius-6px\" data-responsive=\"{&quot;css&quot;:{&quot;min-height&quot;:{&quot;phone&quot;:&quot;auto&quot;,&quot;tablet&quot;:&quot;auto&quot;,&quot;widescreen&quot;:&quot;&quot;}}}\"><div  class=\"ui--tagline-background-container ui--tagline-background-overlay radius-6px\"><\/div><div  class=\"ui--tagline-background-container ui--tagline-background-image radius-6px\"><\/div><div  class=\"ui--tagline-content\"><h1 id=\"custom-title-h1-1\" class=\"ui--animation \" style=\"margin-top: 0px; margin-bottom: 30px; \"><strong>ANSEROS - Essentielle Instrumente<\/strong> <\/h1><\/div><\/div><div class=\"ui--shadow ui--shadow-type-3  clearfix\"><img decoding=\"async\" src=\"https:\/\/anseros-systeme.de\/wp-content\/themes\/envision\/includes\/modules\/module.shadow\/shadows\/shadow-3.png\" alt=\"shadow\" \/><\/div><\/div><div class=\"ui-row row\">\n <div   class=\"ui-column span6\"><div class=\"auto-format ui--animation\"><p>Seit mehr als drei Jahrzehnten arbeitet Anseros mit seinen Kunden zusammen an effizienten Ozon-System-L\u00f6sungen. Aufgrund der langj\u00e4hrigen Zusammenarbeit verf\u00fcgt das Unternehmen \u00fcber eine Vielzahl an qualitativ hochwertigen Ozon-Anwendungen. Das mittelst\u00e4ndische Unternehmen bietet Ozon-Generatoren und Ozon-Analysatoren zur Herstellung und Messung von Ozon in gasf\u00f6rmigen und w\u00e4ssrigen Zustand an. Hoch performante Ozon-Anlagen eignen sich zur umweltfreundlichen Ozon-Wasseraufbereitung und Ozon-Luftreinigung beispielsweise in der Herstellung von Halbleitern, Lebensmittel oder Gummi. Die effektive Anwendung von Ozonanlagen beseitigt neben hochresistenten Viren und Bakterien auch pharmazeutische Restsubstanzen. Abh\u00e4ngig von der Konzentration ist Ozon ein hochreaktives Oxidationsmittel. Daher ist die Einhaltung der vorgeschriebenen Grenzwerte ma\u00dfgeblich. Zur Grenzwert\u00fcberwachung der Ozon-Konzentration in Luft und Wasser dienen zuverl\u00e4ssige Ozon-Monitore von Anseros. Bei der \u00dcberschreitung der Grenzbelastung ist die Zerst\u00f6rung des Ozon-Gas erforderlich. Die Beseitigung von Ozon-Gas erfolgt durch die wartungsfreien Ozon-Zerst\u00f6rer. Ozon ist stark hitzeempfindlich und zerf\u00e4llt bei hohen Temperaturen sehr schnell. <\/p>\n<\/div><\/div> \n\n <div   class=\"ui-column span6\"><div class=\"auto-format ui--animation\"><p>Die Zuf\u00fchrung von technisch reinem Sauerstoff durch hochwertige Sauerstoff-Generatoren ist ma\u00dfgeblich zur Ozon-Herstellung. Unter Einsatz der Keramik-Molekularsiebtechnik wird hochkonzentrierter Sauerstoff in einem kontinuierlicher Stromfluss erzeugt.<br \/>\nIn vielen Industrieprozessen, wie die Herstellung von Biodiesel entsteht Quecksilber. Quecksilber ist ein nat\u00fcrlicher, nicht abbaubarer Rohstoff, jedoch bei geringen Mengen schon hochtoxisch. Anseros entwickelt ebenfalls pr\u00e4zise Quecksilber-Messger\u00e4te und \u00c4thylen-Analysatoren f\u00fcr die Anwendung in der Gas- und Wasserphase.<br \/>\nUnsere Chemie- und Verfahrenstechnikingenieure haben das erforderliche Wissen und Erfahrung im Bereich der Ozon-Technologien und von Advanced-Oxidation-Prozess (AOP). Gerade f\u00fcr Prozesse zur Ozon-Wasseraufbereitung und Ozon-Luftreinigung verf\u00fcgt das Unternehmen \u00fcber s\u00e4mtliche Kernkompetenz. Zudem hat Anseros in den vergangenen Jahrzehnten die Ozon-Wasseraufbereitungsprozesse mit Patentanmeldungen wie beispielsweise dem Ozon-Reaktor (AOPR) gepr\u00e4gt und revolutioniert.<br \/>\nDas gesamte Produktportfolio wird am Standort in Deutschland von zertifiziertem Personal gefertigt und nach Norm gepr\u00fcft. <\/p>\n<\/div><\/div> \n\n<\/div> \n<\/div><\/div><\/div><div class=\"ui-row row\">\n <div   class=\"ui-column span4\"><div class=\"ui--box-widget\"><div  class=\"ui--content-box ui--box ui--content-item ui--animation ui-row\"><div class=\"ui--content-box-header\"><a class=\"ui--content-box-link\" href=\"https:\/\/anseros-systeme.de\/de\/produkte\/ozongeneratoren\/\"><div class=\"ui--content-box-title ui--gradient ui--gradient-grey on--hover clearfix text-center\"><h1 class=\"ui--content-box-title-text\">Ozongeneratoren<\/h1><\/div><\/a><\/div><\/div><\/div><\/div> \n\n <div   class=\"ui-column span4\"><div class=\"ui--box-widget\"><div  class=\"ui--content-box ui--box ui--content-item ui--animation ui-row\"><div class=\"ui--content-box-header\"><a class=\"ui--content-box-link\" href=\"https:\/\/anseros-systeme.de\/de\/produkte\/ozonmessgeraete\/\"><div class=\"ui--content-box-title ui--gradient ui--gradient-grey on--hover clearfix text-center\"><h1 class=\"ui--content-box-title-text\">Ozonmessger\u00e4te<\/h1><\/div><\/a><\/div><\/div><\/div><\/div> \n\n <div   class=\"ui-column span4\"><div class=\"ui--box-widget\"><div  class=\"ui--content-box ui--box ui--content-item ui--animation ui-row\"><div class=\"ui--content-box-header\"><a class=\"ui--content-box-link\" href=\"https:\/\/anseros-systeme.de\/de\/produkte\/ozonluftsterilisatoren\/\"><div class=\"ui--content-box-title ui--gradient ui--gradient-grey on--hover clearfix text-center\"><h1 class=\"ui--content-box-title-text\">Ozonluftsterilisatoren<\/h1><\/div><\/a><\/div><\/div><\/div><\/div> \n\n<\/div> \n<div class=\"ui-row row\">\n <div   class=\"ui-column span4\"><div class=\"ui--box-widget\"><div  class=\"ui--content-box ui--box ui--content-item ui--animation ui-row\"><div class=\"ui--content-box-header\"><a class=\"ui--content-box-link\" href=\"https:\/\/anseros-systeme.de\/de\/produkte\/ozontestkits\/\"><div class=\"ui--content-box-title ui--gradient ui--gradient-grey on--hover clearfix text-center\"><h1 class=\"ui--content-box-title-text\">Ozontestkits<\/h1><\/div><\/a><\/div><\/div><\/div><\/div> \n\n <div   class=\"ui-column span4\"><div class=\"ui--box-widget\"><div  class=\"ui--content-box ui--box ui--content-item ui--animation ui-row\"><div class=\"ui--content-box-header\"><a class=\"ui--content-box-link\" href=\"https:\/\/anseros-systeme.de\/de\/produkte\/ozonreaktoren\/\"><div class=\"ui--content-box-title ui--gradient ui--gradient-grey on--hover clearfix text-center\"><h1 class=\"ui--content-box-title-text\">Ozonreaktoren<\/h1><\/div><\/a><\/div><\/div><\/div><\/div> \n\n <div   class=\"ui-column span4\"><div class=\"ui--box-widget\"><div  class=\"ui--content-box ui--box ui--content-item ui--animation ui-row\"><div class=\"ui--content-box-header\"><a class=\"ui--content-box-link\" href=\"https:\/\/anseros-systeme.de\/de\/produkte\/ozonzerstoerer\/\"><div class=\"ui--content-box-title ui--gradient ui--gradient-grey on--hover clearfix text-center\"><h1 class=\"ui--content-box-title-text\">Ozonzerst\u00f6rer<\/h1><\/div><\/a><\/div><\/div><\/div><\/div> \n\n<\/div> \n<div class=\"ui-row row\">\n <div   class=\"ui-column span4\"><div class=\"ui--box-widget\"><div  class=\"ui--content-box ui--box ui--content-item ui--animation ui-row\"><div class=\"ui--content-box-header\"><a class=\"ui--content-box-link\" href=\"https:\/\/anseros-systeme.de\/de\/produkte\/ozonzubehoer-hilfsmittel\/\"><div class=\"ui--content-box-title ui--gradient ui--gradient-grey on--hover clearfix text-center\"><h1 class=\"ui--content-box-title-text\">Ozonzubeh\u00f6r<\/h1><\/div><\/a><\/div><\/div><\/div><\/div> \n\n <div   class=\"ui-column span4\"><div class=\"ui--box-widget\"><div  class=\"ui--content-box ui--box ui--content-item ui--animation ui-row\"><div class=\"ui--content-box-header\"><a class=\"ui--content-box-link\" href=\"https:\/\/anseros-systeme.de\/de\/produkte\/quecksilberanalysatoren\/\"><div class=\"ui--content-box-title ui--gradient ui--gradient-grey on--hover clearfix text-center\"><h1 class=\"ui--content-box-title-text\">Quecksilberanalysatoren<\/h1><\/div><\/a><\/div><\/div><\/div><\/div> \n\n <div   class=\"ui-column span4\"><div class=\"ui--box-widget\"><div  class=\"ui--content-box ui--box ui--content-item ui--animation ui-row\"><div class=\"ui--content-box-header\"><a class=\"ui--content-box-link\" href=\"https:\/\/anseros-systeme.de\/de\/produkte\/aethylenanalysatoren\/\"><div class=\"ui--content-box-title ui--gradient ui--gradient-grey on--hover clearfix text-center\"><h1 class=\"ui--content-box-title-text\">\u00c4thylenanalysatoren<\/h1><\/div><\/a><\/div><\/div><\/div><\/div> \n\n<\/div> \n<div class=\"ui-row row\">\n <div   class=\"ui-column span4\"><div class=\"ui--box-widget\"><div  class=\"ui--content-box ui--box ui--content-item ui--animation ui-row\"><div class=\"ui--content-box-header\"><a class=\"ui--content-box-link\" href=\"https:\/\/anseros-systeme.de\/de\/produkte\/sauerstoffgeneratoren\/\"><div class=\"ui--content-box-title ui--gradient ui--gradient-grey on--hover clearfix text-center\"><h1 class=\"ui--content-box-title-text\">Sauerstoffgeneratoren<\/h1><\/div><\/a><\/div><\/div><\/div><\/div> \n\n <div   class=\"ui-column span4\"><div class=\"ui--box-widget\"><div  class=\"ui--content-box ui--box ui--content-item ui--animation ui-row\"><div class=\"ui--content-box-header\"><a class=\"ui--content-box-link\" href=\"https:\/\/anseros-systeme.de\/de\/produkte\/uv-reaktoren\/\"><div class=\"ui--content-box-title ui--gradient ui--gradient-grey on--hover clearfix text-center\"><h1 class=\"ui--content-box-title-text\">UV-Reaktoren<\/h1><\/div><\/a><\/div><\/div><\/div><\/div> \n\n<\/div> \n","protected":false},"excerpt":{"rendered":"<p>ANSEROS &#8211; Essentielle Instrumente Seit mehr als drei Jahrzehnten arbeitet Anseros mit seinen Kunden zusammen an effizienten Ozon-System-L\u00f6sungen. Aufgrund der langj\u00e4hrigen Zusammenarbeit verf\u00fcgt das Unternehmen \u00fcber eine Vielzahl an qualitativ hochwertigen Ozon-Anwendungen. Das mittelst\u00e4ndische Unternehmen bietet Ozon-Generatoren und Ozon-Analysatoren zur Herstellung und Messung von Ozon in gasf\u00f6rmigen und w\u00e4ssrigen Zustand an. Hoch performante Ozon-Anlagen eignen [&hellip;]<\/p>\n","protected":false},"author":5,"featured_media":0,"parent":0,"menu_order":0,"comment_status":"closed","ping_status":"closed","template":"","meta":{"footnotes":""},"class_list":["post-1911","page","type-page","status-publish","hentry"],"yoast_head":"<!-- This site is optimized with the Yoast SEO plugin v23.6 - https:\/\/yoast.com\/wordpress\/plugins\/seo\/ -->\n<title>Produkte - Anseros Ozone Technologies<\/title>\n<meta name=\"robots\" content=\"noindex, follow, max-snippet:-1, max-image-preview:large, max-video-preview:-1\" \/>\n<meta property=\"og:locale\" content=\"de_DE\" \/>\n<meta property=\"og:type\" content=\"article\" \/>\n<meta property=\"og:title\" content=\"Produkte - Anseros Ozone Technologies\" \/>\n<meta property=\"og:description\" content=\"ANSEROS - Essentielle Instrumente Seit mehr als drei Jahrzehnten arbeitet Anseros mit seinen Kunden zusammen an effizienten Ozon-System-L\u00f6sungen. Aufgrund der langj\u00e4hrigen Zusammenarbeit verf\u00fcgt das Unternehmen \u00fcber eine Vielzahl an qualitativ hochwertigen Ozon-Anwendungen. Das mittelst\u00e4ndische Unternehmen bietet Ozon-Generatoren und Ozon-Analysatoren zur Herstellung und Messung von Ozon in gasf\u00f6rmigen und w\u00e4ssrigen Zustand an. Hoch performante Ozon-Anlagen eignen [&hellip;]\" \/>\n<meta property=\"og:url\" content=\"https:\/\/anseros-systeme.de\/de\/produkte\/\" \/>\n<meta property=\"og:site_name\" content=\"Anseros Ozone Technologies\" \/>\n<meta property=\"article:publisher\" content=\"https:\/\/www.facebook.com\/AnserosDeutschland\/\" \/>\n<meta property=\"article:modified_time\" content=\"2022-02-09T17:36:18+00:00\" \/>\n<meta name=\"twitter:card\" content=\"summary_large_image\" \/>\n<script type=\"application\/ld+json\" class=\"yoast-schema-graph\">{\"@context\":\"https:\/\/schema.org\",\"@graph\":[{\"@type\":\"WebPage\",\"@id\":\"https:\/\/anseros-systeme.de\/de\/produkte\/\",\"url\":\"https:\/\/anseros-systeme.de\/de\/produkte\/\",\"name\":\"Produkte - Anseros Ozone Technologies\",\"isPartOf\":{\"@id\":\"https:\/\/anseros-systeme.de\/#website\"},\"datePublished\":\"2014-03-08T11:07:45+00:00\",\"dateModified\":\"2022-02-09T17:36:18+00:00\",\"breadcrumb\":{\"@id\":\"https:\/\/anseros-systeme.de\/de\/produkte\/#breadcrumb\"},\"inLanguage\":\"de\",\"potentialAction\":[{\"@type\":\"ReadAction\",\"target\":[\"https:\/\/anseros-systeme.de\/de\/produkte\/\"]}]},{\"@type\":\"BreadcrumbList\",\"@id\":\"https:\/\/anseros-systeme.de\/de\/produkte\/#breadcrumb\",\"itemListElement\":[{\"@type\":\"ListItem\",\"position\":1,\"name\":\"Home\",\"item\":\"https:\/\/anseros-systeme.de\/de\/\"},{\"@type\":\"ListItem\",\"position\":2,\"name\":\"Produkte\"}]},{\"@type\":\"WebSite\",\"@id\":\"https:\/\/anseros-systeme.de\/#website\",\"url\":\"https:\/\/anseros-systeme.de\/\",\"name\":\"Anseros Ozone Technologies\",\"description\":\"Ozone Generators | Ozone Analyzers | Ozone Water Treatment Systems | Ozone Air Purification Systems | Ozone Test Chambers\",\"publisher\":{\"@id\":\"https:\/\/anseros-systeme.de\/#organization\"},\"potentialAction\":[{\"@type\":\"SearchAction\",\"target\":{\"@type\":\"EntryPoint\",\"urlTemplate\":\"https:\/\/anseros-systeme.de\/?s={search_term_string}\"},\"query-input\":{\"@type\":\"PropertyValueSpecification\",\"valueRequired\":true,\"valueName\":\"search_term_string\"}}],\"inLanguage\":\"de\"},{\"@type\":\"Organization\",\"@id\":\"https:\/\/anseros-systeme.de\/#organization\",\"name\":\"ANSROS KLAUS NONNENMACHER GmbH\",\"url\":\"https:\/\/anseros-systeme.de\/\",\"logo\":{\"@type\":\"ImageObject\",\"inLanguage\":\"de\",\"@id\":\"https:\/\/anseros-systeme.de\/#\/schema\/logo\/image\/\",\"url\":\"https:\/\/hoxon.de\/wp-content\/uploads\/logo-7-e1609862136604.png\",\"contentUrl\":\"https:\/\/hoxon.de\/wp-content\/uploads\/logo-7-e1609862136604.png\",\"width\":150,\"height\":150,\"caption\":\"ANSROS KLAUS NONNENMACHER GmbH\"},\"image\":{\"@id\":\"https:\/\/anseros-systeme.de\/#\/schema\/logo\/image\/\"},\"sameAs\":[\"https:\/\/www.facebook.com\/AnserosDeutschland\/\"]}]}<\/script>\n<!-- \/ Yoast SEO plugin. -->","yoast_head_json":{"title":"Produkte - Anseros Ozone Technologies","robots":{"index":"noindex","follow":"follow","max-snippet":"max-snippet:-1","max-image-preview":"max-image-preview:large","max-video-preview":"max-video-preview:-1"},"og_locale":"de_DE","og_type":"article","og_title":"Produkte - Anseros Ozone Technologies","og_description":"ANSEROS - Essentielle Instrumente Seit mehr als drei Jahrzehnten arbeitet Anseros mit seinen Kunden zusammen an effizienten Ozon-System-L\u00f6sungen. Aufgrund der langj\u00e4hrigen Zusammenarbeit verf\u00fcgt das Unternehmen \u00fcber eine Vielzahl an qualitativ hochwertigen Ozon-Anwendungen. Das mittelst\u00e4ndische Unternehmen bietet Ozon-Generatoren und Ozon-Analysatoren zur Herstellung und Messung von Ozon in gasf\u00f6rmigen und w\u00e4ssrigen Zustand an. Hoch performante Ozon-Anlagen eignen [&hellip;]","og_url":"https:\/\/anseros-systeme.de\/de\/produkte\/","og_site_name":"Anseros Ozone Technologies","article_publisher":"https:\/\/www.facebook.com\/AnserosDeutschland\/","article_modified_time":"2022-02-09T17:36:18+00:00","twitter_card":"summary_large_image","schema":{"@context":"https:\/\/schema.org","@graph":[{"@type":"WebPage","@id":"https:\/\/anseros-systeme.de\/de\/produkte\/","url":"https:\/\/anseros-systeme.de\/de\/produkte\/","name":"Produkte - Anseros Ozone Technologies","isPartOf":{"@id":"https:\/\/anseros-systeme.de\/#website"},"datePublished":"2014-03-08T11:07:45+00:00","dateModified":"2022-02-09T17:36:18+00:00","breadcrumb":{"@id":"https:\/\/anseros-systeme.de\/de\/produkte\/#breadcrumb"},"inLanguage":"de","potentialAction":[{"@type":"ReadAction","target":["https:\/\/anseros-systeme.de\/de\/produkte\/"]}]},{"@type":"BreadcrumbList","@id":"https:\/\/anseros-systeme.de\/de\/produkte\/#breadcrumb","itemListElement":[{"@type":"ListItem","position":1,"name":"Home","item":"https:\/\/anseros-systeme.de\/de\/"},{"@type":"ListItem","position":2,"name":"Produkte"}]},{"@type":"WebSite","@id":"https:\/\/anseros-systeme.de\/#website","url":"https:\/\/anseros-systeme.de\/","name":"Anseros Ozone Technologies","description":"Ozone Generators | Ozone Analyzers | Ozone Water Treatment Systems | Ozone Air Purification Systems | Ozone Test Chambers","publisher":{"@id":"https:\/\/anseros-systeme.de\/#organization"},"potentialAction":[{"@type":"SearchAction","target":{"@type":"EntryPoint","urlTemplate":"https:\/\/anseros-systeme.de\/?s={search_term_string}"},"query-input":{"@type":"PropertyValueSpecification","valueRequired":true,"valueName":"search_term_string"}}],"inLanguage":"de"},{"@type":"Organization","@id":"https:\/\/anseros-systeme.de\/#organization","name":"ANSROS KLAUS NONNENMACHER GmbH","url":"https:\/\/anseros-systeme.de\/","logo":{"@type":"ImageObject","inLanguage":"de","@id":"https:\/\/anseros-systeme.de\/#\/schema\/logo\/image\/","url":"https:\/\/hoxon.de\/wp-content\/uploads\/logo-7-e1609862136604.png","contentUrl":"https:\/\/hoxon.de\/wp-content\/uploads\/logo-7-e1609862136604.png","width":150,"height":150,"caption":"ANSROS KLAUS NONNENMACHER GmbH"},"image":{"@id":"https:\/\/anseros-systeme.de\/#\/schema\/logo\/image\/"},"sameAs":["https:\/\/www.facebook.com\/AnserosDeutschland\/"]}]}},"_links":{"self":[{"href":"https:\/\/anseros-systeme.de\/de\/wp-json\/wp\/v2\/pages\/1911"}],"collection":[{"href":"https:\/\/anseros-systeme.de\/de\/wp-json\/wp\/v2\/pages"}],"about":[{"href":"https:\/\/anseros-systeme.de\/de\/wp-json\/wp\/v2\/types\/page"}],"author":[{"embeddable":true,"href":"https:\/\/anseros-systeme.de\/de\/wp-json\/wp\/v2\/users\/5"}],"replies":[{"embeddable":true,"href":"https:\/\/anseros-systeme.de\/de\/wp-json\/wp\/v2\/comments?post=1911"}],"version-history":[{"count":49,"href":"https:\/\/anseros-systeme.de\/de\/wp-json\/wp\/v2\/pages\/1911\/revisions"}],"predecessor-version":[{"id":9004,"href":"https:\/\/anseros-systeme.de\/de\/wp-json\/wp\/v2\/pages\/1911\/revisions\/9004"}],"wp:attachment":[{"href":"https:\/\/anseros-systeme.de\/de\/wp-json\/wp\/v2\/media?parent=1911"}],"curies":[{"name":"wp","href":"https:\/\/api.w.org\/{rel}","templated":true}]}}