{"id":2086,"date":"2014-05-09T13:13:46","date_gmt":"2014-05-09T11:13:46","guid":{"rendered":"http:\/\/progwarts.de\/?page_id=2086"},"modified":"2022-01-13T19:22:57","modified_gmt":"2022-01-13T17:22:57","slug":"quecksilberanalysatoren","status":"publish","type":"page","link":"https:\/\/anseros-systeme.de\/de\/produkte\/quecksilberanalysatoren\/","title":{"rendered":"Quecksilberanalysatoren"},"content":{"rendered":"<div class=\"ui-row row\">\n <div   class=\"ui-column span6\"><h1 id=\"custom-title-h1-1\" class=\"ui--animation \" style=\"\">Sicher und pr\u00e4zise: Quecksilber messen mit unseren Analysatoren<\/h1><div class=\"auto-format ui--animation\"><p>Quecksilber ist ein nat\u00fcrlicher, nicht abbaubarer Rohstoff und gelangt auf unterschiedlichen Wegen in unsere Umwelt. Es ist <strong>hochgiftig<\/strong> und schon die <strong>Aufnahme von geringen Mengen ist sch\u00e4dlich<\/strong>. Daher ist die Quecksilbermessung ein <strong>wichtiger Schutz<\/strong> f\u00fcr Mensch und Umwelt. <\/p>\n<p>In vielen Industrieprozessen, wie zum Beispiel in Kohlekraftwerken oder bei der Herstellung von Biodiesel, entsteht Quecksilber. Unsere <strong>Quecksilberanalysatoren messen atomares Quecksilber in der Gas-und Wasserphase<\/strong> und zeigen so zuverl\u00e4ssig auf, wie hoch die Konzentration des Schwermetalls in den Prozessen ist. Die Quecksilbermessung dient der Arbeitssicherheit, aber auch zur Einhaltung der Grenzwerte im Abwasser.<\/p>\n<p>Einerseits kommt Quecksilber nat\u00fcrlich in der Umwelt vor, wie etwa durch Erosion, Vulkanausbr\u00fcche und Waldbr\u00e4nde. Andererseits f\u00fchrt der Mensch \u00fcber unterschiedliche Industriezweige Quecksilber der Umwelt zu. Zur Energiegewinnung verbrennen wir fossile Brennstoffe, sch\u00fcrfen Gold und verwenden Zahnamalgam. Bei all diesen Vorg\u00e4ngen wird Quecksilber freigesetzt und gelangt so in unsere Luft und unser Abwasser.<\/p>\n<\/div><\/div> \n\n <div   class=\"ui-column span6\"><div class=\"ui--title ui--animation ui--title-bordered text-left\"><div class=\"ui--title-holder\"><h3 class=\"ui--title-text\">Unsere L\u00f6sungen f\u00fcr Sie<\/h3><div class=\"ui--title-borders ui--title-border-left\"><\/div><div class=\"ui--title-borders ui--title-border-right\"><\/div><\/div><\/div><div class=\"portfolio-container-wrapper ui--pass\" data-layout=\"normal\" data-columns=\"1\"><div id=\"portfolio-K6CBI\" class=\"portfolio-container layout--normal clearfix\"><div class=\"ui-row row\">\n <div   class=\"ui-column span12\"><div  class=\"ui--content-box ui--box ui--content-item ui--animation ui-row\"><div class=\"ui--content-box-header\"><div class=\"ui--content-box-media effect--fade type--default clearfix ratio-original\"><a class=\"ui--content-box-link\" href=\"https:\/\/anseros-systeme.de\/de\/ozone\/quecksilberanalysator-hg-wp-wasserphase\/\"><div class=\"ui--content-box-image-default\"><img loading=\"lazy\" decoding=\"async\" width=\"1169\" height=\"600\" src=\"https:\/\/anseros-systeme.de\/wp-content\/uploads\/ANSEROS-mercury-analyzer-WP-water-phase.jpg\" class=\"ui--content-box-image\" alt=\"\" srcset=\"https:\/\/anseros-systeme.de\/wp-content\/uploads\/ANSEROS-mercury-analyzer-WP-water-phase.jpg 1169w, https:\/\/anseros-systeme.de\/wp-content\/uploads\/ANSEROS-mercury-analyzer-WP-water-phase-300x153.jpg 300w, https:\/\/anseros-systeme.de\/wp-content\/uploads\/ANSEROS-mercury-analyzer-WP-water-phase-1030x528.jpg 1030w\" sizes=\"(max-width: 1169px) 100vw, 1169px\" \/><\/div><div class=\"ui--content-box-overlay\"><div class=\"ui--content-box-overlay-background\"><\/div><div class=\"center\"><\/div><\/div><\/a><\/div><a class=\"ui--content-box-link\" href=\"https:\/\/anseros-systeme.de\/de\/ozone\/quecksilberanalysator-hg-wp-wasserphase\/\"><div class=\"ui--content-box-title ui--gradient ui--gradient-grey on--hover clearfix text-center\"><h1 class=\"ui--content-box-title-text\">Quecksilberanalysator HG-WP (Wasserphase)<\/h1><\/div><\/a><\/div><\/div><\/div> \n\n<\/div> \n<div class=\"ui-row row\">\n <div   class=\"ui-column span12\"><div  class=\"ui--content-box ui--box ui--content-item ui--animation ui-row\"><div class=\"ui--content-box-header\"><div class=\"ui--content-box-media effect--fade type--default clearfix ratio-original\"><a class=\"ui--content-box-link\" href=\"https:\/\/anseros-systeme.de\/de\/ozone\/quecksilberanalysator-hg-mp-gasphase\/\"><div class=\"ui--content-box-image-default\"><img loading=\"lazy\" decoding=\"async\" width=\"1170\" height=\"300\" src=\"https:\/\/anseros-systeme.de\/wp-content\/uploads\/ANSEROS-mercury-analyzer-MP-gas-phase1.jpg\" class=\"ui--content-box-image\" alt=\"\" srcset=\"https:\/\/anseros-systeme.de\/wp-content\/uploads\/ANSEROS-mercury-analyzer-MP-gas-phase1.jpg 1170w, https:\/\/anseros-systeme.de\/wp-content\/uploads\/ANSEROS-mercury-analyzer-MP-gas-phase1-300x76.jpg 300w, https:\/\/anseros-systeme.de\/wp-content\/uploads\/ANSEROS-mercury-analyzer-MP-gas-phase1-1030x264.jpg 1030w\" sizes=\"(max-width: 1170px) 100vw, 1170px\" \/><\/div><div class=\"ui--content-box-overlay\"><div class=\"ui--content-box-overlay-background\"><\/div><div class=\"center\"><\/div><\/div><\/a><\/div><a class=\"ui--content-box-link\" href=\"https:\/\/anseros-systeme.de\/de\/ozone\/quecksilberanalysator-hg-mp-gasphase\/\"><div class=\"ui--content-box-title ui--gradient ui--gradient-grey on--hover clearfix text-center\"><h1 class=\"ui--content-box-title-text\">Quecksilberanalysator HG-MP (Gasphase)<\/h1><\/div><\/a><\/div><\/div><\/div> \n\n<\/div> \n<\/div><\/div><\/div> \n\n<\/div> \n<div  class=\"ui--space clearfix\" data-responsive=\"{&quot;css&quot;:{&quot;height&quot;:{&quot;phone&quot;:null,&quot;tablet&quot;:null,&quot;widescreen&quot;:null}}}\"><\/div><h2 id=\"custom-title-h2-1\" class=\"ui--animation \" style=\"\">Wie funktionieren unsere Quecksilberanalysatoren?<\/h2><div class=\"auto-format ui--animation\"><p>Unsere <strong>hochempfindlichen, patentierten Ein-Strahl-Photometer<\/strong> (Patent DE 41 19 346, US 5.334.536) sind vollst\u00e4ndig digital steuerbar mit w\u00e4hlbaren Messbereichen. In Kombination mit unserer Peripherietechnik eignen sie sich f\u00fcr unterschiedlichste Messaufgaben, wie beispielsweise bei der Verarbeitung von Erdgas, der Arbeitsbereichs\u00fcberwachung (MAK), chemischen Trenn- und Adsorptionsverfahren, f\u00fcr (zahn-)medizinische Prozesse sowie in Forschung und Entwicklung.<\/p>\n<p>Die Peripherietechnik umfasst Goldwollefilter (Adsorption), Aktivkohle (Absorption), Reduktions\u00f6fen (Aufschluss), Desorber (Strippen), Gast\u00fcten (Gaskumulation), Messstellenumschalter, Gaswarneinrichtungen, Feldgeh\u00e4use, Messgask\u00fchler sowie Messgaslanzen zur Rauchgasmessung.<br \/>\nDie Ger\u00e4te basieren auf Prozessqualit\u00e4t mit automatischem Nullpunktabgleich und funktionieren ohne periodische Kalibrierung. Die Qualit\u00e4t der Komponenten ist auf eine <strong>Betriebsdauer von 20 Jahren<\/strong> ausgelegt.  <\/p>\n<p>Unser mobiles Quecksilbermessger\u00e4t kann f\u00fcr <strong>alle Messungen im Rahmen eines Quecksilbervorkommens<\/strong> eingesetzt werden. <\/p>\n<\/div><div  class=\"ui--space clearfix\" data-responsive=\"{&quot;css&quot;:{&quot;height&quot;:{&quot;phone&quot;:null,&quot;tablet&quot;:null,&quot;widescreen&quot;:null}}}\"><\/div><h2 id=\"custom-title-h2-2\" class=\"ui--animation \" style=\"\">Quecksilbermessung- warum der Schutz so wichtig ist<\/h2><div class=\"auto-format ui--animation\"><p>Quecksilber ist das einzige Metall, das bei Zimmertemperatur fl\u00fcssig ist und verdampft. Sollte ein Mensch reines Quecksilber verschlucken, ist es ungef\u00e4hrlich, denn unser Verdauungstrakt nimmt es nicht auf, sondern scheidet es unverarbeitet wieder aus. <\/p>\n<p>Der <strong>Dampf des Quecksilbers ist dagegen sehr gef\u00e4hrlich<\/strong>. Er sch\u00e4digt unser zentrales Nervensystem und zeigt sich durch Zittern, Wesensver\u00e4nderung und Verschlechterung des Kurzzeitged\u00e4chtnisses. Auch Kr\u00e4mpfe und L\u00e4hmungen k\u00f6nnen auftreten. Besonders anf\u00e4llig sind Neugeborene und Kleinkinder, deren geistige Entwicklung sich durch eine Quecksilbervergiftung erheblich verz\u00f6gern kann. <\/p>\n<p>Quecksilber kann au\u00dferdem mit anderen Substanzen gef\u00e4hrliche Verbindungen eingehen, die der menschliche Organismus nicht ausscheiden kann. F\u00fcr den Menschen besteht die gr\u00f6\u00dfte Gefahr einer Quecksilbervergiftung durch die Aufnahme von Lebensmitteln. <\/p>\n<p>Durch verschiedene Industrieprozesse gelangt Quecksilber in das Abwasser. Dort geht es meistens mit anderen Substanzen organische Verbindungen ein, wodurch sich das hochgiftige Methylquecksilber bildet. Fische nehmen diese im K\u00f6rper auf und k\u00f6nnen sie nicht verarbeiten, es lagert sich also im K\u00f6rper an und steigt mit jedem weiteren Fressakt an. Fisch wird zwar bei der Verarbeitung kontrolliert, der Quecksilbergehalt liegt aber meist knapp unter dem erlaubten Grenzwert. Bei Haien, Thun- und Schwertfischen ist der Quecksilbergehalt am H\u00f6chsten. <\/p>\n<p>Damit das Quecksilber erst gar nicht in unsere Gew\u00e4sser gelangt, ist es notwendig, den <strong>Quecksilbergehalt in der Industrie zu messen und zu eliminieren<\/strong> bzw. gesondert zu entsorgen.<\/p>\n<p>Bei Amalgamf\u00fcllungen ist es \u00fcbrigens umstritten, ob das dort enthaltene Quecksilber tats\u00e4chlich sch\u00e4dlich ist. <\/p>\n<p>Anseros bietet Ihnen <strong>leistungsf\u00e4hige Quecksilberanalysatoren<\/strong> zur pr\u00e4zisen Messung des Quecksilbergehalts Ihrer Prozesse. Sprechen Sie uns an. <\/p>\n<\/div>","protected":false},"excerpt":{"rendered":"<p>Sicher und pr\u00e4zise: Quecksilber messen mit unseren AnalysatorenQuecksilber ist ein nat\u00fcrlicher, nicht abbaubarer Rohstoff und gelangt auf unterschiedlichen Wegen in unsere Umwelt. Es ist hochgiftig und schon die Aufnahme von geringen Mengen ist sch\u00e4dlich. Daher ist die Quecksilbermessung ein wichtiger Schutz f\u00fcr Mensch und Umwelt. In vielen Industrieprozessen, wie zum Beispiel in Kohlekraftwerken oder bei [&hellip;]<\/p>\n","protected":false},"author":5,"featured_media":0,"parent":1911,"menu_order":6,"comment_status":"closed","ping_status":"closed","template":"","meta":{"footnotes":""},"class_list":["post-2086","page","type-page","status-publish","hentry"],"yoast_head":"<!-- This site is optimized with the Yoast SEO plugin v23.6 - https:\/\/yoast.com\/wordpress\/plugins\/seo\/ -->\n<title>Pr\u00e4zise Quecksilbermessung mit Ger\u00e4ten von ANSEROS<\/title>\n<meta name=\"description\" content=\"Messen Sie mit unseren Quecksilberanalysatoren atomares Quecksilber in der Gas- und Wasserphase. Holen Sie gleich Ihr unverbindliches Angebot ein.\" \/>\n<meta name=\"robots\" content=\"noindex, follow, max-snippet:-1, max-image-preview:large, max-video-preview:-1\" \/>\n<meta property=\"og:locale\" content=\"de_DE\" \/>\n<meta property=\"og:type\" content=\"article\" \/>\n<meta property=\"og:title\" content=\"Pr\u00e4zise Quecksilbermessung mit Ger\u00e4ten von ANSEROS\" \/>\n<meta property=\"og:description\" content=\"Messen Sie mit unseren Quecksilberanalysatoren atomares Quecksilber in der Gas- und Wasserphase. Holen Sie gleich Ihr unverbindliches Angebot ein.\" \/>\n<meta property=\"og:url\" content=\"https:\/\/anseros-systeme.de\/de\/produkte\/quecksilberanalysatoren\/\" \/>\n<meta property=\"og:site_name\" content=\"Anseros Ozone Technologies\" \/>\n<meta property=\"article:publisher\" content=\"https:\/\/www.facebook.com\/AnserosDeutschland\/\" \/>\n<meta property=\"article:modified_time\" content=\"2022-01-13T17:22:57+00:00\" \/>\n<meta name=\"twitter:card\" content=\"summary_large_image\" \/>\n<script type=\"application\/ld+json\" class=\"yoast-schema-graph\">{\"@context\":\"https:\/\/schema.org\",\"@graph\":[{\"@type\":\"WebPage\",\"@id\":\"https:\/\/anseros-systeme.de\/de\/produkte\/quecksilberanalysatoren\/\",\"url\":\"https:\/\/anseros-systeme.de\/de\/produkte\/quecksilberanalysatoren\/\",\"name\":\"Pr\u00e4zise Quecksilbermessung mit Ger\u00e4ten von ANSEROS\",\"isPartOf\":{\"@id\":\"https:\/\/anseros-systeme.de\/#website\"},\"datePublished\":\"2014-05-09T11:13:46+00:00\",\"dateModified\":\"2022-01-13T17:22:57+00:00\",\"description\":\"Messen Sie mit unseren Quecksilberanalysatoren atomares Quecksilber in der Gas- und Wasserphase. Holen Sie gleich Ihr unverbindliches Angebot ein.\",\"breadcrumb\":{\"@id\":\"https:\/\/anseros-systeme.de\/de\/produkte\/quecksilberanalysatoren\/#breadcrumb\"},\"inLanguage\":\"de\",\"potentialAction\":[{\"@type\":\"ReadAction\",\"target\":[\"https:\/\/anseros-systeme.de\/de\/produkte\/quecksilberanalysatoren\/\"]}]},{\"@type\":\"BreadcrumbList\",\"@id\":\"https:\/\/anseros-systeme.de\/de\/produkte\/quecksilberanalysatoren\/#breadcrumb\",\"itemListElement\":[{\"@type\":\"ListItem\",\"position\":1,\"name\":\"Home\",\"item\":\"https:\/\/anseros-systeme.de\/de\/\"},{\"@type\":\"ListItem\",\"position\":2,\"name\":\"Produkte\",\"item\":\"https:\/\/anseros-systeme.de\/de\/produkte\/\"},{\"@type\":\"ListItem\",\"position\":3,\"name\":\"Quecksilberanalysatoren\"}]},{\"@type\":\"WebSite\",\"@id\":\"https:\/\/anseros-systeme.de\/#website\",\"url\":\"https:\/\/anseros-systeme.de\/\",\"name\":\"Anseros Ozone Technologies\",\"description\":\"Ozone Generators | Ozone Analyzers | Ozone Water Treatment Systems | Ozone Air Purification Systems | Ozone Test Chambers\",\"publisher\":{\"@id\":\"https:\/\/anseros-systeme.de\/#organization\"},\"potentialAction\":[{\"@type\":\"SearchAction\",\"target\":{\"@type\":\"EntryPoint\",\"urlTemplate\":\"https:\/\/anseros-systeme.de\/?s={search_term_string}\"},\"query-input\":{\"@type\":\"PropertyValueSpecification\",\"valueRequired\":true,\"valueName\":\"search_term_string\"}}],\"inLanguage\":\"de\"},{\"@type\":\"Organization\",\"@id\":\"https:\/\/anseros-systeme.de\/#organization\",\"name\":\"ANSROS KLAUS NONNENMACHER GmbH\",\"url\":\"https:\/\/anseros-systeme.de\/\",\"logo\":{\"@type\":\"ImageObject\",\"inLanguage\":\"de\",\"@id\":\"https:\/\/anseros-systeme.de\/#\/schema\/logo\/image\/\",\"url\":\"https:\/\/hoxon.de\/wp-content\/uploads\/logo-7-e1609862136604.png\",\"contentUrl\":\"https:\/\/hoxon.de\/wp-content\/uploads\/logo-7-e1609862136604.png\",\"width\":150,\"height\":150,\"caption\":\"ANSROS KLAUS NONNENMACHER GmbH\"},\"image\":{\"@id\":\"https:\/\/anseros-systeme.de\/#\/schema\/logo\/image\/\"},\"sameAs\":[\"https:\/\/www.facebook.com\/AnserosDeutschland\/\"]}]}<\/script>\n<!-- \/ Yoast SEO plugin. -->","yoast_head_json":{"title":"Pr\u00e4zise Quecksilbermessung mit Ger\u00e4ten von ANSEROS","description":"Messen Sie mit unseren Quecksilberanalysatoren atomares Quecksilber in der Gas- und Wasserphase. Holen Sie gleich Ihr unverbindliches Angebot ein.","robots":{"index":"noindex","follow":"follow","max-snippet":"max-snippet:-1","max-image-preview":"max-image-preview:large","max-video-preview":"max-video-preview:-1"},"og_locale":"de_DE","og_type":"article","og_title":"Pr\u00e4zise Quecksilbermessung mit Ger\u00e4ten von ANSEROS","og_description":"Messen Sie mit unseren Quecksilberanalysatoren atomares Quecksilber in der Gas- und Wasserphase. Holen Sie gleich Ihr unverbindliches Angebot ein.","og_url":"https:\/\/anseros-systeme.de\/de\/produkte\/quecksilberanalysatoren\/","og_site_name":"Anseros Ozone Technologies","article_publisher":"https:\/\/www.facebook.com\/AnserosDeutschland\/","article_modified_time":"2022-01-13T17:22:57+00:00","twitter_card":"summary_large_image","schema":{"@context":"https:\/\/schema.org","@graph":[{"@type":"WebPage","@id":"https:\/\/anseros-systeme.de\/de\/produkte\/quecksilberanalysatoren\/","url":"https:\/\/anseros-systeme.de\/de\/produkte\/quecksilberanalysatoren\/","name":"Pr\u00e4zise Quecksilbermessung mit Ger\u00e4ten von ANSEROS","isPartOf":{"@id":"https:\/\/anseros-systeme.de\/#website"},"datePublished":"2014-05-09T11:13:46+00:00","dateModified":"2022-01-13T17:22:57+00:00","description":"Messen Sie mit unseren Quecksilberanalysatoren atomares Quecksilber in der Gas- und Wasserphase. Holen Sie gleich Ihr unverbindliches Angebot ein.","breadcrumb":{"@id":"https:\/\/anseros-systeme.de\/de\/produkte\/quecksilberanalysatoren\/#breadcrumb"},"inLanguage":"de","potentialAction":[{"@type":"ReadAction","target":["https:\/\/anseros-systeme.de\/de\/produkte\/quecksilberanalysatoren\/"]}]},{"@type":"BreadcrumbList","@id":"https:\/\/anseros-systeme.de\/de\/produkte\/quecksilberanalysatoren\/#breadcrumb","itemListElement":[{"@type":"ListItem","position":1,"name":"Home","item":"https:\/\/anseros-systeme.de\/de\/"},{"@type":"ListItem","position":2,"name":"Produkte","item":"https:\/\/anseros-systeme.de\/de\/produkte\/"},{"@type":"ListItem","position":3,"name":"Quecksilberanalysatoren"}]},{"@type":"WebSite","@id":"https:\/\/anseros-systeme.de\/#website","url":"https:\/\/anseros-systeme.de\/","name":"Anseros Ozone Technologies","description":"Ozone Generators | Ozone Analyzers | Ozone Water Treatment Systems | Ozone Air Purification Systems | Ozone Test Chambers","publisher":{"@id":"https:\/\/anseros-systeme.de\/#organization"},"potentialAction":[{"@type":"SearchAction","target":{"@type":"EntryPoint","urlTemplate":"https:\/\/anseros-systeme.de\/?s={search_term_string}"},"query-input":{"@type":"PropertyValueSpecification","valueRequired":true,"valueName":"search_term_string"}}],"inLanguage":"de"},{"@type":"Organization","@id":"https:\/\/anseros-systeme.de\/#organization","name":"ANSROS KLAUS NONNENMACHER GmbH","url":"https:\/\/anseros-systeme.de\/","logo":{"@type":"ImageObject","inLanguage":"de","@id":"https:\/\/anseros-systeme.de\/#\/schema\/logo\/image\/","url":"https:\/\/hoxon.de\/wp-content\/uploads\/logo-7-e1609862136604.png","contentUrl":"https:\/\/hoxon.de\/wp-content\/uploads\/logo-7-e1609862136604.png","width":150,"height":150,"caption":"ANSROS KLAUS NONNENMACHER GmbH"},"image":{"@id":"https:\/\/anseros-systeme.de\/#\/schema\/logo\/image\/"},"sameAs":["https:\/\/www.facebook.com\/AnserosDeutschland\/"]}]}},"_links":{"self":[{"href":"https:\/\/anseros-systeme.de\/de\/wp-json\/wp\/v2\/pages\/2086"}],"collection":[{"href":"https:\/\/anseros-systeme.de\/de\/wp-json\/wp\/v2\/pages"}],"about":[{"href":"https:\/\/anseros-systeme.de\/de\/wp-json\/wp\/v2\/types\/page"}],"author":[{"embeddable":true,"href":"https:\/\/anseros-systeme.de\/de\/wp-json\/wp\/v2\/users\/5"}],"replies":[{"embeddable":true,"href":"https:\/\/anseros-systeme.de\/de\/wp-json\/wp\/v2\/comments?post=2086"}],"version-history":[{"count":21,"href":"https:\/\/anseros-systeme.de\/de\/wp-json\/wp\/v2\/pages\/2086\/revisions"}],"predecessor-version":[{"id":8817,"href":"https:\/\/anseros-systeme.de\/de\/wp-json\/wp\/v2\/pages\/2086\/revisions\/8817"}],"up":[{"embeddable":true,"href":"https:\/\/anseros-systeme.de\/de\/wp-json\/wp\/v2\/pages\/1911"}],"wp:attachment":[{"href":"https:\/\/anseros-systeme.de\/de\/wp-json\/wp\/v2\/media?parent=2086"}],"curies":[{"name":"wp","href":"https:\/\/api.w.org\/{rel}","templated":true}]}}