{"id":2272,"date":"2014-03-12T11:14:23","date_gmt":"2014-03-12T09:14:23","guid":{"rendered":"http:\/\/progwarts.de\/?page_id=2272"},"modified":"2022-04-26T17:24:35","modified_gmt":"2022-04-26T15:24:35","slug":"ueber-uns","status":"publish","type":"page","link":"https:\/\/anseros-systeme.de\/de\/ueber-uns\/","title":{"rendered":"\u00dcber uns"},"content":{"rendered":"<div class=\"ui-row row\">\n <div   class=\"ui-column span8\"><div class=\"ui--title ui--animation ui--title-bordered text-left\"><div class=\"ui--title-holder\"><h2 class=\"ui--title-text\">Forschung & Entwicklung<\/h2><div class=\"ui--title-borders ui--title-border-left\"><\/div><div class=\"ui--title-borders ui--title-border-right\"><\/div><\/div><\/div><div class=\"auto-format ui--animation\"><p>Ein Schwerpunkt unserer Arbeit liegt im Bereich <strong>Forschung und Entwicklung<\/strong>. Wir sind seit  1979 in der Ozontechnologie t\u00e4tig und verf\u00fcgen \u00fcber eine engagierte und erfolgreiche Forschungs- und Entwicklungsabteilung mit hochqualifizierten und motivierten Wissenschaftlern und Ingenieuren.<\/p>\n<p><strong>Prof. Klaus Nonnenmacher<\/strong>, selbst Dipl. Ing. der Chemietechnik, verf\u00fcgt \u00fcber ein umfangreiches Wissen und langj\u00e4hrige Erfahrung in der Industrie- und Umwelttechnik. Er leitet die Firma seit 1985. Durch Vortr\u00e4ge und Publikationen hat er sich in der Ozontechnologie einen Namen gemacht.<\/p>\n<\/div><div class=\"ui--title ui--animation ui--title-bordered text-left\"><div class=\"ui--title-holder\"><h2 class=\"ui--title-text\">Zertifizierungen<\/h2><div class=\"ui--title-borders ui--title-border-left\"><\/div><div class=\"ui--title-borders ui--title-border-right\"><\/div><\/div><\/div><ul class=\"ui--list list-circle parent-1\"><li class=\"child-1 total-6 ui--animation\"> Mitgliedschaft in der <strong>International Ozone Association (IOA)<\/strong> <\/li><li class=\"child-2 total-6 ui--animation\"> Mitgliedschaft im<strong> Ozone Quality Committee<\/strong> <\/li><li class=\"child-3 total-6 ui--animation\"> Mitgliedschaft im<strong> FIGAWA (Firmen im Gas- und Wasserfach e.V.) \/ DVGW (Deutscher Verein des Gas- und Wasserfaches)<\/strong> <\/li><li class=\"child-4 total-6 ui--animation\"> Erfinder mehrerer <strong>Patentanwendungen<\/strong> f\u00fcr Ozon <\/li><li class=\"child-5 total-6 ui--animation\"> Anerkannt durch die <strong>AiF Industrieforschung<\/strong>, Forschungsinstitut <\/li><li class=\"child-6 total-6 ui--animation\"> <strong>CE Approval<\/strong> <\/li>  <\/ul><\/div> \n\n <div   class=\"ui-column span4\"><div class=\"ui--box-widget\"><div  class=\"ui--content-box ui--box ui--content-item ui--animation ui-row\"><div class=\"ui--content-box-header\"><div class=\"ui--content-box-media effect--fade type--default clearfix\" style=\"padding-bottom: 56.25%;\"><div class=\"ui--content-box-image-default\"><img loading=\"lazy\" decoding=\"async\" width=\"570\" height=\"321\" src=\"https:\/\/anseros-systeme.de\/wp-content\/uploads\/silver-3-570x321.jpg\" class=\"ui--content-box-image\" alt=\"Anseros Silver Logo\" \/><\/div><\/div><div class=\"ui--content-box-title ui--gradient ui--gradient-grey on--hover clearfix text-center\"><h2 class=\"ui--content-box-title-text\">\"Anseros\"<\/h2><h6 class=\"ui--content-box-title-caption\">- die Bedeutung des Firmennamens -<\/h6><\/div><\/div><div class=\"ui--content-box-content\"><div class=\"ui--content-box-content-text\"><p>Der Firmenname <strong>Anseros<\/strong> ist abgeleitet aus dem Lateinischen: anser &#8211; die Gans (weiblich und m\u00e4nnlich). Schon die R\u00f6mer hielten sich G\u00e4nse als eine Art &#8222;Wachhunde&#8220; im Hof des Kapitols in Rom aufgrund von deren hoher Sensibilit\u00e4t. Die Gans wurde so zum Synonym f\u00fcr ein strategisches Abwehrsystem. Auch Ozon, der Forschungsgegenstand von Anseros, erf\u00fcllt in der Stratosph\u00e4re eine wichtige Abwehrfunktion gegen die UV-Strahlung, in den unteren Luftschichten kommt ihm eine Schutzfunktion gegen Krankheitserreger zu.<\/p>\n<\/div><\/div><\/div><\/div><\/div> \n\n<\/div> \n","protected":false},"excerpt":{"rendered":"<p>Forschung &#038; EntwicklungEin Schwerpunkt unserer Arbeit liegt im Bereich Forschung und Entwicklung. Wir sind seit 1979 in der Ozontechnologie t\u00e4tig und verf\u00fcgen \u00fcber eine engagierte und erfolgreiche Forschungs- und Entwicklungsabteilung mit hochqualifizierten und motivierten Wissenschaftlern und Ingenieuren. Prof. Klaus Nonnenmacher, selbst Dipl. Ing. der Chemietechnik, verf\u00fcgt \u00fcber ein umfangreiches Wissen und langj\u00e4hrige Erfahrung in der [&hellip;]<\/p>\n","protected":false},"author":5,"featured_media":0,"parent":0,"menu_order":0,"comment_status":"closed","ping_status":"closed","template":"","meta":{"footnotes":""},"class_list":["post-2272","page","type-page","status-publish","hentry"],"yoast_head":"<!-- This site is optimized with the Yoast SEO plugin v23.6 - https:\/\/yoast.com\/wordpress\/plugins\/seo\/ -->\n<title>\u00dcber uns - Anseros Ozone Technologies<\/title>\n<meta name=\"robots\" content=\"noindex, follow, max-snippet:-1, max-image-preview:large, max-video-preview:-1\" \/>\n<meta property=\"og:locale\" content=\"de_DE\" \/>\n<meta property=\"og:type\" content=\"article\" \/>\n<meta property=\"og:title\" content=\"\u00dcber uns - Anseros Ozone Technologies\" \/>\n<meta property=\"og:description\" content=\"Forschung &amp; EntwicklungEin Schwerpunkt unserer Arbeit liegt im Bereich Forschung und Entwicklung. Wir sind seit 1979 in der Ozontechnologie t\u00e4tig und verf\u00fcgen \u00fcber eine engagierte und erfolgreiche Forschungs- und Entwicklungsabteilung mit hochqualifizierten und motivierten Wissenschaftlern und Ingenieuren. Prof. Klaus Nonnenmacher, selbst Dipl. Ing. der Chemietechnik, verf\u00fcgt \u00fcber ein umfangreiches Wissen und langj\u00e4hrige Erfahrung in der [&hellip;]\" \/>\n<meta property=\"og:url\" content=\"https:\/\/anseros-systeme.de\/de\/ueber-uns\/\" \/>\n<meta property=\"og:site_name\" content=\"Anseros Ozone Technologies\" \/>\n<meta property=\"article:publisher\" content=\"https:\/\/www.facebook.com\/AnserosDeutschland\/\" \/>\n<meta property=\"article:modified_time\" content=\"2022-04-26T15:24:35+00:00\" \/>\n<meta name=\"twitter:card\" content=\"summary_large_image\" \/>\n<script type=\"application\/ld+json\" class=\"yoast-schema-graph\">{\"@context\":\"https:\/\/schema.org\",\"@graph\":[{\"@type\":\"WebPage\",\"@id\":\"https:\/\/anseros-systeme.de\/de\/ueber-uns\/\",\"url\":\"https:\/\/anseros-systeme.de\/de\/ueber-uns\/\",\"name\":\"\u00dcber uns - Anseros Ozone Technologies\",\"isPartOf\":{\"@id\":\"https:\/\/anseros-systeme.de\/#website\"},\"datePublished\":\"2014-03-12T09:14:23+00:00\",\"dateModified\":\"2022-04-26T15:24:35+00:00\",\"breadcrumb\":{\"@id\":\"https:\/\/anseros-systeme.de\/de\/ueber-uns\/#breadcrumb\"},\"inLanguage\":\"de\",\"potentialAction\":[{\"@type\":\"ReadAction\",\"target\":[\"https:\/\/anseros-systeme.de\/de\/ueber-uns\/\"]}]},{\"@type\":\"BreadcrumbList\",\"@id\":\"https:\/\/anseros-systeme.de\/de\/ueber-uns\/#breadcrumb\",\"itemListElement\":[{\"@type\":\"ListItem\",\"position\":1,\"name\":\"Home\",\"item\":\"https:\/\/anseros-systeme.de\/de\/\"},{\"@type\":\"ListItem\",\"position\":2,\"name\":\"\u00dcber uns\"}]},{\"@type\":\"WebSite\",\"@id\":\"https:\/\/anseros-systeme.de\/#website\",\"url\":\"https:\/\/anseros-systeme.de\/\",\"name\":\"Anseros Ozone Technologies\",\"description\":\"Ozone Generators | Ozone Analyzers | Ozone Water Treatment Systems | Ozone Air Purification Systems | Ozone Test Chambers\",\"publisher\":{\"@id\":\"https:\/\/anseros-systeme.de\/#organization\"},\"potentialAction\":[{\"@type\":\"SearchAction\",\"target\":{\"@type\":\"EntryPoint\",\"urlTemplate\":\"https:\/\/anseros-systeme.de\/?s={search_term_string}\"},\"query-input\":{\"@type\":\"PropertyValueSpecification\",\"valueRequired\":true,\"valueName\":\"search_term_string\"}}],\"inLanguage\":\"de\"},{\"@type\":\"Organization\",\"@id\":\"https:\/\/anseros-systeme.de\/#organization\",\"name\":\"ANSROS KLAUS NONNENMACHER GmbH\",\"url\":\"https:\/\/anseros-systeme.de\/\",\"logo\":{\"@type\":\"ImageObject\",\"inLanguage\":\"de\",\"@id\":\"https:\/\/anseros-systeme.de\/#\/schema\/logo\/image\/\",\"url\":\"https:\/\/hoxon.de\/wp-content\/uploads\/logo-7-e1609862136604.png\",\"contentUrl\":\"https:\/\/hoxon.de\/wp-content\/uploads\/logo-7-e1609862136604.png\",\"width\":150,\"height\":150,\"caption\":\"ANSROS KLAUS NONNENMACHER GmbH\"},\"image\":{\"@id\":\"https:\/\/anseros-systeme.de\/#\/schema\/logo\/image\/\"},\"sameAs\":[\"https:\/\/www.facebook.com\/AnserosDeutschland\/\"]}]}<\/script>\n<!-- \/ Yoast SEO plugin. -->","yoast_head_json":{"title":"\u00dcber uns - Anseros Ozone Technologies","robots":{"index":"noindex","follow":"follow","max-snippet":"max-snippet:-1","max-image-preview":"max-image-preview:large","max-video-preview":"max-video-preview:-1"},"og_locale":"de_DE","og_type":"article","og_title":"\u00dcber uns - Anseros Ozone Technologies","og_description":"Forschung & EntwicklungEin Schwerpunkt unserer Arbeit liegt im Bereich Forschung und Entwicklung. Wir sind seit 1979 in der Ozontechnologie t\u00e4tig und verf\u00fcgen \u00fcber eine engagierte und erfolgreiche Forschungs- und Entwicklungsabteilung mit hochqualifizierten und motivierten Wissenschaftlern und Ingenieuren. Prof. Klaus Nonnenmacher, selbst Dipl. Ing. der Chemietechnik, verf\u00fcgt \u00fcber ein umfangreiches Wissen und langj\u00e4hrige Erfahrung in der [&hellip;]","og_url":"https:\/\/anseros-systeme.de\/de\/ueber-uns\/","og_site_name":"Anseros Ozone Technologies","article_publisher":"https:\/\/www.facebook.com\/AnserosDeutschland\/","article_modified_time":"2022-04-26T15:24:35+00:00","twitter_card":"summary_large_image","schema":{"@context":"https:\/\/schema.org","@graph":[{"@type":"WebPage","@id":"https:\/\/anseros-systeme.de\/de\/ueber-uns\/","url":"https:\/\/anseros-systeme.de\/de\/ueber-uns\/","name":"\u00dcber uns - Anseros Ozone Technologies","isPartOf":{"@id":"https:\/\/anseros-systeme.de\/#website"},"datePublished":"2014-03-12T09:14:23+00:00","dateModified":"2022-04-26T15:24:35+00:00","breadcrumb":{"@id":"https:\/\/anseros-systeme.de\/de\/ueber-uns\/#breadcrumb"},"inLanguage":"de","potentialAction":[{"@type":"ReadAction","target":["https:\/\/anseros-systeme.de\/de\/ueber-uns\/"]}]},{"@type":"BreadcrumbList","@id":"https:\/\/anseros-systeme.de\/de\/ueber-uns\/#breadcrumb","itemListElement":[{"@type":"ListItem","position":1,"name":"Home","item":"https:\/\/anseros-systeme.de\/de\/"},{"@type":"ListItem","position":2,"name":"\u00dcber uns"}]},{"@type":"WebSite","@id":"https:\/\/anseros-systeme.de\/#website","url":"https:\/\/anseros-systeme.de\/","name":"Anseros Ozone Technologies","description":"Ozone Generators | Ozone Analyzers | Ozone Water Treatment Systems | Ozone Air Purification Systems | Ozone Test Chambers","publisher":{"@id":"https:\/\/anseros-systeme.de\/#organization"},"potentialAction":[{"@type":"SearchAction","target":{"@type":"EntryPoint","urlTemplate":"https:\/\/anseros-systeme.de\/?s={search_term_string}"},"query-input":{"@type":"PropertyValueSpecification","valueRequired":true,"valueName":"search_term_string"}}],"inLanguage":"de"},{"@type":"Organization","@id":"https:\/\/anseros-systeme.de\/#organization","name":"ANSROS KLAUS NONNENMACHER GmbH","url":"https:\/\/anseros-systeme.de\/","logo":{"@type":"ImageObject","inLanguage":"de","@id":"https:\/\/anseros-systeme.de\/#\/schema\/logo\/image\/","url":"https:\/\/hoxon.de\/wp-content\/uploads\/logo-7-e1609862136604.png","contentUrl":"https:\/\/hoxon.de\/wp-content\/uploads\/logo-7-e1609862136604.png","width":150,"height":150,"caption":"ANSROS KLAUS NONNENMACHER GmbH"},"image":{"@id":"https:\/\/anseros-systeme.de\/#\/schema\/logo\/image\/"},"sameAs":["https:\/\/www.facebook.com\/AnserosDeutschland\/"]}]}},"_links":{"self":[{"href":"https:\/\/anseros-systeme.de\/de\/wp-json\/wp\/v2\/pages\/2272"}],"collection":[{"href":"https:\/\/anseros-systeme.de\/de\/wp-json\/wp\/v2\/pages"}],"about":[{"href":"https:\/\/anseros-systeme.de\/de\/wp-json\/wp\/v2\/types\/page"}],"author":[{"embeddable":true,"href":"https:\/\/anseros-systeme.de\/de\/wp-json\/wp\/v2\/users\/5"}],"replies":[{"embeddable":true,"href":"https:\/\/anseros-systeme.de\/de\/wp-json\/wp\/v2\/comments?post=2272"}],"version-history":[{"count":33,"href":"https:\/\/anseros-systeme.de\/de\/wp-json\/wp\/v2\/pages\/2272\/revisions"}],"predecessor-version":[{"id":9917,"href":"https:\/\/anseros-systeme.de\/de\/wp-json\/wp\/v2\/pages\/2272\/revisions\/9917"}],"wp:attachment":[{"href":"https:\/\/anseros-systeme.de\/de\/wp-json\/wp\/v2\/media?parent=2272"}],"curies":[{"name":"wp","href":"https:\/\/api.w.org\/{rel}","templated":true}]}}