{"id":2416,"date":"2014-03-14T07:09:07","date_gmt":"2014-03-14T05:09:07","guid":{"rendered":"http:\/\/progwarts.de\/?page_id=2416"},"modified":"2021-11-09T18:14:57","modified_gmt":"2021-11-09T16:14:57","slug":"ackerbau","status":"publish","type":"page","link":"https:\/\/anseros-systeme.de\/de\/ozonanwendungen\/landwirtschaft-lebensmittel\/ackerbau\/","title":{"rendered":"Ackerbau"},"content":{"rendered":"<div class=\"ui--title ui--animation ui--title-bordered text-left\"><div class=\"ui--title-holder\"><h1 class=\"ui--title-text\">Ackerbau<\/h1><div class=\"ui--title-borders ui--title-border-left\"><\/div><div class=\"ui--title-borders ui--title-border-right\"><\/div><\/div><\/div><div class=\"ui-row row\">\n <div   class=\"ui-column span8\"><div class=\"auto-format ui--animation\"><p>Es ist kein Geheimnis, dass das Wasservorkommen auf unserer Erde starken Belastungen ausgesetzt ist, vor allem durch die Folgen der Industrialisierung. Der Landwirtschaft steht zur Bew\u00e4sserung <strong>immer weniger sauberes Wasser<\/strong> zur Verf\u00fcgung. <\/p>\n<p>Wasseranalysen zeigen: einen hohen <strong>ph-Wert des Wassers von 7.8, ein vermindertes Redoxpotential und verh\u00e4ltnism\u00e4\u00dfig gro\u00dfe Mengen an Schwefelwasserstoff<\/strong>. D\u00fcngemittelhersteller regten als Reaktion auf diese Untersuchungen den verst\u00e4rkten Einsatz von D\u00fcngern an, da &#8211; ihrer Meinung nach &#8211; der Schwefelwasserstoff die Aufnahme des D\u00fcngers blockierte. Die Folge: eine noch st\u00e4rkere Belastung von Boden und Wasser.<\/p>\n<p>Der geringe Sauerstoffgehalt des Wassers sorgt daf\u00fcr, dass die Pflanzen schlechter wachsen. Der hohe ph-Wert verursacht die sogenannte &#8222;Bl\u00fctenendf\u00e4ule&#8220;, da er den Kalziumtransport vom Wasser in die Frucht behindert. Typisch f\u00fcr die Bl\u00fctenendf\u00e4ule sind 10-Cent-gro\u00dfe, braune Flecken auf den Fr\u00fcchten. Zudem f\u00fchren die Bakterien, die sich an Schwefelwasserstoffen satt essen und entsprechend vermehren k\u00f6nnen, zu einer hohen organischen Belastung. <\/p>\n<p>Um dieser gro\u00dfen Herausforderung zu begegnen, hat Anseros ein <strong>Wassersystem f\u00fcr die Landwirtschaft<\/strong> entwickelt, das das Wasser ohne den Einsatz von Chemikalien reinigt und damit das Wachstum der Pflanzen auf nat\u00fcrliche Weise f\u00f6rdert.<\/p>\n<\/div><div class=\"auto-format ui--animation\"><p><em>Golf, Rasen, Freilandberegnung, Gew\u00e4chshaus, Artischocken, Hydroponik, Wurzelbehandlung, Bodenregenerierung.<\/em><\/p>\n<\/div><\/div> \n\n <div   class=\"ui-column span4\"><div class=\"ui--image-wrap clearfix\"><img loading=\"lazy\" decoding=\"async\" width=\"2100\" height=\"1500\" src=\"https:\/\/anseros-systeme.de\/wp-content\/uploads\/feldberegnung.jpg\" class=\"ui--image ui--animation\" alt=\"\" title=\"feldberegnung\" id=\"ui--image-1\" srcset=\"https:\/\/anseros-systeme.de\/wp-content\/uploads\/feldberegnung.jpg 2100w, https:\/\/anseros-systeme.de\/wp-content\/uploads\/feldberegnung-300x214.jpg 300w, https:\/\/anseros-systeme.de\/wp-content\/uploads\/feldberegnung-1030x735.jpg 1030w\" sizes=\"(max-width: 2100px) 100vw, 2100px\" \/><\/div><div  class=\"ui--space clearfix\" data-responsive=\"{&quot;css&quot;:{&quot;height&quot;:{&quot;phone&quot;:null,&quot;tablet&quot;:null,&quot;widescreen&quot;:null}}}\"><\/div><div class=\"ui--image-wrap clearfix\"><img loading=\"lazy\" decoding=\"async\" width=\"2100\" height=\"1500\" src=\"https:\/\/anseros-systeme.de\/wp-content\/uploads\/crafter.jpg\" class=\"ui--image ui--animation\" alt=\"\" title=\"crafter\" id=\"ui--image-2\" srcset=\"https:\/\/anseros-systeme.de\/wp-content\/uploads\/crafter.jpg 2100w, https:\/\/anseros-systeme.de\/wp-content\/uploads\/crafter-300x214.jpg 300w, https:\/\/anseros-systeme.de\/wp-content\/uploads\/crafter-1030x735.jpg 1030w\" sizes=\"(max-width: 2100px) 100vw, 2100px\" \/><\/div><div  class=\"ui--space clearfix\" data-responsive=\"{&quot;css&quot;:{&quot;height&quot;:{&quot;phone&quot;:null,&quot;tablet&quot;:null,&quot;widescreen&quot;:null}}}\"><\/div><\/div> \n\n<\/div> \n<div  class=\"ui--divider ui--animation clearfix ui--divider-solid-line\"><\/div><div  class=\"ui--toggle ui--animation clearfix ui--toggle-state-closed\"><div class=\"ui--toggle-title\"><a href=\"javascript:;\"><span class=\"ui--toggle-icon\"><i class=\"ui--icon show-when-closed fontawesome-chevron-down\"><\/i><i class=\"ui--icon show-when-opened fontawesome-chevron-up\"><\/i><\/span><span class=\"ui--toggle-title-text heading\">Kontaktieren Sie uns. Wir beraten Sie gerne.<\/span><\/a><\/div><div class=\"ui--toggle-content\"><\/div><\/div>","protected":false},"excerpt":{"rendered":"<p>Ackerbau Es ist kein Geheimnis, dass das Wasservorkommen auf unserer Erde starken Belastungen ausgesetzt ist, vor allem durch die Folgen der Industrialisierung. Der Landwirtschaft steht zur Bew\u00e4sserung immer weniger sauberes Wasser zur Verf\u00fcgung. Wasseranalysen zeigen: einen hohen ph-Wert des Wassers von 7.8, ein vermindertes Redoxpotential und verh\u00e4ltnism\u00e4\u00dfig gro\u00dfe Mengen an Schwefelwasserstoff. D\u00fcngemittelhersteller regten als Reaktion [&hellip;]<\/p>\n","protected":false},"author":5,"featured_media":0,"parent":2430,"menu_order":2,"comment_status":"open","ping_status":"closed","template":"","meta":{"footnotes":""},"class_list":["post-2416","page","type-page","status-publish","hentry"],"yoast_head":"<!-- This site is optimized with the Yoast SEO plugin v23.6 - https:\/\/yoast.com\/wordpress\/plugins\/seo\/ -->\n<title>Ackerbau - Anseros Ozone Technologies<\/title>\n<meta name=\"robots\" content=\"noindex, follow, max-snippet:-1, max-image-preview:large, max-video-preview:-1\" \/>\n<meta property=\"og:locale\" content=\"de_DE\" \/>\n<meta property=\"og:type\" content=\"article\" \/>\n<meta property=\"og:title\" content=\"Ackerbau - Anseros Ozone Technologies\" \/>\n<meta property=\"og:description\" content=\"Ackerbau Es ist kein Geheimnis, dass das Wasservorkommen auf unserer Erde starken Belastungen ausgesetzt ist, vor allem durch die Folgen der Industrialisierung. Der Landwirtschaft steht zur Bew\u00e4sserung immer weniger sauberes Wasser zur Verf\u00fcgung. Wasseranalysen zeigen: einen hohen ph-Wert des Wassers von 7.8, ein vermindertes Redoxpotential und verh\u00e4ltnism\u00e4\u00dfig gro\u00dfe Mengen an Schwefelwasserstoff. D\u00fcngemittelhersteller regten als Reaktion [&hellip;]\" \/>\n<meta property=\"og:url\" content=\"https:\/\/anseros-systeme.de\/de\/ozonanwendungen\/landwirtschaft-lebensmittel\/ackerbau\/\" \/>\n<meta property=\"og:site_name\" content=\"Anseros Ozone Technologies\" \/>\n<meta property=\"article:publisher\" content=\"https:\/\/www.facebook.com\/AnserosDeutschland\/\" \/>\n<meta property=\"article:modified_time\" content=\"2021-11-09T16:14:57+00:00\" \/>\n<meta name=\"twitter:card\" content=\"summary_large_image\" \/>\n<script type=\"application\/ld+json\" class=\"yoast-schema-graph\">{\"@context\":\"https:\/\/schema.org\",\"@graph\":[{\"@type\":\"WebPage\",\"@id\":\"https:\/\/anseros-systeme.de\/de\/ozonanwendungen\/landwirtschaft-lebensmittel\/ackerbau\/\",\"url\":\"https:\/\/anseros-systeme.de\/de\/ozonanwendungen\/landwirtschaft-lebensmittel\/ackerbau\/\",\"name\":\"Ackerbau - Anseros Ozone Technologies\",\"isPartOf\":{\"@id\":\"https:\/\/anseros-systeme.de\/#website\"},\"datePublished\":\"2014-03-14T05:09:07+00:00\",\"dateModified\":\"2021-11-09T16:14:57+00:00\",\"breadcrumb\":{\"@id\":\"https:\/\/anseros-systeme.de\/de\/ozonanwendungen\/landwirtschaft-lebensmittel\/ackerbau\/#breadcrumb\"},\"inLanguage\":\"de\",\"potentialAction\":[{\"@type\":\"ReadAction\",\"target\":[\"https:\/\/anseros-systeme.de\/de\/ozonanwendungen\/landwirtschaft-lebensmittel\/ackerbau\/\"]}]},{\"@type\":\"BreadcrumbList\",\"@id\":\"https:\/\/anseros-systeme.de\/de\/ozonanwendungen\/landwirtschaft-lebensmittel\/ackerbau\/#breadcrumb\",\"itemListElement\":[{\"@type\":\"ListItem\",\"position\":1,\"name\":\"Home\",\"item\":\"https:\/\/anseros-systeme.de\/de\/\"},{\"@type\":\"ListItem\",\"position\":2,\"name\":\"Ozonanwendungen\",\"item\":\"https:\/\/anseros-systeme.de\/de\/ozonanwendungen\/\"},{\"@type\":\"ListItem\",\"position\":3,\"name\":\"Landwirtschaft &#038; Lebensmittel\",\"item\":\"https:\/\/anseros-systeme.de\/de\/ozonanwendungen\/landwirtschaft-lebensmittel\/\"},{\"@type\":\"ListItem\",\"position\":4,\"name\":\"Ackerbau\"}]},{\"@type\":\"WebSite\",\"@id\":\"https:\/\/anseros-systeme.de\/#website\",\"url\":\"https:\/\/anseros-systeme.de\/\",\"name\":\"Anseros Ozone Technologies\",\"description\":\"Ozone Generators | Ozone Analyzers | Ozone Water Treatment Systems | Ozone Air Purification Systems | Ozone Test Chambers\",\"publisher\":{\"@id\":\"https:\/\/anseros-systeme.de\/#organization\"},\"potentialAction\":[{\"@type\":\"SearchAction\",\"target\":{\"@type\":\"EntryPoint\",\"urlTemplate\":\"https:\/\/anseros-systeme.de\/?s={search_term_string}\"},\"query-input\":{\"@type\":\"PropertyValueSpecification\",\"valueRequired\":true,\"valueName\":\"search_term_string\"}}],\"inLanguage\":\"de\"},{\"@type\":\"Organization\",\"@id\":\"https:\/\/anseros-systeme.de\/#organization\",\"name\":\"ANSROS KLAUS NONNENMACHER GmbH\",\"url\":\"https:\/\/anseros-systeme.de\/\",\"logo\":{\"@type\":\"ImageObject\",\"inLanguage\":\"de\",\"@id\":\"https:\/\/anseros-systeme.de\/#\/schema\/logo\/image\/\",\"url\":\"https:\/\/hoxon.de\/wp-content\/uploads\/logo-7-e1609862136604.png\",\"contentUrl\":\"https:\/\/hoxon.de\/wp-content\/uploads\/logo-7-e1609862136604.png\",\"width\":150,\"height\":150,\"caption\":\"ANSROS KLAUS NONNENMACHER GmbH\"},\"image\":{\"@id\":\"https:\/\/anseros-systeme.de\/#\/schema\/logo\/image\/\"},\"sameAs\":[\"https:\/\/www.facebook.com\/AnserosDeutschland\/\"]}]}<\/script>\n<!-- \/ Yoast SEO plugin. -->","yoast_head_json":{"title":"Ackerbau - Anseros Ozone Technologies","robots":{"index":"noindex","follow":"follow","max-snippet":"max-snippet:-1","max-image-preview":"max-image-preview:large","max-video-preview":"max-video-preview:-1"},"og_locale":"de_DE","og_type":"article","og_title":"Ackerbau - Anseros Ozone Technologies","og_description":"Ackerbau Es ist kein Geheimnis, dass das Wasservorkommen auf unserer Erde starken Belastungen ausgesetzt ist, vor allem durch die Folgen der Industrialisierung. Der Landwirtschaft steht zur Bew\u00e4sserung immer weniger sauberes Wasser zur Verf\u00fcgung. Wasseranalysen zeigen: einen hohen ph-Wert des Wassers von 7.8, ein vermindertes Redoxpotential und verh\u00e4ltnism\u00e4\u00dfig gro\u00dfe Mengen an Schwefelwasserstoff. D\u00fcngemittelhersteller regten als Reaktion [&hellip;]","og_url":"https:\/\/anseros-systeme.de\/de\/ozonanwendungen\/landwirtschaft-lebensmittel\/ackerbau\/","og_site_name":"Anseros Ozone Technologies","article_publisher":"https:\/\/www.facebook.com\/AnserosDeutschland\/","article_modified_time":"2021-11-09T16:14:57+00:00","twitter_card":"summary_large_image","schema":{"@context":"https:\/\/schema.org","@graph":[{"@type":"WebPage","@id":"https:\/\/anseros-systeme.de\/de\/ozonanwendungen\/landwirtschaft-lebensmittel\/ackerbau\/","url":"https:\/\/anseros-systeme.de\/de\/ozonanwendungen\/landwirtschaft-lebensmittel\/ackerbau\/","name":"Ackerbau - Anseros Ozone Technologies","isPartOf":{"@id":"https:\/\/anseros-systeme.de\/#website"},"datePublished":"2014-03-14T05:09:07+00:00","dateModified":"2021-11-09T16:14:57+00:00","breadcrumb":{"@id":"https:\/\/anseros-systeme.de\/de\/ozonanwendungen\/landwirtschaft-lebensmittel\/ackerbau\/#breadcrumb"},"inLanguage":"de","potentialAction":[{"@type":"ReadAction","target":["https:\/\/anseros-systeme.de\/de\/ozonanwendungen\/landwirtschaft-lebensmittel\/ackerbau\/"]}]},{"@type":"BreadcrumbList","@id":"https:\/\/anseros-systeme.de\/de\/ozonanwendungen\/landwirtschaft-lebensmittel\/ackerbau\/#breadcrumb","itemListElement":[{"@type":"ListItem","position":1,"name":"Home","item":"https:\/\/anseros-systeme.de\/de\/"},{"@type":"ListItem","position":2,"name":"Ozonanwendungen","item":"https:\/\/anseros-systeme.de\/de\/ozonanwendungen\/"},{"@type":"ListItem","position":3,"name":"Landwirtschaft &#038; Lebensmittel","item":"https:\/\/anseros-systeme.de\/de\/ozonanwendungen\/landwirtschaft-lebensmittel\/"},{"@type":"ListItem","position":4,"name":"Ackerbau"}]},{"@type":"WebSite","@id":"https:\/\/anseros-systeme.de\/#website","url":"https:\/\/anseros-systeme.de\/","name":"Anseros Ozone Technologies","description":"Ozone Generators | Ozone Analyzers | Ozone Water Treatment Systems | Ozone Air Purification Systems | Ozone Test Chambers","publisher":{"@id":"https:\/\/anseros-systeme.de\/#organization"},"potentialAction":[{"@type":"SearchAction","target":{"@type":"EntryPoint","urlTemplate":"https:\/\/anseros-systeme.de\/?s={search_term_string}"},"query-input":{"@type":"PropertyValueSpecification","valueRequired":true,"valueName":"search_term_string"}}],"inLanguage":"de"},{"@type":"Organization","@id":"https:\/\/anseros-systeme.de\/#organization","name":"ANSROS KLAUS NONNENMACHER GmbH","url":"https:\/\/anseros-systeme.de\/","logo":{"@type":"ImageObject","inLanguage":"de","@id":"https:\/\/anseros-systeme.de\/#\/schema\/logo\/image\/","url":"https:\/\/hoxon.de\/wp-content\/uploads\/logo-7-e1609862136604.png","contentUrl":"https:\/\/hoxon.de\/wp-content\/uploads\/logo-7-e1609862136604.png","width":150,"height":150,"caption":"ANSROS KLAUS NONNENMACHER GmbH"},"image":{"@id":"https:\/\/anseros-systeme.de\/#\/schema\/logo\/image\/"},"sameAs":["https:\/\/www.facebook.com\/AnserosDeutschland\/"]}]}},"_links":{"self":[{"href":"https:\/\/anseros-systeme.de\/de\/wp-json\/wp\/v2\/pages\/2416"}],"collection":[{"href":"https:\/\/anseros-systeme.de\/de\/wp-json\/wp\/v2\/pages"}],"about":[{"href":"https:\/\/anseros-systeme.de\/de\/wp-json\/wp\/v2\/types\/page"}],"author":[{"embeddable":true,"href":"https:\/\/anseros-systeme.de\/de\/wp-json\/wp\/v2\/users\/5"}],"replies":[{"embeddable":true,"href":"https:\/\/anseros-systeme.de\/de\/wp-json\/wp\/v2\/comments?post=2416"}],"version-history":[{"count":35,"href":"https:\/\/anseros-systeme.de\/de\/wp-json\/wp\/v2\/pages\/2416\/revisions"}],"predecessor-version":[{"id":8335,"href":"https:\/\/anseros-systeme.de\/de\/wp-json\/wp\/v2\/pages\/2416\/revisions\/8335"}],"up":[{"embeddable":true,"href":"https:\/\/anseros-systeme.de\/de\/wp-json\/wp\/v2\/pages\/2430"}],"wp:attachment":[{"href":"https:\/\/anseros-systeme.de\/de\/wp-json\/wp\/v2\/media?parent=2416"}],"curies":[{"name":"wp","href":"https:\/\/api.w.org\/{rel}","templated":true}]}}