{"id":2446,"date":"2014-03-14T10:09:39","date_gmt":"2014-03-14T08:09:39","guid":{"rendered":"http:\/\/progwarts.de\/?page_id=2446"},"modified":"2021-11-09T18:54:04","modified_gmt":"2021-11-09T16:54:04","slug":"lebensmittelverarbeitung","status":"publish","type":"page","link":"https:\/\/anseros-systeme.de\/de\/ozonanwendungen\/landwirtschaft-lebensmittel\/lebensmittelverarbeitung\/","title":{"rendered":"Lebensmittelverarbeitung"},"content":{"rendered":"<div class=\"ui--title ui--animation ui--title-bordered text-left\"><div class=\"ui--title-holder\"><h1 class=\"ui--title-text\">Lebensmittelverarbeitung<\/h1><div class=\"ui--title-borders ui--title-border-left\"><\/div><div class=\"ui--title-borders ui--title-border-right\"><\/div><\/div><\/div><div class=\"ui-row row\">\n <div   class=\"ui-column span9\"><div class=\"auto-format ui--animation\"><p>Lebensmittel- und Getr\u00e4nkehersteller ben\u00f6tigen t\u00e4glich Milliarden Liter von Wasser: f\u00fcr das Waschen, Verarbeiten, Kochen &#038; Reinigen von Lebensmitteln und allem, was dazu geh\u00f6rt. Dieses Wasser muss frei sein von jeglichen Verunreinigungen.<\/p>\n<p>Die Lebensmittel- und Getr\u00e4nkeindustrie hat mittlerweile das <strong>Potential von Ozonanwendungen f\u00fcr die Desinfektion<\/strong> erkannt und wendet sich nach und nach ab von der Verwendung von Chlor. Chlor wurde bislang traditionell zur Wasserbehandlung in der Lebensmittelindustrie eingesetzt \u2013 hat allerdings einen Nachteil: das potentielle Risiko giftiger Chlorr\u00fcckst\u00e4nde und Nebenprodukte in Wasser, das mehr als einmal mit Chlor behandelt wurde. Ozonanwendungen gelten als <strong>sichere, umweltfreundliche Alternative<\/strong> und gewinnen daher zunehmend an Akzeptanz bei der Desinfektion von Wasser, Ausr\u00fcstung, etc. Gasf\u00f6rmiges Ozon kann auch als Konservierungsmittel f\u00fcr bestimmte Lebensmittel oder zum Sterilisieren von Verpackungsmaterial verwendet werden. Als Konservierungsmittel kommt Ozon zum Beispiel bei der <strong>K\u00fchllagerung von Eiern, frischem Obst und Gem\u00fcse und auch Fisch<\/strong> zum Einsatz.<\/p>\n<\/div><div class=\"auto-format ui--animation\"><p><em>Hydroponik, Waschen von Obst und Gem\u00fcse, Lagerung von Obst und Gem\u00fcse, Transportsicherung, Container, \u00c4thylen, Reifung, EHEC, K\u00fchlhaushygiene, Langzeitlagerung.<\/em><\/p>\n<\/div><\/div> \n\n <div   class=\"ui-column span3\"><div id=\"ui--gallery-1\" class=\"ui--gallery ui--pass\" data-columns=\"1\"><div class=\"unstyled-all clearfix ui--gallery-wrapper columns-1 \"><div class=\"ui-row row\">\n <div   class=\"ui-column span12\"><div class=\"ui--gallery-item ui--animation\"><div class=\"inner\"><a href=\"https:\/\/\/anseros-systeme.de\/\/wp-content\/uploads\/grain-storage.jpg\" target=\"_blank\" data-title=\"Grain storage\"><div class=\"ui--gallery-overlay\"><div class=\"center\"><span class=\"btn btn-normal btn-icon-left btn-grey ui--animation\" href=\"#\" style=\"\"><i class=\"ui--icon fontawesome-fullscreen\"><\/i><\/span> <\/div><\/div><\/a><\/div><\/div><\/div> \n\n<\/div> \n<div class=\"ui-row row\">\n <div   class=\"ui-column span12\"><div class=\"ui--gallery-item ui--animation\"><div class=\"inner\"><a href=\"https:\/\/\/anseros-systeme.de\/\/wp-content\/uploads\/food-items.png\" target=\"_blank\" data-title=\"K\u00fcche\"><div class=\"ui--gallery-overlay\"><div class=\"center\"><span class=\"btn btn-normal btn-icon-left btn-grey ui--animation\" href=\"#\" style=\"\"><i class=\"ui--icon fontawesome-fullscreen\"><\/i><\/span> <\/div><\/div><\/a><\/div><\/div><\/div> \n\n<\/div> \n<\/div><div class=\"clearfix\"><\/div><\/div><\/div> \n\n<\/div> \n<div  class=\"ui--divider ui--animation clearfix ui--divider-solid-line\"><\/div><div  class=\"ui--toggle ui--animation clearfix ui--toggle-state-closed\"><div class=\"ui--toggle-title\"><a href=\"javascript:;\"><span class=\"ui--toggle-icon\"><i class=\"ui--icon show-when-closed fontawesome-chevron-down\"><\/i><i class=\"ui--icon show-when-opened fontawesome-chevron-up\"><\/i><\/span><span class=\"ui--toggle-title-text heading\">Kontaktieren Sie uns. Wir beraten Sie gerne.<\/span><\/a><\/div><div class=\"ui--toggle-content\"><\/div><\/div>","protected":false},"excerpt":{"rendered":"<p>Lebensmittelverarbeitung Lebensmittel- und Getr\u00e4nkehersteller ben\u00f6tigen t\u00e4glich Milliarden Liter von Wasser: f\u00fcr das Waschen, Verarbeiten, Kochen &#038; Reinigen von Lebensmitteln und allem, was dazu geh\u00f6rt. Dieses Wasser muss frei sein von jeglichen Verunreinigungen. Die Lebensmittel- und Getr\u00e4nkeindustrie hat mittlerweile das Potential von Ozonanwendungen f\u00fcr die Desinfektion erkannt und wendet sich nach und nach ab von der [&hellip;]<\/p>\n","protected":false},"author":5,"featured_media":0,"parent":2430,"menu_order":4,"comment_status":"closed","ping_status":"closed","template":"","meta":{"footnotes":""},"class_list":["post-2446","page","type-page","status-publish","hentry"],"yoast_head":"<!-- This site is optimized with the Yoast SEO plugin v23.6 - https:\/\/yoast.com\/wordpress\/plugins\/seo\/ -->\n<title>Lebensmittelverarbeitung - Anseros Ozone Technologies<\/title>\n<meta name=\"robots\" content=\"noindex, follow, max-snippet:-1, max-image-preview:large, max-video-preview:-1\" \/>\n<meta property=\"og:locale\" content=\"de_DE\" \/>\n<meta property=\"og:type\" content=\"article\" \/>\n<meta property=\"og:title\" content=\"Lebensmittelverarbeitung - Anseros Ozone Technologies\" \/>\n<meta property=\"og:description\" content=\"Lebensmittelverarbeitung Lebensmittel- und Getr\u00e4nkehersteller ben\u00f6tigen t\u00e4glich Milliarden Liter von Wasser: f\u00fcr das Waschen, Verarbeiten, Kochen &#038; Reinigen von Lebensmitteln und allem, was dazu geh\u00f6rt. Dieses Wasser muss frei sein von jeglichen Verunreinigungen. Die Lebensmittel- und Getr\u00e4nkeindustrie hat mittlerweile das Potential von Ozonanwendungen f\u00fcr die Desinfektion erkannt und wendet sich nach und nach ab von der [&hellip;]\" \/>\n<meta property=\"og:url\" content=\"https:\/\/anseros-systeme.de\/de\/ozonanwendungen\/landwirtschaft-lebensmittel\/lebensmittelverarbeitung\/\" \/>\n<meta property=\"og:site_name\" content=\"Anseros Ozone Technologies\" \/>\n<meta property=\"article:publisher\" content=\"https:\/\/www.facebook.com\/AnserosDeutschland\/\" \/>\n<meta property=\"article:modified_time\" content=\"2021-11-09T16:54:04+00:00\" \/>\n<meta name=\"twitter:card\" content=\"summary_large_image\" \/>\n<script type=\"application\/ld+json\" class=\"yoast-schema-graph\">{\"@context\":\"https:\/\/schema.org\",\"@graph\":[{\"@type\":\"WebPage\",\"@id\":\"https:\/\/anseros-systeme.de\/de\/ozonanwendungen\/landwirtschaft-lebensmittel\/lebensmittelverarbeitung\/\",\"url\":\"https:\/\/anseros-systeme.de\/de\/ozonanwendungen\/landwirtschaft-lebensmittel\/lebensmittelverarbeitung\/\",\"name\":\"Lebensmittelverarbeitung - Anseros Ozone Technologies\",\"isPartOf\":{\"@id\":\"https:\/\/anseros-systeme.de\/#website\"},\"datePublished\":\"2014-03-14T08:09:39+00:00\",\"dateModified\":\"2021-11-09T16:54:04+00:00\",\"breadcrumb\":{\"@id\":\"https:\/\/anseros-systeme.de\/de\/ozonanwendungen\/landwirtschaft-lebensmittel\/lebensmittelverarbeitung\/#breadcrumb\"},\"inLanguage\":\"de\",\"potentialAction\":[{\"@type\":\"ReadAction\",\"target\":[\"https:\/\/anseros-systeme.de\/de\/ozonanwendungen\/landwirtschaft-lebensmittel\/lebensmittelverarbeitung\/\"]}]},{\"@type\":\"BreadcrumbList\",\"@id\":\"https:\/\/anseros-systeme.de\/de\/ozonanwendungen\/landwirtschaft-lebensmittel\/lebensmittelverarbeitung\/#breadcrumb\",\"itemListElement\":[{\"@type\":\"ListItem\",\"position\":1,\"name\":\"Home\",\"item\":\"https:\/\/anseros-systeme.de\/de\/\"},{\"@type\":\"ListItem\",\"position\":2,\"name\":\"Ozonanwendungen\",\"item\":\"https:\/\/anseros-systeme.de\/de\/ozonanwendungen\/\"},{\"@type\":\"ListItem\",\"position\":3,\"name\":\"Landwirtschaft &#038; Lebensmittel\",\"item\":\"https:\/\/anseros-systeme.de\/de\/ozonanwendungen\/landwirtschaft-lebensmittel\/\"},{\"@type\":\"ListItem\",\"position\":4,\"name\":\"Lebensmittelverarbeitung\"}]},{\"@type\":\"WebSite\",\"@id\":\"https:\/\/anseros-systeme.de\/#website\",\"url\":\"https:\/\/anseros-systeme.de\/\",\"name\":\"Anseros Ozone Technologies\",\"description\":\"Ozone Generators | Ozone Analyzers | Ozone Water Treatment Systems | Ozone Air Purification Systems | Ozone Test Chambers\",\"publisher\":{\"@id\":\"https:\/\/anseros-systeme.de\/#organization\"},\"potentialAction\":[{\"@type\":\"SearchAction\",\"target\":{\"@type\":\"EntryPoint\",\"urlTemplate\":\"https:\/\/anseros-systeme.de\/?s={search_term_string}\"},\"query-input\":{\"@type\":\"PropertyValueSpecification\",\"valueRequired\":true,\"valueName\":\"search_term_string\"}}],\"inLanguage\":\"de\"},{\"@type\":\"Organization\",\"@id\":\"https:\/\/anseros-systeme.de\/#organization\",\"name\":\"ANSROS KLAUS NONNENMACHER GmbH\",\"url\":\"https:\/\/anseros-systeme.de\/\",\"logo\":{\"@type\":\"ImageObject\",\"inLanguage\":\"de\",\"@id\":\"https:\/\/anseros-systeme.de\/#\/schema\/logo\/image\/\",\"url\":\"https:\/\/hoxon.de\/wp-content\/uploads\/logo-7-e1609862136604.png\",\"contentUrl\":\"https:\/\/hoxon.de\/wp-content\/uploads\/logo-7-e1609862136604.png\",\"width\":150,\"height\":150,\"caption\":\"ANSROS KLAUS NONNENMACHER GmbH\"},\"image\":{\"@id\":\"https:\/\/anseros-systeme.de\/#\/schema\/logo\/image\/\"},\"sameAs\":[\"https:\/\/www.facebook.com\/AnserosDeutschland\/\"]}]}<\/script>\n<!-- \/ Yoast SEO plugin. -->","yoast_head_json":{"title":"Lebensmittelverarbeitung - Anseros Ozone Technologies","robots":{"index":"noindex","follow":"follow","max-snippet":"max-snippet:-1","max-image-preview":"max-image-preview:large","max-video-preview":"max-video-preview:-1"},"og_locale":"de_DE","og_type":"article","og_title":"Lebensmittelverarbeitung - Anseros Ozone Technologies","og_description":"Lebensmittelverarbeitung Lebensmittel- und Getr\u00e4nkehersteller ben\u00f6tigen t\u00e4glich Milliarden Liter von Wasser: f\u00fcr das Waschen, Verarbeiten, Kochen &#038; Reinigen von Lebensmitteln und allem, was dazu geh\u00f6rt. Dieses Wasser muss frei sein von jeglichen Verunreinigungen. Die Lebensmittel- und Getr\u00e4nkeindustrie hat mittlerweile das Potential von Ozonanwendungen f\u00fcr die Desinfektion erkannt und wendet sich nach und nach ab von der [&hellip;]","og_url":"https:\/\/anseros-systeme.de\/de\/ozonanwendungen\/landwirtschaft-lebensmittel\/lebensmittelverarbeitung\/","og_site_name":"Anseros Ozone Technologies","article_publisher":"https:\/\/www.facebook.com\/AnserosDeutschland\/","article_modified_time":"2021-11-09T16:54:04+00:00","twitter_card":"summary_large_image","schema":{"@context":"https:\/\/schema.org","@graph":[{"@type":"WebPage","@id":"https:\/\/anseros-systeme.de\/de\/ozonanwendungen\/landwirtschaft-lebensmittel\/lebensmittelverarbeitung\/","url":"https:\/\/anseros-systeme.de\/de\/ozonanwendungen\/landwirtschaft-lebensmittel\/lebensmittelverarbeitung\/","name":"Lebensmittelverarbeitung - Anseros Ozone Technologies","isPartOf":{"@id":"https:\/\/anseros-systeme.de\/#website"},"datePublished":"2014-03-14T08:09:39+00:00","dateModified":"2021-11-09T16:54:04+00:00","breadcrumb":{"@id":"https:\/\/anseros-systeme.de\/de\/ozonanwendungen\/landwirtschaft-lebensmittel\/lebensmittelverarbeitung\/#breadcrumb"},"inLanguage":"de","potentialAction":[{"@type":"ReadAction","target":["https:\/\/anseros-systeme.de\/de\/ozonanwendungen\/landwirtschaft-lebensmittel\/lebensmittelverarbeitung\/"]}]},{"@type":"BreadcrumbList","@id":"https:\/\/anseros-systeme.de\/de\/ozonanwendungen\/landwirtschaft-lebensmittel\/lebensmittelverarbeitung\/#breadcrumb","itemListElement":[{"@type":"ListItem","position":1,"name":"Home","item":"https:\/\/anseros-systeme.de\/de\/"},{"@type":"ListItem","position":2,"name":"Ozonanwendungen","item":"https:\/\/anseros-systeme.de\/de\/ozonanwendungen\/"},{"@type":"ListItem","position":3,"name":"Landwirtschaft &#038; Lebensmittel","item":"https:\/\/anseros-systeme.de\/de\/ozonanwendungen\/landwirtschaft-lebensmittel\/"},{"@type":"ListItem","position":4,"name":"Lebensmittelverarbeitung"}]},{"@type":"WebSite","@id":"https:\/\/anseros-systeme.de\/#website","url":"https:\/\/anseros-systeme.de\/","name":"Anseros Ozone Technologies","description":"Ozone Generators | Ozone Analyzers | Ozone Water Treatment Systems | Ozone Air Purification Systems | Ozone Test Chambers","publisher":{"@id":"https:\/\/anseros-systeme.de\/#organization"},"potentialAction":[{"@type":"SearchAction","target":{"@type":"EntryPoint","urlTemplate":"https:\/\/anseros-systeme.de\/?s={search_term_string}"},"query-input":{"@type":"PropertyValueSpecification","valueRequired":true,"valueName":"search_term_string"}}],"inLanguage":"de"},{"@type":"Organization","@id":"https:\/\/anseros-systeme.de\/#organization","name":"ANSROS KLAUS NONNENMACHER GmbH","url":"https:\/\/anseros-systeme.de\/","logo":{"@type":"ImageObject","inLanguage":"de","@id":"https:\/\/anseros-systeme.de\/#\/schema\/logo\/image\/","url":"https:\/\/hoxon.de\/wp-content\/uploads\/logo-7-e1609862136604.png","contentUrl":"https:\/\/hoxon.de\/wp-content\/uploads\/logo-7-e1609862136604.png","width":150,"height":150,"caption":"ANSROS KLAUS NONNENMACHER GmbH"},"image":{"@id":"https:\/\/anseros-systeme.de\/#\/schema\/logo\/image\/"},"sameAs":["https:\/\/www.facebook.com\/AnserosDeutschland\/"]}]}},"_links":{"self":[{"href":"https:\/\/anseros-systeme.de\/de\/wp-json\/wp\/v2\/pages\/2446"}],"collection":[{"href":"https:\/\/anseros-systeme.de\/de\/wp-json\/wp\/v2\/pages"}],"about":[{"href":"https:\/\/anseros-systeme.de\/de\/wp-json\/wp\/v2\/types\/page"}],"author":[{"embeddable":true,"href":"https:\/\/anseros-systeme.de\/de\/wp-json\/wp\/v2\/users\/5"}],"replies":[{"embeddable":true,"href":"https:\/\/anseros-systeme.de\/de\/wp-json\/wp\/v2\/comments?post=2446"}],"version-history":[{"count":42,"href":"https:\/\/anseros-systeme.de\/de\/wp-json\/wp\/v2\/pages\/2446\/revisions"}],"predecessor-version":[{"id":8343,"href":"https:\/\/anseros-systeme.de\/de\/wp-json\/wp\/v2\/pages\/2446\/revisions\/8343"}],"up":[{"embeddable":true,"href":"https:\/\/anseros-systeme.de\/de\/wp-json\/wp\/v2\/pages\/2430"}],"wp:attachment":[{"href":"https:\/\/anseros-systeme.de\/de\/wp-json\/wp\/v2\/media?parent=2446"}],"curies":[{"name":"wp","href":"https:\/\/api.w.org\/{rel}","templated":true}]}}