{"id":2551,"date":"2014-03-15T16:56:46","date_gmt":"2014-03-15T14:56:46","guid":{"rendered":"http:\/\/progwarts.de\/?page_id=2551"},"modified":"2021-11-09T19:25:23","modified_gmt":"2021-11-09T17:25:23","slug":"abfuellanlagen","status":"publish","type":"page","link":"https:\/\/anseros-systeme.de\/de\/ozonanwendungen\/abfuellanlagen\/","title":{"rendered":"Abf\u00fcllanlagen"},"content":{"rendered":"<div class=\"ui--title ui--animation ui--title-bordered text-left\"><div class=\"ui--title-holder\"><h1 class=\"ui--title-text\">Abf\u00fcllanlagen<\/h1><div class=\"ui--title-borders ui--title-border-left\"><\/div><div class=\"ui--title-borders ui--title-border-right\"><\/div><\/div><\/div><div class=\"ui-row row\">\n <div   class=\"ui-column span6\"><div class=\"auto-format ui--animation\"><p>Wasser ist die Grundlage allen Lebens auf der Erde. Doch die Welt, in der wir heute leben und atmen, ist von knapper werdenden Ressourcen gekennzeichnet. Dazu z\u00e4hlt auch die vorhandene Menge sauberen Wassers. Millionen Menschen ben\u00f6tigen frisches und gefahrlos trinkbares Wasser &#8211; eine Herausforderung, die uns immer mehr Anstrengung kostet. <\/p>\n<p>Techniken wie die Abf\u00fcllung in Verbundpackungen, PET &#8211; oder Glasflaschen sorgen f\u00fcr lange frisches und gesundes Trinkwasser. Hierf\u00fcr muss die Industrie geeignete Abf\u00fcll &#8211; und Reinigungsanlagen bereithalten. <\/p>\n<p>Zur Oxidierung und Sterilisierung von Wasser gem\u00e4\u00df den europ\u00e4ischen CEN-Richtlinien hat Anseros die automatischen PAP-Wassersysteme entwickelt. Anstelle von Chlor setzen die Anseros-Entwickler bei der Wasserbehandlung und Flaschensterilisation auf die nat\u00fcrliche Reinigungswirkung von Ozon. <\/p>\n<p>Vorteil: der Einsatz von Ozon ist <strong>umweltfreundlich, sicher und kosteng\u00fcnstig<\/strong> in der Anwendung.<\/p>\n<\/div><\/div> \n\n <div   class=\"ui-column span6\"><div id=\"ui--gallery-1\" class=\"ui--gallery ui--pass\" data-columns=\"2\"><div class=\"unstyled-all clearfix ui--gallery-wrapper columns-2 \"><div class=\"ui-row row\">\n <div   class=\"ui-column span6\"><div class=\"ui--gallery-item ui--animation\"><div class=\"inner\"><a href=\"https:\/\/anseros-systeme.de\/wp-content\/uploads\/bottles-plant.jpg\" target=\"_blank\" data-title=\"Bottling plant-1\" data-rel=\"prettyPhoto[ui--gallery-1]\"><img loading=\"lazy\" decoding=\"async\" width=\"500\" height=\"500\" src=\"https:\/\/anseros-systeme.de\/wp-content\/uploads\/bottles-plant-500x500.jpg\" class=\"attachment-custom_500x500x1 size-custom_500x500x1\" alt=\"\" srcset=\"https:\/\/anseros-systeme.de\/wp-content\/uploads\/bottles-plant-500x500.jpg 500w, https:\/\/anseros-systeme.de\/wp-content\/uploads\/bottles-plant-80x80.jpg 80w, https:\/\/anseros-systeme.de\/wp-content\/uploads\/bottles-plant-300x300.jpg 300w, https:\/\/anseros-systeme.de\/wp-content\/uploads\/bottles-plant.jpg 630w\" sizes=\"(max-width: 500px) 100vw, 500px\" \/><div class=\"ui--gallery-overlay\"><div class=\"center\"><span class=\"btn btn-normal btn-icon-left btn-grey ui--animation\" href=\"#\" style=\"\"><i class=\"ui--icon fontawesome-fullscreen\"><\/i><\/span> <\/div><\/div><\/a><\/div><\/div><\/div> \n\n <div   class=\"ui-column span6\"><div class=\"ui--gallery-item ui--animation\"><div class=\"inner\"><a href=\"https:\/\/anseros-systeme.de\/wp-content\/uploads\/plant.jpg\" target=\"_blank\" data-title=\"Bottling plant-2\" data-rel=\"prettyPhoto[ui--gallery-1]\"><img loading=\"lazy\" decoding=\"async\" width=\"500\" height=\"500\" src=\"https:\/\/anseros-systeme.de\/wp-content\/uploads\/plant-500x500.jpg\" class=\"attachment-custom_500x500x1 size-custom_500x500x1\" alt=\"\" srcset=\"https:\/\/anseros-systeme.de\/wp-content\/uploads\/plant-500x500.jpg 500w, https:\/\/anseros-systeme.de\/wp-content\/uploads\/plant-80x80.jpg 80w, https:\/\/anseros-systeme.de\/wp-content\/uploads\/plant-300x300.jpg 300w, https:\/\/anseros-systeme.de\/wp-content\/uploads\/plant.jpg 630w\" sizes=\"(max-width: 500px) 100vw, 500px\" \/><div class=\"ui--gallery-overlay\"><div class=\"center\"><span class=\"btn btn-normal btn-icon-left btn-grey ui--animation\" href=\"#\" style=\"\"><i class=\"ui--icon fontawesome-fullscreen\"><\/i><\/span> <\/div><\/div><\/a><\/div><\/div><\/div> \n\n<\/div> \n<div class=\"ui-row row\">\n <div   class=\"ui-column span6\"><div class=\"ui--gallery-item ui--animation\"><div class=\"inner\"><a href=\"https:\/\/anseros-systeme.de\/wp-content\/uploads\/drinking-water.jpg\" target=\"_blank\" data-title=\"Pet bottles\" data-rel=\"prettyPhoto[ui--gallery-1]\"><img loading=\"lazy\" decoding=\"async\" width=\"500\" height=\"500\" src=\"https:\/\/anseros-systeme.de\/wp-content\/uploads\/drinking-water-500x500.jpg\" class=\"attachment-custom_500x500x1 size-custom_500x500x1\" alt=\"\" srcset=\"https:\/\/anseros-systeme.de\/wp-content\/uploads\/drinking-water-500x500.jpg 500w, https:\/\/anseros-systeme.de\/wp-content\/uploads\/drinking-water-80x80.jpg 80w, https:\/\/anseros-systeme.de\/wp-content\/uploads\/drinking-water-300x300.jpg 300w, https:\/\/anseros-systeme.de\/wp-content\/uploads\/drinking-water.jpg 630w\" sizes=\"(max-width: 500px) 100vw, 500px\" \/><div class=\"ui--gallery-overlay\"><div class=\"center\"><span class=\"btn btn-normal btn-icon-left btn-grey ui--animation\" href=\"#\" style=\"\"><i class=\"ui--icon fontawesome-fullscreen\"><\/i><\/span> <\/div><\/div><\/a><\/div><\/div><\/div> \n\n <div   class=\"ui-column span6\"><div class=\"ui--gallery-item ui--animation\"><div class=\"inner\"><a href=\"https:\/\/anseros-systeme.de\/wp-content\/uploads\/waman-drinking-water.jpg\" target=\"_blank\" data-title=\"Bottle water-1\" data-rel=\"prettyPhoto[ui--gallery-1]\"><img loading=\"lazy\" decoding=\"async\" width=\"500\" height=\"500\" src=\"https:\/\/anseros-systeme.de\/wp-content\/uploads\/waman-drinking-water-500x500.jpg\" class=\"attachment-custom_500x500x1 size-custom_500x500x1\" alt=\"\" srcset=\"https:\/\/anseros-systeme.de\/wp-content\/uploads\/waman-drinking-water-500x500.jpg 500w, https:\/\/anseros-systeme.de\/wp-content\/uploads\/waman-drinking-water-80x80.jpg 80w, https:\/\/anseros-systeme.de\/wp-content\/uploads\/waman-drinking-water-300x300.jpg 300w, https:\/\/anseros-systeme.de\/wp-content\/uploads\/waman-drinking-water.jpg 630w\" sizes=\"(max-width: 500px) 100vw, 500px\" \/><div class=\"ui--gallery-overlay\"><div class=\"center\"><span class=\"btn btn-normal btn-icon-left btn-grey ui--animation\" href=\"#\" style=\"\"><i class=\"ui--icon fontawesome-fullscreen\"><\/i><\/span> <\/div><\/div><\/a><\/div><\/div><\/div> \n\n<\/div> \n<\/div><div class=\"clearfix\"><\/div><\/div><\/div> \n\n<\/div> \n<div class=\"auto-format ui--animation\"><p><em>Rinser, Filler, Flaschreinigung, Flaschensp\u00fclung, PET, Wasserspender, Getr\u00e4nke, Wein, Sekt, Kohlens\u00e4ure, Eisen, Mangan, Bromid, Toilette, Hygiene, Entkeimung, Desinfektion, Sterilisation, UV, Sauerstoff, Halbwertszeit, Ozonsicherheit, Abgas, Raumluft\u00fcberwachung, Ozonzerst\u00f6rung, Ozonmessung.<\/em><\/p>\n<\/div><div  class=\"ui--divider ui--animation clearfix ui--divider-solid-line\"><\/div><div  class=\"ui--toggle ui--animation clearfix ui--toggle-state-closed\"><div class=\"ui--toggle-title\"><a href=\"javascript:;\"><span class=\"ui--toggle-icon\"><i class=\"ui--icon show-when-closed fontawesome-chevron-down\"><\/i><i class=\"ui--icon show-when-opened fontawesome-chevron-up\"><\/i><\/span><span class=\"ui--toggle-title-text heading\">Kontaktieren Sie uns. Wir beraten Sie gerne.<\/span><\/a><\/div><div class=\"ui--toggle-content\"><\/div><\/div><div  class=\"ui--space clearfix\" data-responsive=\"{&quot;css&quot;:{&quot;height&quot;:{&quot;phone&quot;:null,&quot;tablet&quot;:null,&quot;widescreen&quot;:null}}}\"><\/div><div class=\"ui--title ui--animation ui--title-bordered text-left\"><div class=\"ui--title-holder\"><h1 class=\"ui--title-text\">Anseros Abf\u00fcllanlagen<\/h1><div class=\"ui--title-borders ui--title-border-left\"><\/div><div class=\"ui--title-borders ui--title-border-right\"><\/div><\/div><\/div><div class=\"portfolio-container-wrapper ui--pass\" data-layout=\"normal\" data-columns=\"2\"><div id=\"portfolio-sJZuK\" class=\"portfolio-container layout--normal clearfix\"><div class=\"ui-row row\">\n <div   class=\"ui-column span6\"><div  class=\"ui--content-box ui--box ui--content-item ui--animation ui-row\"><div class=\"ui--content-box-header\"><div class=\"ui--content-box-media effect--fade type--default clearfix ratio-original\"><a class=\"ui--content-box-link\" href=\"https:\/\/anseros-systeme.de\/de\/ozone\/flaschenspuelsystem-pap-b\/\"><div class=\"ui--content-box-image-default\"><img loading=\"lazy\" decoding=\"async\" width=\"1169\" height=\"600\" src=\"https:\/\/anseros-systeme.de\/wp-content\/uploads\/ANSEROS-ozone-water-system-PAP-B.jpg\" class=\"ui--content-box-image\" alt=\"\" srcset=\"https:\/\/anseros-systeme.de\/wp-content\/uploads\/ANSEROS-ozone-water-system-PAP-B.jpg 1169w, https:\/\/anseros-systeme.de\/wp-content\/uploads\/ANSEROS-ozone-water-system-PAP-B-300x153.jpg 300w, https:\/\/anseros-systeme.de\/wp-content\/uploads\/ANSEROS-ozone-water-system-PAP-B-1030x528.jpg 1030w\" sizes=\"(max-width: 1169px) 100vw, 1169px\" \/><\/div><div class=\"ui--content-box-overlay\"><div class=\"ui--content-box-overlay-background\"><\/div><div class=\"center\"><\/div><\/div><\/a><\/div><a class=\"ui--content-box-link\" href=\"https:\/\/anseros-systeme.de\/de\/ozone\/flaschenspuelsystem-pap-b\/\"><div class=\"ui--content-box-title ui--gradient ui--gradient-grey on--hover clearfix text-center\"><h1 class=\"ui--content-box-title-text\">Flaschensp\u00fclsystem PAP-B<\/h1><\/div><\/a><\/div><\/div><\/div> \n\n <div   class=\"ui-column span6\"><div  class=\"ui--content-box ui--box ui--content-item ui--animation ui-row\"><div class=\"ui--content-box-header\"><div class=\"ui--content-box-media effect--fade type--default clearfix ratio-original\"><a class=\"ui--content-box-link\" href=\"https:\/\/anseros-systeme.de\/de\/ozone\/ozon-wassersterilisationssystem-pap-b-10\/\"><div class=\"ui--content-box-image-default\"><img loading=\"lazy\" decoding=\"async\" width=\"983\" height=\"1501\" src=\"https:\/\/anseros-systeme.de\/wp-content\/uploads\/PAP-B-10.jpg\" class=\"ui--content-box-image\" alt=\"ANSEROS-ozone-water-systemPAP-B-10\" srcset=\"https:\/\/anseros-systeme.de\/wp-content\/uploads\/PAP-B-10.jpg 983w, https:\/\/anseros-systeme.de\/wp-content\/uploads\/PAP-B-10-196x300.jpg 196w, https:\/\/anseros-systeme.de\/wp-content\/uploads\/PAP-B-10-675x1030.jpg 675w, https:\/\/anseros-systeme.de\/wp-content\/uploads\/PAP-B-10-768x1173.jpg 768w\" sizes=\"(max-width: 983px) 100vw, 983px\" \/><\/div><div class=\"ui--content-box-overlay\"><div class=\"ui--content-box-overlay-background\"><\/div><div class=\"center\"><\/div><\/div><\/a><\/div><a class=\"ui--content-box-link\" href=\"https:\/\/anseros-systeme.de\/de\/ozone\/ozon-wassersterilisationssystem-pap-b-10\/\"><div class=\"ui--content-box-title ui--gradient ui--gradient-grey on--hover clearfix text-center\"><h1 class=\"ui--content-box-title-text\">Ozon-Wassersterilisationssystem PAP-B-10<\/h1><\/div><\/a><\/div><\/div><\/div> \n\n<\/div> \n<div class=\"ui-row row\">\n <div   class=\"ui-column span6\"><div  class=\"ui--content-box ui--box ui--content-item ui--animation ui-row\"><div class=\"ui--content-box-header\"><div class=\"ui--content-box-media effect--fade type--default clearfix ratio-original\"><a class=\"ui--content-box-link\" href=\"https:\/\/anseros-systeme.de\/de\/ozone\/ozon-wassersterilisationsanlage-pap-30000\/\"><div class=\"ui--content-box-image-default\"><img loading=\"lazy\" decoding=\"async\" width=\"982\" height=\"1500\" src=\"https:\/\/anseros-systeme.de\/wp-content\/uploads\/PAP30000-P.jpg\" class=\"ui--content-box-image\" alt=\"ANSEROS-ozone-water-system-PAP30000-P\" srcset=\"https:\/\/anseros-systeme.de\/wp-content\/uploads\/PAP30000-P.jpg 982w, https:\/\/anseros-systeme.de\/wp-content\/uploads\/PAP30000-P-196x300.jpg 196w, https:\/\/anseros-systeme.de\/wp-content\/uploads\/PAP30000-P-674x1030.jpg 674w, https:\/\/anseros-systeme.de\/wp-content\/uploads\/PAP30000-P-768x1173.jpg 768w\" sizes=\"(max-width: 982px) 100vw, 982px\" \/><\/div><div class=\"ui--content-box-overlay\"><div class=\"ui--content-box-overlay-background\"><\/div><div class=\"center\"><\/div><\/div><\/a><\/div><a class=\"ui--content-box-link\" href=\"https:\/\/anseros-systeme.de\/de\/ozone\/ozon-wassersterilisationsanlage-pap-30000\/\"><div class=\"ui--content-box-title ui--gradient ui--gradient-grey on--hover clearfix text-center\"><h1 class=\"ui--content-box-title-text\">Ozon-Wassersterilisationsanlage PAP-30000<\/h1><\/div><\/a><\/div><\/div><\/div> \n\n<\/div> \n<\/div><\/div>","protected":false},"excerpt":{"rendered":"<p>Abf\u00fcllanlagen Wasser ist die Grundlage allen Lebens auf der Erde. Doch die Welt, in der wir heute leben und atmen, ist von knapper werdenden Ressourcen gekennzeichnet. Dazu z\u00e4hlt auch die vorhandene Menge sauberen Wassers. Millionen Menschen ben\u00f6tigen frisches und gefahrlos trinkbares Wasser &#8211; eine Herausforderung, die uns immer mehr Anstrengung kostet. Techniken wie die Abf\u00fcllung [&hellip;]<\/p>\n","protected":false},"author":5,"featured_media":0,"parent":1685,"menu_order":7,"comment_status":"open","ping_status":"closed","template":"","meta":{"footnotes":""},"class_list":["post-2551","page","type-page","status-publish","hentry"],"yoast_head":"<!-- This site is optimized with the Yoast SEO plugin v23.6 - https:\/\/yoast.com\/wordpress\/plugins\/seo\/ -->\n<title>Abf\u00fcllanlagen - Anseros Ozone Technologies<\/title>\n<meta name=\"robots\" content=\"noindex, follow, max-snippet:-1, max-image-preview:large, max-video-preview:-1\" \/>\n<meta property=\"og:locale\" content=\"de_DE\" \/>\n<meta property=\"og:type\" content=\"article\" \/>\n<meta property=\"og:title\" content=\"Abf\u00fcllanlagen - Anseros Ozone Technologies\" \/>\n<meta property=\"og:description\" content=\"Abf\u00fcllanlagen Wasser ist die Grundlage allen Lebens auf der Erde. Doch die Welt, in der wir heute leben und atmen, ist von knapper werdenden Ressourcen gekennzeichnet. Dazu z\u00e4hlt auch die vorhandene Menge sauberen Wassers. Millionen Menschen ben\u00f6tigen frisches und gefahrlos trinkbares Wasser &#8211; eine Herausforderung, die uns immer mehr Anstrengung kostet. Techniken wie die Abf\u00fcllung [&hellip;]\" \/>\n<meta property=\"og:url\" content=\"https:\/\/anseros-systeme.de\/de\/ozonanwendungen\/abfuellanlagen\/\" \/>\n<meta property=\"og:site_name\" content=\"Anseros Ozone Technologies\" \/>\n<meta property=\"article:publisher\" content=\"https:\/\/www.facebook.com\/AnserosDeutschland\/\" \/>\n<meta property=\"article:modified_time\" content=\"2021-11-09T17:25:23+00:00\" \/>\n<meta name=\"twitter:card\" content=\"summary_large_image\" \/>\n<script type=\"application\/ld+json\" class=\"yoast-schema-graph\">{\"@context\":\"https:\/\/schema.org\",\"@graph\":[{\"@type\":\"WebPage\",\"@id\":\"https:\/\/anseros-systeme.de\/de\/ozonanwendungen\/abfuellanlagen\/\",\"url\":\"https:\/\/anseros-systeme.de\/de\/ozonanwendungen\/abfuellanlagen\/\",\"name\":\"Abf\u00fcllanlagen - Anseros Ozone Technologies\",\"isPartOf\":{\"@id\":\"https:\/\/anseros-systeme.de\/#website\"},\"datePublished\":\"2014-03-15T14:56:46+00:00\",\"dateModified\":\"2021-11-09T17:25:23+00:00\",\"breadcrumb\":{\"@id\":\"https:\/\/anseros-systeme.de\/de\/ozonanwendungen\/abfuellanlagen\/#breadcrumb\"},\"inLanguage\":\"de\",\"potentialAction\":[{\"@type\":\"ReadAction\",\"target\":[\"https:\/\/anseros-systeme.de\/de\/ozonanwendungen\/abfuellanlagen\/\"]}]},{\"@type\":\"BreadcrumbList\",\"@id\":\"https:\/\/anseros-systeme.de\/de\/ozonanwendungen\/abfuellanlagen\/#breadcrumb\",\"itemListElement\":[{\"@type\":\"ListItem\",\"position\":1,\"name\":\"Home\",\"item\":\"https:\/\/anseros-systeme.de\/de\/\"},{\"@type\":\"ListItem\",\"position\":2,\"name\":\"Ozonanwendungen\",\"item\":\"https:\/\/anseros-systeme.de\/de\/ozonanwendungen\/\"},{\"@type\":\"ListItem\",\"position\":3,\"name\":\"Abf\u00fcllanlagen\"}]},{\"@type\":\"WebSite\",\"@id\":\"https:\/\/anseros-systeme.de\/#website\",\"url\":\"https:\/\/anseros-systeme.de\/\",\"name\":\"Anseros Ozone Technologies\",\"description\":\"Ozone Generators | Ozone Analyzers | Ozone Water Treatment Systems | Ozone Air Purification Systems | Ozone Test Chambers\",\"publisher\":{\"@id\":\"https:\/\/anseros-systeme.de\/#organization\"},\"potentialAction\":[{\"@type\":\"SearchAction\",\"target\":{\"@type\":\"EntryPoint\",\"urlTemplate\":\"https:\/\/anseros-systeme.de\/?s={search_term_string}\"},\"query-input\":{\"@type\":\"PropertyValueSpecification\",\"valueRequired\":true,\"valueName\":\"search_term_string\"}}],\"inLanguage\":\"de\"},{\"@type\":\"Organization\",\"@id\":\"https:\/\/anseros-systeme.de\/#organization\",\"name\":\"ANSROS KLAUS NONNENMACHER GmbH\",\"url\":\"https:\/\/anseros-systeme.de\/\",\"logo\":{\"@type\":\"ImageObject\",\"inLanguage\":\"de\",\"@id\":\"https:\/\/anseros-systeme.de\/#\/schema\/logo\/image\/\",\"url\":\"https:\/\/hoxon.de\/wp-content\/uploads\/logo-7-e1609862136604.png\",\"contentUrl\":\"https:\/\/hoxon.de\/wp-content\/uploads\/logo-7-e1609862136604.png\",\"width\":150,\"height\":150,\"caption\":\"ANSROS KLAUS NONNENMACHER GmbH\"},\"image\":{\"@id\":\"https:\/\/anseros-systeme.de\/#\/schema\/logo\/image\/\"},\"sameAs\":[\"https:\/\/www.facebook.com\/AnserosDeutschland\/\"]}]}<\/script>\n<!-- \/ Yoast SEO plugin. -->","yoast_head_json":{"title":"Abf\u00fcllanlagen - Anseros Ozone Technologies","robots":{"index":"noindex","follow":"follow","max-snippet":"max-snippet:-1","max-image-preview":"max-image-preview:large","max-video-preview":"max-video-preview:-1"},"og_locale":"de_DE","og_type":"article","og_title":"Abf\u00fcllanlagen - Anseros Ozone Technologies","og_description":"Abf\u00fcllanlagen Wasser ist die Grundlage allen Lebens auf der Erde. Doch die Welt, in der wir heute leben und atmen, ist von knapper werdenden Ressourcen gekennzeichnet. Dazu z\u00e4hlt auch die vorhandene Menge sauberen Wassers. Millionen Menschen ben\u00f6tigen frisches und gefahrlos trinkbares Wasser &#8211; eine Herausforderung, die uns immer mehr Anstrengung kostet. Techniken wie die Abf\u00fcllung [&hellip;]","og_url":"https:\/\/anseros-systeme.de\/de\/ozonanwendungen\/abfuellanlagen\/","og_site_name":"Anseros Ozone Technologies","article_publisher":"https:\/\/www.facebook.com\/AnserosDeutschland\/","article_modified_time":"2021-11-09T17:25:23+00:00","twitter_card":"summary_large_image","schema":{"@context":"https:\/\/schema.org","@graph":[{"@type":"WebPage","@id":"https:\/\/anseros-systeme.de\/de\/ozonanwendungen\/abfuellanlagen\/","url":"https:\/\/anseros-systeme.de\/de\/ozonanwendungen\/abfuellanlagen\/","name":"Abf\u00fcllanlagen - Anseros Ozone Technologies","isPartOf":{"@id":"https:\/\/anseros-systeme.de\/#website"},"datePublished":"2014-03-15T14:56:46+00:00","dateModified":"2021-11-09T17:25:23+00:00","breadcrumb":{"@id":"https:\/\/anseros-systeme.de\/de\/ozonanwendungen\/abfuellanlagen\/#breadcrumb"},"inLanguage":"de","potentialAction":[{"@type":"ReadAction","target":["https:\/\/anseros-systeme.de\/de\/ozonanwendungen\/abfuellanlagen\/"]}]},{"@type":"BreadcrumbList","@id":"https:\/\/anseros-systeme.de\/de\/ozonanwendungen\/abfuellanlagen\/#breadcrumb","itemListElement":[{"@type":"ListItem","position":1,"name":"Home","item":"https:\/\/anseros-systeme.de\/de\/"},{"@type":"ListItem","position":2,"name":"Ozonanwendungen","item":"https:\/\/anseros-systeme.de\/de\/ozonanwendungen\/"},{"@type":"ListItem","position":3,"name":"Abf\u00fcllanlagen"}]},{"@type":"WebSite","@id":"https:\/\/anseros-systeme.de\/#website","url":"https:\/\/anseros-systeme.de\/","name":"Anseros Ozone Technologies","description":"Ozone Generators | Ozone Analyzers | Ozone Water Treatment Systems | Ozone Air Purification Systems | Ozone Test Chambers","publisher":{"@id":"https:\/\/anseros-systeme.de\/#organization"},"potentialAction":[{"@type":"SearchAction","target":{"@type":"EntryPoint","urlTemplate":"https:\/\/anseros-systeme.de\/?s={search_term_string}"},"query-input":{"@type":"PropertyValueSpecification","valueRequired":true,"valueName":"search_term_string"}}],"inLanguage":"de"},{"@type":"Organization","@id":"https:\/\/anseros-systeme.de\/#organization","name":"ANSROS KLAUS NONNENMACHER GmbH","url":"https:\/\/anseros-systeme.de\/","logo":{"@type":"ImageObject","inLanguage":"de","@id":"https:\/\/anseros-systeme.de\/#\/schema\/logo\/image\/","url":"https:\/\/hoxon.de\/wp-content\/uploads\/logo-7-e1609862136604.png","contentUrl":"https:\/\/hoxon.de\/wp-content\/uploads\/logo-7-e1609862136604.png","width":150,"height":150,"caption":"ANSROS KLAUS NONNENMACHER GmbH"},"image":{"@id":"https:\/\/anseros-systeme.de\/#\/schema\/logo\/image\/"},"sameAs":["https:\/\/www.facebook.com\/AnserosDeutschland\/"]}]}},"_links":{"self":[{"href":"https:\/\/anseros-systeme.de\/de\/wp-json\/wp\/v2\/pages\/2551"}],"collection":[{"href":"https:\/\/anseros-systeme.de\/de\/wp-json\/wp\/v2\/pages"}],"about":[{"href":"https:\/\/anseros-systeme.de\/de\/wp-json\/wp\/v2\/types\/page"}],"author":[{"embeddable":true,"href":"https:\/\/anseros-systeme.de\/de\/wp-json\/wp\/v2\/users\/5"}],"replies":[{"embeddable":true,"href":"https:\/\/anseros-systeme.de\/de\/wp-json\/wp\/v2\/comments?post=2551"}],"version-history":[{"count":23,"href":"https:\/\/anseros-systeme.de\/de\/wp-json\/wp\/v2\/pages\/2551\/revisions"}],"predecessor-version":[{"id":8351,"href":"https:\/\/anseros-systeme.de\/de\/wp-json\/wp\/v2\/pages\/2551\/revisions\/8351"}],"up":[{"embeddable":true,"href":"https:\/\/anseros-systeme.de\/de\/wp-json\/wp\/v2\/pages\/1685"}],"wp:attachment":[{"href":"https:\/\/anseros-systeme.de\/de\/wp-json\/wp\/v2\/media?parent=2551"}],"curies":[{"name":"wp","href":"https:\/\/api.w.org\/{rel}","templated":true}]}}