{"id":2553,"date":"2014-03-15T16:57:02","date_gmt":"2014-03-15T14:57:02","guid":{"rendered":"http:\/\/progwarts.de\/?page_id=2553"},"modified":"2021-11-09T19:26:38","modified_gmt":"2021-11-09T17:26:38","slug":"schwimmbad-sauna-spa","status":"publish","type":"page","link":"https:\/\/anseros-systeme.de\/de\/ozonanwendungen\/schwimmbad-sauna-spa\/","title":{"rendered":"Schwimmbad, Sauna &#038; SPA"},"content":{"rendered":"<div class=\"ui--title ui--animation ui--title-bordered text-left\"><div class=\"ui--title-holder\"><h1 class=\"ui--title-text\">Schwimmbad, Sauna & SPA<\/h1><div class=\"ui--title-borders ui--title-border-left\"><\/div><div class=\"ui--title-borders ui--title-border-right\"><\/div><\/div><\/div><div class=\"auto-format ui--animation\"><p>Anseros Ozonsysteme bieten eine wirtschaftliche und umweltfreundliche M\u00f6glichkeit, Schwimmb\u00e4der &#038; Saunen zu desinfizieren. Damit kann auf den Einsatz von herk\u00f6mmlichen Chemikalien wie Chlor verzichtet werden.  <\/p>\n<\/div><div class=\"ui-row row\">\n <div   class=\"ui-column span6\"><div id=\"ui--gallery-1\" class=\"ui--gallery ui--pass\" data-columns=\"2\"><div class=\"unstyled-all clearfix ui--gallery-wrapper columns-2 \"><div class=\"ui-row row\">\n <div   class=\"ui-column span6\"><div class=\"ui--gallery-item ui--animation\"><div class=\"inner\"><a href=\"https:\/\/anseros-systeme.de\/wp-content\/uploads\/pool1.jpg\" target=\"_blank\" data-title=\"Pool-1\" data-rel=\"prettyPhoto[ui--gallery-1]\"><img loading=\"lazy\" decoding=\"async\" width=\"500\" height=\"500\" src=\"https:\/\/anseros-systeme.de\/wp-content\/uploads\/pool1-500x500.jpg\" class=\"attachment-custom_500x500x1 size-custom_500x500x1\" alt=\"\" srcset=\"https:\/\/anseros-systeme.de\/wp-content\/uploads\/pool1-500x500.jpg 500w, https:\/\/anseros-systeme.de\/wp-content\/uploads\/pool1-80x80.jpg 80w, https:\/\/anseros-systeme.de\/wp-content\/uploads\/pool1-300x300.jpg 300w, https:\/\/anseros-systeme.de\/wp-content\/uploads\/pool1.jpg 630w\" sizes=\"(max-width: 500px) 100vw, 500px\" \/><div class=\"ui--gallery-overlay\"><div class=\"center\"><span class=\"btn btn-normal btn-icon-left btn-grey ui--animation\" href=\"#\" style=\"\"><i class=\"ui--icon fontawesome-fullscreen\"><\/i><\/span> <\/div><\/div><\/a><\/div><\/div><\/div> \n\n <div   class=\"ui-column span6\"><div class=\"ui--gallery-item ui--animation\"><div class=\"inner\"><a href=\"https:\/\/anseros-systeme.de\/wp-content\/uploads\/pool3.jpg\" target=\"_blank\" data-title=\"Pool-2\" data-rel=\"prettyPhoto[ui--gallery-1]\"><img loading=\"lazy\" decoding=\"async\" width=\"500\" height=\"500\" src=\"https:\/\/anseros-systeme.de\/wp-content\/uploads\/pool3-500x500.jpg\" class=\"attachment-custom_500x500x1 size-custom_500x500x1\" alt=\"\" srcset=\"https:\/\/anseros-systeme.de\/wp-content\/uploads\/pool3-500x500.jpg 500w, https:\/\/anseros-systeme.de\/wp-content\/uploads\/pool3-80x80.jpg 80w, https:\/\/anseros-systeme.de\/wp-content\/uploads\/pool3-300x300.jpg 300w, https:\/\/anseros-systeme.de\/wp-content\/uploads\/pool3.jpg 630w\" sizes=\"(max-width: 500px) 100vw, 500px\" \/><div class=\"ui--gallery-overlay\"><div class=\"center\"><span class=\"btn btn-normal btn-icon-left btn-grey ui--animation\" href=\"#\" style=\"\"><i class=\"ui--icon fontawesome-fullscreen\"><\/i><\/span> <\/div><\/div><\/a><\/div><\/div><\/div> \n\n<\/div> \n<div class=\"ui-row row\">\n <div   class=\"ui-column span6\"><div class=\"ui--gallery-item ui--animation\"><div class=\"inner\"><a href=\"https:\/\/anseros-systeme.de\/wp-content\/uploads\/sauna.jpg\" target=\"_blank\" data-title=\"Sauna\" data-rel=\"prettyPhoto[ui--gallery-1]\"><img loading=\"lazy\" decoding=\"async\" width=\"500\" height=\"500\" src=\"https:\/\/anseros-systeme.de\/wp-content\/uploads\/sauna-500x500.jpg\" class=\"attachment-custom_500x500x1 size-custom_500x500x1\" alt=\"\" srcset=\"https:\/\/anseros-systeme.de\/wp-content\/uploads\/sauna-500x500.jpg 500w, https:\/\/anseros-systeme.de\/wp-content\/uploads\/sauna-80x80.jpg 80w, https:\/\/anseros-systeme.de\/wp-content\/uploads\/sauna-300x300.jpg 300w, https:\/\/anseros-systeme.de\/wp-content\/uploads\/sauna.jpg 630w\" sizes=\"(max-width: 500px) 100vw, 500px\" \/><div class=\"ui--gallery-overlay\"><div class=\"center\"><span class=\"btn btn-normal btn-icon-left btn-grey ui--animation\" href=\"#\" style=\"\"><i class=\"ui--icon fontawesome-fullscreen\"><\/i><\/span> <\/div><\/div><\/a><\/div><\/div><\/div> \n\n <div   class=\"ui-column span6\"><div class=\"ui--gallery-item ui--animation\"><div class=\"inner\"><a href=\"https:\/\/anseros-systeme.de\/wp-content\/uploads\/spa.jpg\" target=\"_blank\" data-title=\"Spa\" data-rel=\"prettyPhoto[ui--gallery-1]\"><img loading=\"lazy\" decoding=\"async\" width=\"500\" height=\"500\" src=\"https:\/\/anseros-systeme.de\/wp-content\/uploads\/spa-500x500.jpg\" class=\"attachment-custom_500x500x1 size-custom_500x500x1\" alt=\"\" srcset=\"https:\/\/anseros-systeme.de\/wp-content\/uploads\/spa-500x500.jpg 500w, https:\/\/anseros-systeme.de\/wp-content\/uploads\/spa-80x80.jpg 80w, https:\/\/anseros-systeme.de\/wp-content\/uploads\/spa-300x300.jpg 300w, https:\/\/anseros-systeme.de\/wp-content\/uploads\/spa.jpg 630w\" sizes=\"(max-width: 500px) 100vw, 500px\" \/><div class=\"ui--gallery-overlay\"><div class=\"center\"><span class=\"btn btn-normal btn-icon-left btn-grey ui--animation\" href=\"#\" style=\"\"><i class=\"ui--icon fontawesome-fullscreen\"><\/i><\/span> <\/div><\/div><\/a><\/div><\/div><\/div> \n\n<\/div> \n<\/div><div class=\"clearfix\"><\/div><\/div><div class=\"auto-format ui--animation\"><p><em>Schimmel, Algen, Bakterien, Geruch, AOX, Chlor, Hygiene, Naturteich, Wasservorhang, Springbrunnen, Pool, Sauna, SPA.<\/em><\/p>\n<\/div><\/div> \n\n <div   class=\"ui-column span6\"><div class=\"portfolio-container-wrapper ui--pass\" data-layout=\"normal\" data-columns=\"1\"><div id=\"portfolio-UF8SQ\" class=\"portfolio-container layout--normal clearfix\"><div class=\"ui-row row\">\n <div   class=\"ui-column span12\"><div  class=\"ui--content-box ui--box ui--content-item ui--animation ui-row\"><div class=\"ui--content-box-header\"><div class=\"ui--content-box-media effect--fade type--default clearfix ratio-original\"><a class=\"ui--content-box-link\" href=\"https:\/\/anseros-systeme.de\/de\/ozone\/ozon-wasseraufbreitungssystem-pap-light\/\"><div class=\"ui--content-box-image-default\"><img loading=\"lazy\" decoding=\"async\" width=\"982\" height=\"1500\" src=\"https:\/\/anseros-systeme.de\/wp-content\/uploads\/PAP-light.jpg\" class=\"ui--content-box-image\" alt=\"ANSEROS-ozone-water-system-PAP-light\" srcset=\"https:\/\/anseros-systeme.de\/wp-content\/uploads\/PAP-light.jpg 982w, https:\/\/anseros-systeme.de\/wp-content\/uploads\/PAP-light-196x300.jpg 196w, https:\/\/anseros-systeme.de\/wp-content\/uploads\/PAP-light-674x1030.jpg 674w, https:\/\/anseros-systeme.de\/wp-content\/uploads\/PAP-light-768x1173.jpg 768w\" sizes=\"(max-width: 982px) 100vw, 982px\" \/><\/div><div class=\"ui--content-box-overlay\"><div class=\"ui--content-box-overlay-background\"><\/div><div class=\"center\"><\/div><\/div><\/a><\/div><a class=\"ui--content-box-link\" href=\"https:\/\/anseros-systeme.de\/de\/ozone\/ozon-wasseraufbreitungssystem-pap-light\/\"><div class=\"ui--content-box-title ui--gradient ui--gradient-grey on--hover clearfix text-center\"><h1 class=\"ui--content-box-title-text\">Ozon-Wasseraufbreitungssystem PAP-LIGHT<\/h1><\/div><\/a><\/div><\/div><\/div> \n\n<\/div> \n<div class=\"ui-row row\">\n <div   class=\"ui-column span12\"><div  class=\"ui--content-box ui--box ui--content-item ui--animation ui-row\"><div class=\"ui--content-box-header\"><div class=\"ui--content-box-media effect--fade type--default clearfix ratio-original\"><a class=\"ui--content-box-link\" href=\"https:\/\/anseros-systeme.de\/de\/ozone\/ozon-wasseraufbreitungssystem-pap-flush\/\"><div class=\"ui--content-box-image-default\"><img loading=\"lazy\" decoding=\"async\" width=\"1170\" height=\"300\" src=\"https:\/\/anseros-systeme.de\/wp-content\/uploads\/ANSEROS-ozone-water-system-PAP-FLUSH.jpg\" class=\"ui--content-box-image\" alt=\"\" srcset=\"https:\/\/anseros-systeme.de\/wp-content\/uploads\/ANSEROS-ozone-water-system-PAP-FLUSH.jpg 1170w, https:\/\/anseros-systeme.de\/wp-content\/uploads\/ANSEROS-ozone-water-system-PAP-FLUSH-300x76.jpg 300w, https:\/\/anseros-systeme.de\/wp-content\/uploads\/ANSEROS-ozone-water-system-PAP-FLUSH-1030x264.jpg 1030w\" sizes=\"(max-width: 1170px) 100vw, 1170px\" \/><\/div><div class=\"ui--content-box-overlay\"><div class=\"ui--content-box-overlay-background\"><\/div><div class=\"center\"><\/div><\/div><\/a><\/div><a class=\"ui--content-box-link\" href=\"https:\/\/anseros-systeme.de\/de\/ozone\/ozon-wasseraufbreitungssystem-pap-flush\/\"><div class=\"ui--content-box-title ui--gradient ui--gradient-grey on--hover clearfix text-center\"><h1 class=\"ui--content-box-title-text\">Ozon-Wasseraufbreitungssystem PAP-FLUSH<\/h1><\/div><\/a><\/div><\/div><\/div> \n\n<\/div> \n<\/div><\/div><\/div> \n\n<\/div> \n<div  class=\"ui--divider ui--animation clearfix ui--divider-solid-line\"><\/div><div  class=\"ui--toggle ui--animation clearfix ui--toggle-state-closed\"><div class=\"ui--toggle-title\"><a href=\"javascript:;\"><span class=\"ui--toggle-icon\"><i class=\"ui--icon show-when-closed fontawesome-chevron-down\"><\/i><i class=\"ui--icon show-when-opened fontawesome-chevron-up\"><\/i><\/span><span class=\"ui--toggle-title-text heading\">Kontaktieren Sie uns. Wir beraten Sie gerne.<\/span><\/a><\/div><div class=\"ui--toggle-content\"><\/div><\/div><div  class=\"ui--space clearfix\" data-responsive=\"{&quot;css&quot;:{&quot;height&quot;:{&quot;phone&quot;:null,&quot;tablet&quot;:null,&quot;widescreen&quot;:null}}}\"><\/div>","protected":false},"excerpt":{"rendered":"<p>Schwimmbad, Sauna &#038; SPAAnseros Ozonsysteme bieten eine wirtschaftliche und umweltfreundliche M\u00f6glichkeit, Schwimmb\u00e4der &#038; Saunen zu desinfizieren. Damit kann auf den Einsatz von herk\u00f6mmlichen Chemikalien wie Chlor verzichtet werden. Schimmel, Algen, Bakterien, Geruch, AOX, Chlor, Hygiene, Naturteich, Wasservorhang, Springbrunnen, Pool, Sauna, SPA. Ozon-Wasseraufbreitungssystem PAP-LIGHT Ozon-Wasseraufbreitungssystem PAP-FLUSH Kontaktieren Sie uns. Wir beraten Sie gerne.<\/p>\n","protected":false},"author":5,"featured_media":0,"parent":1685,"menu_order":8,"comment_status":"open","ping_status":"closed","template":"","meta":{"footnotes":""},"class_list":["post-2553","page","type-page","status-publish","hentry"],"yoast_head":"<!-- This site is optimized with the Yoast SEO plugin v23.6 - https:\/\/yoast.com\/wordpress\/plugins\/seo\/ -->\n<title>Schwimmbad, Sauna &amp; SPA - Anseros Ozone Technologies<\/title>\n<meta name=\"robots\" content=\"noindex, follow, max-snippet:-1, max-image-preview:large, max-video-preview:-1\" \/>\n<meta property=\"og:locale\" content=\"de_DE\" \/>\n<meta property=\"og:type\" content=\"article\" \/>\n<meta property=\"og:title\" content=\"Schwimmbad, Sauna &amp; SPA - Anseros Ozone Technologies\" \/>\n<meta property=\"og:description\" content=\"Schwimmbad, Sauna &amp; SPAAnseros Ozonsysteme bieten eine wirtschaftliche und umweltfreundliche M\u00f6glichkeit, Schwimmb\u00e4der &#038; Saunen zu desinfizieren. Damit kann auf den Einsatz von herk\u00f6mmlichen Chemikalien wie Chlor verzichtet werden. Schimmel, Algen, Bakterien, Geruch, AOX, Chlor, Hygiene, Naturteich, Wasservorhang, Springbrunnen, Pool, Sauna, SPA. Ozon-Wasseraufbreitungssystem PAP-LIGHT Ozon-Wasseraufbreitungssystem PAP-FLUSH Kontaktieren Sie uns. Wir beraten Sie gerne.\" \/>\n<meta property=\"og:url\" content=\"https:\/\/anseros-systeme.de\/de\/ozonanwendungen\/schwimmbad-sauna-spa\/\" \/>\n<meta property=\"og:site_name\" content=\"Anseros Ozone Technologies\" \/>\n<meta property=\"article:publisher\" content=\"https:\/\/www.facebook.com\/AnserosDeutschland\/\" \/>\n<meta property=\"article:modified_time\" content=\"2021-11-09T17:26:38+00:00\" \/>\n<meta name=\"twitter:card\" content=\"summary_large_image\" \/>\n<script type=\"application\/ld+json\" class=\"yoast-schema-graph\">{\"@context\":\"https:\/\/schema.org\",\"@graph\":[{\"@type\":\"WebPage\",\"@id\":\"https:\/\/anseros-systeme.de\/de\/ozonanwendungen\/schwimmbad-sauna-spa\/\",\"url\":\"https:\/\/anseros-systeme.de\/de\/ozonanwendungen\/schwimmbad-sauna-spa\/\",\"name\":\"Schwimmbad, Sauna & SPA - Anseros Ozone Technologies\",\"isPartOf\":{\"@id\":\"https:\/\/anseros-systeme.de\/#website\"},\"datePublished\":\"2014-03-15T14:57:02+00:00\",\"dateModified\":\"2021-11-09T17:26:38+00:00\",\"breadcrumb\":{\"@id\":\"https:\/\/anseros-systeme.de\/de\/ozonanwendungen\/schwimmbad-sauna-spa\/#breadcrumb\"},\"inLanguage\":\"de\",\"potentialAction\":[{\"@type\":\"ReadAction\",\"target\":[\"https:\/\/anseros-systeme.de\/de\/ozonanwendungen\/schwimmbad-sauna-spa\/\"]}]},{\"@type\":\"BreadcrumbList\",\"@id\":\"https:\/\/anseros-systeme.de\/de\/ozonanwendungen\/schwimmbad-sauna-spa\/#breadcrumb\",\"itemListElement\":[{\"@type\":\"ListItem\",\"position\":1,\"name\":\"Home\",\"item\":\"https:\/\/anseros-systeme.de\/de\/\"},{\"@type\":\"ListItem\",\"position\":2,\"name\":\"Ozonanwendungen\",\"item\":\"https:\/\/anseros-systeme.de\/de\/ozonanwendungen\/\"},{\"@type\":\"ListItem\",\"position\":3,\"name\":\"Schwimmbad, Sauna &#038; SPA\"}]},{\"@type\":\"WebSite\",\"@id\":\"https:\/\/anseros-systeme.de\/#website\",\"url\":\"https:\/\/anseros-systeme.de\/\",\"name\":\"Anseros Ozone Technologies\",\"description\":\"Ozone Generators | Ozone Analyzers | Ozone Water Treatment Systems | Ozone Air Purification Systems | Ozone Test Chambers\",\"publisher\":{\"@id\":\"https:\/\/anseros-systeme.de\/#organization\"},\"potentialAction\":[{\"@type\":\"SearchAction\",\"target\":{\"@type\":\"EntryPoint\",\"urlTemplate\":\"https:\/\/anseros-systeme.de\/?s={search_term_string}\"},\"query-input\":{\"@type\":\"PropertyValueSpecification\",\"valueRequired\":true,\"valueName\":\"search_term_string\"}}],\"inLanguage\":\"de\"},{\"@type\":\"Organization\",\"@id\":\"https:\/\/anseros-systeme.de\/#organization\",\"name\":\"ANSROS KLAUS NONNENMACHER GmbH\",\"url\":\"https:\/\/anseros-systeme.de\/\",\"logo\":{\"@type\":\"ImageObject\",\"inLanguage\":\"de\",\"@id\":\"https:\/\/anseros-systeme.de\/#\/schema\/logo\/image\/\",\"url\":\"https:\/\/hoxon.de\/wp-content\/uploads\/logo-7-e1609862136604.png\",\"contentUrl\":\"https:\/\/hoxon.de\/wp-content\/uploads\/logo-7-e1609862136604.png\",\"width\":150,\"height\":150,\"caption\":\"ANSROS KLAUS NONNENMACHER GmbH\"},\"image\":{\"@id\":\"https:\/\/anseros-systeme.de\/#\/schema\/logo\/image\/\"},\"sameAs\":[\"https:\/\/www.facebook.com\/AnserosDeutschland\/\"]}]}<\/script>\n<!-- \/ Yoast SEO plugin. -->","yoast_head_json":{"title":"Schwimmbad, Sauna & SPA - Anseros Ozone Technologies","robots":{"index":"noindex","follow":"follow","max-snippet":"max-snippet:-1","max-image-preview":"max-image-preview:large","max-video-preview":"max-video-preview:-1"},"og_locale":"de_DE","og_type":"article","og_title":"Schwimmbad, Sauna & SPA - Anseros Ozone Technologies","og_description":"Schwimmbad, Sauna & SPAAnseros Ozonsysteme bieten eine wirtschaftliche und umweltfreundliche M\u00f6glichkeit, Schwimmb\u00e4der &#038; Saunen zu desinfizieren. Damit kann auf den Einsatz von herk\u00f6mmlichen Chemikalien wie Chlor verzichtet werden. Schimmel, Algen, Bakterien, Geruch, AOX, Chlor, Hygiene, Naturteich, Wasservorhang, Springbrunnen, Pool, Sauna, SPA. Ozon-Wasseraufbreitungssystem PAP-LIGHT Ozon-Wasseraufbreitungssystem PAP-FLUSH Kontaktieren Sie uns. Wir beraten Sie gerne.","og_url":"https:\/\/anseros-systeme.de\/de\/ozonanwendungen\/schwimmbad-sauna-spa\/","og_site_name":"Anseros Ozone Technologies","article_publisher":"https:\/\/www.facebook.com\/AnserosDeutschland\/","article_modified_time":"2021-11-09T17:26:38+00:00","twitter_card":"summary_large_image","schema":{"@context":"https:\/\/schema.org","@graph":[{"@type":"WebPage","@id":"https:\/\/anseros-systeme.de\/de\/ozonanwendungen\/schwimmbad-sauna-spa\/","url":"https:\/\/anseros-systeme.de\/de\/ozonanwendungen\/schwimmbad-sauna-spa\/","name":"Schwimmbad, Sauna & SPA - Anseros Ozone Technologies","isPartOf":{"@id":"https:\/\/anseros-systeme.de\/#website"},"datePublished":"2014-03-15T14:57:02+00:00","dateModified":"2021-11-09T17:26:38+00:00","breadcrumb":{"@id":"https:\/\/anseros-systeme.de\/de\/ozonanwendungen\/schwimmbad-sauna-spa\/#breadcrumb"},"inLanguage":"de","potentialAction":[{"@type":"ReadAction","target":["https:\/\/anseros-systeme.de\/de\/ozonanwendungen\/schwimmbad-sauna-spa\/"]}]},{"@type":"BreadcrumbList","@id":"https:\/\/anseros-systeme.de\/de\/ozonanwendungen\/schwimmbad-sauna-spa\/#breadcrumb","itemListElement":[{"@type":"ListItem","position":1,"name":"Home","item":"https:\/\/anseros-systeme.de\/de\/"},{"@type":"ListItem","position":2,"name":"Ozonanwendungen","item":"https:\/\/anseros-systeme.de\/de\/ozonanwendungen\/"},{"@type":"ListItem","position":3,"name":"Schwimmbad, Sauna &#038; SPA"}]},{"@type":"WebSite","@id":"https:\/\/anseros-systeme.de\/#website","url":"https:\/\/anseros-systeme.de\/","name":"Anseros Ozone Technologies","description":"Ozone Generators | Ozone Analyzers | Ozone Water Treatment Systems | Ozone Air Purification Systems | Ozone Test Chambers","publisher":{"@id":"https:\/\/anseros-systeme.de\/#organization"},"potentialAction":[{"@type":"SearchAction","target":{"@type":"EntryPoint","urlTemplate":"https:\/\/anseros-systeme.de\/?s={search_term_string}"},"query-input":{"@type":"PropertyValueSpecification","valueRequired":true,"valueName":"search_term_string"}}],"inLanguage":"de"},{"@type":"Organization","@id":"https:\/\/anseros-systeme.de\/#organization","name":"ANSROS KLAUS NONNENMACHER GmbH","url":"https:\/\/anseros-systeme.de\/","logo":{"@type":"ImageObject","inLanguage":"de","@id":"https:\/\/anseros-systeme.de\/#\/schema\/logo\/image\/","url":"https:\/\/hoxon.de\/wp-content\/uploads\/logo-7-e1609862136604.png","contentUrl":"https:\/\/hoxon.de\/wp-content\/uploads\/logo-7-e1609862136604.png","width":150,"height":150,"caption":"ANSROS KLAUS NONNENMACHER GmbH"},"image":{"@id":"https:\/\/anseros-systeme.de\/#\/schema\/logo\/image\/"},"sameAs":["https:\/\/www.facebook.com\/AnserosDeutschland\/"]}]}},"_links":{"self":[{"href":"https:\/\/anseros-systeme.de\/de\/wp-json\/wp\/v2\/pages\/2553"}],"collection":[{"href":"https:\/\/anseros-systeme.de\/de\/wp-json\/wp\/v2\/pages"}],"about":[{"href":"https:\/\/anseros-systeme.de\/de\/wp-json\/wp\/v2\/types\/page"}],"author":[{"embeddable":true,"href":"https:\/\/anseros-systeme.de\/de\/wp-json\/wp\/v2\/users\/5"}],"replies":[{"embeddable":true,"href":"https:\/\/anseros-systeme.de\/de\/wp-json\/wp\/v2\/comments?post=2553"}],"version-history":[{"count":32,"href":"https:\/\/anseros-systeme.de\/de\/wp-json\/wp\/v2\/pages\/2553\/revisions"}],"predecessor-version":[{"id":8352,"href":"https:\/\/anseros-systeme.de\/de\/wp-json\/wp\/v2\/pages\/2553\/revisions\/8352"}],"up":[{"embeddable":true,"href":"https:\/\/anseros-systeme.de\/de\/wp-json\/wp\/v2\/pages\/1685"}],"wp:attachment":[{"href":"https:\/\/anseros-systeme.de\/de\/wp-json\/wp\/v2\/media?parent=2553"}],"curies":[{"name":"wp","href":"https:\/\/api.w.org\/{rel}","templated":true}]}}