{"id":2555,"date":"2014-03-15T16:57:38","date_gmt":"2014-03-15T14:57:38","guid":{"rendered":"http:\/\/progwarts.de\/?page_id=2555"},"modified":"2021-11-09T19:27:37","modified_gmt":"2021-11-09T17:27:37","slug":"luftreinigung-geruchsbeseitigung","status":"publish","type":"page","link":"https:\/\/anseros-systeme.de\/de\/ozonanwendungen\/luftreinigung-geruchsbeseitigung\/","title":{"rendered":"Luftreinigung &#038; Geruchsbeseitigung"},"content":{"rendered":"<div class=\"ui--title ui--animation ui--title-bordered text-left\"><div class=\"ui--title-holder\"><h1 class=\"ui--title-text\">Luftreinigung & Geruchsbeseitigung<\/h1><div class=\"ui--title-borders ui--title-border-left\"><\/div><div class=\"ui--title-borders ui--title-border-right\"><\/div><\/div><\/div><div class=\"ui-row row\">\n <div   class=\"ui-column span6\"><div class=\"auto-format ui--animation\"><p>\u00dcberall dort, wo Menschen auf engem Raum zusammentreffen, werden <strong>Bakterien und Viren<\/strong> durch die Luft \u00fcbertragen. Drastisch verdeutlicht wurden diese \u00dcbertragungswege 2002 durch die SARS-Pandemie, die sich von China aus per<strong> Tr\u00f6pfcheninfektion<\/strong> verbreitete. Versuche zeigten damals, dass das Virus nur durch <strong>Ozon<\/strong> zerst\u00f6rt werden kann. Auch in <strong>Krankenh\u00e4usern<\/strong>, wo Hygiene oberste Priorit\u00e4t hat, bietet sich der <strong>Einsatz von Ozon<\/strong> auf Grund seiner <strong>antiviralen und antibakteriellen Wirkung<\/strong> an. <\/p>\n<p>Als Prophylaxe gegen Keime und Insekten in Getreidelagern und anderen Lagereinrichtungen stellt Ozon einen idealen <strong>Ersatz f\u00fcr Pestizide<\/strong> wie Sulfuryldifluorid und Methylenbromid dar. W\u00e4hrend letztere als langlebige Treibhausgase die obere Ozonschicht in der Stratosph\u00e4re nachhaltig sch\u00e4digen, verf\u00e4llt Ozon binnen Stunden oder Minuten zu v\u00f6llig harmlosem Sauerstoff. <\/p>\n<p>Anseros Ozonsysteme zur Reinigung der Luft k\u00f6nnen auch eingesetzt werden, um unangenehme Ger\u00fcche zu beseitigen, zum Beispiel in Kl\u00e4rwerken, Schlachth\u00e4usern, Stallungen oder Raucherbereichen. <\/p>\n<\/div><div  class=\"ui--space clearfix\" data-responsive=\"{&quot;css&quot;:{&quot;height&quot;:{&quot;phone&quot;:null,&quot;tablet&quot;:null,&quot;widescreen&quot;:null}}}\"><\/div><div  class=\"ui--space clearfix\" data-responsive=\"{&quot;css&quot;:{&quot;height&quot;:{&quot;phone&quot;:null,&quot;tablet&quot;:null,&quot;widescreen&quot;:null}}}\"><\/div><div  class=\"ui--space clearfix\" data-responsive=\"{&quot;css&quot;:{&quot;height&quot;:{&quot;phone&quot;:null,&quot;tablet&quot;:null,&quot;widescreen&quot;:null}}}\"><\/div><\/div> \n\n <div   class=\"ui-column span6\"><div id=\"ui--gallery-1\" class=\"ui--gallery ui--pass\" data-columns=\"2\"><div class=\"unstyled-all clearfix ui--gallery-wrapper columns-2 \"><div class=\"ui-row row\">\n <div   class=\"ui-column span6\"><div class=\"ui--gallery-item ui--animation\"><div class=\"inner\"><a href=\"https:\/\/anseros-systeme.de\/wp-content\/uploads\/smoking-areas.jpg\" target=\"_blank\" data-title=\"Somking areas\" data-rel=\"prettyPhoto[ui--gallery-1]\"><img loading=\"lazy\" decoding=\"async\" width=\"500\" height=\"500\" src=\"https:\/\/anseros-systeme.de\/wp-content\/uploads\/smoking-areas-500x500.jpg\" class=\"attachment-custom_500x500x1 size-custom_500x500x1\" alt=\"\" srcset=\"https:\/\/anseros-systeme.de\/wp-content\/uploads\/smoking-areas-500x500.jpg 500w, https:\/\/anseros-systeme.de\/wp-content\/uploads\/smoking-areas-80x80.jpg 80w, https:\/\/anseros-systeme.de\/wp-content\/uploads\/smoking-areas-300x300.jpg 300w, https:\/\/anseros-systeme.de\/wp-content\/uploads\/smoking-areas.jpg 630w\" sizes=\"(max-width: 500px) 100vw, 500px\" \/><div class=\"ui--gallery-overlay\"><div class=\"center\"><span class=\"btn btn-normal btn-icon-left btn-grey ui--animation\" href=\"#\" style=\"\"><i class=\"ui--icon fontawesome-fullscreen\"><\/i><\/span> <\/div><\/div><\/a><\/div><\/div><\/div> \n\n <div   class=\"ui-column span6\"><div class=\"ui--gallery-item ui--animation\"><div class=\"inner\"><a href=\"https:\/\/anseros-systeme.de\/wp-content\/uploads\/exhibition-centers.jpg\" target=\"_blank\" data-title=\"Exhibition centers\" data-rel=\"prettyPhoto[ui--gallery-1]\"><img loading=\"lazy\" decoding=\"async\" width=\"500\" height=\"500\" src=\"https:\/\/anseros-systeme.de\/wp-content\/uploads\/exhibition-centers-500x500.jpg\" class=\"attachment-custom_500x500x1 size-custom_500x500x1\" alt=\"\" srcset=\"https:\/\/anseros-systeme.de\/wp-content\/uploads\/exhibition-centers-500x500.jpg 500w, https:\/\/anseros-systeme.de\/wp-content\/uploads\/exhibition-centers-80x80.jpg 80w, https:\/\/anseros-systeme.de\/wp-content\/uploads\/exhibition-centers-300x300.jpg 300w, https:\/\/anseros-systeme.de\/wp-content\/uploads\/exhibition-centers.jpg 630w\" sizes=\"(max-width: 500px) 100vw, 500px\" \/><div class=\"ui--gallery-overlay\"><div class=\"center\"><span class=\"btn btn-normal btn-icon-left btn-grey ui--animation\" href=\"#\" style=\"\"><i class=\"ui--icon fontawesome-fullscreen\"><\/i><\/span> <\/div><\/div><\/a><\/div><\/div><\/div> \n\n<\/div> \n<div class=\"ui-row row\">\n <div   class=\"ui-column span6\"><div class=\"ui--gallery-item ui--animation\"><div class=\"inner\"><a href=\"https:\/\/anseros-systeme.de\/wp-content\/uploads\/offices.jpg\" target=\"_blank\" data-title=\"Offices\" data-rel=\"prettyPhoto[ui--gallery-1]\"><img loading=\"lazy\" decoding=\"async\" width=\"500\" height=\"500\" src=\"https:\/\/anseros-systeme.de\/wp-content\/uploads\/offices-500x500.jpg\" class=\"attachment-custom_500x500x1 size-custom_500x500x1\" alt=\"\" srcset=\"https:\/\/anseros-systeme.de\/wp-content\/uploads\/offices-500x500.jpg 500w, https:\/\/anseros-systeme.de\/wp-content\/uploads\/offices-80x80.jpg 80w, https:\/\/anseros-systeme.de\/wp-content\/uploads\/offices-300x300.jpg 300w, https:\/\/anseros-systeme.de\/wp-content\/uploads\/offices.jpg 630w\" sizes=\"(max-width: 500px) 100vw, 500px\" \/><div class=\"ui--gallery-overlay\"><div class=\"center\"><span class=\"btn btn-normal btn-icon-left btn-grey ui--animation\" href=\"#\" style=\"\"><i class=\"ui--icon fontawesome-fullscreen\"><\/i><\/span> <\/div><\/div><\/a><\/div><\/div><\/div> \n\n <div   class=\"ui-column span6\"><div class=\"ui--gallery-item ui--animation\"><div class=\"inner\"><a href=\"https:\/\/anseros-systeme.de\/wp-content\/uploads\/toilets.jpg\" target=\"_blank\" data-title=\"Toilets\" data-rel=\"prettyPhoto[ui--gallery-1]\"><img loading=\"lazy\" decoding=\"async\" width=\"500\" height=\"500\" src=\"https:\/\/anseros-systeme.de\/wp-content\/uploads\/toilets-500x500.jpg\" class=\"attachment-custom_500x500x1 size-custom_500x500x1\" alt=\"\" srcset=\"https:\/\/anseros-systeme.de\/wp-content\/uploads\/toilets-500x500.jpg 500w, https:\/\/anseros-systeme.de\/wp-content\/uploads\/toilets-80x80.jpg 80w, https:\/\/anseros-systeme.de\/wp-content\/uploads\/toilets-300x300.jpg 300w, https:\/\/anseros-systeme.de\/wp-content\/uploads\/toilets.jpg 630w\" sizes=\"(max-width: 500px) 100vw, 500px\" \/><div class=\"ui--gallery-overlay\"><div class=\"center\"><span class=\"btn btn-normal btn-icon-left btn-grey ui--animation\" href=\"#\" style=\"\"><i class=\"ui--icon fontawesome-fullscreen\"><\/i><\/span> <\/div><\/div><\/a><\/div><\/div><\/div> \n\n<\/div> \n<\/div><div class=\"clearfix\"><\/div><\/div><\/div> \n\n<\/div> \n<div class=\"auto-format ui--animation\"><p><em>Geruch, Indoor, Outdoor, Schwefelwasserstoff, Mercaptane, Schimmel, Ammoniak, Zigarette, Rauchgeruch, Hygiene, Bakterien, Energieeinsparung, Frischluft, Feuchtigkeit, L\u00fcftungsw\u00e4rmebedarf, Fensterdichtung, Hotel, Restaurant, K\u00fcche, Zimmer, Raum, Bad, Toilette, Schule, Krankenhaus, Turnhalle, Umkleide, Sanatorium, W\u00e4schelagerung, Textilien, Heilanstalt, W\u00e4schehygiene, Waschmaschine, W\u00e4schetrocknung, Keller, Lagerraum, K\u00fchlschrank, M\u00fcllraum, Schiff, Yacht, Boot, Bus, Auto, Zug, Flugzeug, LKW, Eingangsbereiche, Messehalle, Flughafen, Tierhaltung, Kl\u00e4ranlage, anaerob, Nitrifikation, Denitrifikation, Abwasser, Miasma, Pumpstationen, Cholera, Schlamm, M\u00fcll, Fungizide, Schuhschrank.<\/em><\/p>\n<\/div><div  class=\"ui--divider ui--animation clearfix ui--divider-solid-line\"><\/div><div  class=\"ui--toggle ui--animation clearfix ui--toggle-state-closed\"><div class=\"ui--toggle-title\"><a href=\"javascript:;\"><span class=\"ui--toggle-icon\"><i class=\"ui--icon show-when-closed fontawesome-chevron-down\"><\/i><i class=\"ui--icon show-when-opened fontawesome-chevron-up\"><\/i><\/span><span class=\"ui--toggle-title-text heading\">Kontaktieren Sie uns. Wir beraten Sie gerne.<\/span><\/a><\/div><div class=\"ui--toggle-content\"><\/div><\/div><div  class=\"ui--space clearfix\" data-responsive=\"{&quot;css&quot;:{&quot;height&quot;:{&quot;phone&quot;:null,&quot;tablet&quot;:null,&quot;widescreen&quot;:null}}}\"><\/div><div class=\"ui--title ui--animation ui--title-bordered text-left\"><div class=\"ui--title-holder\"><h1 class=\"ui--title-text\">Empfohlene Anseros Anlagen<\/h1><div class=\"ui--title-borders ui--title-border-left\"><\/div><div class=\"ui--title-borders ui--title-border-right\"><\/div><\/div><\/div><div class=\"portfolio-container-wrapper ui--pass\" data-layout=\"normal\" data-columns=\"2\"><div id=\"portfolio-TWOyI\" class=\"portfolio-container layout--normal clearfix\"><div class=\"ui-row row\">\n <div   class=\"ui-column span6\"><div  class=\"ui--content-box ui--box ui--content-item ui--animation ui-row\"><div class=\"ui--content-box-header\"><div class=\"ui--content-box-media effect--fade type--default clearfix ratio-original\"><a class=\"ui--content-box-link\" href=\"https:\/\/anseros-systeme.de\/de\/ozone\/luftsterilisator-cat-sd-05\/\"><div class=\"ui--content-box-image-default\"><img loading=\"lazy\" decoding=\"async\" width=\"982\" height=\"1500\" src=\"https:\/\/anseros-systeme.de\/wp-content\/uploads\/ANSEROS-ozone-air-sterilizor-CAT-SD-05.webp\" class=\"ui--content-box-image\" alt=\"\" srcset=\"https:\/\/anseros-systeme.de\/wp-content\/uploads\/ANSEROS-ozone-air-sterilizor-CAT-SD-05.webp 982w, https:\/\/anseros-systeme.de\/wp-content\/uploads\/ANSEROS-ozone-air-sterilizor-CAT-SD-05-196x300.webp 196w, https:\/\/anseros-systeme.de\/wp-content\/uploads\/ANSEROS-ozone-air-sterilizor-CAT-SD-05-674x1030.webp 674w, https:\/\/anseros-systeme.de\/wp-content\/uploads\/ANSEROS-ozone-air-sterilizor-CAT-SD-05-768x1173.webp 768w\" sizes=\"(max-width: 982px) 100vw, 982px\" \/><\/div><div class=\"ui--content-box-overlay\"><div class=\"ui--content-box-overlay-background\"><\/div><div class=\"center\"><\/div><\/div><\/a><\/div><a class=\"ui--content-box-link\" href=\"https:\/\/anseros-systeme.de\/de\/ozone\/luftsterilisator-cat-sd-05\/\"><div class=\"ui--content-box-title ui--gradient ui--gradient-grey on--hover clearfix text-center\"><h1 class=\"ui--content-box-title-text\">Luftsterilisator CAT-SD-05<\/h1><\/div><\/a><\/div><\/div><\/div> \n\n<\/div> \n<\/div><\/div><div  class=\"ui--divider ui--animation clearfix ui--divider-solid-line\"><\/div>","protected":false},"excerpt":{"rendered":"<p>Luftreinigung &#038; Geruchsbeseitigung \u00dcberall dort, wo Menschen auf engem Raum zusammentreffen, werden Bakterien und Viren durch die Luft \u00fcbertragen. Drastisch verdeutlicht wurden diese \u00dcbertragungswege 2002 durch die SARS-Pandemie, die sich von China aus per Tr\u00f6pfcheninfektion verbreitete. Versuche zeigten damals, dass das Virus nur durch Ozon zerst\u00f6rt werden kann. Auch in Krankenh\u00e4usern, wo Hygiene oberste Priorit\u00e4t [&hellip;]<\/p>\n","protected":false},"author":5,"featured_media":0,"parent":1685,"menu_order":9,"comment_status":"open","ping_status":"closed","template":"","meta":{"footnotes":""},"class_list":["post-2555","page","type-page","status-publish","hentry"],"yoast_head":"<!-- This site is optimized with the Yoast SEO plugin v23.6 - https:\/\/yoast.com\/wordpress\/plugins\/seo\/ -->\n<title>Luftreinigung &amp; Geruchsbeseitigung - Anseros Ozone Technologies<\/title>\n<meta name=\"robots\" content=\"noindex, follow, max-snippet:-1, max-image-preview:large, max-video-preview:-1\" \/>\n<meta property=\"og:locale\" content=\"de_DE\" \/>\n<meta property=\"og:type\" content=\"article\" \/>\n<meta property=\"og:title\" content=\"Luftreinigung &amp; Geruchsbeseitigung - Anseros Ozone Technologies\" \/>\n<meta property=\"og:description\" content=\"Luftreinigung &amp; Geruchsbeseitigung \u00dcberall dort, wo Menschen auf engem Raum zusammentreffen, werden Bakterien und Viren durch die Luft \u00fcbertragen. Drastisch verdeutlicht wurden diese \u00dcbertragungswege 2002 durch die SARS-Pandemie, die sich von China aus per Tr\u00f6pfcheninfektion verbreitete. Versuche zeigten damals, dass das Virus nur durch Ozon zerst\u00f6rt werden kann. Auch in Krankenh\u00e4usern, wo Hygiene oberste Priorit\u00e4t [&hellip;]\" \/>\n<meta property=\"og:url\" content=\"https:\/\/anseros-systeme.de\/de\/ozonanwendungen\/luftreinigung-geruchsbeseitigung\/\" \/>\n<meta property=\"og:site_name\" content=\"Anseros Ozone Technologies\" \/>\n<meta property=\"article:publisher\" content=\"https:\/\/www.facebook.com\/AnserosDeutschland\/\" \/>\n<meta property=\"article:modified_time\" content=\"2021-11-09T17:27:37+00:00\" \/>\n<meta name=\"twitter:card\" content=\"summary_large_image\" \/>\n<script type=\"application\/ld+json\" class=\"yoast-schema-graph\">{\"@context\":\"https:\/\/schema.org\",\"@graph\":[{\"@type\":\"WebPage\",\"@id\":\"https:\/\/anseros-systeme.de\/de\/ozonanwendungen\/luftreinigung-geruchsbeseitigung\/\",\"url\":\"https:\/\/anseros-systeme.de\/de\/ozonanwendungen\/luftreinigung-geruchsbeseitigung\/\",\"name\":\"Luftreinigung & Geruchsbeseitigung - Anseros Ozone Technologies\",\"isPartOf\":{\"@id\":\"https:\/\/anseros-systeme.de\/#website\"},\"datePublished\":\"2014-03-15T14:57:38+00:00\",\"dateModified\":\"2021-11-09T17:27:37+00:00\",\"breadcrumb\":{\"@id\":\"https:\/\/anseros-systeme.de\/de\/ozonanwendungen\/luftreinigung-geruchsbeseitigung\/#breadcrumb\"},\"inLanguage\":\"de\",\"potentialAction\":[{\"@type\":\"ReadAction\",\"target\":[\"https:\/\/anseros-systeme.de\/de\/ozonanwendungen\/luftreinigung-geruchsbeseitigung\/\"]}]},{\"@type\":\"BreadcrumbList\",\"@id\":\"https:\/\/anseros-systeme.de\/de\/ozonanwendungen\/luftreinigung-geruchsbeseitigung\/#breadcrumb\",\"itemListElement\":[{\"@type\":\"ListItem\",\"position\":1,\"name\":\"Home\",\"item\":\"https:\/\/anseros-systeme.de\/de\/\"},{\"@type\":\"ListItem\",\"position\":2,\"name\":\"Ozonanwendungen\",\"item\":\"https:\/\/anseros-systeme.de\/de\/ozonanwendungen\/\"},{\"@type\":\"ListItem\",\"position\":3,\"name\":\"Luftreinigung &#038; Geruchsbeseitigung\"}]},{\"@type\":\"WebSite\",\"@id\":\"https:\/\/anseros-systeme.de\/#website\",\"url\":\"https:\/\/anseros-systeme.de\/\",\"name\":\"Anseros Ozone Technologies\",\"description\":\"Ozone Generators | Ozone Analyzers | Ozone Water Treatment Systems | Ozone Air Purification Systems | Ozone Test Chambers\",\"publisher\":{\"@id\":\"https:\/\/anseros-systeme.de\/#organization\"},\"potentialAction\":[{\"@type\":\"SearchAction\",\"target\":{\"@type\":\"EntryPoint\",\"urlTemplate\":\"https:\/\/anseros-systeme.de\/?s={search_term_string}\"},\"query-input\":{\"@type\":\"PropertyValueSpecification\",\"valueRequired\":true,\"valueName\":\"search_term_string\"}}],\"inLanguage\":\"de\"},{\"@type\":\"Organization\",\"@id\":\"https:\/\/anseros-systeme.de\/#organization\",\"name\":\"ANSROS KLAUS NONNENMACHER GmbH\",\"url\":\"https:\/\/anseros-systeme.de\/\",\"logo\":{\"@type\":\"ImageObject\",\"inLanguage\":\"de\",\"@id\":\"https:\/\/anseros-systeme.de\/#\/schema\/logo\/image\/\",\"url\":\"https:\/\/hoxon.de\/wp-content\/uploads\/logo-7-e1609862136604.png\",\"contentUrl\":\"https:\/\/hoxon.de\/wp-content\/uploads\/logo-7-e1609862136604.png\",\"width\":150,\"height\":150,\"caption\":\"ANSROS KLAUS NONNENMACHER GmbH\"},\"image\":{\"@id\":\"https:\/\/anseros-systeme.de\/#\/schema\/logo\/image\/\"},\"sameAs\":[\"https:\/\/www.facebook.com\/AnserosDeutschland\/\"]}]}<\/script>\n<!-- \/ Yoast SEO plugin. -->","yoast_head_json":{"title":"Luftreinigung & Geruchsbeseitigung - Anseros Ozone Technologies","robots":{"index":"noindex","follow":"follow","max-snippet":"max-snippet:-1","max-image-preview":"max-image-preview:large","max-video-preview":"max-video-preview:-1"},"og_locale":"de_DE","og_type":"article","og_title":"Luftreinigung & Geruchsbeseitigung - Anseros Ozone Technologies","og_description":"Luftreinigung & Geruchsbeseitigung \u00dcberall dort, wo Menschen auf engem Raum zusammentreffen, werden Bakterien und Viren durch die Luft \u00fcbertragen. Drastisch verdeutlicht wurden diese \u00dcbertragungswege 2002 durch die SARS-Pandemie, die sich von China aus per Tr\u00f6pfcheninfektion verbreitete. Versuche zeigten damals, dass das Virus nur durch Ozon zerst\u00f6rt werden kann. Auch in Krankenh\u00e4usern, wo Hygiene oberste Priorit\u00e4t [&hellip;]","og_url":"https:\/\/anseros-systeme.de\/de\/ozonanwendungen\/luftreinigung-geruchsbeseitigung\/","og_site_name":"Anseros Ozone Technologies","article_publisher":"https:\/\/www.facebook.com\/AnserosDeutschland\/","article_modified_time":"2021-11-09T17:27:37+00:00","twitter_card":"summary_large_image","schema":{"@context":"https:\/\/schema.org","@graph":[{"@type":"WebPage","@id":"https:\/\/anseros-systeme.de\/de\/ozonanwendungen\/luftreinigung-geruchsbeseitigung\/","url":"https:\/\/anseros-systeme.de\/de\/ozonanwendungen\/luftreinigung-geruchsbeseitigung\/","name":"Luftreinigung & Geruchsbeseitigung - Anseros Ozone Technologies","isPartOf":{"@id":"https:\/\/anseros-systeme.de\/#website"},"datePublished":"2014-03-15T14:57:38+00:00","dateModified":"2021-11-09T17:27:37+00:00","breadcrumb":{"@id":"https:\/\/anseros-systeme.de\/de\/ozonanwendungen\/luftreinigung-geruchsbeseitigung\/#breadcrumb"},"inLanguage":"de","potentialAction":[{"@type":"ReadAction","target":["https:\/\/anseros-systeme.de\/de\/ozonanwendungen\/luftreinigung-geruchsbeseitigung\/"]}]},{"@type":"BreadcrumbList","@id":"https:\/\/anseros-systeme.de\/de\/ozonanwendungen\/luftreinigung-geruchsbeseitigung\/#breadcrumb","itemListElement":[{"@type":"ListItem","position":1,"name":"Home","item":"https:\/\/anseros-systeme.de\/de\/"},{"@type":"ListItem","position":2,"name":"Ozonanwendungen","item":"https:\/\/anseros-systeme.de\/de\/ozonanwendungen\/"},{"@type":"ListItem","position":3,"name":"Luftreinigung &#038; Geruchsbeseitigung"}]},{"@type":"WebSite","@id":"https:\/\/anseros-systeme.de\/#website","url":"https:\/\/anseros-systeme.de\/","name":"Anseros Ozone Technologies","description":"Ozone Generators | Ozone Analyzers | Ozone Water Treatment Systems | Ozone Air Purification Systems | Ozone Test Chambers","publisher":{"@id":"https:\/\/anseros-systeme.de\/#organization"},"potentialAction":[{"@type":"SearchAction","target":{"@type":"EntryPoint","urlTemplate":"https:\/\/anseros-systeme.de\/?s={search_term_string}"},"query-input":{"@type":"PropertyValueSpecification","valueRequired":true,"valueName":"search_term_string"}}],"inLanguage":"de"},{"@type":"Organization","@id":"https:\/\/anseros-systeme.de\/#organization","name":"ANSROS KLAUS NONNENMACHER GmbH","url":"https:\/\/anseros-systeme.de\/","logo":{"@type":"ImageObject","inLanguage":"de","@id":"https:\/\/anseros-systeme.de\/#\/schema\/logo\/image\/","url":"https:\/\/hoxon.de\/wp-content\/uploads\/logo-7-e1609862136604.png","contentUrl":"https:\/\/hoxon.de\/wp-content\/uploads\/logo-7-e1609862136604.png","width":150,"height":150,"caption":"ANSROS KLAUS NONNENMACHER GmbH"},"image":{"@id":"https:\/\/anseros-systeme.de\/#\/schema\/logo\/image\/"},"sameAs":["https:\/\/www.facebook.com\/AnserosDeutschland\/"]}]}},"_links":{"self":[{"href":"https:\/\/anseros-systeme.de\/de\/wp-json\/wp\/v2\/pages\/2555"}],"collection":[{"href":"https:\/\/anseros-systeme.de\/de\/wp-json\/wp\/v2\/pages"}],"about":[{"href":"https:\/\/anseros-systeme.de\/de\/wp-json\/wp\/v2\/types\/page"}],"author":[{"embeddable":true,"href":"https:\/\/anseros-systeme.de\/de\/wp-json\/wp\/v2\/users\/5"}],"replies":[{"embeddable":true,"href":"https:\/\/anseros-systeme.de\/de\/wp-json\/wp\/v2\/comments?post=2555"}],"version-history":[{"count":26,"href":"https:\/\/anseros-systeme.de\/de\/wp-json\/wp\/v2\/pages\/2555\/revisions"}],"predecessor-version":[{"id":8316,"href":"https:\/\/anseros-systeme.de\/de\/wp-json\/wp\/v2\/pages\/2555\/revisions\/8316"}],"up":[{"embeddable":true,"href":"https:\/\/anseros-systeme.de\/de\/wp-json\/wp\/v2\/pages\/1685"}],"wp:attachment":[{"href":"https:\/\/anseros-systeme.de\/de\/wp-json\/wp\/v2\/media?parent=2555"}],"curies":[{"name":"wp","href":"https:\/\/api.w.org\/{rel}","templated":true}]}}