{"id":2608,"date":"2014-03-15T18:19:42","date_gmt":"2014-03-15T16:19:42","guid":{"rendered":"http:\/\/progwarts.de\/?page_id=2608"},"modified":"2022-03-23T20:27:58","modified_gmt":"2022-03-23T18:27:58","slug":"reifenherstellung","status":"publish","type":"page","link":"https:\/\/anseros-systeme.de\/de\/ozonanwendungen\/gummi-kabel-dichtungen-reifen\/reifenherstellung\/","title":{"rendered":"Reifenherstellung"},"content":{"rendered":"<div class=\"ui--title ui--animation ui--title-bordered-bottom text-left\"><div class=\"ui--title-holder\"><h2 class=\"ui--title-text\">Anseros Ozonanwendungen bei der Herstellung von Reifen<\/h2><\/div><div class=\"ui--title-borders ui--title-border-bottom\"><\/div><\/div><div class=\"ui-row row\">\n <div   class=\"ui-column span4\"><div class=\"ui--box-widget\"><div  class=\"ui--content-box ui--box ui--content-item ui--animation ui-row\"><div class=\"ui--content-box-header\"><div class=\"ui--content-box-media effect--fade type--default clearfix ratio-original\"><a class=\"ui--content-box-link\" href=\"https:\/\/anseros-systeme.de\/de\/ozone\/ozonpruefkammer-sim-8000\/\"><div class=\"ui--content-box-image-default\"><img loading=\"lazy\" decoding=\"async\" width=\"1810\" height=\"2560\" src=\"https:\/\/anseros-systeme.de\/wp-content\/uploads\/Anseros-ozone-climate-simulator-SIM8000-scaled.jpg\" class=\"ui--content-box-image\" alt=\"Anseros-ozone-climate-simulator-SIM8000\" srcset=\"https:\/\/anseros-systeme.de\/wp-content\/uploads\/Anseros-ozone-climate-simulator-SIM8000-scaled.jpg 1810w, https:\/\/anseros-systeme.de\/wp-content\/uploads\/Anseros-ozone-climate-simulator-SIM8000-212x300.jpg 212w, https:\/\/anseros-systeme.de\/wp-content\/uploads\/Anseros-ozone-climate-simulator-SIM8000-728x1030.jpg 728w, https:\/\/anseros-systeme.de\/wp-content\/uploads\/Anseros-ozone-climate-simulator-SIM8000-768x1086.jpg 768w, https:\/\/anseros-systeme.de\/wp-content\/uploads\/Anseros-ozone-climate-simulator-SIM8000-1086x1536.jpg 1086w, https:\/\/anseros-systeme.de\/wp-content\/uploads\/Anseros-ozone-climate-simulator-SIM8000-1448x2048.jpg 1448w\" sizes=\"(max-width: 1810px) 100vw, 1810px\" \/><\/div><div class=\"ui--content-box-overlay\"><div class=\"ui--content-box-overlay-background\"><\/div><div class=\"center\"><span class=\"btn btn-grey ui--center-vertical\"><span class=\"ui--content-box-overlay-button-text\">INFO<\/span><span class=\"ui--content-box-overlay-button-icon\"><i class=\"ui--icon fontawesome-fullscreen\"><\/i><\/span><\/span><\/div><\/div><\/a><\/div><a class=\"ui--content-box-link\" href=\"https:\/\/anseros-systeme.de\/de\/ozone\/ozonpruefkammer-sim-8000\/\"><div class=\"ui--content-box-title ui--gradient ui--gradient-grey on--hover clearfix text-center\"><h3 class=\"ui--content-box-title-text\">Reifen-Pr\u00fcfkammer SIM8000<\/h3><\/div><\/a><\/div><div class=\"ui--content-box-content\"><div class=\"ui--content-box-content-text\"><p><strong>Ozonklimasteuerung und optionale Zusatzausr\u00fcstung (UV-Bestrahlung, Benebelung)<\/strong><\/p>\n<p>+ Einbau von Rotationsscheiben und dynamischen Testwerkzeugen &#8211; je nach Anforderung<\/p>\n<p>+ Innenw\u00e4nde kunststoffbeschichtet, auf Wunsch auch aus geschwei\u00dftem Edelstahl,<\/p>\n<p>+ gro\u00dfe, abgedichtete T\u00fcren f\u00fcr sperrige Pr\u00fcfobjekte<\/p>\n<p>+ vollautomatischer Betrieb mit Programmsteuerung und Fernbedienung<\/p>\n<\/div><\/div><\/div><\/div><\/div> \n\n <div   class=\"ui-column span4\"><div class=\"ui--box-widget\"><div  class=\"ui--content-box ui--box ui--content-item ui--animation ui-row\"><div class=\"ui--content-box-header\"><div class=\"ui--content-box-media effect--fade type--default clearfix ratio-original\"><a class=\"ui--content-box-link\" href=\"https:\/\/anseros-systeme.de\/de\/ozone\/ozonpruefkammer-sim-8000-ul\/\"><div class=\"ui--content-box-image-default\"><img loading=\"lazy\" decoding=\"async\" width=\"1810\" height=\"2560\" src=\"https:\/\/anseros-systeme.de\/wp-content\/uploads\/Anseros-ozone-climate-simulator-SIM8000-UL-scaled.jpg\" class=\"ui--content-box-image\" alt=\"\" srcset=\"https:\/\/anseros-systeme.de\/wp-content\/uploads\/Anseros-ozone-climate-simulator-SIM8000-UL-scaled.jpg 1810w, https:\/\/anseros-systeme.de\/wp-content\/uploads\/Anseros-ozone-climate-simulator-SIM8000-UL-212x300.jpg 212w, https:\/\/anseros-systeme.de\/wp-content\/uploads\/Anseros-ozone-climate-simulator-SIM8000-UL-728x1030.jpg 728w, https:\/\/anseros-systeme.de\/wp-content\/uploads\/Anseros-ozone-climate-simulator-SIM8000-UL-768x1086.jpg 768w, https:\/\/anseros-systeme.de\/wp-content\/uploads\/Anseros-ozone-climate-simulator-SIM8000-UL-1086x1536.jpg 1086w, https:\/\/anseros-systeme.de\/wp-content\/uploads\/Anseros-ozone-climate-simulator-SIM8000-UL-1448x2048.jpg 1448w\" sizes=\"(max-width: 1810px) 100vw, 1810px\" \/><\/div><div class=\"ui--content-box-overlay\"><div class=\"ui--content-box-overlay-background\"><\/div><div class=\"center\"><span class=\"btn btn-grey ui--center-vertical\"><span class=\"ui--content-box-overlay-button-text\">INFO<\/span><span class=\"ui--content-box-overlay-button-icon\"><i class=\"ui--icon fontawesome-fullscreen\"><\/i><\/span><\/span><\/div><\/div><\/a><\/div><a class=\"ui--content-box-link\" href=\"https:\/\/anseros-systeme.de\/de\/ozone\/ozonpruefkammer-sim-8000-ul\/\"><div class=\"ui--content-box-title ui--gradient ui--gradient-grey on--hover clearfix text-center\"><h3 class=\"ui--content-box-title-text\">Reifen-Pr\u00fcfkammer SIM8000-UL<\/h3><\/div><\/a><\/div><div class=\"ui--content-box-content\"><div class=\"ui--content-box-content-text\"><p><strong>Ozonklimasteuerung und optionale Zusatzausr\u00fcstung (UV-Bestrahlung, Benebelung)<\/strong><\/p>\n<p>+ Einbau von Rotationsscheiben und dynamischen Testwerkzeugen &#8211; je nach Anforderung<\/p>\n<p>+ Innenw\u00e4nde kunststoffbeschichtet, auf Wunsch auch aus geschwei\u00dftem Edelstahl,<\/p>\n<p>+ gro\u00dfe, abgedichtete T\u00fcren f\u00fcr sperrige Pr\u00fcfobjekte<\/p>\n<p>+ vollautomatischer Betrieb mit Programmsteuerung und Fernbedienung<\/p>\n<\/div><\/div><\/div><\/div><\/div> \n\n <div   class=\"ui-column span4\"><div class=\"ui--box-widget\"><div  class=\"ui--content-box ui--box ui--content-item ui--animation ui-row\"><div class=\"ui--content-box-header\"><div class=\"ui--content-box-media effect--fade type--default clearfix ratio-original\"><a class=\"ui--content-box-link\" href=\"https:\/\/anseros-systeme.de\/de\/ozone\/luftbehandlungs-system-cat-ho-2000\/\"><div class=\"ui--content-box-image-default\"><img decoding=\"async\" class=\"ui--content-box-image\" src=\"https:\/\/hoxon.de\/wp-content\/uploads\/ANSEROS-air-treatment-system-CAT-HO-2000-1.jpg\" \/><\/div><div class=\"ui--content-box-overlay\"><div class=\"ui--content-box-overlay-background\"><\/div><div class=\"center\"><span class=\"btn btn-grey ui--center-vertical\"><span class=\"ui--content-box-overlay-button-text\">INFO<\/span><span class=\"ui--content-box-overlay-button-icon\"><i class=\"ui--icon fontawesome-fullscreen\"><\/i><\/span><\/span><\/div><\/div><\/a><\/div><a class=\"ui--content-box-link\" href=\"https:\/\/anseros-systeme.de\/de\/ozone\/luftbehandlungs-system-cat-ho-2000\/\"><div class=\"ui--content-box-title ui--gradient ui--gradient-grey on--hover clearfix text-center\"><h3 class=\"ui--content-box-title-text\">Ozonreduktor CAT-HO-2000<\/h3><\/div><\/a><\/div><div class=\"ui--content-box-content\"><div class=\"ui--content-box-content-text\"><p><strong>Ozoneind\u00e4mmung in der Umgebungsluft<\/strong>. Die Atmosph\u00e4re enth\u00e4lt gasf\u00f6rmiges Ozon, das durch die nat\u00fcrliche Luftzirkulation und Bel\u00fcftung in Fabriken und Geb\u00e4ude gelangt. Durch elektrische Entladung und Lichtstrahlung im Innern von Industrieanlagen entsteht ebenso Ozon. Insbesondere bei Gummiprodukten wie Reifen sind die Einwirkungen von Ozon im Hinblick auf die Materialqualit\u00e4t bedeutsam. Gummi hat die nat\u00fcrliche Eigenschaft unter Einwirkung von Ozon schneller zu \u201caltern\u201d &#8211; es bekommt Risse und verliert rasch an Qualit\u00e4t, wenn es Ozongas ausgesetzt ist. Anseros bietet f\u00fcr diesen Einsatzzweck Katalyseger\u00e4te auf Keramikbasis, die Ozon mittels Raumluftumw\u00e4lzung zerst\u00f6ren.<\/p>\n<\/div><\/div><\/div><\/div><\/div> \n\n<\/div> \n<div  class=\"ui--space clearfix\" data-responsive=\"{&quot;css&quot;:{&quot;height&quot;:{&quot;phone&quot;:null,&quot;tablet&quot;:null,&quot;widescreen&quot;:null}}}\"><\/div><div  class=\"ui--toggle ui--animation clearfix ui--toggle-state-closed\"><div class=\"ui--toggle-title\"><a href=\"javascript:;\"><span class=\"ui--toggle-icon\"><i class=\"ui--icon show-when-closed fontawesome-chevron-down\"><\/i><i class=\"ui--icon show-when-opened fontawesome-chevron-up\"><\/i><\/span><span class=\"ui--toggle-title-text heading\">Kontaktieren Sie uns. Wir beraten Sie gerne.<\/span><\/a><\/div><div class=\"ui--toggle-content\">\n<div class=\"wpcf7 no-js\" id=\"wpcf7-f8705-o1\" lang=\"de-DE\" dir=\"ltr\">\n<div class=\"screen-reader-response\"><p role=\"status\" aria-live=\"polite\" aria-atomic=\"true\"><\/p> <ul><\/ul><\/div>\n<form action=\"\/de\/wp-json\/wp\/v2\/pages\/2608#wpcf7-f8705-o1\" method=\"post\" class=\"wpcf7-form init\" aria-label=\"Kontaktformular\" novalidate=\"novalidate\" data-status=\"init\">\n<div style=\"display: none;\">\n<input type=\"hidden\" name=\"_wpcf7\" value=\"8705\" \/>\n<input type=\"hidden\" name=\"_wpcf7_version\" value=\"5.9.8\" \/>\n<input type=\"hidden\" name=\"_wpcf7_locale\" value=\"de_DE\" \/>\n<input type=\"hidden\" name=\"_wpcf7_unit_tag\" value=\"wpcf7-f8705-o1\" \/>\n<input type=\"hidden\" name=\"_wpcf7_container_post\" value=\"0\" \/>\n<input type=\"hidden\" name=\"_wpcf7_posted_data_hash\" value=\"\" \/>\n<input type=\"hidden\" name=\"_wpcf7dtx_version\" value=\"5.0.5\" \/>\n<input type=\"hidden\" name=\"_wpcf7_recaptcha_response\" value=\"\" \/>\n<\/div>\n<p><b><\/b>\n<\/p>\n<p> Ihr Name * <span class=\"wpcf7-form-control-wrap\" data-name=\"menu-601\"><select class=\"wpcf7-form-control wpcf7-select wpcf7-validates-as-required\" aria-required=\"true\" aria-invalid=\"false\" name=\"menu-601\"><option value=\"Herr.\">Herr.<\/option><option value=\"Frau.\">Frau.<\/option><\/select><\/span>\n<\/p>\n<p> Titel <span class=\"wpcf7-form-control-wrap\" data-name=\"menu-884\"><select class=\"wpcf7-form-control wpcf7-select\" aria-invalid=\"false\" name=\"menu-884\"><option value=\"kein\">kein<\/option><option value=\"Dr.\">Dr.<\/option><option value=\"Prof.\">Prof.<\/option><\/select><\/span>\n<\/p>\n<p><span class=\"wpcf7-form-control-wrap\" data-name=\"Ihr-Name\"><input size=\"40\" maxlength=\"400\" class=\"wpcf7-form-control wpcf7-text wpcf7-validates-as-required\" aria-required=\"true\" aria-invalid=\"false\" placeholder=\"bitte tragen Sie Ihren vollen Namen ein\" value=\"\" type=\"text\" name=\"Ihr-Name\" \/><\/span>\n<\/p>\n<p>Ihre E-Mail-Adresse *<br \/>\n<span class=\"wpcf7-form-control-wrap\" data-name=\"email-419\"><input size=\"40\" maxlength=\"400\" class=\"wpcf7-form-control wpcf7-email wpcf7-validates-as-required wpcf7-text wpcf7-validates-as-email\" aria-required=\"true\" aria-invalid=\"false\" placeholder=\"Bitte tragen Sie eine g\u00fcltige E-Mail-Adresse ein\" value=\"\" type=\"email\" name=\"email-419\" \/><\/span>\n<\/p>\n<p>Ihre Website-Adresse (optional)<br \/>\n<span class=\"wpcf7-form-control-wrap\" data-name=\"url-808\"><input size=\"40\" maxlength=\"400\" class=\"wpcf7-form-control wpcf7-url wpcf7-text wpcf7-validates-as-url\" aria-invalid=\"false\" placeholder=\"Bitte geben Sie Ihre Webadresse ein (falls vorhanden)\" value=\"\" type=\"url\" name=\"url-808\" \/><\/span>\n<\/p>\n<p>Telefonnummer * <span class=\"wpcf7-form-control-wrap\" data-name=\"tel-193\"><input size=\"40\" maxlength=\"400\" class=\"wpcf7-form-control wpcf7-tel wpcf7-validates-as-required wpcf7-text wpcf7-validates-as-tel\" aria-required=\"true\" aria-invalid=\"false\" placeholder=\"Bitte geben Sie den L\u00e4ndercode, dann den Stadtcode und dann die Nummer ein\" value=\"\" type=\"tel\" name=\"tel-193\" \/><\/span>\n<\/p>\n<p>Organisation oder Firmenname * <span class=\"wpcf7-form-control-wrap\" data-name=\"text-518\"><input size=\"40\" maxlength=\"400\" class=\"wpcf7-form-control wpcf7-text wpcf7-validates-as-required\" aria-required=\"true\" aria-invalid=\"false\" placeholder=\"Bitte geben Sie den vollst\u00e4ndigen Namen der Organisation oder Firma ein\" value=\"\" type=\"text\" name=\"text-518\" \/><\/span>\n<\/p>\n<p>Stra\u00dfenname und-nummer * <span class=\"wpcf7-form-control-wrap\" data-name=\"text-998\"><input size=\"40\" maxlength=\"400\" class=\"wpcf7-form-control wpcf7-text wpcf7-validates-as-required\" aria-required=\"true\" aria-invalid=\"false\" value=\"\" type=\"text\" name=\"text-998\" \/><\/span>\n<\/p>\n<p>Postleitzahl * <span class=\"wpcf7-form-control-wrap\" data-name=\"text-771\"><input size=\"40\" maxlength=\"400\" class=\"wpcf7-form-control wpcf7-text wpcf7-validates-as-required\" aria-required=\"true\" aria-invalid=\"false\" placeholder=\"Bitte geben Sie nur die Postleitzahl ein\" value=\"\" type=\"text\" name=\"text-771\" \/><\/span>\n<\/p>\n<p>Stadtname * <span class=\"wpcf7-form-control-wrap\" data-name=\"text-956\"><input size=\"40\" maxlength=\"400\" class=\"wpcf7-form-control wpcf7-text wpcf7-validates-as-required\" aria-required=\"true\" aria-invalid=\"false\" placeholder=\"Bitte geben Sie den Namen Ihrer Stadt ein\" value=\"\" type=\"text\" name=\"text-956\" \/><\/span>\n<\/p>\n<p>Land * <span class=\"wpcf7-form-control-wrap\" data-name=\"text-868\"><input size=\"40\" maxlength=\"400\" class=\"wpcf7-form-control wpcf7-text wpcf7-validates-as-required\" aria-required=\"true\" aria-invalid=\"false\" placeholder=\"Bitte geben Sie den Namen Ihres Landes ein\" value=\"\" type=\"text\" name=\"text-868\" \/><\/span>\n<\/p>\n<p>\n<span class=\"wpcf7-form-control-wrap dynamichidden-55\" data-name=\"dynamichidden-55\"><input type=\"hidden\" name=\"dynamichidden-55\" class=\"wpcf7-form-control wpcf7-hidden wpcf7dtx wpcf7dtx-hidden\" aria-invalid=\"false\" value=\"Reifenherstellung\"><\/span>\n<\/p>\n<p>Ihre Nachricht *\n<\/p>\n<p><span class=\"wpcf7-form-control-wrap\" data-name=\"Nachricht\"><textarea cols=\"40\" rows=\"10\" maxlength=\"2000\" class=\"wpcf7-form-control wpcf7-textarea wpcf7-validates-as-required\" aria-required=\"true\" aria-invalid=\"false\" name=\"Nachricht\"><\/textarea><\/span>\n<\/p>\n<p><i>Felder mit * Markierung m\u00fcssen ausgef\u00fcllt werden<\/i>\n<\/p>\n<p><b><br \/>\n<span class=\"wpcf7-form-control-wrap\" data-name=\"acceptance-739\"><span class=\"wpcf7-form-control wpcf7-acceptance\"><span class=\"wpcf7-list-item\"><input type=\"checkbox\" name=\"acceptance-739\" value=\"1\" aria-invalid=\"false\" \/><\/span><\/span><\/span>Mit der Nutzung dieses Formulars erkl\u00e4ren Sie sich mit der Speicherung und Verarbeitung Ihrer Daten durch diese Website einverstanden. Bitte beachten Sie unsere Datenschutzerkl\u00e4rung unter <a href=\"https:\/\/anseros-systeme.de\/de\/datenschutz\/\" target=\"_blank\"> Datenschutzerkl\u00e4rung.<\/a><br \/>\n<span class=\"wpcf7-form-control-wrap\" data-name=\"acceptance-740\"><span class=\"wpcf7-form-control wpcf7-acceptance\"><span class=\"wpcf7-list-item\"><input type=\"checkbox\" name=\"acceptance-740\" value=\"1\" aria-invalid=\"false\" \/><\/span><\/span><\/span>Die \u00dcbermittlung Ihrer Anfrage erfolgt verschl\u00fcsselt (SSL \/ TLS). Wir versichern, dass Ihre pers\u00f6nlichen Daten ausschlie\u00dflich dazu verwendet werden, uns zu kontaktieren. Wir werden diese Daten nicht an Dritte weitergeben. Au\u00dferdem versichern wir Ihnen, dass Sie keine E-Mail von uns erhalten, die nicht mit dieser Anfrage verbunden ist. <br \/>\n<\/b>\n<\/p>\n<div class=\"g-recaptcha\" data-sitekey=\"6LeDGWYUAAAAACb5IO0SrcS_TjeexPNia-YIEOti\">\n<\/div>\n<p><input class=\"wpcf7-form-control wpcf7-submit has-spinner\" type=\"submit\" value=\"Senden\" \/>\n<\/p><p style=\"display: none !important;\" class=\"akismet-fields-container\" data-prefix=\"_wpcf7_ak_\"><label>&#916;<textarea name=\"_wpcf7_ak_hp_textarea\" cols=\"45\" rows=\"8\" maxlength=\"100\"><\/textarea><\/label><input type=\"hidden\" id=\"ak_js_1\" name=\"_wpcf7_ak_js\" value=\"16\"\/><script>document.getElementById( \"ak_js_1\" ).setAttribute( \"value\", ( new Date() ).getTime() );<\/script><\/p><div class=\"wpcf7-response-output\" aria-hidden=\"true\"><\/div>\n<\/form>\n<\/div>\n<\/div><\/div>","protected":false},"excerpt":{"rendered":"<p>Anseros Ozonanwendungen bei der Herstellung von Reifen INFOReifen-Pr\u00fcfkammer SIM8000Ozonklimasteuerung und optionale Zusatzausr\u00fcstung (UV-Bestrahlung, Benebelung) + Einbau von Rotationsscheiben und dynamischen Testwerkzeugen &#8211; je nach Anforderung + Innenw\u00e4nde kunststoffbeschichtet, auf Wunsch auch aus geschwei\u00dftem Edelstahl, + gro\u00dfe, abgedichtete T\u00fcren f\u00fcr sperrige Pr\u00fcfobjekte + vollautomatischer Betrieb mit Programmsteuerung und Fernbedienung INFOReifen-Pr\u00fcfkammer SIM8000-ULOzonklimasteuerung und optionale Zusatzausr\u00fcstung (UV-Bestrahlung, Benebelung) [&hellip;]<\/p>\n","protected":false},"author":5,"featured_media":0,"parent":2616,"menu_order":3,"comment_status":"closed","ping_status":"closed","template":"","meta":{"footnotes":""},"class_list":["post-2608","page","type-page","status-publish","hentry"],"yoast_head":"<!-- This site is optimized with the Yoast SEO plugin v23.6 - https:\/\/yoast.com\/wordpress\/plugins\/seo\/ -->\n<title>Reifenherstellung - Anseros Ozone Technologies<\/title>\n<meta name=\"robots\" content=\"noindex, follow, max-snippet:-1, max-image-preview:large, max-video-preview:-1\" \/>\n<meta property=\"og:locale\" content=\"de_DE\" \/>\n<meta property=\"og:type\" content=\"article\" \/>\n<meta property=\"og:title\" content=\"Reifenherstellung - Anseros Ozone Technologies\" \/>\n<meta property=\"og:description\" content=\"Anseros Ozonanwendungen bei der Herstellung von Reifen INFOReifen-Pr\u00fcfkammer SIM8000Ozonklimasteuerung und optionale Zusatzausr\u00fcstung (UV-Bestrahlung, Benebelung) + Einbau von Rotationsscheiben und dynamischen Testwerkzeugen &#8211; je nach Anforderung + Innenw\u00e4nde kunststoffbeschichtet, auf Wunsch auch aus geschwei\u00dftem Edelstahl, + gro\u00dfe, abgedichtete T\u00fcren f\u00fcr sperrige Pr\u00fcfobjekte + vollautomatischer Betrieb mit Programmsteuerung und Fernbedienung INFOReifen-Pr\u00fcfkammer SIM8000-ULOzonklimasteuerung und optionale Zusatzausr\u00fcstung (UV-Bestrahlung, Benebelung) [&hellip;]\" \/>\n<meta property=\"og:url\" content=\"https:\/\/anseros-systeme.de\/de\/ozonanwendungen\/gummi-kabel-dichtungen-reifen\/reifenherstellung\/\" \/>\n<meta property=\"og:site_name\" content=\"Anseros Ozone Technologies\" \/>\n<meta property=\"article:publisher\" content=\"https:\/\/www.facebook.com\/AnserosDeutschland\/\" \/>\n<meta property=\"article:modified_time\" content=\"2022-03-23T18:27:58+00:00\" \/>\n<meta name=\"twitter:card\" content=\"summary_large_image\" \/>\n<script type=\"application\/ld+json\" class=\"yoast-schema-graph\">{\"@context\":\"https:\/\/schema.org\",\"@graph\":[{\"@type\":\"WebPage\",\"@id\":\"https:\/\/anseros-systeme.de\/de\/ozonanwendungen\/gummi-kabel-dichtungen-reifen\/reifenherstellung\/\",\"url\":\"https:\/\/anseros-systeme.de\/de\/ozonanwendungen\/gummi-kabel-dichtungen-reifen\/reifenherstellung\/\",\"name\":\"Reifenherstellung - Anseros Ozone Technologies\",\"isPartOf\":{\"@id\":\"https:\/\/anseros-systeme.de\/#website\"},\"datePublished\":\"2014-03-15T16:19:42+00:00\",\"dateModified\":\"2022-03-23T18:27:58+00:00\",\"breadcrumb\":{\"@id\":\"https:\/\/anseros-systeme.de\/de\/ozonanwendungen\/gummi-kabel-dichtungen-reifen\/reifenherstellung\/#breadcrumb\"},\"inLanguage\":\"de\",\"potentialAction\":[{\"@type\":\"ReadAction\",\"target\":[\"https:\/\/anseros-systeme.de\/de\/ozonanwendungen\/gummi-kabel-dichtungen-reifen\/reifenherstellung\/\"]}]},{\"@type\":\"BreadcrumbList\",\"@id\":\"https:\/\/anseros-systeme.de\/de\/ozonanwendungen\/gummi-kabel-dichtungen-reifen\/reifenherstellung\/#breadcrumb\",\"itemListElement\":[{\"@type\":\"ListItem\",\"position\":1,\"name\":\"Home\",\"item\":\"https:\/\/anseros-systeme.de\/de\/\"},{\"@type\":\"ListItem\",\"position\":2,\"name\":\"Ozonanwendungen\",\"item\":\"https:\/\/anseros-systeme.de\/de\/ozonanwendungen\/\"},{\"@type\":\"ListItem\",\"position\":3,\"name\":\"Gummi, Kabel &#038; Dichtungen\",\"item\":\"https:\/\/anseros-systeme.de\/de\/ozonanwendungen\/gummi-kabel-dichtungen-reifen\/\"},{\"@type\":\"ListItem\",\"position\":4,\"name\":\"Reifenherstellung\"}]},{\"@type\":\"WebSite\",\"@id\":\"https:\/\/anseros-systeme.de\/#website\",\"url\":\"https:\/\/anseros-systeme.de\/\",\"name\":\"Anseros Ozone Technologies\",\"description\":\"Ozone Generators | Ozone Analyzers | Ozone Water Treatment Systems | Ozone Air Purification Systems | Ozone Test Chambers\",\"publisher\":{\"@id\":\"https:\/\/anseros-systeme.de\/#organization\"},\"potentialAction\":[{\"@type\":\"SearchAction\",\"target\":{\"@type\":\"EntryPoint\",\"urlTemplate\":\"https:\/\/anseros-systeme.de\/?s={search_term_string}\"},\"query-input\":{\"@type\":\"PropertyValueSpecification\",\"valueRequired\":true,\"valueName\":\"search_term_string\"}}],\"inLanguage\":\"de\"},{\"@type\":\"Organization\",\"@id\":\"https:\/\/anseros-systeme.de\/#organization\",\"name\":\"ANSROS KLAUS NONNENMACHER GmbH\",\"url\":\"https:\/\/anseros-systeme.de\/\",\"logo\":{\"@type\":\"ImageObject\",\"inLanguage\":\"de\",\"@id\":\"https:\/\/anseros-systeme.de\/#\/schema\/logo\/image\/\",\"url\":\"https:\/\/hoxon.de\/wp-content\/uploads\/logo-7-e1609862136604.png\",\"contentUrl\":\"https:\/\/hoxon.de\/wp-content\/uploads\/logo-7-e1609862136604.png\",\"width\":150,\"height\":150,\"caption\":\"ANSROS KLAUS NONNENMACHER GmbH\"},\"image\":{\"@id\":\"https:\/\/anseros-systeme.de\/#\/schema\/logo\/image\/\"},\"sameAs\":[\"https:\/\/www.facebook.com\/AnserosDeutschland\/\"]}]}<\/script>\n<!-- \/ Yoast SEO plugin. -->","yoast_head_json":{"title":"Reifenherstellung - Anseros Ozone Technologies","robots":{"index":"noindex","follow":"follow","max-snippet":"max-snippet:-1","max-image-preview":"max-image-preview:large","max-video-preview":"max-video-preview:-1"},"og_locale":"de_DE","og_type":"article","og_title":"Reifenherstellung - Anseros Ozone Technologies","og_description":"Anseros Ozonanwendungen bei der Herstellung von Reifen INFOReifen-Pr\u00fcfkammer SIM8000Ozonklimasteuerung und optionale Zusatzausr\u00fcstung (UV-Bestrahlung, Benebelung) + Einbau von Rotationsscheiben und dynamischen Testwerkzeugen &#8211; je nach Anforderung + Innenw\u00e4nde kunststoffbeschichtet, auf Wunsch auch aus geschwei\u00dftem Edelstahl, + gro\u00dfe, abgedichtete T\u00fcren f\u00fcr sperrige Pr\u00fcfobjekte + vollautomatischer Betrieb mit Programmsteuerung und Fernbedienung INFOReifen-Pr\u00fcfkammer SIM8000-ULOzonklimasteuerung und optionale Zusatzausr\u00fcstung (UV-Bestrahlung, Benebelung) [&hellip;]","og_url":"https:\/\/anseros-systeme.de\/de\/ozonanwendungen\/gummi-kabel-dichtungen-reifen\/reifenherstellung\/","og_site_name":"Anseros Ozone Technologies","article_publisher":"https:\/\/www.facebook.com\/AnserosDeutschland\/","article_modified_time":"2022-03-23T18:27:58+00:00","twitter_card":"summary_large_image","schema":{"@context":"https:\/\/schema.org","@graph":[{"@type":"WebPage","@id":"https:\/\/anseros-systeme.de\/de\/ozonanwendungen\/gummi-kabel-dichtungen-reifen\/reifenherstellung\/","url":"https:\/\/anseros-systeme.de\/de\/ozonanwendungen\/gummi-kabel-dichtungen-reifen\/reifenherstellung\/","name":"Reifenherstellung - Anseros Ozone Technologies","isPartOf":{"@id":"https:\/\/anseros-systeme.de\/#website"},"datePublished":"2014-03-15T16:19:42+00:00","dateModified":"2022-03-23T18:27:58+00:00","breadcrumb":{"@id":"https:\/\/anseros-systeme.de\/de\/ozonanwendungen\/gummi-kabel-dichtungen-reifen\/reifenherstellung\/#breadcrumb"},"inLanguage":"de","potentialAction":[{"@type":"ReadAction","target":["https:\/\/anseros-systeme.de\/de\/ozonanwendungen\/gummi-kabel-dichtungen-reifen\/reifenherstellung\/"]}]},{"@type":"BreadcrumbList","@id":"https:\/\/anseros-systeme.de\/de\/ozonanwendungen\/gummi-kabel-dichtungen-reifen\/reifenherstellung\/#breadcrumb","itemListElement":[{"@type":"ListItem","position":1,"name":"Home","item":"https:\/\/anseros-systeme.de\/de\/"},{"@type":"ListItem","position":2,"name":"Ozonanwendungen","item":"https:\/\/anseros-systeme.de\/de\/ozonanwendungen\/"},{"@type":"ListItem","position":3,"name":"Gummi, Kabel &#038; Dichtungen","item":"https:\/\/anseros-systeme.de\/de\/ozonanwendungen\/gummi-kabel-dichtungen-reifen\/"},{"@type":"ListItem","position":4,"name":"Reifenherstellung"}]},{"@type":"WebSite","@id":"https:\/\/anseros-systeme.de\/#website","url":"https:\/\/anseros-systeme.de\/","name":"Anseros Ozone Technologies","description":"Ozone Generators | Ozone Analyzers | Ozone Water Treatment Systems | Ozone Air Purification Systems | Ozone Test Chambers","publisher":{"@id":"https:\/\/anseros-systeme.de\/#organization"},"potentialAction":[{"@type":"SearchAction","target":{"@type":"EntryPoint","urlTemplate":"https:\/\/anseros-systeme.de\/?s={search_term_string}"},"query-input":{"@type":"PropertyValueSpecification","valueRequired":true,"valueName":"search_term_string"}}],"inLanguage":"de"},{"@type":"Organization","@id":"https:\/\/anseros-systeme.de\/#organization","name":"ANSROS KLAUS NONNENMACHER GmbH","url":"https:\/\/anseros-systeme.de\/","logo":{"@type":"ImageObject","inLanguage":"de","@id":"https:\/\/anseros-systeme.de\/#\/schema\/logo\/image\/","url":"https:\/\/hoxon.de\/wp-content\/uploads\/logo-7-e1609862136604.png","contentUrl":"https:\/\/hoxon.de\/wp-content\/uploads\/logo-7-e1609862136604.png","width":150,"height":150,"caption":"ANSROS KLAUS NONNENMACHER GmbH"},"image":{"@id":"https:\/\/anseros-systeme.de\/#\/schema\/logo\/image\/"},"sameAs":["https:\/\/www.facebook.com\/AnserosDeutschland\/"]}]}},"_links":{"self":[{"href":"https:\/\/anseros-systeme.de\/de\/wp-json\/wp\/v2\/pages\/2608"}],"collection":[{"href":"https:\/\/anseros-systeme.de\/de\/wp-json\/wp\/v2\/pages"}],"about":[{"href":"https:\/\/anseros-systeme.de\/de\/wp-json\/wp\/v2\/types\/page"}],"author":[{"embeddable":true,"href":"https:\/\/anseros-systeme.de\/de\/wp-json\/wp\/v2\/users\/5"}],"replies":[{"embeddable":true,"href":"https:\/\/anseros-systeme.de\/de\/wp-json\/wp\/v2\/comments?post=2608"}],"version-history":[{"count":16,"href":"https:\/\/anseros-systeme.de\/de\/wp-json\/wp\/v2\/pages\/2608\/revisions"}],"predecessor-version":[{"id":9231,"href":"https:\/\/anseros-systeme.de\/de\/wp-json\/wp\/v2\/pages\/2608\/revisions\/9231"}],"up":[{"embeddable":true,"href":"https:\/\/anseros-systeme.de\/de\/wp-json\/wp\/v2\/pages\/2616"}],"wp:attachment":[{"href":"https:\/\/anseros-systeme.de\/de\/wp-json\/wp\/v2\/media?parent=2608"}],"curies":[{"name":"wp","href":"https:\/\/api.w.org\/{rel}","templated":true}]}}