{"id":3103,"date":"2014-08-07T09:59:58","date_gmt":"2014-08-07T07:59:58","guid":{"rendered":"http:\/\/progwarts.de\/?page_id=3103"},"modified":"2022-03-07T17:33:07","modified_gmt":"2022-03-07T15:33:07","slug":"ozonzubehoer-hilfsmittel","status":"publish","type":"page","link":"https:\/\/anseros-systeme.de\/de\/produkte\/ozonzubehoer-hilfsmittel\/","title":{"rendered":"Ozonzubeh\u00f6r, Hilfsmittel"},"content":{"rendered":"<h1 id=\"custom-title-h1-1\" class=\"ui--animation \" style=\"\">Ozon-Zubeh\u00f6r, Hilfsmittel<\/h1><div class=\"portfolio-container-wrapper ui--pass\" data-layout=\"normal\" data-columns=\"2\"><div id=\"portfolio-XVruA\" class=\"portfolio-container layout--normal clearfix\"><div class=\"ui-row row\">\n <div   class=\"ui-column span6\"><div  class=\"ui--content-box ui--box ui--content-item ui--animation ui-row\"><div class=\"ui--content-box-header\"><div class=\"ui--content-box-media effect--fade type--default clearfix ratio-original\"><a class=\"ui--content-box-link\" href=\"https:\/\/anseros-systeme.de\/de\/ozone\/verbrauchsteile-zubehoer\/\"><div class=\"ui--content-box-image-default\"><img loading=\"lazy\" decoding=\"async\" width=\"1169\" height=\"600\" src=\"https:\/\/anseros-systeme.de\/wp-content\/uploads\/ANSEROS-consumable-parts.jpg\" class=\"ui--content-box-image\" alt=\"\" srcset=\"https:\/\/anseros-systeme.de\/wp-content\/uploads\/ANSEROS-consumable-parts.jpg 1169w, https:\/\/anseros-systeme.de\/wp-content\/uploads\/ANSEROS-consumable-parts-300x153.jpg 300w, https:\/\/anseros-systeme.de\/wp-content\/uploads\/ANSEROS-consumable-parts-1030x528.jpg 1030w\" sizes=\"(max-width: 1169px) 100vw, 1169px\" \/><\/div><div class=\"ui--content-box-overlay\"><div class=\"ui--content-box-overlay-background\"><\/div><div class=\"center\"><\/div><\/div><\/a><\/div><a class=\"ui--content-box-link\" href=\"https:\/\/anseros-systeme.de\/de\/ozone\/verbrauchsteile-zubehoer\/\"><div class=\"ui--content-box-title ui--gradient ui--gradient-grey on--hover clearfix text-center\"><h2 class=\"ui--content-box-title-text\">Verbrauchsteile &#038; Zubeh\u00f6r<\/h2><\/div><\/a><\/div><\/div><\/div> \n\n <div   class=\"ui-column span6\"><div  class=\"ui--content-box ui--box ui--content-item ui--animation ui-row\"><div class=\"ui--content-box-header\"><div class=\"ui--content-box-media effect--fade type--default clearfix ratio-original\"><a class=\"ui--content-box-link\" href=\"https:\/\/anseros-systeme.de\/de\/ozone\/ozon-messstellenumschalter-mus\/\"><div class=\"ui--content-box-image-default\"><img loading=\"lazy\" decoding=\"async\" width=\"982\" height=\"1500\" src=\"https:\/\/anseros-systeme.de\/wp-content\/uploads\/ANSEROS-ozone-sample-point-selector-MUS-neu.jpg\" class=\"ui--content-box-image\" alt=\"ANSEROS-ozone-sample-point-selector-MUS-neu\" srcset=\"https:\/\/anseros-systeme.de\/wp-content\/uploads\/ANSEROS-ozone-sample-point-selector-MUS-neu.jpg 982w, https:\/\/anseros-systeme.de\/wp-content\/uploads\/ANSEROS-ozone-sample-point-selector-MUS-neu-196x300.jpg 196w, https:\/\/anseros-systeme.de\/wp-content\/uploads\/ANSEROS-ozone-sample-point-selector-MUS-neu-674x1030.jpg 674w, https:\/\/anseros-systeme.de\/wp-content\/uploads\/ANSEROS-ozone-sample-point-selector-MUS-neu-768x1173.jpg 768w\" sizes=\"(max-width: 982px) 100vw, 982px\" \/><\/div><div class=\"ui--content-box-overlay\"><div class=\"ui--content-box-overlay-background\"><\/div><div class=\"center\"><\/div><\/div><\/a><\/div><a class=\"ui--content-box-link\" href=\"https:\/\/anseros-systeme.de\/de\/ozone\/ozon-messstellenumschalter-mus\/\"><div class=\"ui--content-box-title ui--gradient ui--gradient-grey on--hover clearfix text-center\"><h2 class=\"ui--content-box-title-text\">Ozon-Messstellenumschalter MUS<\/h2><\/div><\/a><\/div><\/div><\/div> \n\n<\/div> \n<\/div><\/div>","protected":false},"excerpt":{"rendered":"<p>Ozon-Zubeh\u00f6r, Hilfsmittel Verbrauchsteile &#038; Zubeh\u00f6r Ozon-Messstellenumschalter MUS<\/p>\n","protected":false},"author":5,"featured_media":0,"parent":1911,"menu_order":5,"comment_status":"closed","ping_status":"closed","template":"","meta":{"footnotes":""},"class_list":["post-3103","page","type-page","status-publish","hentry"],"yoast_head":"<!-- This site is optimized with the Yoast SEO plugin v23.6 - https:\/\/yoast.com\/wordpress\/plugins\/seo\/ -->\n<title>Ozonzubeh\u00f6r, Hilfsmittel - Anseros Ozone Technologies<\/title>\n<meta name=\"robots\" content=\"noindex, follow, max-snippet:-1, max-image-preview:large, max-video-preview:-1\" \/>\n<meta property=\"og:locale\" content=\"de_DE\" \/>\n<meta property=\"og:type\" content=\"article\" \/>\n<meta property=\"og:title\" content=\"Ozonzubeh\u00f6r, Hilfsmittel - Anseros Ozone Technologies\" \/>\n<meta property=\"og:description\" content=\"Ozon-Zubeh\u00f6r, Hilfsmittel Verbrauchsteile &#038; Zubeh\u00f6r Ozon-Messstellenumschalter MUS\" \/>\n<meta property=\"og:url\" content=\"https:\/\/anseros-systeme.de\/de\/produkte\/ozonzubehoer-hilfsmittel\/\" \/>\n<meta property=\"og:site_name\" content=\"Anseros Ozone Technologies\" \/>\n<meta property=\"article:publisher\" content=\"https:\/\/www.facebook.com\/AnserosDeutschland\/\" \/>\n<meta property=\"article:modified_time\" content=\"2022-03-07T15:33:07+00:00\" \/>\n<meta name=\"twitter:card\" content=\"summary_large_image\" \/>\n<script type=\"application\/ld+json\" class=\"yoast-schema-graph\">{\"@context\":\"https:\/\/schema.org\",\"@graph\":[{\"@type\":\"WebPage\",\"@id\":\"https:\/\/anseros-systeme.de\/de\/produkte\/ozonzubehoer-hilfsmittel\/\",\"url\":\"https:\/\/anseros-systeme.de\/de\/produkte\/ozonzubehoer-hilfsmittel\/\",\"name\":\"Ozonzubeh\u00f6r, Hilfsmittel - Anseros Ozone Technologies\",\"isPartOf\":{\"@id\":\"https:\/\/anseros-systeme.de\/#website\"},\"datePublished\":\"2014-08-07T07:59:58+00:00\",\"dateModified\":\"2022-03-07T15:33:07+00:00\",\"breadcrumb\":{\"@id\":\"https:\/\/anseros-systeme.de\/de\/produkte\/ozonzubehoer-hilfsmittel\/#breadcrumb\"},\"inLanguage\":\"de\",\"potentialAction\":[{\"@type\":\"ReadAction\",\"target\":[\"https:\/\/anseros-systeme.de\/de\/produkte\/ozonzubehoer-hilfsmittel\/\"]}]},{\"@type\":\"BreadcrumbList\",\"@id\":\"https:\/\/anseros-systeme.de\/de\/produkte\/ozonzubehoer-hilfsmittel\/#breadcrumb\",\"itemListElement\":[{\"@type\":\"ListItem\",\"position\":1,\"name\":\"Home\",\"item\":\"https:\/\/anseros-systeme.de\/de\/\"},{\"@type\":\"ListItem\",\"position\":2,\"name\":\"Produkte\",\"item\":\"https:\/\/anseros-systeme.de\/de\/produkte\/\"},{\"@type\":\"ListItem\",\"position\":3,\"name\":\"Ozonzubeh\u00f6r, Hilfsmittel\"}]},{\"@type\":\"WebSite\",\"@id\":\"https:\/\/anseros-systeme.de\/#website\",\"url\":\"https:\/\/anseros-systeme.de\/\",\"name\":\"Anseros Ozone Technologies\",\"description\":\"Ozone Generators | Ozone Analyzers | Ozone Water Treatment Systems | Ozone Air Purification Systems | Ozone Test Chambers\",\"publisher\":{\"@id\":\"https:\/\/anseros-systeme.de\/#organization\"},\"potentialAction\":[{\"@type\":\"SearchAction\",\"target\":{\"@type\":\"EntryPoint\",\"urlTemplate\":\"https:\/\/anseros-systeme.de\/?s={search_term_string}\"},\"query-input\":{\"@type\":\"PropertyValueSpecification\",\"valueRequired\":true,\"valueName\":\"search_term_string\"}}],\"inLanguage\":\"de\"},{\"@type\":\"Organization\",\"@id\":\"https:\/\/anseros-systeme.de\/#organization\",\"name\":\"ANSROS KLAUS NONNENMACHER GmbH\",\"url\":\"https:\/\/anseros-systeme.de\/\",\"logo\":{\"@type\":\"ImageObject\",\"inLanguage\":\"de\",\"@id\":\"https:\/\/anseros-systeme.de\/#\/schema\/logo\/image\/\",\"url\":\"https:\/\/hoxon.de\/wp-content\/uploads\/logo-7-e1609862136604.png\",\"contentUrl\":\"https:\/\/hoxon.de\/wp-content\/uploads\/logo-7-e1609862136604.png\",\"width\":150,\"height\":150,\"caption\":\"ANSROS KLAUS NONNENMACHER GmbH\"},\"image\":{\"@id\":\"https:\/\/anseros-systeme.de\/#\/schema\/logo\/image\/\"},\"sameAs\":[\"https:\/\/www.facebook.com\/AnserosDeutschland\/\"]}]}<\/script>\n<!-- \/ Yoast SEO plugin. -->","yoast_head_json":{"title":"Ozonzubeh\u00f6r, Hilfsmittel - Anseros Ozone Technologies","robots":{"index":"noindex","follow":"follow","max-snippet":"max-snippet:-1","max-image-preview":"max-image-preview:large","max-video-preview":"max-video-preview:-1"},"og_locale":"de_DE","og_type":"article","og_title":"Ozonzubeh\u00f6r, Hilfsmittel - Anseros Ozone Technologies","og_description":"Ozon-Zubeh\u00f6r, Hilfsmittel Verbrauchsteile &#038; Zubeh\u00f6r Ozon-Messstellenumschalter MUS","og_url":"https:\/\/anseros-systeme.de\/de\/produkte\/ozonzubehoer-hilfsmittel\/","og_site_name":"Anseros Ozone Technologies","article_publisher":"https:\/\/www.facebook.com\/AnserosDeutschland\/","article_modified_time":"2022-03-07T15:33:07+00:00","twitter_card":"summary_large_image","schema":{"@context":"https:\/\/schema.org","@graph":[{"@type":"WebPage","@id":"https:\/\/anseros-systeme.de\/de\/produkte\/ozonzubehoer-hilfsmittel\/","url":"https:\/\/anseros-systeme.de\/de\/produkte\/ozonzubehoer-hilfsmittel\/","name":"Ozonzubeh\u00f6r, Hilfsmittel - Anseros Ozone Technologies","isPartOf":{"@id":"https:\/\/anseros-systeme.de\/#website"},"datePublished":"2014-08-07T07:59:58+00:00","dateModified":"2022-03-07T15:33:07+00:00","breadcrumb":{"@id":"https:\/\/anseros-systeme.de\/de\/produkte\/ozonzubehoer-hilfsmittel\/#breadcrumb"},"inLanguage":"de","potentialAction":[{"@type":"ReadAction","target":["https:\/\/anseros-systeme.de\/de\/produkte\/ozonzubehoer-hilfsmittel\/"]}]},{"@type":"BreadcrumbList","@id":"https:\/\/anseros-systeme.de\/de\/produkte\/ozonzubehoer-hilfsmittel\/#breadcrumb","itemListElement":[{"@type":"ListItem","position":1,"name":"Home","item":"https:\/\/anseros-systeme.de\/de\/"},{"@type":"ListItem","position":2,"name":"Produkte","item":"https:\/\/anseros-systeme.de\/de\/produkte\/"},{"@type":"ListItem","position":3,"name":"Ozonzubeh\u00f6r, Hilfsmittel"}]},{"@type":"WebSite","@id":"https:\/\/anseros-systeme.de\/#website","url":"https:\/\/anseros-systeme.de\/","name":"Anseros Ozone Technologies","description":"Ozone Generators | Ozone Analyzers | Ozone Water Treatment Systems | Ozone Air Purification Systems | Ozone Test Chambers","publisher":{"@id":"https:\/\/anseros-systeme.de\/#organization"},"potentialAction":[{"@type":"SearchAction","target":{"@type":"EntryPoint","urlTemplate":"https:\/\/anseros-systeme.de\/?s={search_term_string}"},"query-input":{"@type":"PropertyValueSpecification","valueRequired":true,"valueName":"search_term_string"}}],"inLanguage":"de"},{"@type":"Organization","@id":"https:\/\/anseros-systeme.de\/#organization","name":"ANSROS KLAUS NONNENMACHER GmbH","url":"https:\/\/anseros-systeme.de\/","logo":{"@type":"ImageObject","inLanguage":"de","@id":"https:\/\/anseros-systeme.de\/#\/schema\/logo\/image\/","url":"https:\/\/hoxon.de\/wp-content\/uploads\/logo-7-e1609862136604.png","contentUrl":"https:\/\/hoxon.de\/wp-content\/uploads\/logo-7-e1609862136604.png","width":150,"height":150,"caption":"ANSROS KLAUS NONNENMACHER GmbH"},"image":{"@id":"https:\/\/anseros-systeme.de\/#\/schema\/logo\/image\/"},"sameAs":["https:\/\/www.facebook.com\/AnserosDeutschland\/"]}]}},"_links":{"self":[{"href":"https:\/\/anseros-systeme.de\/de\/wp-json\/wp\/v2\/pages\/3103"}],"collection":[{"href":"https:\/\/anseros-systeme.de\/de\/wp-json\/wp\/v2\/pages"}],"about":[{"href":"https:\/\/anseros-systeme.de\/de\/wp-json\/wp\/v2\/types\/page"}],"author":[{"embeddable":true,"href":"https:\/\/anseros-systeme.de\/de\/wp-json\/wp\/v2\/users\/5"}],"replies":[{"embeddable":true,"href":"https:\/\/anseros-systeme.de\/de\/wp-json\/wp\/v2\/comments?post=3103"}],"version-history":[{"count":15,"href":"https:\/\/anseros-systeme.de\/de\/wp-json\/wp\/v2\/pages\/3103\/revisions"}],"predecessor-version":[{"id":9188,"href":"https:\/\/anseros-systeme.de\/de\/wp-json\/wp\/v2\/pages\/3103\/revisions\/9188"}],"up":[{"embeddable":true,"href":"https:\/\/anseros-systeme.de\/de\/wp-json\/wp\/v2\/pages\/1911"}],"wp:attachment":[{"href":"https:\/\/anseros-systeme.de\/de\/wp-json\/wp\/v2\/media?parent=3103"}],"curies":[{"name":"wp","href":"https:\/\/api.w.org\/{rel}","templated":true}]}}