{"id":3683,"date":"2014-09-26T10:26:38","date_gmt":"2014-09-26T08:26:38","guid":{"rendered":"http:\/\/progwarts.de\/?page_id=3683"},"modified":"2022-01-18T16:07:33","modified_gmt":"2022-01-18T14:07:33","slug":"service-reparatur","status":"publish","type":"page","link":"https:\/\/anseros-systeme.de\/de\/dienstleistungen\/service-reparatur\/","title":{"rendered":"Service &#038; Reparatur"},"content":{"rendered":"<div class=\"auto-format ui--animation\"><p>[layerslider id=&#8220;22&#8243;]<\/p>\n<\/div><div  class=\"ui--space clearfix\" data-responsive=\"{&quot;css&quot;:{&quot;height&quot;:{&quot;phone&quot;:null,&quot;tablet&quot;:null,&quot;widescreen&quot;:null}}}\"><\/div><h1 id=\"custom-title-h1-1\" class=\"ui--animation \" style=\"\">Service & Reparatur<\/h1><div class=\"ui-row row\">\n <div   class=\"ui-column span9\"><div class=\"auto-format ui--animation\"><p><strong>Langlebigkeit, Reparierbarkeit, Nachhaltigkeit \u2013 Qualit\u00e4tseigenschaften von Anseros-Ger\u00e4ten<\/strong><\/p>\n<p>Anseros-Ger\u00e4te und -Systeme sind f\u00fcr eine hohe Lebenserwartung konstruiert und auf Dauerbetrieb ausgelegt. Unsere Philosophie beinhaltet auch die Reparaturm\u00f6glichkeit und die Versorgung mit Verbrauchs- und Ersatzteilen. Diesen Service bieten wir weltweit an. Es werden ausschlie\u00dflich langfristig erh\u00e4ltliche Markenprodukte und hochwertige Komponenten verwendet. Anseros-Kunden k\u00f6nnen hinsichtlich ihres jeweiligen Prozessbetriebs sowie zu allgemeinen naturwissenschaftlichen Fragen jederzeit eine Assistenz erwarten, insbesondere im Bereich der universit\u00e4ren Forschung.<\/p>\n<p><strong>Anseros International Services &#8211; professionelle Ingenieursdienstleistungen zu Ihrem Nutzen<\/strong><\/p>\n<p>Anseros legt Wert auf langfristige Gesch\u00e4ftsbeziehungen. Wir haben unsere technische Mitarbeiterschaft vergr\u00f6\u00dfert, um dem weltweiten Bedarf nach Vor-Ort-Dienstleistungen und weiterem Beratungsbedarf gerecht zu werden.<\/p>\n<\/div><\/div> \n\n <div   class=\"ui-column span3\"><div  class=\"ui--space clearfix\" data-responsive=\"{&quot;css&quot;:{&quot;height&quot;:{&quot;phone&quot;:null,&quot;tablet&quot;:null,&quot;widescreen&quot;:null}}}\"><\/div><div class=\"ui--image-wrap clearfix\"><img loading=\"lazy\" decoding=\"async\" width=\"537\" height=\"599\" src=\"https:\/\/anseros-systeme.de\/wp-content\/uploads\/Anseros-repair.jpg\" class=\"ui--image ui--animation\" alt=\"\" id=\"ui--image-1\" srcset=\"https:\/\/anseros-systeme.de\/wp-content\/uploads\/Anseros-repair.jpg 537w, https:\/\/anseros-systeme.de\/wp-content\/uploads\/Anseros-repair-269x300.jpg 269w\" sizes=\"(max-width: 537px) 100vw, 537px\" \/><\/div><\/div> \n\n<\/div> \n<div class=\"auto-format ui--animation\"><p>In Absprache mit dem Kunden bietet Anseros folgende Dienstleistungen an:<\/p>\n<p>+ Erstellung von Pr\u00fcfzertifikaten<br \/>\n+ Durchf\u00fchrung von Alterungstests an Gummiteilen<br \/>\n+ Pilotversuche, auch vor Ort<br \/>\n+ Reparatur von Anseros-Ger\u00e4ten<br \/>\n+ Wartung, weltweit, von Anseros-Ger\u00e4ten und -Anlagen<br \/>\n+ Lieferung von Original-Ersatzteilen<br \/>\n+ Kundenspezifische Entwicklung ma\u00dfgeschneiderter Ger\u00e4te und Systeme, auch bei anspruchsvollen Spezialanforderungen<br \/>\n+ FuE-Partner f\u00fcr Forschungsprojekte<br \/>\n+ Schulung, Training, Probebetrieb, Abnahmen<br \/>\n+ AOP-Engineering<br \/>\n+ Individuelle Software-Erstellung f\u00fcr SIEMENS S7-300<br \/>\n+ Anwendungsorientierte Beratung<\/p>\n<\/div>","protected":false},"excerpt":{"rendered":"<p>[layerslider id=&#8220;22&#8243;] Service &#038; Reparatur Langlebigkeit, Reparierbarkeit, Nachhaltigkeit \u2013 Qualit\u00e4tseigenschaften von Anseros-Ger\u00e4ten Anseros-Ger\u00e4te und -Systeme sind f\u00fcr eine hohe Lebenserwartung konstruiert und auf Dauerbetrieb ausgelegt. Unsere Philosophie beinhaltet auch die Reparaturm\u00f6glichkeit und die Versorgung mit Verbrauchs- und Ersatzteilen. Diesen Service bieten wir weltweit an. Es werden ausschlie\u00dflich langfristig erh\u00e4ltliche Markenprodukte und hochwertige Komponenten verwendet. Anseros-Kunden [&hellip;]<\/p>\n","protected":false},"author":5,"featured_media":0,"parent":3451,"menu_order":0,"comment_status":"closed","ping_status":"closed","template":"","meta":{"footnotes":""},"class_list":["post-3683","page","type-page","status-publish","hentry"],"yoast_head":"<!-- This site is optimized with the Yoast SEO plugin v23.6 - https:\/\/yoast.com\/wordpress\/plugins\/seo\/ -->\n<title>Service &amp; Reparatur - Anseros Ozone Technologies<\/title>\n<meta name=\"robots\" content=\"noindex, follow, max-snippet:-1, max-image-preview:large, max-video-preview:-1\" \/>\n<meta property=\"og:locale\" content=\"de_DE\" \/>\n<meta property=\"og:type\" content=\"article\" \/>\n<meta property=\"og:title\" content=\"Service &amp; Reparatur - Anseros Ozone Technologies\" \/>\n<meta property=\"og:description\" content=\"[layerslider id=&#8220;22&#8243;] Service &amp; Reparatur Langlebigkeit, Reparierbarkeit, Nachhaltigkeit \u2013 Qualit\u00e4tseigenschaften von Anseros-Ger\u00e4ten Anseros-Ger\u00e4te und -Systeme sind f\u00fcr eine hohe Lebenserwartung konstruiert und auf Dauerbetrieb ausgelegt. Unsere Philosophie beinhaltet auch die Reparaturm\u00f6glichkeit und die Versorgung mit Verbrauchs- und Ersatzteilen. Diesen Service bieten wir weltweit an. Es werden ausschlie\u00dflich langfristig erh\u00e4ltliche Markenprodukte und hochwertige Komponenten verwendet. Anseros-Kunden [&hellip;]\" \/>\n<meta property=\"og:url\" content=\"https:\/\/anseros-systeme.de\/de\/dienstleistungen\/service-reparatur\/\" \/>\n<meta property=\"og:site_name\" content=\"Anseros Ozone Technologies\" \/>\n<meta property=\"article:publisher\" content=\"https:\/\/www.facebook.com\/AnserosDeutschland\/\" \/>\n<meta property=\"article:modified_time\" content=\"2022-01-18T14:07:33+00:00\" \/>\n<meta name=\"twitter:card\" content=\"summary_large_image\" \/>\n<script type=\"application\/ld+json\" class=\"yoast-schema-graph\">{\"@context\":\"https:\/\/schema.org\",\"@graph\":[{\"@type\":\"WebPage\",\"@id\":\"https:\/\/anseros-systeme.de\/de\/dienstleistungen\/service-reparatur\/\",\"url\":\"https:\/\/anseros-systeme.de\/de\/dienstleistungen\/service-reparatur\/\",\"name\":\"Service & Reparatur - Anseros Ozone Technologies\",\"isPartOf\":{\"@id\":\"https:\/\/anseros-systeme.de\/#website\"},\"datePublished\":\"2014-09-26T08:26:38+00:00\",\"dateModified\":\"2022-01-18T14:07:33+00:00\",\"breadcrumb\":{\"@id\":\"https:\/\/anseros-systeme.de\/de\/dienstleistungen\/service-reparatur\/#breadcrumb\"},\"inLanguage\":\"de\",\"potentialAction\":[{\"@type\":\"ReadAction\",\"target\":[\"https:\/\/anseros-systeme.de\/de\/dienstleistungen\/service-reparatur\/\"]}]},{\"@type\":\"BreadcrumbList\",\"@id\":\"https:\/\/anseros-systeme.de\/de\/dienstleistungen\/service-reparatur\/#breadcrumb\",\"itemListElement\":[{\"@type\":\"ListItem\",\"position\":1,\"name\":\"Home\",\"item\":\"https:\/\/anseros-systeme.de\/de\/\"},{\"@type\":\"ListItem\",\"position\":2,\"name\":\"Dienstleistungen\",\"item\":\"https:\/\/anseros-systeme.de\/de\/dienstleistungen\/\"},{\"@type\":\"ListItem\",\"position\":3,\"name\":\"Service &#038; Reparatur\"}]},{\"@type\":\"WebSite\",\"@id\":\"https:\/\/anseros-systeme.de\/#website\",\"url\":\"https:\/\/anseros-systeme.de\/\",\"name\":\"Anseros Ozone Technologies\",\"description\":\"Ozone Generators | Ozone Analyzers | Ozone Water Treatment Systems | Ozone Air Purification Systems | Ozone Test Chambers\",\"publisher\":{\"@id\":\"https:\/\/anseros-systeme.de\/#organization\"},\"potentialAction\":[{\"@type\":\"SearchAction\",\"target\":{\"@type\":\"EntryPoint\",\"urlTemplate\":\"https:\/\/anseros-systeme.de\/?s={search_term_string}\"},\"query-input\":{\"@type\":\"PropertyValueSpecification\",\"valueRequired\":true,\"valueName\":\"search_term_string\"}}],\"inLanguage\":\"de\"},{\"@type\":\"Organization\",\"@id\":\"https:\/\/anseros-systeme.de\/#organization\",\"name\":\"ANSROS KLAUS NONNENMACHER GmbH\",\"url\":\"https:\/\/anseros-systeme.de\/\",\"logo\":{\"@type\":\"ImageObject\",\"inLanguage\":\"de\",\"@id\":\"https:\/\/anseros-systeme.de\/#\/schema\/logo\/image\/\",\"url\":\"https:\/\/hoxon.de\/wp-content\/uploads\/logo-7-e1609862136604.png\",\"contentUrl\":\"https:\/\/hoxon.de\/wp-content\/uploads\/logo-7-e1609862136604.png\",\"width\":150,\"height\":150,\"caption\":\"ANSROS KLAUS NONNENMACHER GmbH\"},\"image\":{\"@id\":\"https:\/\/anseros-systeme.de\/#\/schema\/logo\/image\/\"},\"sameAs\":[\"https:\/\/www.facebook.com\/AnserosDeutschland\/\"]}]}<\/script>\n<!-- \/ Yoast SEO plugin. -->","yoast_head_json":{"title":"Service & Reparatur - Anseros Ozone Technologies","robots":{"index":"noindex","follow":"follow","max-snippet":"max-snippet:-1","max-image-preview":"max-image-preview:large","max-video-preview":"max-video-preview:-1"},"og_locale":"de_DE","og_type":"article","og_title":"Service & Reparatur - Anseros Ozone Technologies","og_description":"[layerslider id=&#8220;22&#8243;] Service & Reparatur Langlebigkeit, Reparierbarkeit, Nachhaltigkeit \u2013 Qualit\u00e4tseigenschaften von Anseros-Ger\u00e4ten Anseros-Ger\u00e4te und -Systeme sind f\u00fcr eine hohe Lebenserwartung konstruiert und auf Dauerbetrieb ausgelegt. Unsere Philosophie beinhaltet auch die Reparaturm\u00f6glichkeit und die Versorgung mit Verbrauchs- und Ersatzteilen. Diesen Service bieten wir weltweit an. Es werden ausschlie\u00dflich langfristig erh\u00e4ltliche Markenprodukte und hochwertige Komponenten verwendet. Anseros-Kunden [&hellip;]","og_url":"https:\/\/anseros-systeme.de\/de\/dienstleistungen\/service-reparatur\/","og_site_name":"Anseros Ozone Technologies","article_publisher":"https:\/\/www.facebook.com\/AnserosDeutschland\/","article_modified_time":"2022-01-18T14:07:33+00:00","twitter_card":"summary_large_image","schema":{"@context":"https:\/\/schema.org","@graph":[{"@type":"WebPage","@id":"https:\/\/anseros-systeme.de\/de\/dienstleistungen\/service-reparatur\/","url":"https:\/\/anseros-systeme.de\/de\/dienstleistungen\/service-reparatur\/","name":"Service & Reparatur - Anseros Ozone Technologies","isPartOf":{"@id":"https:\/\/anseros-systeme.de\/#website"},"datePublished":"2014-09-26T08:26:38+00:00","dateModified":"2022-01-18T14:07:33+00:00","breadcrumb":{"@id":"https:\/\/anseros-systeme.de\/de\/dienstleistungen\/service-reparatur\/#breadcrumb"},"inLanguage":"de","potentialAction":[{"@type":"ReadAction","target":["https:\/\/anseros-systeme.de\/de\/dienstleistungen\/service-reparatur\/"]}]},{"@type":"BreadcrumbList","@id":"https:\/\/anseros-systeme.de\/de\/dienstleistungen\/service-reparatur\/#breadcrumb","itemListElement":[{"@type":"ListItem","position":1,"name":"Home","item":"https:\/\/anseros-systeme.de\/de\/"},{"@type":"ListItem","position":2,"name":"Dienstleistungen","item":"https:\/\/anseros-systeme.de\/de\/dienstleistungen\/"},{"@type":"ListItem","position":3,"name":"Service &#038; Reparatur"}]},{"@type":"WebSite","@id":"https:\/\/anseros-systeme.de\/#website","url":"https:\/\/anseros-systeme.de\/","name":"Anseros Ozone Technologies","description":"Ozone Generators | Ozone Analyzers | Ozone Water Treatment Systems | Ozone Air Purification Systems | Ozone Test Chambers","publisher":{"@id":"https:\/\/anseros-systeme.de\/#organization"},"potentialAction":[{"@type":"SearchAction","target":{"@type":"EntryPoint","urlTemplate":"https:\/\/anseros-systeme.de\/?s={search_term_string}"},"query-input":{"@type":"PropertyValueSpecification","valueRequired":true,"valueName":"search_term_string"}}],"inLanguage":"de"},{"@type":"Organization","@id":"https:\/\/anseros-systeme.de\/#organization","name":"ANSROS KLAUS NONNENMACHER GmbH","url":"https:\/\/anseros-systeme.de\/","logo":{"@type":"ImageObject","inLanguage":"de","@id":"https:\/\/anseros-systeme.de\/#\/schema\/logo\/image\/","url":"https:\/\/hoxon.de\/wp-content\/uploads\/logo-7-e1609862136604.png","contentUrl":"https:\/\/hoxon.de\/wp-content\/uploads\/logo-7-e1609862136604.png","width":150,"height":150,"caption":"ANSROS KLAUS NONNENMACHER GmbH"},"image":{"@id":"https:\/\/anseros-systeme.de\/#\/schema\/logo\/image\/"},"sameAs":["https:\/\/www.facebook.com\/AnserosDeutschland\/"]}]}},"_links":{"self":[{"href":"https:\/\/anseros-systeme.de\/de\/wp-json\/wp\/v2\/pages\/3683"}],"collection":[{"href":"https:\/\/anseros-systeme.de\/de\/wp-json\/wp\/v2\/pages"}],"about":[{"href":"https:\/\/anseros-systeme.de\/de\/wp-json\/wp\/v2\/types\/page"}],"author":[{"embeddable":true,"href":"https:\/\/anseros-systeme.de\/de\/wp-json\/wp\/v2\/users\/5"}],"replies":[{"embeddable":true,"href":"https:\/\/anseros-systeme.de\/de\/wp-json\/wp\/v2\/comments?post=3683"}],"version-history":[{"count":5,"href":"https:\/\/anseros-systeme.de\/de\/wp-json\/wp\/v2\/pages\/3683\/revisions"}],"predecessor-version":[{"id":8835,"href":"https:\/\/anseros-systeme.de\/de\/wp-json\/wp\/v2\/pages\/3683\/revisions\/8835"}],"up":[{"embeddable":true,"href":"https:\/\/anseros-systeme.de\/de\/wp-json\/wp\/v2\/pages\/3451"}],"wp:attachment":[{"href":"https:\/\/anseros-systeme.de\/de\/wp-json\/wp\/v2\/media?parent=3683"}],"curies":[{"name":"wp","href":"https:\/\/api.w.org\/{rel}","templated":true}]}}