{"id":3685,"date":"2014-09-26T10:28:47","date_gmt":"2014-09-26T08:28:47","guid":{"rendered":"http:\/\/progwarts.de\/?page_id=3685"},"modified":"2022-01-18T15:59:40","modified_gmt":"2022-01-18T13:59:40","slug":"beratung","status":"publish","type":"page","link":"https:\/\/anseros-systeme.de\/de\/dienstleistungen\/beratung\/","title":{"rendered":"Beratung"},"content":{"rendered":"<div class=\"auto-format ui--animation\"><p>[layerslider id=&#8220;21&#8243;]<\/p>\n<\/div><div  class=\"ui--space clearfix\" data-responsive=\"{&quot;css&quot;:{&quot;height&quot;:{&quot;phone&quot;:null,&quot;tablet&quot;:null,&quot;widescreen&quot;:null}}}\"><\/div><div class=\"ui-row row\">\n <div   class=\"ui-column span8\"><h1 id=\"custom-title-h1-1\" class=\"ui--animation \" style=\"\">Beratung<\/h1>\n\t\t\t<div class=\"ui--carousel-item ui--testimonial-wrap ui--animation clearfix\">\n\n\t\t\t\t<div class=\"ui--testimonial clearfix\">\n\n\t\t\t\t\t<div class=\"ui--testimonial-content ui--box ui--gradient ui--gradient-grey auto-format clearfix\">\n\t\t\t\t\t\t<p>Die Anseros AOP-Technologien werden in au\u00dferordentlich weiten Industriebereichen eingesetzt. In allen aufgef\u00fchrten Ozonanwendungen hat Anseros seit 40 Jahren Erfahrung und Know-How, das Kunden zur Verf\u00fcgung steht und genutzt werden kann. Sollten neue und innovative L\u00f6sungen gesucht sein, so bem\u00fcht sich Anseros Engineering um eine L\u00f6sung. Gerne erwarten wir Ihre Aufgabenstellung.<\/p>\n\n\t\t\t\t\t\t<div class=\"ui--testimonial-arrow\"><i class=\"fontawesome-caret-down\"><\/i><\/div>\n\t\t\t\t\t<\/div>\n\n\t\t\t\t\t\n\n\t\t\t\t<\/div>\n\n\t\t\t<div class=\"clearfix\"><\/div>\n\t\t\t<\/div>\n\t\t\t<h5 id=\"custom-title-h5-1\" class=\"ui--animation \" style=\"\">CEO. Dipl. Ing. Klaus Nonnenmacher<\/h5><\/div> \n\n <div   class=\"ui-column span4\"><div class=\"ui--image-wrap clearfix text-center ui--block\"><img loading=\"lazy\" decoding=\"async\" width=\"329\" height=\"275\" src=\"https:\/\/anseros-systeme.de\/wp-content\/uploads\/solution-329x275.jpg\" class=\"ui--image ui--animation\" alt=\"\" id=\"ui--image-1\" srcset=\"https:\/\/anseros-systeme.de\/wp-content\/uploads\/solution-329x275.jpg 329w, https:\/\/anseros-systeme.de\/wp-content\/uploads\/solution-300x251.jpg 300w, https:\/\/anseros-systeme.de\/wp-content\/uploads\/solution.jpg 407w\" sizes=\"(max-width: 329px) 100vw, 329px\" \/><\/div><\/div> \n\n<\/div> \n","protected":false},"excerpt":{"rendered":"<p>[layerslider id=&#8220;21&#8243;] Beratung Die Anseros AOP-Technologien werden in au\u00dferordentlich weiten Industriebereichen eingesetzt. In allen aufgef\u00fchrten Ozonanwendungen hat Anseros seit 40 Jahren Erfahrung und Know-How, das Kunden zur Verf\u00fcgung steht und genutzt werden kann. Sollten neue und innovative L\u00f6sungen gesucht sein, so bem\u00fcht sich Anseros Engineering um eine L\u00f6sung. Gerne erwarten wir Ihre Aufgabenstellung. CEO. Dipl. [&hellip;]<\/p>\n","protected":false},"author":5,"featured_media":0,"parent":3451,"menu_order":0,"comment_status":"closed","ping_status":"closed","template":"","meta":{"footnotes":""},"class_list":["post-3685","page","type-page","status-publish","hentry"],"yoast_head":"<!-- This site is optimized with the Yoast SEO plugin v23.6 - https:\/\/yoast.com\/wordpress\/plugins\/seo\/ -->\n<title>Beratung - Anseros Ozone Technologies<\/title>\n<meta name=\"robots\" content=\"noindex, follow, max-snippet:-1, max-image-preview:large, max-video-preview:-1\" \/>\n<meta property=\"og:locale\" content=\"de_DE\" \/>\n<meta property=\"og:type\" content=\"article\" \/>\n<meta property=\"og:title\" content=\"Beratung - Anseros Ozone Technologies\" \/>\n<meta property=\"og:description\" content=\"[layerslider id=&#8220;21&#8243;] Beratung Die Anseros AOP-Technologien werden in au\u00dferordentlich weiten Industriebereichen eingesetzt. In allen aufgef\u00fchrten Ozonanwendungen hat Anseros seit 40 Jahren Erfahrung und Know-How, das Kunden zur Verf\u00fcgung steht und genutzt werden kann. Sollten neue und innovative L\u00f6sungen gesucht sein, so bem\u00fcht sich Anseros Engineering um eine L\u00f6sung. Gerne erwarten wir Ihre Aufgabenstellung. CEO. Dipl. [&hellip;]\" \/>\n<meta property=\"og:url\" content=\"https:\/\/anseros-systeme.de\/de\/dienstleistungen\/beratung\/\" \/>\n<meta property=\"og:site_name\" content=\"Anseros Ozone Technologies\" \/>\n<meta property=\"article:publisher\" content=\"https:\/\/www.facebook.com\/AnserosDeutschland\/\" \/>\n<meta property=\"article:modified_time\" content=\"2022-01-18T13:59:40+00:00\" \/>\n<meta name=\"twitter:card\" content=\"summary_large_image\" \/>\n<script type=\"application\/ld+json\" class=\"yoast-schema-graph\">{\"@context\":\"https:\/\/schema.org\",\"@graph\":[{\"@type\":\"WebPage\",\"@id\":\"https:\/\/anseros-systeme.de\/de\/dienstleistungen\/beratung\/\",\"url\":\"https:\/\/anseros-systeme.de\/de\/dienstleistungen\/beratung\/\",\"name\":\"Beratung - Anseros Ozone Technologies\",\"isPartOf\":{\"@id\":\"https:\/\/anseros-systeme.de\/#website\"},\"datePublished\":\"2014-09-26T08:28:47+00:00\",\"dateModified\":\"2022-01-18T13:59:40+00:00\",\"breadcrumb\":{\"@id\":\"https:\/\/anseros-systeme.de\/de\/dienstleistungen\/beratung\/#breadcrumb\"},\"inLanguage\":\"de\",\"potentialAction\":[{\"@type\":\"ReadAction\",\"target\":[\"https:\/\/anseros-systeme.de\/de\/dienstleistungen\/beratung\/\"]}]},{\"@type\":\"BreadcrumbList\",\"@id\":\"https:\/\/anseros-systeme.de\/de\/dienstleistungen\/beratung\/#breadcrumb\",\"itemListElement\":[{\"@type\":\"ListItem\",\"position\":1,\"name\":\"Home\",\"item\":\"https:\/\/anseros-systeme.de\/de\/\"},{\"@type\":\"ListItem\",\"position\":2,\"name\":\"Dienstleistungen\",\"item\":\"https:\/\/anseros-systeme.de\/de\/dienstleistungen\/\"},{\"@type\":\"ListItem\",\"position\":3,\"name\":\"Beratung\"}]},{\"@type\":\"WebSite\",\"@id\":\"https:\/\/anseros-systeme.de\/#website\",\"url\":\"https:\/\/anseros-systeme.de\/\",\"name\":\"Anseros Ozone Technologies\",\"description\":\"Ozone Generators | Ozone Analyzers | Ozone Water Treatment Systems | Ozone Air Purification Systems | Ozone Test Chambers\",\"publisher\":{\"@id\":\"https:\/\/anseros-systeme.de\/#organization\"},\"potentialAction\":[{\"@type\":\"SearchAction\",\"target\":{\"@type\":\"EntryPoint\",\"urlTemplate\":\"https:\/\/anseros-systeme.de\/?s={search_term_string}\"},\"query-input\":{\"@type\":\"PropertyValueSpecification\",\"valueRequired\":true,\"valueName\":\"search_term_string\"}}],\"inLanguage\":\"de\"},{\"@type\":\"Organization\",\"@id\":\"https:\/\/anseros-systeme.de\/#organization\",\"name\":\"ANSROS KLAUS NONNENMACHER GmbH\",\"url\":\"https:\/\/anseros-systeme.de\/\",\"logo\":{\"@type\":\"ImageObject\",\"inLanguage\":\"de\",\"@id\":\"https:\/\/anseros-systeme.de\/#\/schema\/logo\/image\/\",\"url\":\"https:\/\/hoxon.de\/wp-content\/uploads\/logo-7-e1609862136604.png\",\"contentUrl\":\"https:\/\/hoxon.de\/wp-content\/uploads\/logo-7-e1609862136604.png\",\"width\":150,\"height\":150,\"caption\":\"ANSROS KLAUS NONNENMACHER GmbH\"},\"image\":{\"@id\":\"https:\/\/anseros-systeme.de\/#\/schema\/logo\/image\/\"},\"sameAs\":[\"https:\/\/www.facebook.com\/AnserosDeutschland\/\"]}]}<\/script>\n<!-- \/ Yoast SEO plugin. -->","yoast_head_json":{"title":"Beratung - Anseros Ozone Technologies","robots":{"index":"noindex","follow":"follow","max-snippet":"max-snippet:-1","max-image-preview":"max-image-preview:large","max-video-preview":"max-video-preview:-1"},"og_locale":"de_DE","og_type":"article","og_title":"Beratung - Anseros Ozone Technologies","og_description":"[layerslider id=&#8220;21&#8243;] Beratung Die Anseros AOP-Technologien werden in au\u00dferordentlich weiten Industriebereichen eingesetzt. In allen aufgef\u00fchrten Ozonanwendungen hat Anseros seit 40 Jahren Erfahrung und Know-How, das Kunden zur Verf\u00fcgung steht und genutzt werden kann. Sollten neue und innovative L\u00f6sungen gesucht sein, so bem\u00fcht sich Anseros Engineering um eine L\u00f6sung. Gerne erwarten wir Ihre Aufgabenstellung. CEO. Dipl. [&hellip;]","og_url":"https:\/\/anseros-systeme.de\/de\/dienstleistungen\/beratung\/","og_site_name":"Anseros Ozone Technologies","article_publisher":"https:\/\/www.facebook.com\/AnserosDeutschland\/","article_modified_time":"2022-01-18T13:59:40+00:00","twitter_card":"summary_large_image","schema":{"@context":"https:\/\/schema.org","@graph":[{"@type":"WebPage","@id":"https:\/\/anseros-systeme.de\/de\/dienstleistungen\/beratung\/","url":"https:\/\/anseros-systeme.de\/de\/dienstleistungen\/beratung\/","name":"Beratung - Anseros Ozone Technologies","isPartOf":{"@id":"https:\/\/anseros-systeme.de\/#website"},"datePublished":"2014-09-26T08:28:47+00:00","dateModified":"2022-01-18T13:59:40+00:00","breadcrumb":{"@id":"https:\/\/anseros-systeme.de\/de\/dienstleistungen\/beratung\/#breadcrumb"},"inLanguage":"de","potentialAction":[{"@type":"ReadAction","target":["https:\/\/anseros-systeme.de\/de\/dienstleistungen\/beratung\/"]}]},{"@type":"BreadcrumbList","@id":"https:\/\/anseros-systeme.de\/de\/dienstleistungen\/beratung\/#breadcrumb","itemListElement":[{"@type":"ListItem","position":1,"name":"Home","item":"https:\/\/anseros-systeme.de\/de\/"},{"@type":"ListItem","position":2,"name":"Dienstleistungen","item":"https:\/\/anseros-systeme.de\/de\/dienstleistungen\/"},{"@type":"ListItem","position":3,"name":"Beratung"}]},{"@type":"WebSite","@id":"https:\/\/anseros-systeme.de\/#website","url":"https:\/\/anseros-systeme.de\/","name":"Anseros Ozone Technologies","description":"Ozone Generators | Ozone Analyzers | Ozone Water Treatment Systems | Ozone Air Purification Systems | Ozone Test Chambers","publisher":{"@id":"https:\/\/anseros-systeme.de\/#organization"},"potentialAction":[{"@type":"SearchAction","target":{"@type":"EntryPoint","urlTemplate":"https:\/\/anseros-systeme.de\/?s={search_term_string}"},"query-input":{"@type":"PropertyValueSpecification","valueRequired":true,"valueName":"search_term_string"}}],"inLanguage":"de"},{"@type":"Organization","@id":"https:\/\/anseros-systeme.de\/#organization","name":"ANSROS KLAUS NONNENMACHER GmbH","url":"https:\/\/anseros-systeme.de\/","logo":{"@type":"ImageObject","inLanguage":"de","@id":"https:\/\/anseros-systeme.de\/#\/schema\/logo\/image\/","url":"https:\/\/hoxon.de\/wp-content\/uploads\/logo-7-e1609862136604.png","contentUrl":"https:\/\/hoxon.de\/wp-content\/uploads\/logo-7-e1609862136604.png","width":150,"height":150,"caption":"ANSROS KLAUS NONNENMACHER GmbH"},"image":{"@id":"https:\/\/anseros-systeme.de\/#\/schema\/logo\/image\/"},"sameAs":["https:\/\/www.facebook.com\/AnserosDeutschland\/"]}]}},"_links":{"self":[{"href":"https:\/\/anseros-systeme.de\/de\/wp-json\/wp\/v2\/pages\/3685"}],"collection":[{"href":"https:\/\/anseros-systeme.de\/de\/wp-json\/wp\/v2\/pages"}],"about":[{"href":"https:\/\/anseros-systeme.de\/de\/wp-json\/wp\/v2\/types\/page"}],"author":[{"embeddable":true,"href":"https:\/\/anseros-systeme.de\/de\/wp-json\/wp\/v2\/users\/5"}],"replies":[{"embeddable":true,"href":"https:\/\/anseros-systeme.de\/de\/wp-json\/wp\/v2\/comments?post=3685"}],"version-history":[{"count":8,"href":"https:\/\/anseros-systeme.de\/de\/wp-json\/wp\/v2\/pages\/3685\/revisions"}],"predecessor-version":[{"id":8832,"href":"https:\/\/anseros-systeme.de\/de\/wp-json\/wp\/v2\/pages\/3685\/revisions\/8832"}],"up":[{"embeddable":true,"href":"https:\/\/anseros-systeme.de\/de\/wp-json\/wp\/v2\/pages\/3451"}],"wp:attachment":[{"href":"https:\/\/anseros-systeme.de\/de\/wp-json\/wp\/v2\/media?parent=3685"}],"curies":[{"name":"wp","href":"https:\/\/api.w.org\/{rel}","templated":true}]}}