{"id":3832,"date":"2021-11-10T12:04:23","date_gmt":"2021-11-10T10:04:23","guid":{"rendered":"http:\/\/progwarts.de\/?page_id=3832"},"modified":"2022-03-29T16:45:30","modified_gmt":"2022-03-29T14:45:30","slug":"ozonzerstoerer","status":"publish","type":"page","link":"https:\/\/anseros-systeme.de\/de\/produkte\/ozonzerstoerer\/","title":{"rendered":"Ozonzerst\u00f6rer"},"content":{"rendered":"<div  class=\"ui--tagline-box-wrapper ui--animation clearfix\"><div  id=\"tagline-1\" class=\"ui--tagline-box ui-row clearfix ui--tagline-box-custom-color radius-6px\" data-responsive=\"{&quot;css&quot;:{&quot;min-height&quot;:{&quot;phone&quot;:&quot;auto&quot;,&quot;tablet&quot;:&quot;auto&quot;,&quot;widescreen&quot;:&quot;&quot;}}}\"><div  class=\"ui--tagline-background-container ui--tagline-background-overlay radius-6px\"><\/div><div  class=\"ui--tagline-background-container ui--tagline-background-image radius-6px\"><\/div><div  class=\"ui--tagline-content\"><h2 id=\"custom-title-h2-1\" class=\"ui--animation \" style=\"\"><strong>Wie kann man Ozon vernichten?<\/strong><\/h2><div  class=\"ui--divider ui--animation clearfix ui--divider-fade-line\" style=\"margin-top: 1px;  margin-bottom: 1px;\">\n\t\t\t\t\t\t<div class=\"ui--divider-inner-wrap\">\n\t\t\t\t\t\t\t<div class=\"ui--divider-part ui--divider-part-left\"><\/div>\n\t\t\t\t\t\t\t<div class=\"ui--divider-part ui--divider-part-right\"><\/div>\n\t\t\t\t\t\t<\/div>\n\t\t\t\t\t<\/div><div class=\"ui-row row\">\n <div   class=\"ui-column span6\"><div class=\"auto-format ui--animation\"><p>Aufgrund seiner hohen Instabilit\u00e4t kann Ozon mit einem Ozonzerst\u00f6rer auf verschiedene Weise zerst\u00f6rt werden. Der Zerst\u00f6rungsprozess von Ozongas wird in thermische und katalytische Verfahren unterteilt. Ozon kann bei hohen Temperaturen schnell zerst\u00f6rt werden. Ozonvernichter beinhalten innovative Isolatoren f\u00fcr einen Nullenergieverbrauch. Das Beschickungsgas kann organische Stoffe oder S\u00e4uren enthalten. Die Systeme eignen sich f\u00fcr eine ultrareine Anwendung ohne jegliche Emission von Metallpartikeln oder anderen Substanzen. Das katalytische Verfahren erm\u00f6glicht es dem Ger\u00e4t, die Ozonkonzentration zu reduzieren. Das einstr\u00f6mende Ozongas wird mithilfe eines Katalysators umgewandelt. Dieser Vorgang hinterl\u00e4sst keine R\u00fcckst\u00e4nde. Eine weitere L\u00f6sung stellt die UV-Technologie dar. Gel\u00f6stes Ozon kann im Wasser durch UV-Strahlung zerst\u00f6rt werden, beispielsweise bei der Reinstwasseraufbereitung in der Halbleiterindustrie. Hierbei spielt der Abbau des Restozongehalts in der Luft und im Wasser eine wesentliche Rolle. W\u00e4hrend Ozongas bei einer Temperatur von 20\u00b0C erst nach mehreren Tagen wieder in Sauerstoff zerf\u00e4llt, besitzt das in Wasser gel\u00f6ste Ozon eine deutlich geringere Zerfallsdauer. Mit der Zunahme der Temperatur wird der Ozonabbau beschleunigt. <\/p>\n<\/div><\/div> \n\n <div   class=\"ui-column span6\"><div class=\"auto-format ui--animation\"><p>Bei einer Temperatur\u00e4nderung um +20\u00b0C wird die Abbauzeit im Wasser halbiert. \u00c4hnlich verh\u00e4lt sich der Restozonabbau in der Gasphase, sodass der Ozongehalt bei ansteigender Temperatur bereits nach wenigen Sekunden reduziert werden kann. Die Wasser- und Luftindustrie, aber auch Lebensmittel- und Abf\u00fcllbetriebe nutzen unsere Ozonvernichter auch zur Vernichtung von Ozongas. Auch f\u00fcr Trink- und Brauchwasser finden unsere Ozonger\u00e4te vielf\u00e4ltige Anwendung.<br \/>\nDie Bauvarianten mit schlanken und langgestreckten Abmessungen eignen sich f\u00fcr die Montage unter Doppelb\u00f6den in Reinr\u00e4umen \u2013 auch in der Halbleiterindustrie. Alle Destruktoren sind wartungsfrei und f\u00fcr einen langlebigen Einsatz ausgelegt. Die Ger\u00e4te sind in Edelstahlgeh\u00e4usen erh\u00e4ltlich.<br \/>\nDie Ozonzerst\u00f6rer von ANSEROS reduzieren die Ozonkonzentration auf schnelle Weise. Auch f\u00fcr Ihre individuelle Ozonvernichtung in der Gas- und gel\u00f6sten Phase haben wir die ideale L\u00f6sung.<\/p>\n<p>Teilen Sie uns Ihr Vorhaben mit und wir suchen nach einer L\u00f6sung. Wir freuen uns auf Ihre Anfrage.<\/p>\n<\/div><\/div> \n\n<\/div> \n<\/div><\/div><\/div><div  class=\"ui--tagline-box-wrapper ui--animation clearfix\"><div  id=\"tagline-2\" class=\"ui--tagline-box ui-row clearfix ui--tagline-box-custom-color radius-6px\" data-responsive=\"{&quot;css&quot;:{&quot;min-height&quot;:{&quot;phone&quot;:&quot;auto&quot;,&quot;tablet&quot;:&quot;auto&quot;,&quot;widescreen&quot;:&quot;&quot;}}}\"><div  class=\"ui--tagline-background-container ui--tagline-background-overlay radius-6px\"><\/div><div  class=\"ui--tagline-background-container ui--tagline-background-image radius-6px\"><\/div><div  class=\"ui--tagline-content\"><h3 id=\"custom-title-h3-1\" class=\"ui--animation \" style=\"\"><strong>Empfohlene Ozonzerst\u00f6rer \/ Ozonvernichter<\/strong><\/h3><div class=\"portfolio-container-wrapper ui--pass\" data-layout=\"normal\" data-columns=\"3\"><div id=\"portfolio-tG05j\" class=\"portfolio-container layout--normal clearfix\"><div class=\"ui-row row\">\n <div   class=\"ui-column span4\"><div  class=\"ui--content-box ui--box ui--content-item ui--animation ui-row\"><div class=\"ui--content-box-header\"><div class=\"ui--content-box-media effect--fade type--default clearfix ratio-original\"><a class=\"ui--content-box-link\" href=\"https:\/\/anseros-systeme.de\/de\/ozone\/ozonzerstorer-cat-tab-300\/\"><div class=\"ui--content-box-image-default\"><img loading=\"lazy\" decoding=\"async\" width=\"982\" height=\"1500\" src=\"https:\/\/anseros-systeme.de\/wp-content\/uploads\/Anseros-ozone-destructor-CAT-TAB-300.jpg\" class=\"ui--content-box-image\" alt=\"Anseros-ozone-destructor-CAT-TAB-300\" srcset=\"https:\/\/anseros-systeme.de\/wp-content\/uploads\/Anseros-ozone-destructor-CAT-TAB-300.jpg 982w, https:\/\/anseros-systeme.de\/wp-content\/uploads\/Anseros-ozone-destructor-CAT-TAB-300-196x300.jpg 196w, https:\/\/anseros-systeme.de\/wp-content\/uploads\/Anseros-ozone-destructor-CAT-TAB-300-674x1030.jpg 674w, https:\/\/anseros-systeme.de\/wp-content\/uploads\/Anseros-ozone-destructor-CAT-TAB-300-768x1173.jpg 768w\" sizes=\"(max-width: 982px) 100vw, 982px\" \/><\/div><div class=\"ui--content-box-overlay\"><div class=\"ui--content-box-overlay-background\"><\/div><div class=\"center\"><\/div><\/div><\/a><\/div><a class=\"ui--content-box-link\" href=\"https:\/\/anseros-systeme.de\/de\/ozone\/ozonzerstorer-cat-tab-300\/\"><div class=\"ui--content-box-title ui--gradient ui--gradient-grey on--hover clearfix text-center\"><h3 class=\"ui--content-box-title-text\">Ozonzerst\u00f6rer CAT-TAB-300<\/h3><\/div><\/a><\/div><\/div><\/div> \n\n <div   class=\"ui-column span4\"><div  class=\"ui--content-box ui--box ui--content-item ui--animation ui-row\"><div class=\"ui--content-box-header\"><div class=\"ui--content-box-media effect--fade type--default clearfix ratio-original\"><a class=\"ui--content-box-link\" href=\"https:\/\/anseros-systeme.de\/de\/ozone\/ozonzerstoerer-cat-ho-8000\/\"><div class=\"ui--content-box-image-default\"><img loading=\"lazy\" decoding=\"async\" width=\"982\" height=\"1500\" src=\"https:\/\/anseros-systeme.de\/wp-content\/uploads\/Anseros-ozone-destructor-CAT-HO-8000.jpg\" class=\"ui--content-box-image\" alt=\"Anseros-ozone-destructor-C\" srcset=\"https:\/\/anseros-systeme.de\/wp-content\/uploads\/Anseros-ozone-destructor-CAT-HO-8000.jpg 982w, https:\/\/anseros-systeme.de\/wp-content\/uploads\/Anseros-ozone-destructor-CAT-HO-8000-196x300.jpg 196w, https:\/\/anseros-systeme.de\/wp-content\/uploads\/Anseros-ozone-destructor-CAT-HO-8000-674x1030.jpg 674w, https:\/\/anseros-systeme.de\/wp-content\/uploads\/Anseros-ozone-destructor-CAT-HO-8000-768x1173.jpg 768w\" sizes=\"(max-width: 982px) 100vw, 982px\" \/><\/div><div class=\"ui--content-box-overlay\"><div class=\"ui--content-box-overlay-background\"><\/div><div class=\"center\"><\/div><\/div><\/a><\/div><a class=\"ui--content-box-link\" href=\"https:\/\/anseros-systeme.de\/de\/ozone\/ozonzerstoerer-cat-ho-8000\/\"><div class=\"ui--content-box-title ui--gradient ui--gradient-grey on--hover clearfix text-center\"><h3 class=\"ui--content-box-title-text\">Ozonzerst\u00f6rer CAT-HO-8000<\/h3><\/div><\/a><\/div><\/div><\/div> \n\n <div   class=\"ui-column span4\"><div  class=\"ui--content-box ui--box ui--content-item ui--animation ui-row\"><div class=\"ui--content-box-header\"><div class=\"ui--content-box-media effect--fade type--default clearfix ratio-original\"><a class=\"ui--content-box-link\" href=\"https:\/\/anseros-systeme.de\/de\/ozone\/ozonzerstorer-cat-uvc-1\/\"><div class=\"ui--content-box-image-default\"><img loading=\"lazy\" decoding=\"async\" width=\"982\" height=\"1500\" src=\"https:\/\/anseros-systeme.de\/wp-content\/uploads\/Anseros-ozone-destructor-CAT-UVC-1.jpg\" class=\"ui--content-box-image\" alt=\"Anseros-ozone-destructor-CAT-UVC-1\" srcset=\"https:\/\/anseros-systeme.de\/wp-content\/uploads\/Anseros-ozone-destructor-CAT-UVC-1.jpg 982w, https:\/\/anseros-systeme.de\/wp-content\/uploads\/Anseros-ozone-destructor-CAT-UVC-1-196x300.jpg 196w, https:\/\/anseros-systeme.de\/wp-content\/uploads\/Anseros-ozone-destructor-CAT-UVC-1-674x1030.jpg 674w, https:\/\/anseros-systeme.de\/wp-content\/uploads\/Anseros-ozone-destructor-CAT-UVC-1-768x1173.jpg 768w\" sizes=\"(max-width: 982px) 100vw, 982px\" \/><\/div><div class=\"ui--content-box-overlay\"><div class=\"ui--content-box-overlay-background\"><\/div><div class=\"center\"><\/div><\/div><\/a><\/div><a class=\"ui--content-box-link\" href=\"https:\/\/anseros-systeme.de\/de\/ozone\/ozonzerstorer-cat-uvc-1\/\"><div class=\"ui--content-box-title ui--gradient ui--gradient-grey on--hover clearfix text-center\"><h3 class=\"ui--content-box-title-text\">Ozonzerst\u00f6rer CAT-UVC-1<\/h3><\/div><\/a><\/div><\/div><\/div> \n\n<\/div> \n<div class=\"ui-row row\">\n <div   class=\"ui-column span4\"><div  class=\"ui--content-box ui--box ui--content-item ui--animation ui-row\"><div class=\"ui--content-box-header\"><div class=\"ui--content-box-media effect--fade type--default clearfix ratio-original\"><a class=\"ui--content-box-link\" href=\"https:\/\/anseros-systeme.de\/de\/ozone\/ozonzerstoerer-cat-uv-0230\/\"><div class=\"ui--content-box-image-default\"><img loading=\"lazy\" decoding=\"async\" width=\"982\" height=\"1500\" src=\"https:\/\/anseros-systeme.de\/wp-content\/uploads\/Anseros-ozone-destructor-CAT-UVC-0230-portrait.jpg\" class=\"ui--content-box-image\" alt=\"Anseros-ozone-destructor-CAT-UVC-0230-portrait\" srcset=\"https:\/\/anseros-systeme.de\/wp-content\/uploads\/Anseros-ozone-destructor-CAT-UVC-0230-portrait.jpg 982w, https:\/\/anseros-systeme.de\/wp-content\/uploads\/Anseros-ozone-destructor-CAT-UVC-0230-portrait-196x300.jpg 196w, https:\/\/anseros-systeme.de\/wp-content\/uploads\/Anseros-ozone-destructor-CAT-UVC-0230-portrait-674x1030.jpg 674w, https:\/\/anseros-systeme.de\/wp-content\/uploads\/Anseros-ozone-destructor-CAT-UVC-0230-portrait-768x1173.jpg 768w\" sizes=\"(max-width: 982px) 100vw, 982px\" \/><\/div><div class=\"ui--content-box-overlay\"><div class=\"ui--content-box-overlay-background\"><\/div><div class=\"center\"><\/div><\/div><\/a><\/div><a class=\"ui--content-box-link\" href=\"https:\/\/anseros-systeme.de\/de\/ozone\/ozonzerstoerer-cat-uv-0230\/\"><div class=\"ui--content-box-title ui--gradient ui--gradient-grey on--hover clearfix text-center\"><h3 class=\"ui--content-box-title-text\">Ozonzerst\u00f6rer CAT-UV-0230<\/h3><\/div><\/a><\/div><\/div><\/div> \n\n<\/div> \n<\/div><\/div><\/div><\/div><\/div>","protected":false},"excerpt":{"rendered":"<p>Wie kann man Ozon vernichten? Aufgrund seiner hohen Instabilit\u00e4t kann Ozon mit einem Ozonzerst\u00f6rer auf verschiedene Weise zerst\u00f6rt werden. Der Zerst\u00f6rungsprozess von Ozongas wird in thermische und katalytische Verfahren unterteilt. Ozon kann bei hohen Temperaturen schnell zerst\u00f6rt werden. Ozonvernichter beinhalten innovative Isolatoren f\u00fcr einen Nullenergieverbrauch. Das Beschickungsgas kann organische Stoffe oder S\u00e4uren enthalten. Die Systeme [&hellip;]<\/p>\n","protected":false},"author":5,"featured_media":0,"parent":1911,"menu_order":4,"comment_status":"closed","ping_status":"closed","template":"","meta":{"footnotes":""},"class_list":["post-3832","page","type-page","status-publish","hentry"],"yoast_head":"<!-- This site is optimized with the Yoast SEO plugin v23.6 - https:\/\/yoast.com\/wordpress\/plugins\/seo\/ -->\n<title>Ozonzerst\u00f6rer - Anseros- Ozone Technologies | Ozone Systems<\/title>\n<meta name=\"description\" content=\"Die ANSEROS Ozonzerst\u00f6rer \u2013 Ozon im Handumdrehen zerst\u00f6ren. Metallfreie Ozonzerst\u00f6rung geeignet f\u00fcr eine saubere Verarbeitung.\" \/>\n<meta name=\"robots\" content=\"noindex, follow, max-snippet:-1, max-image-preview:large, max-video-preview:-1\" \/>\n<meta property=\"og:locale\" content=\"de_DE\" \/>\n<meta property=\"og:type\" content=\"article\" \/>\n<meta property=\"og:title\" content=\"Ozonzerst\u00f6rer - Anseros- Ozone Technologies | Ozone Systems\" \/>\n<meta property=\"og:description\" content=\"Die ANSEROS Ozonzerst\u00f6rer \u2013 Ozon im Handumdrehen zerst\u00f6ren. Metallfreie Ozonzerst\u00f6rung geeignet f\u00fcr eine saubere Verarbeitung.\" \/>\n<meta property=\"og:url\" content=\"https:\/\/anseros-systeme.de\/de\/produkte\/ozonzerstoerer\/\" \/>\n<meta property=\"og:site_name\" content=\"Anseros Ozone Technologies\" \/>\n<meta property=\"article:publisher\" content=\"https:\/\/www.facebook.com\/AnserosDeutschland\/\" \/>\n<meta property=\"article:modified_time\" content=\"2022-03-29T14:45:30+00:00\" \/>\n<meta name=\"twitter:card\" content=\"summary_large_image\" \/>\n<script type=\"application\/ld+json\" class=\"yoast-schema-graph\">{\"@context\":\"https:\/\/schema.org\",\"@graph\":[{\"@type\":\"WebPage\",\"@id\":\"https:\/\/anseros-systeme.de\/de\/produkte\/ozonzerstoerer\/\",\"url\":\"https:\/\/anseros-systeme.de\/de\/produkte\/ozonzerstoerer\/\",\"name\":\"Ozonzerst\u00f6rer - Anseros- Ozone Technologies | Ozone Systems\",\"isPartOf\":{\"@id\":\"https:\/\/anseros-systeme.de\/#website\"},\"datePublished\":\"2021-11-10T10:04:23+00:00\",\"dateModified\":\"2022-03-29T14:45:30+00:00\",\"description\":\"Die ANSEROS Ozonzerst\u00f6rer \u2013 Ozon im Handumdrehen zerst\u00f6ren. Metallfreie Ozonzerst\u00f6rung geeignet f\u00fcr eine saubere Verarbeitung.\",\"breadcrumb\":{\"@id\":\"https:\/\/anseros-systeme.de\/de\/produkte\/ozonzerstoerer\/#breadcrumb\"},\"inLanguage\":\"de\",\"potentialAction\":[{\"@type\":\"ReadAction\",\"target\":[\"https:\/\/anseros-systeme.de\/de\/produkte\/ozonzerstoerer\/\"]}]},{\"@type\":\"BreadcrumbList\",\"@id\":\"https:\/\/anseros-systeme.de\/de\/produkte\/ozonzerstoerer\/#breadcrumb\",\"itemListElement\":[{\"@type\":\"ListItem\",\"position\":1,\"name\":\"Home\",\"item\":\"https:\/\/anseros-systeme.de\/de\/\"},{\"@type\":\"ListItem\",\"position\":2,\"name\":\"Produkte\",\"item\":\"https:\/\/anseros-systeme.de\/de\/produkte\/\"},{\"@type\":\"ListItem\",\"position\":3,\"name\":\"Ozonzerst\u00f6rer\"}]},{\"@type\":\"WebSite\",\"@id\":\"https:\/\/anseros-systeme.de\/#website\",\"url\":\"https:\/\/anseros-systeme.de\/\",\"name\":\"Anseros Ozone Technologies\",\"description\":\"Ozone Generators | Ozone Analyzers | Ozone Water Treatment Systems | Ozone Air Purification Systems | Ozone Test Chambers\",\"publisher\":{\"@id\":\"https:\/\/anseros-systeme.de\/#organization\"},\"potentialAction\":[{\"@type\":\"SearchAction\",\"target\":{\"@type\":\"EntryPoint\",\"urlTemplate\":\"https:\/\/anseros-systeme.de\/?s={search_term_string}\"},\"query-input\":{\"@type\":\"PropertyValueSpecification\",\"valueRequired\":true,\"valueName\":\"search_term_string\"}}],\"inLanguage\":\"de\"},{\"@type\":\"Organization\",\"@id\":\"https:\/\/anseros-systeme.de\/#organization\",\"name\":\"ANSROS KLAUS NONNENMACHER GmbH\",\"url\":\"https:\/\/anseros-systeme.de\/\",\"logo\":{\"@type\":\"ImageObject\",\"inLanguage\":\"de\",\"@id\":\"https:\/\/anseros-systeme.de\/#\/schema\/logo\/image\/\",\"url\":\"https:\/\/hoxon.de\/wp-content\/uploads\/logo-7-e1609862136604.png\",\"contentUrl\":\"https:\/\/hoxon.de\/wp-content\/uploads\/logo-7-e1609862136604.png\",\"width\":150,\"height\":150,\"caption\":\"ANSROS KLAUS NONNENMACHER GmbH\"},\"image\":{\"@id\":\"https:\/\/anseros-systeme.de\/#\/schema\/logo\/image\/\"},\"sameAs\":[\"https:\/\/www.facebook.com\/AnserosDeutschland\/\"]}]}<\/script>\n<!-- \/ Yoast SEO plugin. -->","yoast_head_json":{"title":"Ozonzerst\u00f6rer - Anseros- Ozone Technologies | Ozone Systems","description":"Die ANSEROS Ozonzerst\u00f6rer \u2013 Ozon im Handumdrehen zerst\u00f6ren. Metallfreie Ozonzerst\u00f6rung geeignet f\u00fcr eine saubere Verarbeitung.","robots":{"index":"noindex","follow":"follow","max-snippet":"max-snippet:-1","max-image-preview":"max-image-preview:large","max-video-preview":"max-video-preview:-1"},"og_locale":"de_DE","og_type":"article","og_title":"Ozonzerst\u00f6rer - Anseros- Ozone Technologies | Ozone Systems","og_description":"Die ANSEROS Ozonzerst\u00f6rer \u2013 Ozon im Handumdrehen zerst\u00f6ren. Metallfreie Ozonzerst\u00f6rung geeignet f\u00fcr eine saubere Verarbeitung.","og_url":"https:\/\/anseros-systeme.de\/de\/produkte\/ozonzerstoerer\/","og_site_name":"Anseros Ozone Technologies","article_publisher":"https:\/\/www.facebook.com\/AnserosDeutschland\/","article_modified_time":"2022-03-29T14:45:30+00:00","twitter_card":"summary_large_image","schema":{"@context":"https:\/\/schema.org","@graph":[{"@type":"WebPage","@id":"https:\/\/anseros-systeme.de\/de\/produkte\/ozonzerstoerer\/","url":"https:\/\/anseros-systeme.de\/de\/produkte\/ozonzerstoerer\/","name":"Ozonzerst\u00f6rer - Anseros- Ozone Technologies | Ozone Systems","isPartOf":{"@id":"https:\/\/anseros-systeme.de\/#website"},"datePublished":"2021-11-10T10:04:23+00:00","dateModified":"2022-03-29T14:45:30+00:00","description":"Die ANSEROS Ozonzerst\u00f6rer \u2013 Ozon im Handumdrehen zerst\u00f6ren. Metallfreie Ozonzerst\u00f6rung geeignet f\u00fcr eine saubere Verarbeitung.","breadcrumb":{"@id":"https:\/\/anseros-systeme.de\/de\/produkte\/ozonzerstoerer\/#breadcrumb"},"inLanguage":"de","potentialAction":[{"@type":"ReadAction","target":["https:\/\/anseros-systeme.de\/de\/produkte\/ozonzerstoerer\/"]}]},{"@type":"BreadcrumbList","@id":"https:\/\/anseros-systeme.de\/de\/produkte\/ozonzerstoerer\/#breadcrumb","itemListElement":[{"@type":"ListItem","position":1,"name":"Home","item":"https:\/\/anseros-systeme.de\/de\/"},{"@type":"ListItem","position":2,"name":"Produkte","item":"https:\/\/anseros-systeme.de\/de\/produkte\/"},{"@type":"ListItem","position":3,"name":"Ozonzerst\u00f6rer"}]},{"@type":"WebSite","@id":"https:\/\/anseros-systeme.de\/#website","url":"https:\/\/anseros-systeme.de\/","name":"Anseros Ozone Technologies","description":"Ozone Generators | Ozone Analyzers | Ozone Water Treatment Systems | Ozone Air Purification Systems | Ozone Test Chambers","publisher":{"@id":"https:\/\/anseros-systeme.de\/#organization"},"potentialAction":[{"@type":"SearchAction","target":{"@type":"EntryPoint","urlTemplate":"https:\/\/anseros-systeme.de\/?s={search_term_string}"},"query-input":{"@type":"PropertyValueSpecification","valueRequired":true,"valueName":"search_term_string"}}],"inLanguage":"de"},{"@type":"Organization","@id":"https:\/\/anseros-systeme.de\/#organization","name":"ANSROS KLAUS NONNENMACHER GmbH","url":"https:\/\/anseros-systeme.de\/","logo":{"@type":"ImageObject","inLanguage":"de","@id":"https:\/\/anseros-systeme.de\/#\/schema\/logo\/image\/","url":"https:\/\/hoxon.de\/wp-content\/uploads\/logo-7-e1609862136604.png","contentUrl":"https:\/\/hoxon.de\/wp-content\/uploads\/logo-7-e1609862136604.png","width":150,"height":150,"caption":"ANSROS KLAUS NONNENMACHER GmbH"},"image":{"@id":"https:\/\/anseros-systeme.de\/#\/schema\/logo\/image\/"},"sameAs":["https:\/\/www.facebook.com\/AnserosDeutschland\/"]}]}},"_links":{"self":[{"href":"https:\/\/anseros-systeme.de\/de\/wp-json\/wp\/v2\/pages\/3832"}],"collection":[{"href":"https:\/\/anseros-systeme.de\/de\/wp-json\/wp\/v2\/pages"}],"about":[{"href":"https:\/\/anseros-systeme.de\/de\/wp-json\/wp\/v2\/types\/page"}],"author":[{"embeddable":true,"href":"https:\/\/anseros-systeme.de\/de\/wp-json\/wp\/v2\/users\/5"}],"replies":[{"embeddable":true,"href":"https:\/\/anseros-systeme.de\/de\/wp-json\/wp\/v2\/comments?post=3832"}],"version-history":[{"count":17,"href":"https:\/\/anseros-systeme.de\/de\/wp-json\/wp\/v2\/pages\/3832\/revisions"}],"predecessor-version":[{"id":9042,"href":"https:\/\/anseros-systeme.de\/de\/wp-json\/wp\/v2\/pages\/3832\/revisions\/9042"}],"up":[{"embeddable":true,"href":"https:\/\/anseros-systeme.de\/de\/wp-json\/wp\/v2\/pages\/1911"}],"wp:attachment":[{"href":"https:\/\/anseros-systeme.de\/de\/wp-json\/wp\/v2\/media?parent=3832"}],"curies":[{"name":"wp","href":"https:\/\/api.w.org\/{rel}","templated":true}]}}