{"id":4314,"date":"2014-11-20T09:22:55","date_gmt":"2014-11-20T07:22:55","guid":{"rendered":"http:\/\/progwarts.de\/?page_id=4314"},"modified":"2021-11-09T18:16:34","modified_gmt":"2021-11-09T16:16:34","slug":"gewaechshaus","status":"publish","type":"page","link":"https:\/\/anseros-systeme.de\/de\/ozonanwendungen\/landwirtschaft-lebensmittel\/gewaechshaus\/","title":{"rendered":"Gew\u00e4chshaus"},"content":{"rendered":"<div class=\"ui--title ui--animation ui--title-bordered text-left\"><div class=\"ui--title-holder\"><h1 class=\"ui--title-text\">Gew\u00e4chshaus<\/h1><div class=\"ui--title-borders ui--title-border-left\"><\/div><div class=\"ui--title-borders ui--title-border-right\"><\/div><\/div><\/div><div class=\"ui-row row\">\n <div   class=\"ui-column span8\"><div class=\"auto-format ui--animation\"><p>In Gew\u00e4chsh\u00e4usern werden Wasser und D\u00fcnger direkt der Wurzel zugef\u00fchrt. Das Drainagewasser wird aufbereitet und rezirkuliert. Dadurch entsteht eine gro\u00dfe Gefahr, Krankheiten zu \u00fcbertragen, so dass ein Besatz zum Ausfall der gesamten Ernte f\u00fchrt. Keimfreies Wasser ist unbedingt erforderlich, um Pflanzen gesund und ertragreich zu kultivieren.<\/p>\n<\/div><div class=\"auto-format ui--animation\"><p><em>Hydroponik, Bodenkultivierung, Wurzelbehandlung, Tomaten, Paprika, Gurken, Tulpen, Sanitisierung, Hygiene, Kohlendioxid, \u00c4thylen, Regenwasser, Abwasser, Zisterne, Brunnen.<\/em><\/p>\n<\/div><\/div> \n\n <div   class=\"ui-column span4\"><div class=\"ui--image-wrap clearfix\"><img loading=\"lazy\" decoding=\"async\" width=\"849\" height=\"566\" src=\"https:\/\/anseros-systeme.de\/wp-content\/uploads\/gewaechshaus-3.jpg\" class=\"ui--image ui--animation\" alt=\"\" title=\"gewaechshaus-3\" id=\"ui--image-1\" srcset=\"https:\/\/anseros-systeme.de\/wp-content\/uploads\/gewaechshaus-3.jpg 849w, https:\/\/anseros-systeme.de\/wp-content\/uploads\/gewaechshaus-3-300x200.jpg 300w\" sizes=\"(max-width: 849px) 100vw, 849px\" \/><\/div><div  class=\"ui--space clearfix\" data-responsive=\"{&quot;css&quot;:{&quot;height&quot;:{&quot;phone&quot;:null,&quot;tablet&quot;:null,&quot;widescreen&quot;:null}}}\"><\/div><div class=\"ui--image-wrap clearfix\"><img loading=\"lazy\" decoding=\"async\" width=\"1050\" height=\"750\" src=\"https:\/\/anseros-systeme.de\/wp-content\/uploads\/Tomatan-farming2.jpg\" class=\"ui--image ui--animation\" alt=\"\" title=\"Tomatan-farming2\" id=\"ui--image-2\" srcset=\"https:\/\/anseros-systeme.de\/wp-content\/uploads\/Tomatan-farming2.jpg 1050w, https:\/\/anseros-systeme.de\/wp-content\/uploads\/Tomatan-farming2-300x214.jpg 300w, https:\/\/anseros-systeme.de\/wp-content\/uploads\/Tomatan-farming2-1030x735.jpg 1030w\" sizes=\"(max-width: 1050px) 100vw, 1050px\" \/><\/div><div  class=\"ui--space clearfix\" data-responsive=\"{&quot;css&quot;:{&quot;height&quot;:{&quot;phone&quot;:null,&quot;tablet&quot;:null,&quot;widescreen&quot;:null}}}\"><\/div><\/div> \n\n<\/div> \n<div  class=\"ui--divider ui--animation clearfix ui--divider-solid-line\"><\/div><div  class=\"ui--toggle ui--animation clearfix ui--toggle-state-closed\"><div class=\"ui--toggle-title\"><a href=\"javascript:;\"><span class=\"ui--toggle-icon\"><i class=\"ui--icon show-when-closed fontawesome-chevron-down\"><\/i><i class=\"ui--icon show-when-opened fontawesome-chevron-up\"><\/i><\/span><span class=\"ui--toggle-title-text heading\">Kontaktieren Sie uns. Wir beraten Sie gerne.<\/span><\/a><\/div><div class=\"ui--toggle-content\"><\/div><\/div>","protected":false},"excerpt":{"rendered":"<p>Gew\u00e4chshaus In Gew\u00e4chsh\u00e4usern werden Wasser und D\u00fcnger direkt der Wurzel zugef\u00fchrt. Das Drainagewasser wird aufbereitet und rezirkuliert. Dadurch entsteht eine gro\u00dfe Gefahr, Krankheiten zu \u00fcbertragen, so dass ein Besatz zum Ausfall der gesamten Ernte f\u00fchrt. Keimfreies Wasser ist unbedingt erforderlich, um Pflanzen gesund und ertragreich zu kultivieren. Hydroponik, Bodenkultivierung, Wurzelbehandlung, Tomaten, Paprika, Gurken, Tulpen, Sanitisierung, [&hellip;]<\/p>\n","protected":false},"author":5,"featured_media":0,"parent":2430,"menu_order":3,"comment_status":"open","ping_status":"closed","template":"","meta":{"footnotes":""},"class_list":["post-4314","page","type-page","status-publish","hentry"],"yoast_head":"<!-- This site is optimized with the Yoast SEO plugin v23.6 - https:\/\/yoast.com\/wordpress\/plugins\/seo\/ -->\n<title>Gew\u00e4chshaus - Anseros Ozone Technologies<\/title>\n<meta name=\"robots\" content=\"noindex, follow, max-snippet:-1, max-image-preview:large, max-video-preview:-1\" \/>\n<meta property=\"og:locale\" content=\"de_DE\" \/>\n<meta property=\"og:type\" content=\"article\" \/>\n<meta property=\"og:title\" content=\"Gew\u00e4chshaus - Anseros Ozone Technologies\" \/>\n<meta property=\"og:description\" content=\"Gew\u00e4chshaus In Gew\u00e4chsh\u00e4usern werden Wasser und D\u00fcnger direkt der Wurzel zugef\u00fchrt. Das Drainagewasser wird aufbereitet und rezirkuliert. Dadurch entsteht eine gro\u00dfe Gefahr, Krankheiten zu \u00fcbertragen, so dass ein Besatz zum Ausfall der gesamten Ernte f\u00fchrt. Keimfreies Wasser ist unbedingt erforderlich, um Pflanzen gesund und ertragreich zu kultivieren. Hydroponik, Bodenkultivierung, Wurzelbehandlung, Tomaten, Paprika, Gurken, Tulpen, Sanitisierung, [&hellip;]\" \/>\n<meta property=\"og:url\" content=\"https:\/\/anseros-systeme.de\/de\/ozonanwendungen\/landwirtschaft-lebensmittel\/gewaechshaus\/\" \/>\n<meta property=\"og:site_name\" content=\"Anseros Ozone Technologies\" \/>\n<meta property=\"article:publisher\" content=\"https:\/\/www.facebook.com\/AnserosDeutschland\/\" \/>\n<meta property=\"article:modified_time\" content=\"2021-11-09T16:16:34+00:00\" \/>\n<meta name=\"twitter:card\" content=\"summary_large_image\" \/>\n<script type=\"application\/ld+json\" class=\"yoast-schema-graph\">{\"@context\":\"https:\/\/schema.org\",\"@graph\":[{\"@type\":\"WebPage\",\"@id\":\"https:\/\/anseros-systeme.de\/de\/ozonanwendungen\/landwirtschaft-lebensmittel\/gewaechshaus\/\",\"url\":\"https:\/\/anseros-systeme.de\/de\/ozonanwendungen\/landwirtschaft-lebensmittel\/gewaechshaus\/\",\"name\":\"Gew\u00e4chshaus - Anseros Ozone Technologies\",\"isPartOf\":{\"@id\":\"https:\/\/anseros-systeme.de\/#website\"},\"datePublished\":\"2014-11-20T07:22:55+00:00\",\"dateModified\":\"2021-11-09T16:16:34+00:00\",\"breadcrumb\":{\"@id\":\"https:\/\/anseros-systeme.de\/de\/ozonanwendungen\/landwirtschaft-lebensmittel\/gewaechshaus\/#breadcrumb\"},\"inLanguage\":\"de\",\"potentialAction\":[{\"@type\":\"ReadAction\",\"target\":[\"https:\/\/anseros-systeme.de\/de\/ozonanwendungen\/landwirtschaft-lebensmittel\/gewaechshaus\/\"]}]},{\"@type\":\"BreadcrumbList\",\"@id\":\"https:\/\/anseros-systeme.de\/de\/ozonanwendungen\/landwirtschaft-lebensmittel\/gewaechshaus\/#breadcrumb\",\"itemListElement\":[{\"@type\":\"ListItem\",\"position\":1,\"name\":\"Home\",\"item\":\"https:\/\/anseros-systeme.de\/de\/\"},{\"@type\":\"ListItem\",\"position\":2,\"name\":\"Ozonanwendungen\",\"item\":\"https:\/\/anseros-systeme.de\/de\/ozonanwendungen\/\"},{\"@type\":\"ListItem\",\"position\":3,\"name\":\"Landwirtschaft &#038; Lebensmittel\",\"item\":\"https:\/\/anseros-systeme.de\/de\/ozonanwendungen\/landwirtschaft-lebensmittel\/\"},{\"@type\":\"ListItem\",\"position\":4,\"name\":\"Gew\u00e4chshaus\"}]},{\"@type\":\"WebSite\",\"@id\":\"https:\/\/anseros-systeme.de\/#website\",\"url\":\"https:\/\/anseros-systeme.de\/\",\"name\":\"Anseros Ozone Technologies\",\"description\":\"Ozone Generators | Ozone Analyzers | Ozone Water Treatment Systems | Ozone Air Purification Systems | Ozone Test Chambers\",\"publisher\":{\"@id\":\"https:\/\/anseros-systeme.de\/#organization\"},\"potentialAction\":[{\"@type\":\"SearchAction\",\"target\":{\"@type\":\"EntryPoint\",\"urlTemplate\":\"https:\/\/anseros-systeme.de\/?s={search_term_string}\"},\"query-input\":{\"@type\":\"PropertyValueSpecification\",\"valueRequired\":true,\"valueName\":\"search_term_string\"}}],\"inLanguage\":\"de\"},{\"@type\":\"Organization\",\"@id\":\"https:\/\/anseros-systeme.de\/#organization\",\"name\":\"ANSROS KLAUS NONNENMACHER GmbH\",\"url\":\"https:\/\/anseros-systeme.de\/\",\"logo\":{\"@type\":\"ImageObject\",\"inLanguage\":\"de\",\"@id\":\"https:\/\/anseros-systeme.de\/#\/schema\/logo\/image\/\",\"url\":\"https:\/\/hoxon.de\/wp-content\/uploads\/logo-7-e1609862136604.png\",\"contentUrl\":\"https:\/\/hoxon.de\/wp-content\/uploads\/logo-7-e1609862136604.png\",\"width\":150,\"height\":150,\"caption\":\"ANSROS KLAUS NONNENMACHER GmbH\"},\"image\":{\"@id\":\"https:\/\/anseros-systeme.de\/#\/schema\/logo\/image\/\"},\"sameAs\":[\"https:\/\/www.facebook.com\/AnserosDeutschland\/\"]}]}<\/script>\n<!-- \/ Yoast SEO plugin. -->","yoast_head_json":{"title":"Gew\u00e4chshaus - Anseros Ozone Technologies","robots":{"index":"noindex","follow":"follow","max-snippet":"max-snippet:-1","max-image-preview":"max-image-preview:large","max-video-preview":"max-video-preview:-1"},"og_locale":"de_DE","og_type":"article","og_title":"Gew\u00e4chshaus - Anseros Ozone Technologies","og_description":"Gew\u00e4chshaus In Gew\u00e4chsh\u00e4usern werden Wasser und D\u00fcnger direkt der Wurzel zugef\u00fchrt. Das Drainagewasser wird aufbereitet und rezirkuliert. Dadurch entsteht eine gro\u00dfe Gefahr, Krankheiten zu \u00fcbertragen, so dass ein Besatz zum Ausfall der gesamten Ernte f\u00fchrt. Keimfreies Wasser ist unbedingt erforderlich, um Pflanzen gesund und ertragreich zu kultivieren. Hydroponik, Bodenkultivierung, Wurzelbehandlung, Tomaten, Paprika, Gurken, Tulpen, Sanitisierung, [&hellip;]","og_url":"https:\/\/anseros-systeme.de\/de\/ozonanwendungen\/landwirtschaft-lebensmittel\/gewaechshaus\/","og_site_name":"Anseros Ozone Technologies","article_publisher":"https:\/\/www.facebook.com\/AnserosDeutschland\/","article_modified_time":"2021-11-09T16:16:34+00:00","twitter_card":"summary_large_image","schema":{"@context":"https:\/\/schema.org","@graph":[{"@type":"WebPage","@id":"https:\/\/anseros-systeme.de\/de\/ozonanwendungen\/landwirtschaft-lebensmittel\/gewaechshaus\/","url":"https:\/\/anseros-systeme.de\/de\/ozonanwendungen\/landwirtschaft-lebensmittel\/gewaechshaus\/","name":"Gew\u00e4chshaus - Anseros Ozone Technologies","isPartOf":{"@id":"https:\/\/anseros-systeme.de\/#website"},"datePublished":"2014-11-20T07:22:55+00:00","dateModified":"2021-11-09T16:16:34+00:00","breadcrumb":{"@id":"https:\/\/anseros-systeme.de\/de\/ozonanwendungen\/landwirtschaft-lebensmittel\/gewaechshaus\/#breadcrumb"},"inLanguage":"de","potentialAction":[{"@type":"ReadAction","target":["https:\/\/anseros-systeme.de\/de\/ozonanwendungen\/landwirtschaft-lebensmittel\/gewaechshaus\/"]}]},{"@type":"BreadcrumbList","@id":"https:\/\/anseros-systeme.de\/de\/ozonanwendungen\/landwirtschaft-lebensmittel\/gewaechshaus\/#breadcrumb","itemListElement":[{"@type":"ListItem","position":1,"name":"Home","item":"https:\/\/anseros-systeme.de\/de\/"},{"@type":"ListItem","position":2,"name":"Ozonanwendungen","item":"https:\/\/anseros-systeme.de\/de\/ozonanwendungen\/"},{"@type":"ListItem","position":3,"name":"Landwirtschaft &#038; Lebensmittel","item":"https:\/\/anseros-systeme.de\/de\/ozonanwendungen\/landwirtschaft-lebensmittel\/"},{"@type":"ListItem","position":4,"name":"Gew\u00e4chshaus"}]},{"@type":"WebSite","@id":"https:\/\/anseros-systeme.de\/#website","url":"https:\/\/anseros-systeme.de\/","name":"Anseros Ozone Technologies","description":"Ozone Generators | Ozone Analyzers | Ozone Water Treatment Systems | Ozone Air Purification Systems | Ozone Test Chambers","publisher":{"@id":"https:\/\/anseros-systeme.de\/#organization"},"potentialAction":[{"@type":"SearchAction","target":{"@type":"EntryPoint","urlTemplate":"https:\/\/anseros-systeme.de\/?s={search_term_string}"},"query-input":{"@type":"PropertyValueSpecification","valueRequired":true,"valueName":"search_term_string"}}],"inLanguage":"de"},{"@type":"Organization","@id":"https:\/\/anseros-systeme.de\/#organization","name":"ANSROS KLAUS NONNENMACHER GmbH","url":"https:\/\/anseros-systeme.de\/","logo":{"@type":"ImageObject","inLanguage":"de","@id":"https:\/\/anseros-systeme.de\/#\/schema\/logo\/image\/","url":"https:\/\/hoxon.de\/wp-content\/uploads\/logo-7-e1609862136604.png","contentUrl":"https:\/\/hoxon.de\/wp-content\/uploads\/logo-7-e1609862136604.png","width":150,"height":150,"caption":"ANSROS KLAUS NONNENMACHER GmbH"},"image":{"@id":"https:\/\/anseros-systeme.de\/#\/schema\/logo\/image\/"},"sameAs":["https:\/\/www.facebook.com\/AnserosDeutschland\/"]}]}},"_links":{"self":[{"href":"https:\/\/anseros-systeme.de\/de\/wp-json\/wp\/v2\/pages\/4314"}],"collection":[{"href":"https:\/\/anseros-systeme.de\/de\/wp-json\/wp\/v2\/pages"}],"about":[{"href":"https:\/\/anseros-systeme.de\/de\/wp-json\/wp\/v2\/types\/page"}],"author":[{"embeddable":true,"href":"https:\/\/anseros-systeme.de\/de\/wp-json\/wp\/v2\/users\/5"}],"replies":[{"embeddable":true,"href":"https:\/\/anseros-systeme.de\/de\/wp-json\/wp\/v2\/comments?post=4314"}],"version-history":[{"count":19,"href":"https:\/\/anseros-systeme.de\/de\/wp-json\/wp\/v2\/pages\/4314\/revisions"}],"predecessor-version":[{"id":8336,"href":"https:\/\/anseros-systeme.de\/de\/wp-json\/wp\/v2\/pages\/4314\/revisions\/8336"}],"up":[{"embeddable":true,"href":"https:\/\/anseros-systeme.de\/de\/wp-json\/wp\/v2\/pages\/2430"}],"wp:attachment":[{"href":"https:\/\/anseros-systeme.de\/de\/wp-json\/wp\/v2\/media?parent=4314"}],"curies":[{"name":"wp","href":"https:\/\/api.w.org\/{rel}","templated":true}]}}