{"id":4331,"date":"2014-11-20T09:48:01","date_gmt":"2014-11-20T07:48:01","guid":{"rendered":"http:\/\/progwarts.de\/?page_id=4331"},"modified":"2021-11-09T19:29:47","modified_gmt":"2021-11-09T17:29:47","slug":"medizin","status":"publish","type":"page","link":"https:\/\/anseros-systeme.de\/de\/ozonanwendungen\/medizin\/","title":{"rendered":"Medizin"},"content":{"rendered":"<div class=\"ui--title ui--animation ui--title-bordered text-left\"><div class=\"ui--title-holder\"><h1 class=\"ui--title-text\">Medizin<\/h1><div class=\"ui--title-borders ui--title-border-left\"><\/div><div class=\"ui--title-borders ui--title-border-right\"><\/div><\/div><\/div><div class=\"ui-row row\">\n <div   class=\"ui-column span8\"><div class=\"auto-format ui--animation\"><p>Die Blutbehandlung und Wundheilung ist in der Humanmedizin bekannt. Beatmungsger\u00e4te, Endoskopieger\u00e4te, Operationsbestecke m\u00fcssen von Blut gereinigt und r\u00fcckstandsfrei sterilisiert werden. Operations- und Patientenr\u00e4ume sind einwandfrei hygienisch zu kontrollieren.<\/p>\n<\/div><div  class=\"ui--space clearfix\" data-responsive=\"{&quot;css&quot;:{&quot;height&quot;:{&quot;phone&quot;:null,&quot;tablet&quot;:null,&quot;widescreen&quot;:null}}}\"><\/div><div  class=\"ui--space clearfix\" data-responsive=\"{&quot;css&quot;:{&quot;height&quot;:{&quot;phone&quot;:null,&quot;tablet&quot;:null,&quot;widescreen&quot;:null}}}\"><\/div><div  class=\"ui--space clearfix\" data-responsive=\"{&quot;css&quot;:{&quot;height&quot;:{&quot;phone&quot;:null,&quot;tablet&quot;:null,&quot;widescreen&quot;:null}}}\"><\/div><div  class=\"ui--space clearfix\" data-responsive=\"{&quot;css&quot;:{&quot;height&quot;:{&quot;phone&quot;:null,&quot;tablet&quot;:null,&quot;widescreen&quot;:null}}}\"><\/div><div  class=\"ui--space clearfix\" data-responsive=\"{&quot;css&quot;:{&quot;height&quot;:{&quot;phone&quot;:null,&quot;tablet&quot;:null,&quot;widescreen&quot;:null}}}\"><\/div><div  class=\"ui--space clearfix\" data-responsive=\"{&quot;css&quot;:{&quot;height&quot;:{&quot;phone&quot;:null,&quot;tablet&quot;:null,&quot;widescreen&quot;:null}}}\"><\/div><div  class=\"ui--space clearfix\" data-responsive=\"{&quot;css&quot;:{&quot;height&quot;:{&quot;phone&quot;:null,&quot;tablet&quot;:null,&quot;widescreen&quot;:null}}}\"><\/div><div  class=\"ui--space clearfix\" data-responsive=\"{&quot;css&quot;:{&quot;height&quot;:{&quot;phone&quot;:null,&quot;tablet&quot;:null,&quot;widescreen&quot;:null}}}\"><\/div><div class=\"auto-format ui--animation\"><p><em>Blut, Wundheilung, Operation, Patient, Endoskopie, Besteckreinigung, Sterilisation, Keim\u00fcbertragung, Influenza, Pandemie, Toilette, nosokomiale \u00dcbertragung, SARS, Vogelgrippe, EHEC, EBOLA.<\/em><\/p>\n<\/div><\/div> \n\n <div   class=\"ui-column span4\"><div id=\"ui--gallery-1\" class=\"ui--gallery ui--pass\" data-columns=\"2\"><div class=\"unstyled-all clearfix ui--gallery-wrapper columns-2 \"><div class=\"ui-row row\">\n <div   class=\"ui-column span6\"><div class=\"ui--gallery-item ui--animation\"><div class=\"inner\"><a href=\"https:\/\/anseros-systeme.de\/wp-content\/uploads\/cells.jpg\" target=\"_blank\" data-title=\"Cells\" data-rel=\"prettyPhoto[ui--gallery-1]\"><img loading=\"lazy\" decoding=\"async\" width=\"500\" height=\"500\" src=\"https:\/\/anseros-systeme.de\/wp-content\/uploads\/cells-500x500.jpg\" class=\"attachment-custom_500x500x1 size-custom_500x500x1\" alt=\"\" srcset=\"https:\/\/anseros-systeme.de\/wp-content\/uploads\/cells-500x500.jpg 500w, https:\/\/anseros-systeme.de\/wp-content\/uploads\/cells-80x80.jpg 80w, https:\/\/anseros-systeme.de\/wp-content\/uploads\/cells-300x300.jpg 300w, https:\/\/anseros-systeme.de\/wp-content\/uploads\/cells.jpg 630w\" sizes=\"(max-width: 500px) 100vw, 500px\" \/><div class=\"ui--gallery-overlay\"><div class=\"center\"><span class=\"btn btn-normal btn-icon-left btn-grey ui--animation\" href=\"#\" style=\"\"><i class=\"ui--icon fontawesome-fullscreen\"><\/i><\/span> <\/div><\/div><\/a><\/div><\/div><\/div> \n\n <div   class=\"ui-column span6\"><div class=\"ui--gallery-item ui--animation\"><div class=\"inner\"><a href=\"https:\/\/anseros-systeme.de\/wp-content\/uploads\/medical-1.jpg\" target=\"_blank\" data-title=\"Hospital\" data-rel=\"prettyPhoto[ui--gallery-1]\"><img loading=\"lazy\" decoding=\"async\" width=\"500\" height=\"500\" src=\"https:\/\/anseros-systeme.de\/wp-content\/uploads\/medical-1-500x500.jpg\" class=\"attachment-custom_500x500x1 size-custom_500x500x1\" alt=\"\" srcset=\"https:\/\/anseros-systeme.de\/wp-content\/uploads\/medical-1-500x500.jpg 500w, https:\/\/anseros-systeme.de\/wp-content\/uploads\/medical-1-80x80.jpg 80w, https:\/\/anseros-systeme.de\/wp-content\/uploads\/medical-1-300x300.jpg 300w, https:\/\/anseros-systeme.de\/wp-content\/uploads\/medical-1.jpg 630w\" sizes=\"(max-width: 500px) 100vw, 500px\" \/><div class=\"ui--gallery-overlay\"><div class=\"center\"><span class=\"btn btn-normal btn-icon-left btn-grey ui--animation\" href=\"#\" style=\"\"><i class=\"ui--icon fontawesome-fullscreen\"><\/i><\/span> <\/div><\/div><\/a><\/div><\/div><\/div> \n\n<\/div> \n<div class=\"ui-row row\">\n <div   class=\"ui-column span6\"><div class=\"ui--gallery-item ui--animation\"><div class=\"inner\"><a href=\"https:\/\/anseros-systeme.de\/wp-content\/uploads\/medical-tools2.jpg\" target=\"_blank\" data-title=\"Sergical-tools\" data-rel=\"prettyPhoto[ui--gallery-1]\"><img loading=\"lazy\" decoding=\"async\" width=\"500\" height=\"500\" src=\"https:\/\/anseros-systeme.de\/wp-content\/uploads\/medical-tools2-500x500.jpg\" class=\"attachment-custom_500x500x1 size-custom_500x500x1\" alt=\"\" srcset=\"https:\/\/anseros-systeme.de\/wp-content\/uploads\/medical-tools2-500x500.jpg 500w, https:\/\/anseros-systeme.de\/wp-content\/uploads\/medical-tools2-80x80.jpg 80w, https:\/\/anseros-systeme.de\/wp-content\/uploads\/medical-tools2-300x300.jpg 300w, https:\/\/anseros-systeme.de\/wp-content\/uploads\/medical-tools2.jpg 630w\" sizes=\"(max-width: 500px) 100vw, 500px\" \/><div class=\"ui--gallery-overlay\"><div class=\"center\"><span class=\"btn btn-normal btn-icon-left btn-grey ui--animation\" href=\"#\" style=\"\"><i class=\"ui--icon fontawesome-fullscreen\"><\/i><\/span> <\/div><\/div><\/a><\/div><\/div><\/div> \n\n <div   class=\"ui-column span6\"><div class=\"ui--gallery-item ui--animation\"><div class=\"inner\"><a href=\"https:\/\/anseros-systeme.de\/wp-content\/uploads\/operation-theatre.jpg\" target=\"_blank\" data-title=\"Operation theatre\" data-rel=\"prettyPhoto[ui--gallery-1]\"><img loading=\"lazy\" decoding=\"async\" width=\"500\" height=\"500\" src=\"https:\/\/anseros-systeme.de\/wp-content\/uploads\/operation-theatre-500x500.jpg\" class=\"attachment-custom_500x500x1 size-custom_500x500x1\" alt=\"\" srcset=\"https:\/\/anseros-systeme.de\/wp-content\/uploads\/operation-theatre-500x500.jpg 500w, https:\/\/anseros-systeme.de\/wp-content\/uploads\/operation-theatre-80x80.jpg 80w, https:\/\/anseros-systeme.de\/wp-content\/uploads\/operation-theatre-300x300.jpg 300w, https:\/\/anseros-systeme.de\/wp-content\/uploads\/operation-theatre.jpg 630w\" sizes=\"(max-width: 500px) 100vw, 500px\" \/><div class=\"ui--gallery-overlay\"><div class=\"center\"><span class=\"btn btn-normal btn-icon-left btn-grey ui--animation\" href=\"#\" style=\"\"><i class=\"ui--icon fontawesome-fullscreen\"><\/i><\/span> <\/div><\/div><\/a><\/div><\/div><\/div> \n\n<\/div> \n<\/div><div class=\"clearfix\"><\/div><\/div><\/div> \n\n<\/div> \n<div  class=\"ui--divider ui--animation clearfix ui--divider-solid-line\"><\/div><div  class=\"ui--toggle ui--animation clearfix ui--toggle-state-closed\"><div class=\"ui--toggle-title\"><a href=\"javascript:;\"><span class=\"ui--toggle-icon\"><i class=\"ui--icon show-when-closed fontawesome-chevron-down\"><\/i><i class=\"ui--icon show-when-opened fontawesome-chevron-up\"><\/i><\/span><span class=\"ui--toggle-title-text heading\">Kontaktieren Sie uns. Wir beraten Sie gerne.<\/span><\/a><\/div><div class=\"ui--toggle-content\"><\/div><\/div><div  class=\"ui--space clearfix\" data-responsive=\"{&quot;css&quot;:{&quot;height&quot;:{&quot;phone&quot;:null,&quot;tablet&quot;:null,&quot;widescreen&quot;:null}}}\"><\/div><div class=\"ui--title ui--animation ui--title-bordered text-left\"><div class=\"ui--title-holder\"><h1 class=\"ui--title-text\">Empfohlene Anseros Anlagen<\/h1><div class=\"ui--title-borders ui--title-border-left\"><\/div><div class=\"ui--title-borders ui--title-border-right\"><\/div><\/div><\/div><div class=\"portfolio-container-wrapper ui--pass\" data-layout=\"normal\" data-columns=\"2\"><div id=\"portfolio-6lYL5\" class=\"portfolio-container layout--normal clearfix\"><div class=\"ui-row row\">\n <div   class=\"ui-column span6\"><div  class=\"ui--content-box ui--box ui--content-item ui--animation ui-row\"><div class=\"ui--content-box-header\"><div class=\"ui--content-box-media effect--fade type--default clearfix ratio-original\"><a class=\"ui--content-box-link\" href=\"https:\/\/anseros-systeme.de\/de\/ozone\/ozon-wassersterilisationssystem-pap-1000-m\/\"><div class=\"ui--content-box-image-default\"><img loading=\"lazy\" decoding=\"async\" width=\"982\" height=\"1500\" src=\"https:\/\/anseros-systeme.de\/wp-content\/uploads\/PAP-1000-M-P.jpg\" class=\"ui--content-box-image\" alt=\"ANSEROS-ozone-water-system-PAP-1000-M-P\" srcset=\"https:\/\/anseros-systeme.de\/wp-content\/uploads\/PAP-1000-M-P.jpg 982w, https:\/\/anseros-systeme.de\/wp-content\/uploads\/PAP-1000-M-P-196x300.jpg 196w, https:\/\/anseros-systeme.de\/wp-content\/uploads\/PAP-1000-M-P-674x1030.jpg 674w, https:\/\/anseros-systeme.de\/wp-content\/uploads\/PAP-1000-M-P-768x1173.jpg 768w\" sizes=\"(max-width: 982px) 100vw, 982px\" \/><\/div><div class=\"ui--content-box-overlay\"><div class=\"ui--content-box-overlay-background\"><\/div><div class=\"center\"><\/div><\/div><\/a><\/div><a class=\"ui--content-box-link\" href=\"https:\/\/anseros-systeme.de\/de\/ozone\/ozon-wassersterilisationssystem-pap-1000-m\/\"><div class=\"ui--content-box-title ui--gradient ui--gradient-grey on--hover clearfix text-center\"><h1 class=\"ui--content-box-title-text\">Ozon-Wassersterilisationssystem PAP-1000-M<\/h1><\/div><\/a><\/div><\/div><\/div> \n\n <div   class=\"ui-column span6\"><div  class=\"ui--content-box ui--box ui--content-item ui--animation ui-row\"><div class=\"ui--content-box-header\"><div class=\"ui--content-box-media effect--fade type--default clearfix ratio-original\"><a class=\"ui--content-box-link\" href=\"https:\/\/anseros-systeme.de\/de\/ozone\/ozonwaschsystem\/\"><div class=\"ui--content-box-image-default\"><img loading=\"lazy\" decoding=\"async\" width=\"982\" height=\"1500\" src=\"https:\/\/anseros-systeme.de\/wp-content\/uploads\/Anseros-ozone-laudry-system-P.jpg\" class=\"ui--content-box-image\" alt=\"Anseros-ozone-laudry-system-P\" srcset=\"https:\/\/anseros-systeme.de\/wp-content\/uploads\/Anseros-ozone-laudry-system-P.jpg 982w, https:\/\/anseros-systeme.de\/wp-content\/uploads\/Anseros-ozone-laudry-system-P-196x300.jpg 196w, https:\/\/anseros-systeme.de\/wp-content\/uploads\/Anseros-ozone-laudry-system-P-674x1030.jpg 674w, https:\/\/anseros-systeme.de\/wp-content\/uploads\/Anseros-ozone-laudry-system-P-768x1173.jpg 768w\" sizes=\"(max-width: 982px) 100vw, 982px\" \/><\/div><div class=\"ui--content-box-overlay\"><div class=\"ui--content-box-overlay-background\"><\/div><div class=\"center\"><\/div><\/div><\/a><\/div><a class=\"ui--content-box-link\" href=\"https:\/\/anseros-systeme.de\/de\/ozone\/ozonwaschsystem\/\"><div class=\"ui--content-box-title ui--gradient ui--gradient-grey on--hover clearfix text-center\"><h1 class=\"ui--content-box-title-text\">Ozonwaschsystem<\/h1><\/div><\/a><\/div><\/div><\/div> \n\n<\/div> \n<div class=\"ui-row row\">\n <div   class=\"ui-column span6\"><div  class=\"ui--content-box ui--box ui--content-item ui--animation ui-row\"><div class=\"ui--content-box-header\"><div class=\"ui--content-box-media effect--fade type--default clearfix ratio-original\"><a class=\"ui--content-box-link\" href=\"https:\/\/anseros-systeme.de\/de\/ozone\/uv-reaktor\/\"><div class=\"ui--content-box-image-default\"><img loading=\"lazy\" decoding=\"async\" width=\"1169\" height=\"600\" src=\"https:\/\/anseros-systeme.de\/wp-content\/uploads\/ANSEROS-UV-reactor-CAT-UV.jpg\" class=\"ui--content-box-image\" alt=\"\" srcset=\"https:\/\/anseros-systeme.de\/wp-content\/uploads\/ANSEROS-UV-reactor-CAT-UV.jpg 1169w, https:\/\/anseros-systeme.de\/wp-content\/uploads\/ANSEROS-UV-reactor-CAT-UV-300x153.jpg 300w, https:\/\/anseros-systeme.de\/wp-content\/uploads\/ANSEROS-UV-reactor-CAT-UV-1030x528.jpg 1030w\" sizes=\"(max-width: 1169px) 100vw, 1169px\" \/><\/div><div class=\"ui--content-box-overlay\"><div class=\"ui--content-box-overlay-background\"><\/div><div class=\"center\"><\/div><\/div><\/a><\/div><a class=\"ui--content-box-link\" href=\"https:\/\/anseros-systeme.de\/de\/ozone\/uv-reaktor\/\"><div class=\"ui--content-box-title ui--gradient ui--gradient-grey on--hover clearfix text-center\"><h1 class=\"ui--content-box-title-text\">UV-Reaktor CAT-UV<\/h1><\/div><\/a><\/div><\/div><\/div> \n\n<\/div> \n<\/div><\/div>","protected":false},"excerpt":{"rendered":"<p>Medizin Die Blutbehandlung und Wundheilung ist in der Humanmedizin bekannt. Beatmungsger\u00e4te, Endoskopieger\u00e4te, Operationsbestecke m\u00fcssen von Blut gereinigt und r\u00fcckstandsfrei sterilisiert werden. Operations- und Patientenr\u00e4ume sind einwandfrei hygienisch zu kontrollieren. Blut, Wundheilung, Operation, Patient, Endoskopie, Besteckreinigung, Sterilisation, Keim\u00fcbertragung, Influenza, Pandemie, Toilette, nosokomiale \u00dcbertragung, SARS, Vogelgrippe, EHEC, EBOLA. Kontaktieren Sie uns. Wir beraten Sie gerne.Empfohlene Anseros Anlagen [&hellip;]<\/p>\n","protected":false},"author":5,"featured_media":0,"parent":1685,"menu_order":11,"comment_status":"open","ping_status":"closed","template":"","meta":{"footnotes":""},"class_list":["post-4331","page","type-page","status-publish","hentry"],"yoast_head":"<!-- This site is optimized with the Yoast SEO plugin v23.6 - https:\/\/yoast.com\/wordpress\/plugins\/seo\/ -->\n<title>Medizin - Anseros Ozone Technologies<\/title>\n<meta name=\"robots\" content=\"noindex, follow, max-snippet:-1, max-image-preview:large, max-video-preview:-1\" \/>\n<meta property=\"og:locale\" content=\"de_DE\" \/>\n<meta property=\"og:type\" content=\"article\" \/>\n<meta property=\"og:title\" content=\"Medizin - Anseros Ozone Technologies\" \/>\n<meta property=\"og:description\" content=\"Medizin Die Blutbehandlung und Wundheilung ist in der Humanmedizin bekannt. Beatmungsger\u00e4te, Endoskopieger\u00e4te, Operationsbestecke m\u00fcssen von Blut gereinigt und r\u00fcckstandsfrei sterilisiert werden. Operations- und Patientenr\u00e4ume sind einwandfrei hygienisch zu kontrollieren. Blut, Wundheilung, Operation, Patient, Endoskopie, Besteckreinigung, Sterilisation, Keim\u00fcbertragung, Influenza, Pandemie, Toilette, nosokomiale \u00dcbertragung, SARS, Vogelgrippe, EHEC, EBOLA. Kontaktieren Sie uns. Wir beraten Sie gerne.Empfohlene Anseros Anlagen [&hellip;]\" \/>\n<meta property=\"og:url\" content=\"https:\/\/anseros-systeme.de\/de\/ozonanwendungen\/medizin\/\" \/>\n<meta property=\"og:site_name\" content=\"Anseros Ozone Technologies\" \/>\n<meta property=\"article:publisher\" content=\"https:\/\/www.facebook.com\/AnserosDeutschland\/\" \/>\n<meta property=\"article:modified_time\" content=\"2021-11-09T17:29:47+00:00\" \/>\n<meta name=\"twitter:card\" content=\"summary_large_image\" \/>\n<script type=\"application\/ld+json\" class=\"yoast-schema-graph\">{\"@context\":\"https:\/\/schema.org\",\"@graph\":[{\"@type\":\"WebPage\",\"@id\":\"https:\/\/anseros-systeme.de\/de\/ozonanwendungen\/medizin\/\",\"url\":\"https:\/\/anseros-systeme.de\/de\/ozonanwendungen\/medizin\/\",\"name\":\"Medizin - Anseros Ozone Technologies\",\"isPartOf\":{\"@id\":\"https:\/\/anseros-systeme.de\/#website\"},\"datePublished\":\"2014-11-20T07:48:01+00:00\",\"dateModified\":\"2021-11-09T17:29:47+00:00\",\"breadcrumb\":{\"@id\":\"https:\/\/anseros-systeme.de\/de\/ozonanwendungen\/medizin\/#breadcrumb\"},\"inLanguage\":\"de\",\"potentialAction\":[{\"@type\":\"ReadAction\",\"target\":[\"https:\/\/anseros-systeme.de\/de\/ozonanwendungen\/medizin\/\"]}]},{\"@type\":\"BreadcrumbList\",\"@id\":\"https:\/\/anseros-systeme.de\/de\/ozonanwendungen\/medizin\/#breadcrumb\",\"itemListElement\":[{\"@type\":\"ListItem\",\"position\":1,\"name\":\"Home\",\"item\":\"https:\/\/anseros-systeme.de\/de\/\"},{\"@type\":\"ListItem\",\"position\":2,\"name\":\"Ozonanwendungen\",\"item\":\"https:\/\/anseros-systeme.de\/de\/ozonanwendungen\/\"},{\"@type\":\"ListItem\",\"position\":3,\"name\":\"Medizin\"}]},{\"@type\":\"WebSite\",\"@id\":\"https:\/\/anseros-systeme.de\/#website\",\"url\":\"https:\/\/anseros-systeme.de\/\",\"name\":\"Anseros Ozone Technologies\",\"description\":\"Ozone Generators | Ozone Analyzers | Ozone Water Treatment Systems | Ozone Air Purification Systems | Ozone Test Chambers\",\"publisher\":{\"@id\":\"https:\/\/anseros-systeme.de\/#organization\"},\"potentialAction\":[{\"@type\":\"SearchAction\",\"target\":{\"@type\":\"EntryPoint\",\"urlTemplate\":\"https:\/\/anseros-systeme.de\/?s={search_term_string}\"},\"query-input\":{\"@type\":\"PropertyValueSpecification\",\"valueRequired\":true,\"valueName\":\"search_term_string\"}}],\"inLanguage\":\"de\"},{\"@type\":\"Organization\",\"@id\":\"https:\/\/anseros-systeme.de\/#organization\",\"name\":\"ANSROS KLAUS NONNENMACHER GmbH\",\"url\":\"https:\/\/anseros-systeme.de\/\",\"logo\":{\"@type\":\"ImageObject\",\"inLanguage\":\"de\",\"@id\":\"https:\/\/anseros-systeme.de\/#\/schema\/logo\/image\/\",\"url\":\"https:\/\/hoxon.de\/wp-content\/uploads\/logo-7-e1609862136604.png\",\"contentUrl\":\"https:\/\/hoxon.de\/wp-content\/uploads\/logo-7-e1609862136604.png\",\"width\":150,\"height\":150,\"caption\":\"ANSROS KLAUS NONNENMACHER GmbH\"},\"image\":{\"@id\":\"https:\/\/anseros-systeme.de\/#\/schema\/logo\/image\/\"},\"sameAs\":[\"https:\/\/www.facebook.com\/AnserosDeutschland\/\"]}]}<\/script>\n<!-- \/ Yoast SEO plugin. -->","yoast_head_json":{"title":"Medizin - Anseros Ozone Technologies","robots":{"index":"noindex","follow":"follow","max-snippet":"max-snippet:-1","max-image-preview":"max-image-preview:large","max-video-preview":"max-video-preview:-1"},"og_locale":"de_DE","og_type":"article","og_title":"Medizin - Anseros Ozone Technologies","og_description":"Medizin Die Blutbehandlung und Wundheilung ist in der Humanmedizin bekannt. Beatmungsger\u00e4te, Endoskopieger\u00e4te, Operationsbestecke m\u00fcssen von Blut gereinigt und r\u00fcckstandsfrei sterilisiert werden. Operations- und Patientenr\u00e4ume sind einwandfrei hygienisch zu kontrollieren. Blut, Wundheilung, Operation, Patient, Endoskopie, Besteckreinigung, Sterilisation, Keim\u00fcbertragung, Influenza, Pandemie, Toilette, nosokomiale \u00dcbertragung, SARS, Vogelgrippe, EHEC, EBOLA. Kontaktieren Sie uns. Wir beraten Sie gerne.Empfohlene Anseros Anlagen [&hellip;]","og_url":"https:\/\/anseros-systeme.de\/de\/ozonanwendungen\/medizin\/","og_site_name":"Anseros Ozone Technologies","article_publisher":"https:\/\/www.facebook.com\/AnserosDeutschland\/","article_modified_time":"2021-11-09T17:29:47+00:00","twitter_card":"summary_large_image","schema":{"@context":"https:\/\/schema.org","@graph":[{"@type":"WebPage","@id":"https:\/\/anseros-systeme.de\/de\/ozonanwendungen\/medizin\/","url":"https:\/\/anseros-systeme.de\/de\/ozonanwendungen\/medizin\/","name":"Medizin - Anseros Ozone Technologies","isPartOf":{"@id":"https:\/\/anseros-systeme.de\/#website"},"datePublished":"2014-11-20T07:48:01+00:00","dateModified":"2021-11-09T17:29:47+00:00","breadcrumb":{"@id":"https:\/\/anseros-systeme.de\/de\/ozonanwendungen\/medizin\/#breadcrumb"},"inLanguage":"de","potentialAction":[{"@type":"ReadAction","target":["https:\/\/anseros-systeme.de\/de\/ozonanwendungen\/medizin\/"]}]},{"@type":"BreadcrumbList","@id":"https:\/\/anseros-systeme.de\/de\/ozonanwendungen\/medizin\/#breadcrumb","itemListElement":[{"@type":"ListItem","position":1,"name":"Home","item":"https:\/\/anseros-systeme.de\/de\/"},{"@type":"ListItem","position":2,"name":"Ozonanwendungen","item":"https:\/\/anseros-systeme.de\/de\/ozonanwendungen\/"},{"@type":"ListItem","position":3,"name":"Medizin"}]},{"@type":"WebSite","@id":"https:\/\/anseros-systeme.de\/#website","url":"https:\/\/anseros-systeme.de\/","name":"Anseros Ozone Technologies","description":"Ozone Generators | Ozone Analyzers | Ozone Water Treatment Systems | Ozone Air Purification Systems | Ozone Test Chambers","publisher":{"@id":"https:\/\/anseros-systeme.de\/#organization"},"potentialAction":[{"@type":"SearchAction","target":{"@type":"EntryPoint","urlTemplate":"https:\/\/anseros-systeme.de\/?s={search_term_string}"},"query-input":{"@type":"PropertyValueSpecification","valueRequired":true,"valueName":"search_term_string"}}],"inLanguage":"de"},{"@type":"Organization","@id":"https:\/\/anseros-systeme.de\/#organization","name":"ANSROS KLAUS NONNENMACHER GmbH","url":"https:\/\/anseros-systeme.de\/","logo":{"@type":"ImageObject","inLanguage":"de","@id":"https:\/\/anseros-systeme.de\/#\/schema\/logo\/image\/","url":"https:\/\/hoxon.de\/wp-content\/uploads\/logo-7-e1609862136604.png","contentUrl":"https:\/\/hoxon.de\/wp-content\/uploads\/logo-7-e1609862136604.png","width":150,"height":150,"caption":"ANSROS KLAUS NONNENMACHER GmbH"},"image":{"@id":"https:\/\/anseros-systeme.de\/#\/schema\/logo\/image\/"},"sameAs":["https:\/\/www.facebook.com\/AnserosDeutschland\/"]}]}},"_links":{"self":[{"href":"https:\/\/anseros-systeme.de\/de\/wp-json\/wp\/v2\/pages\/4331"}],"collection":[{"href":"https:\/\/anseros-systeme.de\/de\/wp-json\/wp\/v2\/pages"}],"about":[{"href":"https:\/\/anseros-systeme.de\/de\/wp-json\/wp\/v2\/types\/page"}],"author":[{"embeddable":true,"href":"https:\/\/anseros-systeme.de\/de\/wp-json\/wp\/v2\/users\/5"}],"replies":[{"embeddable":true,"href":"https:\/\/anseros-systeme.de\/de\/wp-json\/wp\/v2\/comments?post=4331"}],"version-history":[{"count":11,"href":"https:\/\/anseros-systeme.de\/de\/wp-json\/wp\/v2\/pages\/4331\/revisions"}],"predecessor-version":[{"id":8354,"href":"https:\/\/anseros-systeme.de\/de\/wp-json\/wp\/v2\/pages\/4331\/revisions\/8354"}],"up":[{"embeddable":true,"href":"https:\/\/anseros-systeme.de\/de\/wp-json\/wp\/v2\/pages\/1685"}],"wp:attachment":[{"href":"https:\/\/anseros-systeme.de\/de\/wp-json\/wp\/v2\/media?parent=4331"}],"curies":[{"name":"wp","href":"https:\/\/api.w.org\/{rel}","templated":true}]}}