{"id":4424,"date":"2014-11-21T09:24:09","date_gmt":"2014-11-21T07:24:09","guid":{"rendered":"http:\/\/progwarts.de\/?page_id=4424"},"modified":"2022-01-18T16:19:28","modified_gmt":"2022-01-18T14:19:28","slug":"investoren","status":"publish","type":"page","link":"https:\/\/anseros-systeme.de\/de\/investoren\/","title":{"rendered":"Investoren"},"content":{"rendered":"<div class=\"ui--image-wrap clearfix\"><img loading=\"lazy\" decoding=\"async\" width=\"1170\" height=\"600\" src=\"https:\/\/anseros-systeme.de\/wp-content\/uploads\/INVESTMENT.jpg\" class=\"ui--image ui--animation\" alt=\"ANSEROS INVESTMENT\" id=\"ui--image-1\" srcset=\"https:\/\/anseros-systeme.de\/wp-content\/uploads\/INVESTMENT.jpg 1170w, https:\/\/anseros-systeme.de\/wp-content\/uploads\/INVESTMENT-300x154.jpg 300w, https:\/\/anseros-systeme.de\/wp-content\/uploads\/INVESTMENT-1030x528.jpg 1030w\" sizes=\"(max-width: 1170px) 100vw, 1170px\" \/><\/div><div  class=\"ui--space clearfix\" data-responsive=\"{&quot;css&quot;:{&quot;height&quot;:{&quot;phone&quot;:null,&quot;tablet&quot;:null,&quot;widescreen&quot;:null}}}\"><\/div><div class=\"ui-row row\">\n <div   class=\"ui-column span6\"><div class=\"auto-format ui--animation\"><p>Mit Patenten und Know-How verf\u00fcgt Anseros bereits heute \u00fcber ein gesichertes Ma\u00df an technologischem Potential. Presseberichten zufolge wird das Waschmittel der Natur gew\u00fcrdigt und als nachhaltige L\u00f6sung erkannt. Insbesondere in Kombination mit weiteren Sauerstoffverbindungen werden umweltrelevante Problemstellungen l\u00f6sbar. Diese Technologie wird als Advanced Oxidation Processing (AOP) bezeichnet.<\/p>\n<p>Nennenswerte Technologiel\u00f6sungen von Anseros sind (siehe hierzu auch NEWS):<\/p>\n<\/div><\/div> \n\n <div   class=\"ui-column span6\"><div class=\"auto-format ui--animation\"><p>+ Pharmaka und Pestizide im Abwasser (HOXON &reg;)<br \/>\n+ Massentierhaltung (multiresistente Erreger MRE, Antibiotika Resistenz, Vogelgrippe)<br \/>\n+ Pandemie (Ebola)<br \/>\n+ Organische Chlorverbindungen (AOX) durch Bleichen<br \/>\n+ Sicherstellung von einwandfreiem Trinkwasser<br \/>\n+ Klimafreundliche Chemietechnik (NYLON)<br \/>\n+ Sulfitreduktion in der Weinherstellung (OENOCAT &reg;)<\/p>\n<\/div><\/div> \n\n<\/div> \n<div  class=\"ui--space clearfix\" data-responsive=\"{&quot;css&quot;:{&quot;height&quot;:{&quot;phone&quot;:null,&quot;tablet&quot;:null,&quot;widescreen&quot;:null}}}\"><\/div><div class=\"auto-format ui--animation\"><p>AOP-Investitionsangebote richten Sie bitte an die Gesch\u00e4ftsleitung Dipl.-Ing. Klaus Nonnenmacher.<\/p>\n<\/div>","protected":false},"excerpt":{"rendered":"<p>Mit Patenten und Know-How verf\u00fcgt Anseros bereits heute \u00fcber ein gesichertes Ma\u00df an technologischem Potential. Presseberichten zufolge wird das Waschmittel der Natur gew\u00fcrdigt und als nachhaltige L\u00f6sung erkannt. Insbesondere in Kombination mit weiteren Sauerstoffverbindungen werden umweltrelevante Problemstellungen l\u00f6sbar. Diese Technologie wird als Advanced Oxidation Processing (AOP) bezeichnet. Nennenswerte Technologiel\u00f6sungen von Anseros sind (siehe hierzu auch [&hellip;]<\/p>\n","protected":false},"author":5,"featured_media":0,"parent":0,"menu_order":0,"comment_status":"closed","ping_status":"closed","template":"","meta":{"footnotes":""},"class_list":["post-4424","page","type-page","status-publish","hentry"],"yoast_head":"<!-- This site is optimized with the Yoast SEO plugin v23.6 - https:\/\/yoast.com\/wordpress\/plugins\/seo\/ -->\n<title>Investoren - Anseros Ozone Technologies<\/title>\n<meta name=\"robots\" content=\"noindex, follow, max-snippet:-1, max-image-preview:large, max-video-preview:-1\" \/>\n<meta property=\"og:locale\" content=\"de_DE\" \/>\n<meta property=\"og:type\" content=\"article\" \/>\n<meta property=\"og:title\" content=\"Investoren - Anseros Ozone Technologies\" \/>\n<meta property=\"og:description\" content=\"Mit Patenten und Know-How verf\u00fcgt Anseros bereits heute \u00fcber ein gesichertes Ma\u00df an technologischem Potential. Presseberichten zufolge wird das Waschmittel der Natur gew\u00fcrdigt und als nachhaltige L\u00f6sung erkannt. Insbesondere in Kombination mit weiteren Sauerstoffverbindungen werden umweltrelevante Problemstellungen l\u00f6sbar. Diese Technologie wird als Advanced Oxidation Processing (AOP) bezeichnet. Nennenswerte Technologiel\u00f6sungen von Anseros sind (siehe hierzu auch [&hellip;]\" \/>\n<meta property=\"og:url\" content=\"https:\/\/anseros-systeme.de\/de\/investoren\/\" \/>\n<meta property=\"og:site_name\" content=\"Anseros Ozone Technologies\" \/>\n<meta property=\"article:publisher\" content=\"https:\/\/www.facebook.com\/AnserosDeutschland\/\" \/>\n<meta property=\"article:modified_time\" content=\"2022-01-18T14:19:28+00:00\" \/>\n<meta name=\"twitter:card\" content=\"summary_large_image\" \/>\n<script type=\"application\/ld+json\" class=\"yoast-schema-graph\">{\"@context\":\"https:\/\/schema.org\",\"@graph\":[{\"@type\":\"WebPage\",\"@id\":\"https:\/\/anseros-systeme.de\/de\/investoren\/\",\"url\":\"https:\/\/anseros-systeme.de\/de\/investoren\/\",\"name\":\"Investoren - Anseros Ozone Technologies\",\"isPartOf\":{\"@id\":\"https:\/\/anseros-systeme.de\/#website\"},\"datePublished\":\"2014-11-21T07:24:09+00:00\",\"dateModified\":\"2022-01-18T14:19:28+00:00\",\"breadcrumb\":{\"@id\":\"https:\/\/anseros-systeme.de\/de\/investoren\/#breadcrumb\"},\"inLanguage\":\"de\",\"potentialAction\":[{\"@type\":\"ReadAction\",\"target\":[\"https:\/\/anseros-systeme.de\/de\/investoren\/\"]}]},{\"@type\":\"BreadcrumbList\",\"@id\":\"https:\/\/anseros-systeme.de\/de\/investoren\/#breadcrumb\",\"itemListElement\":[{\"@type\":\"ListItem\",\"position\":1,\"name\":\"Home\",\"item\":\"https:\/\/anseros-systeme.de\/de\/\"},{\"@type\":\"ListItem\",\"position\":2,\"name\":\"Investoren\"}]},{\"@type\":\"WebSite\",\"@id\":\"https:\/\/anseros-systeme.de\/#website\",\"url\":\"https:\/\/anseros-systeme.de\/\",\"name\":\"Anseros Ozone Technologies\",\"description\":\"Ozone Generators | Ozone Analyzers | Ozone Water Treatment Systems | Ozone Air Purification Systems | Ozone Test Chambers\",\"publisher\":{\"@id\":\"https:\/\/anseros-systeme.de\/#organization\"},\"potentialAction\":[{\"@type\":\"SearchAction\",\"target\":{\"@type\":\"EntryPoint\",\"urlTemplate\":\"https:\/\/anseros-systeme.de\/?s={search_term_string}\"},\"query-input\":{\"@type\":\"PropertyValueSpecification\",\"valueRequired\":true,\"valueName\":\"search_term_string\"}}],\"inLanguage\":\"de\"},{\"@type\":\"Organization\",\"@id\":\"https:\/\/anseros-systeme.de\/#organization\",\"name\":\"ANSROS KLAUS NONNENMACHER GmbH\",\"url\":\"https:\/\/anseros-systeme.de\/\",\"logo\":{\"@type\":\"ImageObject\",\"inLanguage\":\"de\",\"@id\":\"https:\/\/anseros-systeme.de\/#\/schema\/logo\/image\/\",\"url\":\"https:\/\/hoxon.de\/wp-content\/uploads\/logo-7-e1609862136604.png\",\"contentUrl\":\"https:\/\/hoxon.de\/wp-content\/uploads\/logo-7-e1609862136604.png\",\"width\":150,\"height\":150,\"caption\":\"ANSROS KLAUS NONNENMACHER GmbH\"},\"image\":{\"@id\":\"https:\/\/anseros-systeme.de\/#\/schema\/logo\/image\/\"},\"sameAs\":[\"https:\/\/www.facebook.com\/AnserosDeutschland\/\"]}]}<\/script>\n<!-- \/ Yoast SEO plugin. -->","yoast_head_json":{"title":"Investoren - Anseros Ozone Technologies","robots":{"index":"noindex","follow":"follow","max-snippet":"max-snippet:-1","max-image-preview":"max-image-preview:large","max-video-preview":"max-video-preview:-1"},"og_locale":"de_DE","og_type":"article","og_title":"Investoren - Anseros Ozone Technologies","og_description":"Mit Patenten und Know-How verf\u00fcgt Anseros bereits heute \u00fcber ein gesichertes Ma\u00df an technologischem Potential. Presseberichten zufolge wird das Waschmittel der Natur gew\u00fcrdigt und als nachhaltige L\u00f6sung erkannt. Insbesondere in Kombination mit weiteren Sauerstoffverbindungen werden umweltrelevante Problemstellungen l\u00f6sbar. Diese Technologie wird als Advanced Oxidation Processing (AOP) bezeichnet. Nennenswerte Technologiel\u00f6sungen von Anseros sind (siehe hierzu auch [&hellip;]","og_url":"https:\/\/anseros-systeme.de\/de\/investoren\/","og_site_name":"Anseros Ozone Technologies","article_publisher":"https:\/\/www.facebook.com\/AnserosDeutschland\/","article_modified_time":"2022-01-18T14:19:28+00:00","twitter_card":"summary_large_image","schema":{"@context":"https:\/\/schema.org","@graph":[{"@type":"WebPage","@id":"https:\/\/anseros-systeme.de\/de\/investoren\/","url":"https:\/\/anseros-systeme.de\/de\/investoren\/","name":"Investoren - Anseros Ozone Technologies","isPartOf":{"@id":"https:\/\/anseros-systeme.de\/#website"},"datePublished":"2014-11-21T07:24:09+00:00","dateModified":"2022-01-18T14:19:28+00:00","breadcrumb":{"@id":"https:\/\/anseros-systeme.de\/de\/investoren\/#breadcrumb"},"inLanguage":"de","potentialAction":[{"@type":"ReadAction","target":["https:\/\/anseros-systeme.de\/de\/investoren\/"]}]},{"@type":"BreadcrumbList","@id":"https:\/\/anseros-systeme.de\/de\/investoren\/#breadcrumb","itemListElement":[{"@type":"ListItem","position":1,"name":"Home","item":"https:\/\/anseros-systeme.de\/de\/"},{"@type":"ListItem","position":2,"name":"Investoren"}]},{"@type":"WebSite","@id":"https:\/\/anseros-systeme.de\/#website","url":"https:\/\/anseros-systeme.de\/","name":"Anseros Ozone Technologies","description":"Ozone Generators | Ozone Analyzers | Ozone Water Treatment Systems | Ozone Air Purification Systems | Ozone Test Chambers","publisher":{"@id":"https:\/\/anseros-systeme.de\/#organization"},"potentialAction":[{"@type":"SearchAction","target":{"@type":"EntryPoint","urlTemplate":"https:\/\/anseros-systeme.de\/?s={search_term_string}"},"query-input":{"@type":"PropertyValueSpecification","valueRequired":true,"valueName":"search_term_string"}}],"inLanguage":"de"},{"@type":"Organization","@id":"https:\/\/anseros-systeme.de\/#organization","name":"ANSROS KLAUS NONNENMACHER GmbH","url":"https:\/\/anseros-systeme.de\/","logo":{"@type":"ImageObject","inLanguage":"de","@id":"https:\/\/anseros-systeme.de\/#\/schema\/logo\/image\/","url":"https:\/\/hoxon.de\/wp-content\/uploads\/logo-7-e1609862136604.png","contentUrl":"https:\/\/hoxon.de\/wp-content\/uploads\/logo-7-e1609862136604.png","width":150,"height":150,"caption":"ANSROS KLAUS NONNENMACHER GmbH"},"image":{"@id":"https:\/\/anseros-systeme.de\/#\/schema\/logo\/image\/"},"sameAs":["https:\/\/www.facebook.com\/AnserosDeutschland\/"]}]}},"_links":{"self":[{"href":"https:\/\/anseros-systeme.de\/de\/wp-json\/wp\/v2\/pages\/4424"}],"collection":[{"href":"https:\/\/anseros-systeme.de\/de\/wp-json\/wp\/v2\/pages"}],"about":[{"href":"https:\/\/anseros-systeme.de\/de\/wp-json\/wp\/v2\/types\/page"}],"author":[{"embeddable":true,"href":"https:\/\/anseros-systeme.de\/de\/wp-json\/wp\/v2\/users\/5"}],"replies":[{"embeddable":true,"href":"https:\/\/anseros-systeme.de\/de\/wp-json\/wp\/v2\/comments?post=4424"}],"version-history":[{"count":6,"href":"https:\/\/anseros-systeme.de\/de\/wp-json\/wp\/v2\/pages\/4424\/revisions"}],"predecessor-version":[{"id":8840,"href":"https:\/\/anseros-systeme.de\/de\/wp-json\/wp\/v2\/pages\/4424\/revisions\/8840"}],"wp:attachment":[{"href":"https:\/\/anseros-systeme.de\/de\/wp-json\/wp\/v2\/media?parent=4424"}],"curies":[{"name":"wp","href":"https:\/\/api.w.org\/{rel}","templated":true}]}}