{"id":5171,"date":"2014-12-15T19:41:27","date_gmt":"2014-12-15T17:41:27","guid":{"rendered":"http:\/\/progwarts.de\/?page_id=5171"},"modified":"2021-11-08T19:43:36","modified_gmt":"2021-11-08T17:43:36","slug":"legionellen-bekaempfen","status":"publish","type":"page","link":"https:\/\/anseros-systeme.de\/de\/ozonanwendungen\/legionellen-bekaempfen\/","title":{"rendered":"K\u00fchlwasser"},"content":{"rendered":"<div class=\"ui--title ui--animation ui--title-bordered text-left\"><div class=\"ui--title-holder\"><h1 class=\"ui--title-text\">Vermeiden Sie Verunreinigungen Ihres Nutzwassers durch Mikroorganismen mit unseren PAP-Anlagen<\/h1><div class=\"ui--title-borders ui--title-border-left\"><\/div><div class=\"ui--title-borders ui--title-border-right\"><\/div><\/div><\/div><div class=\"ui-row row\">\n <div   class=\"ui-column span6\"><div class=\"auto-format ui--animation\"><p>Bei nicht ordnungsgem\u00e4\u00dfem Betrieb von Verdunstungsk\u00fchlanlagen, Nassabscheidern oder K\u00fchlt\u00fcrmen kann eine starke <strong>Bildung und Vermehrung von Legionellen<\/strong> auftreten. Diese legionellenhaltigen Wassertr\u00f6pfchen (Aerosole) gelangen \u00fcber die feuchte Abluft in die Umgebung und k\u00f6nnen f\u00fcr den Menschen \u00e4u\u00dferst <strong>gesundheitssch\u00e4dlich<\/strong> sein. Unsere PAP-Anlagen <strong>verhindern die Legionellenbildung<\/strong> zuverl\u00e4ssig und umweltfreundlich mit Ozon. <\/p>\n<\/div><div class=\"ui--title ui--animation ui--title-bordered text-left\"><div class=\"ui--title-holder\"><h2 class=\"ui--title-text\">Zuverl\u00e4ssige Vermeidung von Legionellen in K\u00fchlt\u00fcrmen mit Ozon<\/h2><div class=\"ui--title-borders ui--title-border-left\"><\/div><div class=\"ui--title-borders ui--title-border-right\"><\/div><\/div><\/div><div class=\"auto-format ui--animation\"><p>Nicht nur Legionellen, sondern auch Krankheitserreger wie Hepatitis, Pneumokokken oder Meningokokken k\u00f6nnen durch R\u00fcckk\u00fchlanlagen \u00fcbertragen werden. Um die Ausbreitung solcher Keime und Bakterien zu verhindern, trat am 19. August 2017 die Verordnung \u00fcber Verdunstungsk\u00fchlanlagen, K\u00fchlt\u00fcrmen und Nassabscheider (42. BlmSchV) in Kraft. Ziel dieser Verordnung ist es, die Emissionen von Legionellen und anderen Keimen durch den fachgerechten Betrieb, sowie durch Dokumentations- und Meldepflichten zu unterbinden. <\/p>\n<p>Wir haben uns mit den selbst entwickelten PAP-Systemen darauf spezialisiert, nachhaltig und effizient Nutzwasser mithilfe von Ozon zu <strong>behandeln und entkeimen<\/strong>. Bei der Ozonisierung  wird das Ozon schnell wieder zu normalem Sauerstoff abgebaut. Entstehende Oxidationsprodukte sind leicht biologisch abbaubar und k\u00f6nnen mit biologischen Filtern entfernt werden. Wir bieten f\u00fcr jegliche Bereiche, in denen R\u00fcckk\u00fchlanlagen verwendet werden, wie etwa in der Industrie, im Handel und Hotelgewerbe sowie in B\u00fcros und Rechenzentren, <strong>effiziente, nachhaltige und kosteng\u00fcnstige L\u00f6sungen<\/strong> an.<\/p>\n<\/div><div class=\"ui--title ui--animation ui--title-bordered text-left\"><div class=\"ui--title-holder\"><h2 class=\"ui--title-text\">Was sind Legionellen?<\/h2><div class=\"ui--title-borders ui--title-border-left\"><\/div><div class=\"ui--title-borders ui--title-border-right\"><\/div><\/div><\/div><div class=\"auto-format ui--animation\"><p>Legionellen sind st\u00e4bchenf\u00f6rmige Bakterien, die beim Menschen unterschiedliche Krankheitsbilder aufweisen k\u00f6nnen, diese reichen von leichten grippe\u00e4hnlichen Symptomen bis hin zu schwer wiegenden Lungenentz\u00fcndungen, die t\u00f6dlich sein k\u00f6nnen.<br \/>\nLegionellen kommen ganz nat\u00fcrlich in sehr geringer Konzentration im Wasser vor. Bei Temperaturen zwischen 25\u00b0C und 45\u00b0C vermehren sich die Bakterien rasant. Unter 20 \u00b0C vermehren sie sich kaum und \u00fcber 60\u00b0C werden sie abget\u00f6tet. Vor allem in geschlossenen Wassersystemen wie <strong>Rohren oder K\u00fchlt\u00fcrmen vermehren sie sich,<\/strong> bei optimalen Bedingungen, besonders gut. <\/p>\n<p>In Deutschland wurden bisher drei gr\u00f6\u00dfere von entsprechenden Anlagen verursachte Legionellen-Ausbr\u00fcche dokumentiert. Im Januar 2010 ereignete sich bei Ulm ein Legionellen-Ausbruch mit 65 Erkrankten und f\u00fcnf Toten, ebenso in Warstein im August 2013 mit 160 Erkrankten und zwei Toten. Eine weitere H\u00e4ufung mit insgesamt 17 Erkrankungsf\u00e4llen wurde im Juli 2012 im Raum Zweibr\u00fccken registriert.<br \/>\nAls Infektionsquellen wurden in allen drei F\u00e4llen Verdunstungsk\u00fchlanlagen als Hauptverursacher identifiziert. Die Sicherstellung von einwandfreien und hygienischen Bedingungen in Verdunstungsk\u00fchlanlagen ist nachhaltig und ausschlie\u00dflich mit <strong>sauerstoffhaltigen Oxidationsverfahren, wie Ozon,<\/strong> m\u00f6glich.<\/p>\n<\/div><\/div> \n\n <div   class=\"ui-column span6\"><div id=\"ui--gallery-1\" class=\"ui--gallery ui--pass\" data-columns=\"1\"><div class=\"unstyled-all clearfix ui--gallery-wrapper columns-1 \"><div class=\"ui-row row\">\n <div   class=\"ui-column span12\"><div class=\"ui--gallery-item ui--animation\"><div class=\"inner\"><a href=\"https:\/\/anseros-systeme.de\/wp-content\/uploads\/cooling-tower-1.jpg\" target=\"_blank\" data-title=\"Cooling tower-1\" data-rel=\"prettyPhoto[ui--gallery-1]\"><img loading=\"lazy\" decoding=\"async\" width=\"630\" height=\"500\" src=\"https:\/\/anseros-systeme.de\/wp-content\/uploads\/cooling-tower-1-630x500.jpg\" class=\"attachment-custom_960x500x1 size-custom_960x500x1\" alt=\"\" \/><div class=\"ui--gallery-overlay\"><div class=\"center\"><span class=\"btn btn-normal btn-icon-left btn-grey ui--animation\" href=\"#\" style=\"\"><i class=\"ui--icon fontawesome-fullscreen\"><\/i><\/span> <\/div><\/div><\/a><\/div><\/div><\/div> \n\n<\/div> \n<div class=\"ui-row row\">\n <div   class=\"ui-column span12\"><div class=\"ui--gallery-item ui--animation\"><div class=\"inner\"><a href=\"https:\/\/anseros-systeme.de\/wp-content\/uploads\/cooling-tower-2.jpg\" target=\"_blank\" data-title=\"Cooling tower-2\" data-rel=\"prettyPhoto[ui--gallery-1]\"><img loading=\"lazy\" decoding=\"async\" width=\"630\" height=\"500\" src=\"https:\/\/anseros-systeme.de\/wp-content\/uploads\/cooling-tower-2-630x500.jpg\" class=\"attachment-custom_960x500x1 size-custom_960x500x1\" alt=\"\" \/><div class=\"ui--gallery-overlay\"><div class=\"center\"><span class=\"btn btn-normal btn-icon-left btn-grey ui--animation\" href=\"#\" style=\"\"><i class=\"ui--icon fontawesome-fullscreen\"><\/i><\/span> <\/div><\/div><\/a><\/div><\/div><\/div> \n\n<\/div> \n<div class=\"ui-row row\">\n <div   class=\"ui-column span12\"><div class=\"ui--gallery-item ui--animation\"><div class=\"inner\"><a href=\"https:\/\/anseros-systeme.de\/wp-content\/uploads\/chiller.jpg\" target=\"_blank\" data-title=\"Water chiller-1\" data-rel=\"prettyPhoto[ui--gallery-1]\"><img loading=\"lazy\" decoding=\"async\" width=\"630\" height=\"500\" src=\"https:\/\/anseros-systeme.de\/wp-content\/uploads\/chiller-630x500.jpg\" class=\"attachment-custom_960x500x1 size-custom_960x500x1\" alt=\"\" \/><div class=\"ui--gallery-overlay\"><div class=\"center\"><span class=\"btn btn-normal btn-icon-left btn-grey ui--animation\" href=\"#\" style=\"\"><i class=\"ui--icon fontawesome-fullscreen\"><\/i><\/span> <\/div><\/div><\/a><\/div><\/div><\/div> \n\n<\/div> \n<div class=\"ui-row row\">\n <div   class=\"ui-column span12\"><div class=\"ui--gallery-item ui--animation\"><div class=\"inner\"><a href=\"https:\/\/anseros-systeme.de\/wp-content\/uploads\/chillar3.jpg\" target=\"_blank\" data-title=\"Water chiller-2\" data-rel=\"prettyPhoto[ui--gallery-1]\"><img loading=\"lazy\" decoding=\"async\" width=\"630\" height=\"500\" src=\"https:\/\/anseros-systeme.de\/wp-content\/uploads\/chillar3-630x500.jpg\" class=\"attachment-custom_960x500x1 size-custom_960x500x1\" alt=\"\" \/><div class=\"ui--gallery-overlay\"><div class=\"center\"><span class=\"btn btn-normal btn-icon-left btn-grey ui--animation\" href=\"#\" style=\"\"><i class=\"ui--icon fontawesome-fullscreen\"><\/i><\/span> <\/div><\/div><\/a><\/div><\/div><\/div> \n\n<\/div> \n<\/div><div class=\"clearfix\"><\/div><\/div><\/div> \n\n<\/div> \n<div  class=\"ui--divider ui--animation clearfix ui--divider-solid-line\"><\/div><div  class=\"ui--toggle ui--animation clearfix ui--toggle-state-closed\"><div class=\"ui--toggle-title\"><a href=\"javascript:;\"><span class=\"ui--toggle-icon\"><i class=\"ui--icon show-when-closed fontawesome-chevron-down\"><\/i><i class=\"ui--icon show-when-opened fontawesome-chevron-up\"><\/i><\/span><span class=\"ui--toggle-title-text heading\">Kontaktieren Sie uns. Wir beraten Sie gerne.<\/span><\/a><\/div><div class=\"ui--toggle-content\"><\/div><\/div><div  class=\"ui--space clearfix\" data-responsive=\"{&quot;css&quot;:{&quot;height&quot;:{&quot;phone&quot;:null,&quot;tablet&quot;:null,&quot;widescreen&quot;:null}}}\"><\/div><div class=\"ui--title ui--animation ui--title-bordered text-left\"><div class=\"ui--title-holder\"><h1 class=\"ui--title-text\">Empfohlene Anseros Anlagen<\/h1><div class=\"ui--title-borders ui--title-border-left\"><\/div><div class=\"ui--title-borders ui--title-border-right\"><\/div><\/div><\/div><div class=\"portfolio-container-wrapper ui--pass\" data-layout=\"normal\" data-columns=\"2\"><div id=\"portfolio-AfF0E\" class=\"portfolio-container layout--normal clearfix\"><div class=\"ui-row row\">\n <div   class=\"ui-column span6\"><div  class=\"ui--content-box ui--box ui--content-item ui--animation ui-row\"><div class=\"ui--content-box-header\"><div class=\"ui--content-box-media effect--fade type--default clearfix ratio-original\"><a class=\"ui--content-box-link\" href=\"https:\/\/anseros-systeme.de\/de\/ozone\/ozon-wassersterilisationsanlage-pap-30000\/\"><div class=\"ui--content-box-image-default\"><img loading=\"lazy\" decoding=\"async\" width=\"982\" height=\"1500\" src=\"https:\/\/anseros-systeme.de\/wp-content\/uploads\/PAP30000-P.jpg\" class=\"ui--content-box-image\" alt=\"ANSEROS-ozone-water-system-PAP30000-P\" srcset=\"https:\/\/anseros-systeme.de\/wp-content\/uploads\/PAP30000-P.jpg 982w, https:\/\/anseros-systeme.de\/wp-content\/uploads\/PAP30000-P-196x300.jpg 196w, https:\/\/anseros-systeme.de\/wp-content\/uploads\/PAP30000-P-674x1030.jpg 674w, https:\/\/anseros-systeme.de\/wp-content\/uploads\/PAP30000-P-768x1173.jpg 768w\" sizes=\"(max-width: 982px) 100vw, 982px\" \/><\/div><div class=\"ui--content-box-overlay\"><div class=\"ui--content-box-overlay-background\"><\/div><div class=\"center\"><\/div><\/div><\/a><\/div><a class=\"ui--content-box-link\" href=\"https:\/\/anseros-systeme.de\/de\/ozone\/ozon-wassersterilisationsanlage-pap-30000\/\"><div class=\"ui--content-box-title ui--gradient ui--gradient-grey on--hover clearfix text-center\"><h1 class=\"ui--content-box-title-text\">Ozon-Wassersterilisationsanlage PAP-30000<\/h1><\/div><\/a><\/div><\/div><\/div> \n\n <div   class=\"ui-column span6\"><div  class=\"ui--content-box ui--box ui--content-item ui--animation ui-row\"><div class=\"ui--content-box-header\"><div class=\"ui--content-box-media effect--fade type--default clearfix ratio-original\"><a class=\"ui--content-box-link\" href=\"https:\/\/anseros-systeme.de\/de\/ozone\/ozon-wasseraufbereitungssystem-pap-sc-2000\/\"><div class=\"ui--content-box-image-default\"><img loading=\"lazy\" decoding=\"async\" width=\"982\" height=\"1500\" src=\"https:\/\/anseros-systeme.de\/wp-content\/uploads\/ANSEROS-ozone-water-system-PAP-SC-2000-2-1.jpg\" class=\"ui--content-box-image\" alt=\"ANSEROS-ozone-water-system-PAP-SC-2000-2\" srcset=\"https:\/\/anseros-systeme.de\/wp-content\/uploads\/ANSEROS-ozone-water-system-PAP-SC-2000-2-1.jpg 982w, https:\/\/anseros-systeme.de\/wp-content\/uploads\/ANSEROS-ozone-water-system-PAP-SC-2000-2-1-196x300.jpg 196w, https:\/\/anseros-systeme.de\/wp-content\/uploads\/ANSEROS-ozone-water-system-PAP-SC-2000-2-1-674x1030.jpg 674w, https:\/\/anseros-systeme.de\/wp-content\/uploads\/ANSEROS-ozone-water-system-PAP-SC-2000-2-1-768x1173.jpg 768w\" sizes=\"(max-width: 982px) 100vw, 982px\" \/><\/div><div class=\"ui--content-box-overlay\"><div class=\"ui--content-box-overlay-background\"><\/div><div class=\"center\"><\/div><\/div><\/a><\/div><a class=\"ui--content-box-link\" href=\"https:\/\/anseros-systeme.de\/de\/ozone\/ozon-wasseraufbereitungssystem-pap-sc-2000\/\"><div class=\"ui--content-box-title ui--gradient ui--gradient-grey on--hover clearfix text-center\"><h1 class=\"ui--content-box-title-text\">Ozon-Wasseraufbereitungssystem PAP-SC-2000<\/h1><\/div><\/a><\/div><\/div><\/div> \n\n<\/div> \n<\/div><\/div><div  class=\"ui--divider ui--animation clearfix ui--divider-solid-line\"><\/div>","protected":false},"excerpt":{"rendered":"<p>Vermeiden Sie Verunreinigungen Ihres Nutzwassers durch Mikroorganismen mit unseren PAP-Anlagen Bei nicht ordnungsgem\u00e4\u00dfem Betrieb von Verdunstungsk\u00fchlanlagen, Nassabscheidern oder K\u00fchlt\u00fcrmen kann eine starke Bildung und Vermehrung von Legionellen auftreten. Diese legionellenhaltigen Wassertr\u00f6pfchen (Aerosole) gelangen \u00fcber die feuchte Abluft in die Umgebung und k\u00f6nnen f\u00fcr den Menschen \u00e4u\u00dferst gesundheitssch\u00e4dlich sein. Unsere PAP-Anlagen verhindern die Legionellenbildung zuverl\u00e4ssig und [&hellip;]<\/p>\n","protected":false},"author":5,"featured_media":0,"parent":1685,"menu_order":0,"comment_status":"open","ping_status":"open","template":"","meta":{"footnotes":""},"class_list":["post-5171","page","type-page","status-publish","hentry"],"yoast_head":"<!-- This site is optimized with the Yoast SEO plugin v23.6 - https:\/\/yoast.com\/wordpress\/plugins\/seo\/ -->\n<title>Legionellen in K\u00fchlt\u00fcrmen eliminieren mithilfe von Ozon I ANSEROS<\/title>\n<meta name=\"description\" content=\"Eliminieren Sie Keime und Bakterien effizient und kosteng\u00fcnstig in Ihren Verdunstungsk\u00fchlanlagen, K\u00fchlt\u00fcrmen oder Nassabscheidern mit Ozon. Hier unverbindliches Angebot einholen.\" \/>\n<meta name=\"robots\" content=\"noindex, follow, max-snippet:-1, max-image-preview:large, max-video-preview:-1\" \/>\n<meta property=\"og:locale\" content=\"de_DE\" \/>\n<meta property=\"og:type\" content=\"article\" \/>\n<meta property=\"og:title\" content=\"Legionellen in K\u00fchlt\u00fcrmen eliminieren mithilfe von Ozon I ANSEROS\" \/>\n<meta property=\"og:description\" content=\"Eliminieren Sie Keime und Bakterien effizient und kosteng\u00fcnstig in Ihren Verdunstungsk\u00fchlanlagen, K\u00fchlt\u00fcrmen oder Nassabscheidern mit Ozon. Hier unverbindliches Angebot einholen.\" \/>\n<meta property=\"og:url\" content=\"https:\/\/anseros-systeme.de\/de\/ozonanwendungen\/legionellen-bekaempfen\/\" \/>\n<meta property=\"og:site_name\" content=\"Anseros Ozone Technologies\" \/>\n<meta property=\"article:publisher\" content=\"https:\/\/www.facebook.com\/AnserosDeutschland\/\" \/>\n<meta property=\"article:modified_time\" content=\"2021-11-08T17:43:36+00:00\" \/>\n<meta name=\"twitter:card\" content=\"summary_large_image\" \/>\n<script type=\"application\/ld+json\" class=\"yoast-schema-graph\">{\"@context\":\"https:\/\/schema.org\",\"@graph\":[{\"@type\":\"WebPage\",\"@id\":\"https:\/\/anseros-systeme.de\/de\/ozonanwendungen\/legionellen-bekaempfen\/\",\"url\":\"https:\/\/anseros-systeme.de\/de\/ozonanwendungen\/legionellen-bekaempfen\/\",\"name\":\"Legionellen in K\u00fchlt\u00fcrmen eliminieren mithilfe von Ozon I ANSEROS\",\"isPartOf\":{\"@id\":\"https:\/\/anseros-systeme.de\/#website\"},\"datePublished\":\"2014-12-15T17:41:27+00:00\",\"dateModified\":\"2021-11-08T17:43:36+00:00\",\"description\":\"Eliminieren Sie Keime und Bakterien effizient und kosteng\u00fcnstig in Ihren Verdunstungsk\u00fchlanlagen, K\u00fchlt\u00fcrmen oder Nassabscheidern mit Ozon. Hier unverbindliches Angebot einholen.\",\"breadcrumb\":{\"@id\":\"https:\/\/anseros-systeme.de\/de\/ozonanwendungen\/legionellen-bekaempfen\/#breadcrumb\"},\"inLanguage\":\"de\",\"potentialAction\":[{\"@type\":\"ReadAction\",\"target\":[\"https:\/\/anseros-systeme.de\/de\/ozonanwendungen\/legionellen-bekaempfen\/\"]}]},{\"@type\":\"BreadcrumbList\",\"@id\":\"https:\/\/anseros-systeme.de\/de\/ozonanwendungen\/legionellen-bekaempfen\/#breadcrumb\",\"itemListElement\":[{\"@type\":\"ListItem\",\"position\":1,\"name\":\"Home\",\"item\":\"https:\/\/anseros-systeme.de\/de\/\"},{\"@type\":\"ListItem\",\"position\":2,\"name\":\"Ozonanwendungen\",\"item\":\"https:\/\/anseros-systeme.de\/de\/ozonanwendungen\/\"},{\"@type\":\"ListItem\",\"position\":3,\"name\":\"K\u00fchlwasser\"}]},{\"@type\":\"WebSite\",\"@id\":\"https:\/\/anseros-systeme.de\/#website\",\"url\":\"https:\/\/anseros-systeme.de\/\",\"name\":\"Anseros Ozone Technologies\",\"description\":\"Ozone Generators | Ozone Analyzers | Ozone Water Treatment Systems | Ozone Air Purification Systems | Ozone Test Chambers\",\"publisher\":{\"@id\":\"https:\/\/anseros-systeme.de\/#organization\"},\"potentialAction\":[{\"@type\":\"SearchAction\",\"target\":{\"@type\":\"EntryPoint\",\"urlTemplate\":\"https:\/\/anseros-systeme.de\/?s={search_term_string}\"},\"query-input\":{\"@type\":\"PropertyValueSpecification\",\"valueRequired\":true,\"valueName\":\"search_term_string\"}}],\"inLanguage\":\"de\"},{\"@type\":\"Organization\",\"@id\":\"https:\/\/anseros-systeme.de\/#organization\",\"name\":\"ANSROS KLAUS NONNENMACHER GmbH\",\"url\":\"https:\/\/anseros-systeme.de\/\",\"logo\":{\"@type\":\"ImageObject\",\"inLanguage\":\"de\",\"@id\":\"https:\/\/anseros-systeme.de\/#\/schema\/logo\/image\/\",\"url\":\"https:\/\/hoxon.de\/wp-content\/uploads\/logo-7-e1609862136604.png\",\"contentUrl\":\"https:\/\/hoxon.de\/wp-content\/uploads\/logo-7-e1609862136604.png\",\"width\":150,\"height\":150,\"caption\":\"ANSROS KLAUS NONNENMACHER GmbH\"},\"image\":{\"@id\":\"https:\/\/anseros-systeme.de\/#\/schema\/logo\/image\/\"},\"sameAs\":[\"https:\/\/www.facebook.com\/AnserosDeutschland\/\"]}]}<\/script>\n<!-- \/ Yoast SEO plugin. -->","yoast_head_json":{"title":"Legionellen in K\u00fchlt\u00fcrmen eliminieren mithilfe von Ozon I ANSEROS","description":"Eliminieren Sie Keime und Bakterien effizient und kosteng\u00fcnstig in Ihren Verdunstungsk\u00fchlanlagen, K\u00fchlt\u00fcrmen oder Nassabscheidern mit Ozon. Hier unverbindliches Angebot einholen.","robots":{"index":"noindex","follow":"follow","max-snippet":"max-snippet:-1","max-image-preview":"max-image-preview:large","max-video-preview":"max-video-preview:-1"},"og_locale":"de_DE","og_type":"article","og_title":"Legionellen in K\u00fchlt\u00fcrmen eliminieren mithilfe von Ozon I ANSEROS","og_description":"Eliminieren Sie Keime und Bakterien effizient und kosteng\u00fcnstig in Ihren Verdunstungsk\u00fchlanlagen, K\u00fchlt\u00fcrmen oder Nassabscheidern mit Ozon. Hier unverbindliches Angebot einholen.","og_url":"https:\/\/anseros-systeme.de\/de\/ozonanwendungen\/legionellen-bekaempfen\/","og_site_name":"Anseros Ozone Technologies","article_publisher":"https:\/\/www.facebook.com\/AnserosDeutschland\/","article_modified_time":"2021-11-08T17:43:36+00:00","twitter_card":"summary_large_image","schema":{"@context":"https:\/\/schema.org","@graph":[{"@type":"WebPage","@id":"https:\/\/anseros-systeme.de\/de\/ozonanwendungen\/legionellen-bekaempfen\/","url":"https:\/\/anseros-systeme.de\/de\/ozonanwendungen\/legionellen-bekaempfen\/","name":"Legionellen in K\u00fchlt\u00fcrmen eliminieren mithilfe von Ozon I ANSEROS","isPartOf":{"@id":"https:\/\/anseros-systeme.de\/#website"},"datePublished":"2014-12-15T17:41:27+00:00","dateModified":"2021-11-08T17:43:36+00:00","description":"Eliminieren Sie Keime und Bakterien effizient und kosteng\u00fcnstig in Ihren Verdunstungsk\u00fchlanlagen, K\u00fchlt\u00fcrmen oder Nassabscheidern mit Ozon. Hier unverbindliches Angebot einholen.","breadcrumb":{"@id":"https:\/\/anseros-systeme.de\/de\/ozonanwendungen\/legionellen-bekaempfen\/#breadcrumb"},"inLanguage":"de","potentialAction":[{"@type":"ReadAction","target":["https:\/\/anseros-systeme.de\/de\/ozonanwendungen\/legionellen-bekaempfen\/"]}]},{"@type":"BreadcrumbList","@id":"https:\/\/anseros-systeme.de\/de\/ozonanwendungen\/legionellen-bekaempfen\/#breadcrumb","itemListElement":[{"@type":"ListItem","position":1,"name":"Home","item":"https:\/\/anseros-systeme.de\/de\/"},{"@type":"ListItem","position":2,"name":"Ozonanwendungen","item":"https:\/\/anseros-systeme.de\/de\/ozonanwendungen\/"},{"@type":"ListItem","position":3,"name":"K\u00fchlwasser"}]},{"@type":"WebSite","@id":"https:\/\/anseros-systeme.de\/#website","url":"https:\/\/anseros-systeme.de\/","name":"Anseros Ozone Technologies","description":"Ozone Generators | Ozone Analyzers | Ozone Water Treatment Systems | Ozone Air Purification Systems | Ozone Test Chambers","publisher":{"@id":"https:\/\/anseros-systeme.de\/#organization"},"potentialAction":[{"@type":"SearchAction","target":{"@type":"EntryPoint","urlTemplate":"https:\/\/anseros-systeme.de\/?s={search_term_string}"},"query-input":{"@type":"PropertyValueSpecification","valueRequired":true,"valueName":"search_term_string"}}],"inLanguage":"de"},{"@type":"Organization","@id":"https:\/\/anseros-systeme.de\/#organization","name":"ANSROS KLAUS NONNENMACHER GmbH","url":"https:\/\/anseros-systeme.de\/","logo":{"@type":"ImageObject","inLanguage":"de","@id":"https:\/\/anseros-systeme.de\/#\/schema\/logo\/image\/","url":"https:\/\/hoxon.de\/wp-content\/uploads\/logo-7-e1609862136604.png","contentUrl":"https:\/\/hoxon.de\/wp-content\/uploads\/logo-7-e1609862136604.png","width":150,"height":150,"caption":"ANSROS KLAUS NONNENMACHER GmbH"},"image":{"@id":"https:\/\/anseros-systeme.de\/#\/schema\/logo\/image\/"},"sameAs":["https:\/\/www.facebook.com\/AnserosDeutschland\/"]}]}},"_links":{"self":[{"href":"https:\/\/anseros-systeme.de\/de\/wp-json\/wp\/v2\/pages\/5171"}],"collection":[{"href":"https:\/\/anseros-systeme.de\/de\/wp-json\/wp\/v2\/pages"}],"about":[{"href":"https:\/\/anseros-systeme.de\/de\/wp-json\/wp\/v2\/types\/page"}],"author":[{"embeddable":true,"href":"https:\/\/anseros-systeme.de\/de\/wp-json\/wp\/v2\/users\/5"}],"replies":[{"embeddable":true,"href":"https:\/\/anseros-systeme.de\/de\/wp-json\/wp\/v2\/comments?post=5171"}],"version-history":[{"count":11,"href":"https:\/\/anseros-systeme.de\/de\/wp-json\/wp\/v2\/pages\/5171\/revisions"}],"predecessor-version":[{"id":8307,"href":"https:\/\/anseros-systeme.de\/de\/wp-json\/wp\/v2\/pages\/5171\/revisions\/8307"}],"up":[{"embeddable":true,"href":"https:\/\/anseros-systeme.de\/de\/wp-json\/wp\/v2\/pages\/1685"}],"wp:attachment":[{"href":"https:\/\/anseros-systeme.de\/de\/wp-json\/wp\/v2\/media?parent=5171"}],"curies":[{"name":"wp","href":"https:\/\/api.w.org\/{rel}","templated":true}]}}