{"id":5383,"date":"2015-01-05T15:06:05","date_gmt":"2015-01-05T13:06:05","guid":{"rendered":"http:\/\/progwarts.de\/?page_id=5383"},"modified":"2022-03-30T11:21:38","modified_gmt":"2022-03-30T09:21:38","slug":"ozon-agraranlagen-k-frisch","status":"publish","type":"page","link":"https:\/\/anseros-systeme.de\/de\/ozonanlagen\/ozon-agraranlagen-k-frisch\/","title":{"rendered":"Ozon-Agraranlagen | K-FRISCH"},"content":{"rendered":"<div  class=\"ui--tagline-box-wrapper ui--animation clearfix\"><div  id=\"tagline-2\" class=\"ui--tagline-box ui-row clearfix ui--tagline-box-custom-color radius-6px\" data-responsive=\"{&quot;css&quot;:{&quot;min-height&quot;:{&quot;phone&quot;:&quot;auto&quot;,&quot;tablet&quot;:&quot;auto&quot;,&quot;widescreen&quot;:&quot;&quot;}}}\"><div  class=\"ui--tagline-background-container ui--tagline-background-overlay radius-6px\"><\/div><div  class=\"ui--tagline-background-container ui--tagline-background-image radius-6px\"><\/div><div  class=\"ui--tagline-content\"><div  class=\"ui--tagline-box-wrapper ui--animation clearfix\" style=\"margin-top: 0px;  margin-bottom: 25px;\"><div  id=\"tagline-1\" class=\"ui--tagline-box ui-row clearfix ui--tagline-box-custom-color radius-6px\" data-responsive=\"{&quot;css&quot;:{&quot;min-height&quot;:{&quot;phone&quot;:&quot;auto&quot;,&quot;tablet&quot;:&quot;auto&quot;,&quot;widescreen&quot;:&quot;&quot;}}}\"><div  class=\"ui--tagline-background-container ui--tagline-background-overlay radius-6px\"><\/div><div  class=\"ui--tagline-background-container ui--tagline-background-image radius-6px\"><\/div><div  class=\"ui--tagline-content\" style=\"padding-top: 0px;  padding-bottom: 25px;\"><div class=\"ui--image-wrap clearfix\" style=\"margin-top: 0px;\"><img loading=\"lazy\" decoding=\"async\" width=\"1922\" height=\"359\" src=\"https:\/\/anseros-systeme.de\/wp-content\/uploads\/k-frisch-logo.png\" class=\"ui--image ui--animation\" alt=\"\" title=\"k-frisch-logo\" id=\"ui--image-1\" srcset=\"https:\/\/anseros-systeme.de\/wp-content\/uploads\/k-frisch-logo.png 1922w, https:\/\/anseros-systeme.de\/wp-content\/uploads\/k-frisch-logo-300x56.png 300w, https:\/\/anseros-systeme.de\/wp-content\/uploads\/k-frisch-logo-1030x192.png 1030w, https:\/\/anseros-systeme.de\/wp-content\/uploads\/k-frisch-logo-768x143.png 768w, https:\/\/anseros-systeme.de\/wp-content\/uploads\/k-frisch-logo-1536x287.png 1536w, https:\/\/anseros-systeme.de\/wp-content\/uploads\/k-frisch-logo-450x84.png 450w\" sizes=\"(max-width: 1922px) 100vw, 1922px\" \/><\/div><\/div><\/div><div class=\"ui--shadow ui--shadow-type-3  clearfix\"><img decoding=\"async\" src=\"https:\/\/anseros-systeme.de\/wp-content\/themes\/envision\/includes\/modules\/module.shadow\/shadows\/shadow-3.png\" alt=\"shadow\" \/><\/div><\/div><div  class=\"ui--space clearfix\" data-responsive=\"{&quot;css&quot;:{&quot;height&quot;:{&quot;phone&quot;:null,&quot;tablet&quot;:null,&quot;widescreen&quot;:null}}}\"><\/div><h1 id=\"custom-title-h1-1\" class=\"ui--animation \" style=\"margin-top: 5px; margin-bottom: 5px; \"><strong>K-FRISCH Anlagen f\u00fcr Ackerbau- und Lebensmittelindustrie<\/strong><\/h1><div  class=\"ui--divider ui--animation clearfix ui--divider-fade-line\" style=\"margin-top: 0px;  margin-bottom: 21px;\">\n\t\t\t\t\t\t<div class=\"ui--divider-inner-wrap\">\n\t\t\t\t\t\t\t<div class=\"ui--divider-part ui--divider-part-left\"><\/div>\n\t\t\t\t\t\t\t<div class=\"ui--divider-part ui--divider-part-right\"><\/div>\n\t\t\t\t\t\t<\/div>\n\t\t\t\t\t<\/div><div  class=\"ui--space clearfix\" data-responsive=\"{&quot;css&quot;:{&quot;height&quot;:{&quot;phone&quot;:null,&quot;tablet&quot;:null,&quot;widescreen&quot;:null}}}\"><\/div><div class=\"auto-format ui--animation\"><p>Die ANSEROS Ozon-Agraranlagen | K-FRISCH mit integriertem Hoxon-System umfasst sowohl Waschen als auch Lagerung von Obst und Gem\u00fcse. W\u00e4hrend des Waschprozesses werden von Mikroorganismen beseitigt. Das Reifegas Ethylen wird w\u00e4hrend der Lagerung oxidiert. So werden lange Lagerzeiten bis hin zu kommenden Erntezeiten m\u00f6glich.<\/p>\n<\/div><div class=\"ui-row row\">\n <div   class=\"ui-column span6\"><div class=\"auto-format ui--animation\"><p>Das Hoxon-System gew\u00e4hrleistet zuverl\u00e4ssige Hygiene f\u00fcr die gesamten Verarbeitungs- und Lagerfl\u00e4chen.<\/p>\n<p>+ Langzeitlagerung klimakterischer Fr\u00fcchte<\/p>\n<p><strong>+ Hygienisches Waschen<\/p>\n<p>+ Geruchseind\u00e4mmung in Produktions- und Lagerhallen<\/p>\n<p>+ Bakterienfreie Oberfl\u00e4chen von Maschinen, Ger\u00e4ten und Zubeh\u00f6r<\/p>\n<p>+ Sicherer Transport ohne Qualit\u00e4tsverlust<\/p>\n<p>+ Nachhaltiges Verfahren ohne sch\u00e4dliche Chemikalien<\/strong><\/p>\n<\/div><\/div> \n\n <div   class=\"ui-column span6\"><div class=\"ui--image-wrap clearfix\"><img loading=\"lazy\" decoding=\"async\" width=\"5949\" height=\"3971\" src=\"https:\/\/anseros-systeme.de\/wp-content\/uploads\/agri.jpg\" class=\"ui--image ui--animation\" alt=\"\" title=\"agri-hydroponics\" id=\"ui--image-2\" srcset=\"https:\/\/anseros-systeme.de\/wp-content\/uploads\/agri.jpg 5949w, https:\/\/anseros-systeme.de\/wp-content\/uploads\/agri-300x200.jpg 300w, https:\/\/anseros-systeme.de\/wp-content\/uploads\/agri-1030x687.jpg 1030w\" sizes=\"(max-width: 5949px) 100vw, 5949px\" \/><\/div><\/div> \n\n<\/div> \n<div  class=\"ui--space clearfix\" data-responsive=\"{&quot;css&quot;:{&quot;height&quot;:{&quot;phone&quot;:null,&quot;tablet&quot;:null,&quot;widescreen&quot;:null}}}\"><\/div><div  class=\"ui--space clearfix\" data-responsive=\"{&quot;css&quot;:{&quot;height&quot;:{&quot;phone&quot;:null,&quot;tablet&quot;:null,&quot;widescreen&quot;:null}}}\"><\/div><div  class=\"ui--toggle ui--animation clearfix ui--toggle-state-closed\"><div class=\"ui--toggle-title\"><a href=\"javascript:;\"><span class=\"ui--toggle-icon\"><i class=\"ui--icon show-when-closed fontawesome-chevron-down\"><\/i><i class=\"ui--icon show-when-opened fontawesome-chevron-up\"><\/i><\/span><span class=\"ui--toggle-title-text heading\">Bitte kontaktieren Sie uns f\u00fcr weitere Details.<\/span><\/a><\/div><div class=\"ui--toggle-content\">\n<div class=\"wpcf7 no-js\" id=\"wpcf7-f8705-o1\" lang=\"de-DE\" dir=\"ltr\">\n<div class=\"screen-reader-response\"><p role=\"status\" aria-live=\"polite\" aria-atomic=\"true\"><\/p> <ul><\/ul><\/div>\n<form action=\"\/de\/wp-json\/wp\/v2\/pages\/5383#wpcf7-f8705-o1\" method=\"post\" class=\"wpcf7-form init\" aria-label=\"Kontaktformular\" novalidate=\"novalidate\" data-status=\"init\">\n<div style=\"display: none;\">\n<input type=\"hidden\" name=\"_wpcf7\" value=\"8705\" \/>\n<input type=\"hidden\" name=\"_wpcf7_version\" value=\"5.9.8\" \/>\n<input type=\"hidden\" name=\"_wpcf7_locale\" value=\"de_DE\" \/>\n<input type=\"hidden\" name=\"_wpcf7_unit_tag\" value=\"wpcf7-f8705-o1\" \/>\n<input type=\"hidden\" name=\"_wpcf7_container_post\" value=\"0\" \/>\n<input type=\"hidden\" name=\"_wpcf7_posted_data_hash\" value=\"\" \/>\n<input type=\"hidden\" name=\"_wpcf7dtx_version\" value=\"5.0.5\" \/>\n<input type=\"hidden\" name=\"_wpcf7_recaptcha_response\" value=\"\" \/>\n<\/div>\n<p><b><\/b>\n<\/p>\n<p> Ihr Name * <span class=\"wpcf7-form-control-wrap\" data-name=\"menu-601\"><select class=\"wpcf7-form-control wpcf7-select wpcf7-validates-as-required\" aria-required=\"true\" aria-invalid=\"false\" name=\"menu-601\"><option value=\"Herr.\">Herr.<\/option><option value=\"Frau.\">Frau.<\/option><\/select><\/span>\n<\/p>\n<p> Titel <span class=\"wpcf7-form-control-wrap\" data-name=\"menu-884\"><select class=\"wpcf7-form-control wpcf7-select\" aria-invalid=\"false\" name=\"menu-884\"><option value=\"kein\">kein<\/option><option value=\"Dr.\">Dr.<\/option><option value=\"Prof.\">Prof.<\/option><\/select><\/span>\n<\/p>\n<p><span class=\"wpcf7-form-control-wrap\" data-name=\"Ihr-Name\"><input size=\"40\" maxlength=\"400\" class=\"wpcf7-form-control wpcf7-text wpcf7-validates-as-required\" aria-required=\"true\" aria-invalid=\"false\" placeholder=\"bitte tragen Sie Ihren vollen Namen ein\" value=\"\" type=\"text\" name=\"Ihr-Name\" \/><\/span>\n<\/p>\n<p>Ihre E-Mail-Adresse *<br \/>\n<span class=\"wpcf7-form-control-wrap\" data-name=\"email-419\"><input size=\"40\" maxlength=\"400\" class=\"wpcf7-form-control wpcf7-email wpcf7-validates-as-required wpcf7-text wpcf7-validates-as-email\" aria-required=\"true\" aria-invalid=\"false\" placeholder=\"Bitte tragen Sie eine g\u00fcltige E-Mail-Adresse ein\" value=\"\" type=\"email\" name=\"email-419\" \/><\/span>\n<\/p>\n<p>Ihre Website-Adresse (optional)<br \/>\n<span class=\"wpcf7-form-control-wrap\" data-name=\"url-808\"><input size=\"40\" maxlength=\"400\" class=\"wpcf7-form-control wpcf7-url wpcf7-text wpcf7-validates-as-url\" aria-invalid=\"false\" placeholder=\"Bitte geben Sie Ihre Webadresse ein (falls vorhanden)\" value=\"\" type=\"url\" name=\"url-808\" \/><\/span>\n<\/p>\n<p>Telefonnummer * <span class=\"wpcf7-form-control-wrap\" data-name=\"tel-193\"><input size=\"40\" maxlength=\"400\" class=\"wpcf7-form-control wpcf7-tel wpcf7-validates-as-required wpcf7-text wpcf7-validates-as-tel\" aria-required=\"true\" aria-invalid=\"false\" placeholder=\"Bitte geben Sie den L\u00e4ndercode, dann den Stadtcode und dann die Nummer ein\" value=\"\" type=\"tel\" name=\"tel-193\" \/><\/span>\n<\/p>\n<p>Organisation oder Firmenname * <span class=\"wpcf7-form-control-wrap\" data-name=\"text-518\"><input size=\"40\" maxlength=\"400\" class=\"wpcf7-form-control wpcf7-text wpcf7-validates-as-required\" aria-required=\"true\" aria-invalid=\"false\" placeholder=\"Bitte geben Sie den vollst\u00e4ndigen Namen der Organisation oder Firma ein\" value=\"\" type=\"text\" name=\"text-518\" \/><\/span>\n<\/p>\n<p>Stra\u00dfenname und-nummer * <span class=\"wpcf7-form-control-wrap\" data-name=\"text-998\"><input size=\"40\" maxlength=\"400\" class=\"wpcf7-form-control wpcf7-text wpcf7-validates-as-required\" aria-required=\"true\" aria-invalid=\"false\" value=\"\" type=\"text\" name=\"text-998\" \/><\/span>\n<\/p>\n<p>Postleitzahl * <span class=\"wpcf7-form-control-wrap\" data-name=\"text-771\"><input size=\"40\" maxlength=\"400\" class=\"wpcf7-form-control wpcf7-text wpcf7-validates-as-required\" aria-required=\"true\" aria-invalid=\"false\" placeholder=\"Bitte geben Sie nur die Postleitzahl ein\" value=\"\" type=\"text\" name=\"text-771\" \/><\/span>\n<\/p>\n<p>Stadtname * <span class=\"wpcf7-form-control-wrap\" data-name=\"text-956\"><input size=\"40\" maxlength=\"400\" class=\"wpcf7-form-control wpcf7-text wpcf7-validates-as-required\" aria-required=\"true\" aria-invalid=\"false\" placeholder=\"Bitte geben Sie den Namen Ihrer Stadt ein\" value=\"\" type=\"text\" name=\"text-956\" \/><\/span>\n<\/p>\n<p>Land * <span class=\"wpcf7-form-control-wrap\" data-name=\"text-868\"><input size=\"40\" maxlength=\"400\" class=\"wpcf7-form-control wpcf7-text wpcf7-validates-as-required\" aria-required=\"true\" aria-invalid=\"false\" placeholder=\"Bitte geben Sie den Namen Ihres Landes ein\" value=\"\" type=\"text\" name=\"text-868\" \/><\/span>\n<\/p>\n<p>\n<span class=\"wpcf7-form-control-wrap dynamichidden-55\" data-name=\"dynamichidden-55\"><input type=\"hidden\" name=\"dynamichidden-55\" class=\"wpcf7-form-control wpcf7-hidden wpcf7dtx wpcf7dtx-hidden\" aria-invalid=\"false\" value=\"Ozon-Agraranlagen | K-FRISCH\"><\/span>\n<\/p>\n<p>Ihre Nachricht *\n<\/p>\n<p><span class=\"wpcf7-form-control-wrap\" data-name=\"Nachricht\"><textarea cols=\"40\" rows=\"10\" maxlength=\"2000\" class=\"wpcf7-form-control wpcf7-textarea wpcf7-validates-as-required\" aria-required=\"true\" aria-invalid=\"false\" name=\"Nachricht\"><\/textarea><\/span>\n<\/p>\n<p><i>Felder mit * Markierung m\u00fcssen ausgef\u00fcllt werden<\/i>\n<\/p>\n<p><b><br \/>\n<span class=\"wpcf7-form-control-wrap\" data-name=\"acceptance-739\"><span class=\"wpcf7-form-control wpcf7-acceptance\"><span class=\"wpcf7-list-item\"><input type=\"checkbox\" name=\"acceptance-739\" value=\"1\" aria-invalid=\"false\" \/><\/span><\/span><\/span>Mit der Nutzung dieses Formulars erkl\u00e4ren Sie sich mit der Speicherung und Verarbeitung Ihrer Daten durch diese Website einverstanden. Bitte beachten Sie unsere Datenschutzerkl\u00e4rung unter <a href=\"https:\/\/anseros-systeme.de\/de\/datenschutz\/\" target=\"_blank\"> Datenschutzerkl\u00e4rung.<\/a><br \/>\n<span class=\"wpcf7-form-control-wrap\" data-name=\"acceptance-740\"><span class=\"wpcf7-form-control wpcf7-acceptance\"><span class=\"wpcf7-list-item\"><input type=\"checkbox\" name=\"acceptance-740\" value=\"1\" aria-invalid=\"false\" \/><\/span><\/span><\/span>Die \u00dcbermittlung Ihrer Anfrage erfolgt verschl\u00fcsselt (SSL \/ TLS). Wir versichern, dass Ihre pers\u00f6nlichen Daten ausschlie\u00dflich dazu verwendet werden, uns zu kontaktieren. Wir werden diese Daten nicht an Dritte weitergeben. Au\u00dferdem versichern wir Ihnen, dass Sie keine E-Mail von uns erhalten, die nicht mit dieser Anfrage verbunden ist. <br \/>\n<\/b>\n<\/p>\n<div class=\"g-recaptcha\" data-sitekey=\"6LeDGWYUAAAAACb5IO0SrcS_TjeexPNia-YIEOti\">\n<\/div>\n<p><input class=\"wpcf7-form-control wpcf7-submit has-spinner\" type=\"submit\" value=\"Senden\" \/>\n<\/p><p style=\"display: none !important;\" class=\"akismet-fields-container\" data-prefix=\"_wpcf7_ak_\"><label>&#916;<textarea name=\"_wpcf7_ak_hp_textarea\" cols=\"45\" rows=\"8\" maxlength=\"100\"><\/textarea><\/label><input type=\"hidden\" id=\"ak_js_1\" name=\"_wpcf7_ak_js\" value=\"191\"\/><script>document.getElementById( \"ak_js_1\" ).setAttribute( \"value\", ( new Date() ).getTime() );<\/script><\/p><div class=\"wpcf7-response-output\" aria-hidden=\"true\"><\/div>\n<\/form>\n<\/div>\n<\/div><\/div><\/div><\/div><\/div>","protected":false},"excerpt":{"rendered":"<p>K-FRISCH Anlagen f\u00fcr Ackerbau- und Lebensmittelindustrie Die ANSEROS Ozon-Agraranlagen | K-FRISCH mit integriertem Hoxon-System umfasst sowohl Waschen als auch Lagerung von Obst und Gem\u00fcse. W\u00e4hrend des Waschprozesses werden von Mikroorganismen beseitigt. Das Reifegas Ethylen wird w\u00e4hrend der Lagerung oxidiert. So werden lange Lagerzeiten bis hin zu kommenden Erntezeiten m\u00f6glich. Das Hoxon-System gew\u00e4hrleistet zuverl\u00e4ssige Hygiene f\u00fcr [&hellip;]<\/p>\n","protected":false},"author":5,"featured_media":0,"parent":8209,"menu_order":0,"comment_status":"closed","ping_status":"closed","template":"","meta":{"footnotes":""},"class_list":["post-5383","page","type-page","status-publish","hentry"],"yoast_head":"<!-- This site is optimized with the Yoast SEO plugin v23.6 - https:\/\/yoast.com\/wordpress\/plugins\/seo\/ -->\n<title>Ozon-Agraranlagen | K-FRISCH - Anseros Ozone Technologies<\/title>\n<meta name=\"robots\" content=\"noindex, follow, max-snippet:-1, max-image-preview:large, max-video-preview:-1\" \/>\n<meta property=\"og:locale\" content=\"de_DE\" \/>\n<meta property=\"og:type\" content=\"article\" \/>\n<meta property=\"og:title\" content=\"Ozon-Agraranlagen | K-FRISCH - Anseros Ozone Technologies\" \/>\n<meta property=\"og:description\" content=\"K-FRISCH Anlagen f\u00fcr Ackerbau- und Lebensmittelindustrie Die ANSEROS Ozon-Agraranlagen | K-FRISCH mit integriertem Hoxon-System umfasst sowohl Waschen als auch Lagerung von Obst und Gem\u00fcse. W\u00e4hrend des Waschprozesses werden von Mikroorganismen beseitigt. Das Reifegas Ethylen wird w\u00e4hrend der Lagerung oxidiert. So werden lange Lagerzeiten bis hin zu kommenden Erntezeiten m\u00f6glich. Das Hoxon-System gew\u00e4hrleistet zuverl\u00e4ssige Hygiene f\u00fcr [&hellip;]\" \/>\n<meta property=\"og:url\" content=\"https:\/\/anseros-systeme.de\/de\/ozonanlagen\/ozon-agraranlagen-k-frisch\/\" \/>\n<meta property=\"og:site_name\" content=\"Anseros Ozone Technologies\" \/>\n<meta property=\"article:publisher\" content=\"https:\/\/www.facebook.com\/AnserosDeutschland\/\" \/>\n<meta property=\"article:modified_time\" content=\"2022-03-30T09:21:38+00:00\" \/>\n<meta name=\"twitter:card\" content=\"summary_large_image\" \/>\n<script type=\"application\/ld+json\" class=\"yoast-schema-graph\">{\"@context\":\"https:\/\/schema.org\",\"@graph\":[{\"@type\":\"WebPage\",\"@id\":\"https:\/\/anseros-systeme.de\/de\/ozonanlagen\/ozon-agraranlagen-k-frisch\/\",\"url\":\"https:\/\/anseros-systeme.de\/de\/ozonanlagen\/ozon-agraranlagen-k-frisch\/\",\"name\":\"Ozon-Agraranlagen | K-FRISCH - Anseros Ozone Technologies\",\"isPartOf\":{\"@id\":\"https:\/\/anseros-systeme.de\/#website\"},\"datePublished\":\"2015-01-05T13:06:05+00:00\",\"dateModified\":\"2022-03-30T09:21:38+00:00\",\"breadcrumb\":{\"@id\":\"https:\/\/anseros-systeme.de\/de\/ozonanlagen\/ozon-agraranlagen-k-frisch\/#breadcrumb\"},\"inLanguage\":\"de\",\"potentialAction\":[{\"@type\":\"ReadAction\",\"target\":[\"https:\/\/anseros-systeme.de\/de\/ozonanlagen\/ozon-agraranlagen-k-frisch\/\"]}]},{\"@type\":\"BreadcrumbList\",\"@id\":\"https:\/\/anseros-systeme.de\/de\/ozonanlagen\/ozon-agraranlagen-k-frisch\/#breadcrumb\",\"itemListElement\":[{\"@type\":\"ListItem\",\"position\":1,\"name\":\"Home\",\"item\":\"https:\/\/anseros-systeme.de\/de\/\"},{\"@type\":\"ListItem\",\"position\":2,\"name\":\"Ozonanlagen\",\"item\":\"https:\/\/anseros-systeme.de\/de\/ozonanlagen\/\"},{\"@type\":\"ListItem\",\"position\":3,\"name\":\"Ozon-Agraranlagen | K-FRISCH\"}]},{\"@type\":\"WebSite\",\"@id\":\"https:\/\/anseros-systeme.de\/#website\",\"url\":\"https:\/\/anseros-systeme.de\/\",\"name\":\"Anseros Ozone Technologies\",\"description\":\"Ozone Generators | Ozone Analyzers | Ozone Water Treatment Systems | Ozone Air Purification Systems | Ozone Test Chambers\",\"publisher\":{\"@id\":\"https:\/\/anseros-systeme.de\/#organization\"},\"potentialAction\":[{\"@type\":\"SearchAction\",\"target\":{\"@type\":\"EntryPoint\",\"urlTemplate\":\"https:\/\/anseros-systeme.de\/?s={search_term_string}\"},\"query-input\":{\"@type\":\"PropertyValueSpecification\",\"valueRequired\":true,\"valueName\":\"search_term_string\"}}],\"inLanguage\":\"de\"},{\"@type\":\"Organization\",\"@id\":\"https:\/\/anseros-systeme.de\/#organization\",\"name\":\"ANSROS KLAUS NONNENMACHER GmbH\",\"url\":\"https:\/\/anseros-systeme.de\/\",\"logo\":{\"@type\":\"ImageObject\",\"inLanguage\":\"de\",\"@id\":\"https:\/\/anseros-systeme.de\/#\/schema\/logo\/image\/\",\"url\":\"https:\/\/hoxon.de\/wp-content\/uploads\/logo-7-e1609862136604.png\",\"contentUrl\":\"https:\/\/hoxon.de\/wp-content\/uploads\/logo-7-e1609862136604.png\",\"width\":150,\"height\":150,\"caption\":\"ANSROS KLAUS NONNENMACHER GmbH\"},\"image\":{\"@id\":\"https:\/\/anseros-systeme.de\/#\/schema\/logo\/image\/\"},\"sameAs\":[\"https:\/\/www.facebook.com\/AnserosDeutschland\/\"]}]}<\/script>\n<!-- \/ Yoast SEO plugin. -->","yoast_head_json":{"title":"Ozon-Agraranlagen | K-FRISCH - Anseros Ozone Technologies","robots":{"index":"noindex","follow":"follow","max-snippet":"max-snippet:-1","max-image-preview":"max-image-preview:large","max-video-preview":"max-video-preview:-1"},"og_locale":"de_DE","og_type":"article","og_title":"Ozon-Agraranlagen | K-FRISCH - Anseros Ozone Technologies","og_description":"K-FRISCH Anlagen f\u00fcr Ackerbau- und Lebensmittelindustrie Die ANSEROS Ozon-Agraranlagen | K-FRISCH mit integriertem Hoxon-System umfasst sowohl Waschen als auch Lagerung von Obst und Gem\u00fcse. W\u00e4hrend des Waschprozesses werden von Mikroorganismen beseitigt. Das Reifegas Ethylen wird w\u00e4hrend der Lagerung oxidiert. So werden lange Lagerzeiten bis hin zu kommenden Erntezeiten m\u00f6glich. Das Hoxon-System gew\u00e4hrleistet zuverl\u00e4ssige Hygiene f\u00fcr [&hellip;]","og_url":"https:\/\/anseros-systeme.de\/de\/ozonanlagen\/ozon-agraranlagen-k-frisch\/","og_site_name":"Anseros Ozone Technologies","article_publisher":"https:\/\/www.facebook.com\/AnserosDeutschland\/","article_modified_time":"2022-03-30T09:21:38+00:00","twitter_card":"summary_large_image","schema":{"@context":"https:\/\/schema.org","@graph":[{"@type":"WebPage","@id":"https:\/\/anseros-systeme.de\/de\/ozonanlagen\/ozon-agraranlagen-k-frisch\/","url":"https:\/\/anseros-systeme.de\/de\/ozonanlagen\/ozon-agraranlagen-k-frisch\/","name":"Ozon-Agraranlagen | K-FRISCH - Anseros Ozone Technologies","isPartOf":{"@id":"https:\/\/anseros-systeme.de\/#website"},"datePublished":"2015-01-05T13:06:05+00:00","dateModified":"2022-03-30T09:21:38+00:00","breadcrumb":{"@id":"https:\/\/anseros-systeme.de\/de\/ozonanlagen\/ozon-agraranlagen-k-frisch\/#breadcrumb"},"inLanguage":"de","potentialAction":[{"@type":"ReadAction","target":["https:\/\/anseros-systeme.de\/de\/ozonanlagen\/ozon-agraranlagen-k-frisch\/"]}]},{"@type":"BreadcrumbList","@id":"https:\/\/anseros-systeme.de\/de\/ozonanlagen\/ozon-agraranlagen-k-frisch\/#breadcrumb","itemListElement":[{"@type":"ListItem","position":1,"name":"Home","item":"https:\/\/anseros-systeme.de\/de\/"},{"@type":"ListItem","position":2,"name":"Ozonanlagen","item":"https:\/\/anseros-systeme.de\/de\/ozonanlagen\/"},{"@type":"ListItem","position":3,"name":"Ozon-Agraranlagen | K-FRISCH"}]},{"@type":"WebSite","@id":"https:\/\/anseros-systeme.de\/#website","url":"https:\/\/anseros-systeme.de\/","name":"Anseros Ozone Technologies","description":"Ozone Generators | Ozone Analyzers | Ozone Water Treatment Systems | Ozone Air Purification Systems | Ozone Test Chambers","publisher":{"@id":"https:\/\/anseros-systeme.de\/#organization"},"potentialAction":[{"@type":"SearchAction","target":{"@type":"EntryPoint","urlTemplate":"https:\/\/anseros-systeme.de\/?s={search_term_string}"},"query-input":{"@type":"PropertyValueSpecification","valueRequired":true,"valueName":"search_term_string"}}],"inLanguage":"de"},{"@type":"Organization","@id":"https:\/\/anseros-systeme.de\/#organization","name":"ANSROS KLAUS NONNENMACHER GmbH","url":"https:\/\/anseros-systeme.de\/","logo":{"@type":"ImageObject","inLanguage":"de","@id":"https:\/\/anseros-systeme.de\/#\/schema\/logo\/image\/","url":"https:\/\/hoxon.de\/wp-content\/uploads\/logo-7-e1609862136604.png","contentUrl":"https:\/\/hoxon.de\/wp-content\/uploads\/logo-7-e1609862136604.png","width":150,"height":150,"caption":"ANSROS KLAUS NONNENMACHER GmbH"},"image":{"@id":"https:\/\/anseros-systeme.de\/#\/schema\/logo\/image\/"},"sameAs":["https:\/\/www.facebook.com\/AnserosDeutschland\/"]}]}},"_links":{"self":[{"href":"https:\/\/anseros-systeme.de\/de\/wp-json\/wp\/v2\/pages\/5383"}],"collection":[{"href":"https:\/\/anseros-systeme.de\/de\/wp-json\/wp\/v2\/pages"}],"about":[{"href":"https:\/\/anseros-systeme.de\/de\/wp-json\/wp\/v2\/types\/page"}],"author":[{"embeddable":true,"href":"https:\/\/anseros-systeme.de\/de\/wp-json\/wp\/v2\/users\/5"}],"replies":[{"embeddable":true,"href":"https:\/\/anseros-systeme.de\/de\/wp-json\/wp\/v2\/comments?post=5383"}],"version-history":[{"count":8,"href":"https:\/\/anseros-systeme.de\/de\/wp-json\/wp\/v2\/pages\/5383\/revisions"}],"predecessor-version":[{"id":9335,"href":"https:\/\/anseros-systeme.de\/de\/wp-json\/wp\/v2\/pages\/5383\/revisions\/9335"}],"up":[{"embeddable":true,"href":"https:\/\/anseros-systeme.de\/de\/wp-json\/wp\/v2\/pages\/8209"}],"wp:attachment":[{"href":"https:\/\/anseros-systeme.de\/de\/wp-json\/wp\/v2\/media?parent=5383"}],"curies":[{"name":"wp","href":"https:\/\/api.w.org\/{rel}","templated":true}]}}