{"id":5429,"date":"2015-01-12T13:45:07","date_gmt":"2015-01-12T11:45:07","guid":{"rendered":"http:\/\/progwarts.de\/?page_id=5429"},"modified":"2022-01-14T13:06:07","modified_gmt":"2022-01-14T11:06:07","slug":"fischkultur","status":"publish","type":"page","link":"https:\/\/anseros-systeme.de\/de\/ozonanwendungen\/landwirtschaft-lebensmittel\/fischkultur\/","title":{"rendered":"Fischkultur"},"content":{"rendered":"<div class=\"ui--title ui--animation ui--title-bordered text-left\"><div class=\"ui--title-holder\"><h1 class=\"ui--title-text\">Fischkultur<\/h1><div class=\"ui--title-borders ui--title-border-left\"><\/div><div class=\"ui--title-borders ui--title-border-right\"><\/div><\/div><\/div><div id=\"ui--gallery-1\" class=\"ui--gallery ui--pass\" data-columns=\"4\"><div class=\"unstyled-all clearfix ui--gallery-wrapper columns-4 \"><div class=\"ui-row row\">\n <div   class=\"ui-column span3\"><div class=\"ui--gallery-item ui--animation\"><div class=\"inner\"><a href=\"https:\/\/anseros-systeme.de\/wp-content\/uploads\/koi1.jpg\" target=\"_blank\" data-title=\"Koizucht\" data-rel=\"prettyPhoto[ui--gallery-1]\"><img loading=\"lazy\" decoding=\"async\" width=\"500\" height=\"500\" src=\"https:\/\/anseros-systeme.de\/wp-content\/uploads\/koi1-500x500.jpg\" class=\"attachment-custom_500x500x1 size-custom_500x500x1\" alt=\"\" srcset=\"https:\/\/anseros-systeme.de\/wp-content\/uploads\/koi1-500x500.jpg 500w, https:\/\/anseros-systeme.de\/wp-content\/uploads\/koi1-80x80.jpg 80w, https:\/\/anseros-systeme.de\/wp-content\/uploads\/koi1-300x300.jpg 300w, https:\/\/anseros-systeme.de\/wp-content\/uploads\/koi1.jpg 630w\" sizes=\"(max-width: 500px) 100vw, 500px\" \/><div class=\"ui--gallery-overlay\"><div class=\"center\"><span class=\"btn btn-normal btn-icon-left btn-grey ui--animation\" href=\"#\" style=\"\"><i class=\"ui--icon fontawesome-fullscreen\"><\/i><\/span> <\/div><\/div><\/a><\/div><\/div><\/div> \n\n <div   class=\"ui-column span3\"><div class=\"ui--gallery-item ui--animation\"><div class=\"inner\"><a href=\"https:\/\/anseros-systeme.de\/wp-content\/uploads\/aqua3.jpg\" target=\"_blank\" data-title=\"Aqua3\" data-rel=\"prettyPhoto[ui--gallery-1]\"><img loading=\"lazy\" decoding=\"async\" width=\"500\" height=\"500\" src=\"https:\/\/anseros-systeme.de\/wp-content\/uploads\/aqua3-500x500.jpg\" class=\"attachment-custom_500x500x1 size-custom_500x500x1\" alt=\"\" srcset=\"https:\/\/anseros-systeme.de\/wp-content\/uploads\/aqua3-500x500.jpg 500w, https:\/\/anseros-systeme.de\/wp-content\/uploads\/aqua3-80x80.jpg 80w, https:\/\/anseros-systeme.de\/wp-content\/uploads\/aqua3-300x300.jpg 300w, https:\/\/anseros-systeme.de\/wp-content\/uploads\/aqua3.jpg 630w\" sizes=\"(max-width: 500px) 100vw, 500px\" \/><div class=\"ui--gallery-overlay\"><div class=\"center\"><span class=\"btn btn-normal btn-icon-left btn-grey ui--animation\" href=\"#\" style=\"\"><i class=\"ui--icon fontawesome-fullscreen\"><\/i><\/span> <\/div><\/div><\/a><\/div><\/div><\/div> \n\n <div   class=\"ui-column span3\"><div class=\"ui--gallery-item ui--animation\"><div class=\"inner\"><a href=\"https:\/\/anseros-systeme.de\/wp-content\/uploads\/aqua4.jpg\" target=\"_blank\" data-title=\"Aqua4\" data-rel=\"prettyPhoto[ui--gallery-1]\"><img loading=\"lazy\" decoding=\"async\" width=\"500\" height=\"500\" src=\"https:\/\/anseros-systeme.de\/wp-content\/uploads\/aqua4-500x500.jpg\" class=\"attachment-custom_500x500x1 size-custom_500x500x1\" alt=\"\" srcset=\"https:\/\/anseros-systeme.de\/wp-content\/uploads\/aqua4-500x500.jpg 500w, https:\/\/anseros-systeme.de\/wp-content\/uploads\/aqua4-80x80.jpg 80w, https:\/\/anseros-systeme.de\/wp-content\/uploads\/aqua4-300x300.jpg 300w, https:\/\/anseros-systeme.de\/wp-content\/uploads\/aqua4.jpg 630w\" sizes=\"(max-width: 500px) 100vw, 500px\" \/><div class=\"ui--gallery-overlay\"><div class=\"center\"><span class=\"btn btn-normal btn-icon-left btn-grey ui--animation\" href=\"#\" style=\"\"><i class=\"ui--icon fontawesome-fullscreen\"><\/i><\/span> <\/div><\/div><\/a><\/div><\/div><\/div> \n\n<\/div> \n<\/div><div class=\"clearfix\"><\/div><\/div><div class=\"auto-format ui--animation\"><p><em>SARS, Vogelgrippe, Ebola, EHEC, Antibiotika, Inkubator, H\u00fchnerzucht, Schweinezucht, Entenzucht, Fischzucht, Fischbecken, Aquarium.<\/em><\/p>\n<\/div><div  class=\"ui--divider ui--animation clearfix ui--divider-solid-line\"><\/div><div class=\"auto-format ui--animation\"><\/div><div  class=\"ui--toggle ui--animation clearfix ui--toggle-state-closed\"><div class=\"ui--toggle-title\"><a href=\"javascript:;\"><span class=\"ui--toggle-icon\"><i class=\"ui--icon show-when-closed fontawesome-chevron-down\"><\/i><i class=\"ui--icon show-when-opened fontawesome-chevron-up\"><\/i><\/span><span class=\"ui--toggle-title-text heading\">Kontaktieren Sie uns. Wir beraten Sie gerne<\/span><\/a><\/div><div class=\"ui--toggle-content\">\n<div class=\"wpcf7 no-js\" id=\"wpcf7-f8705-o1\" lang=\"de-DE\" dir=\"ltr\">\n<div class=\"screen-reader-response\"><p role=\"status\" aria-live=\"polite\" aria-atomic=\"true\"><\/p> <ul><\/ul><\/div>\n<form action=\"\/de\/wp-json\/wp\/v2\/pages\/5429#wpcf7-f8705-o1\" method=\"post\" class=\"wpcf7-form init\" aria-label=\"Kontaktformular\" novalidate=\"novalidate\" data-status=\"init\">\n<div style=\"display: none;\">\n<input type=\"hidden\" name=\"_wpcf7\" value=\"8705\" \/>\n<input type=\"hidden\" name=\"_wpcf7_version\" value=\"5.9.8\" \/>\n<input type=\"hidden\" name=\"_wpcf7_locale\" value=\"de_DE\" \/>\n<input type=\"hidden\" name=\"_wpcf7_unit_tag\" value=\"wpcf7-f8705-o1\" \/>\n<input type=\"hidden\" name=\"_wpcf7_container_post\" value=\"0\" \/>\n<input type=\"hidden\" name=\"_wpcf7_posted_data_hash\" value=\"\" \/>\n<input type=\"hidden\" name=\"_wpcf7dtx_version\" value=\"5.0.5\" \/>\n<input type=\"hidden\" name=\"_wpcf7_recaptcha_response\" value=\"\" \/>\n<\/div>\n<p><b><\/b>\n<\/p>\n<p> Ihr Name * <span class=\"wpcf7-form-control-wrap\" data-name=\"menu-601\"><select class=\"wpcf7-form-control wpcf7-select wpcf7-validates-as-required\" aria-required=\"true\" aria-invalid=\"false\" name=\"menu-601\"><option value=\"Herr.\">Herr.<\/option><option value=\"Frau.\">Frau.<\/option><\/select><\/span>\n<\/p>\n<p> Titel <span class=\"wpcf7-form-control-wrap\" data-name=\"menu-884\"><select class=\"wpcf7-form-control wpcf7-select\" aria-invalid=\"false\" name=\"menu-884\"><option value=\"kein\">kein<\/option><option value=\"Dr.\">Dr.<\/option><option value=\"Prof.\">Prof.<\/option><\/select><\/span>\n<\/p>\n<p><span class=\"wpcf7-form-control-wrap\" data-name=\"Ihr-Name\"><input size=\"40\" maxlength=\"400\" class=\"wpcf7-form-control wpcf7-text wpcf7-validates-as-required\" aria-required=\"true\" aria-invalid=\"false\" placeholder=\"bitte tragen Sie Ihren vollen Namen ein\" value=\"\" type=\"text\" name=\"Ihr-Name\" \/><\/span>\n<\/p>\n<p>Ihre E-Mail-Adresse *<br \/>\n<span class=\"wpcf7-form-control-wrap\" data-name=\"email-419\"><input size=\"40\" maxlength=\"400\" class=\"wpcf7-form-control wpcf7-email wpcf7-validates-as-required wpcf7-text wpcf7-validates-as-email\" aria-required=\"true\" aria-invalid=\"false\" placeholder=\"Bitte tragen Sie eine g\u00fcltige E-Mail-Adresse ein\" value=\"\" type=\"email\" name=\"email-419\" \/><\/span>\n<\/p>\n<p>Ihre Website-Adresse (optional)<br \/>\n<span class=\"wpcf7-form-control-wrap\" data-name=\"url-808\"><input size=\"40\" maxlength=\"400\" class=\"wpcf7-form-control wpcf7-url wpcf7-text wpcf7-validates-as-url\" aria-invalid=\"false\" placeholder=\"Bitte geben Sie Ihre Webadresse ein (falls vorhanden)\" value=\"\" type=\"url\" name=\"url-808\" \/><\/span>\n<\/p>\n<p>Telefonnummer * <span class=\"wpcf7-form-control-wrap\" data-name=\"tel-193\"><input size=\"40\" maxlength=\"400\" class=\"wpcf7-form-control wpcf7-tel wpcf7-validates-as-required wpcf7-text wpcf7-validates-as-tel\" aria-required=\"true\" aria-invalid=\"false\" placeholder=\"Bitte geben Sie den L\u00e4ndercode, dann den Stadtcode und dann die Nummer ein\" value=\"\" type=\"tel\" name=\"tel-193\" \/><\/span>\n<\/p>\n<p>Organisation oder Firmenname * <span class=\"wpcf7-form-control-wrap\" data-name=\"text-518\"><input size=\"40\" maxlength=\"400\" class=\"wpcf7-form-control wpcf7-text wpcf7-validates-as-required\" aria-required=\"true\" aria-invalid=\"false\" placeholder=\"Bitte geben Sie den vollst\u00e4ndigen Namen der Organisation oder Firma ein\" value=\"\" type=\"text\" name=\"text-518\" \/><\/span>\n<\/p>\n<p>Stra\u00dfenname und-nummer * <span class=\"wpcf7-form-control-wrap\" data-name=\"text-998\"><input size=\"40\" maxlength=\"400\" class=\"wpcf7-form-control wpcf7-text wpcf7-validates-as-required\" aria-required=\"true\" aria-invalid=\"false\" value=\"\" type=\"text\" name=\"text-998\" \/><\/span>\n<\/p>\n<p>Postleitzahl * <span class=\"wpcf7-form-control-wrap\" data-name=\"text-771\"><input size=\"40\" maxlength=\"400\" class=\"wpcf7-form-control wpcf7-text wpcf7-validates-as-required\" aria-required=\"true\" aria-invalid=\"false\" placeholder=\"Bitte geben Sie nur die Postleitzahl ein\" value=\"\" type=\"text\" name=\"text-771\" \/><\/span>\n<\/p>\n<p>Stadtname * <span class=\"wpcf7-form-control-wrap\" data-name=\"text-956\"><input size=\"40\" maxlength=\"400\" class=\"wpcf7-form-control wpcf7-text wpcf7-validates-as-required\" aria-required=\"true\" aria-invalid=\"false\" placeholder=\"Bitte geben Sie den Namen Ihrer Stadt ein\" value=\"\" type=\"text\" name=\"text-956\" \/><\/span>\n<\/p>\n<p>Land * <span class=\"wpcf7-form-control-wrap\" data-name=\"text-868\"><input size=\"40\" maxlength=\"400\" class=\"wpcf7-form-control wpcf7-text wpcf7-validates-as-required\" aria-required=\"true\" aria-invalid=\"false\" placeholder=\"Bitte geben Sie den Namen Ihres Landes ein\" value=\"\" type=\"text\" name=\"text-868\" \/><\/span>\n<\/p>\n<p>\n<span class=\"wpcf7-form-control-wrap dynamichidden-55\" data-name=\"dynamichidden-55\"><input type=\"hidden\" name=\"dynamichidden-55\" class=\"wpcf7-form-control wpcf7-hidden wpcf7dtx wpcf7dtx-hidden\" aria-invalid=\"false\" value=\"Fischkultur\"><\/span>\n<\/p>\n<p>Ihre Nachricht *\n<\/p>\n<p><span class=\"wpcf7-form-control-wrap\" data-name=\"Nachricht\"><textarea cols=\"40\" rows=\"10\" maxlength=\"2000\" class=\"wpcf7-form-control wpcf7-textarea wpcf7-validates-as-required\" aria-required=\"true\" aria-invalid=\"false\" name=\"Nachricht\"><\/textarea><\/span>\n<\/p>\n<p><i>Felder mit * Markierung m\u00fcssen ausgef\u00fcllt werden<\/i>\n<\/p>\n<p><b><br \/>\n<span class=\"wpcf7-form-control-wrap\" data-name=\"acceptance-739\"><span class=\"wpcf7-form-control wpcf7-acceptance\"><span class=\"wpcf7-list-item\"><input type=\"checkbox\" name=\"acceptance-739\" value=\"1\" aria-invalid=\"false\" \/><\/span><\/span><\/span>Mit der Nutzung dieses Formulars erkl\u00e4ren Sie sich mit der Speicherung und Verarbeitung Ihrer Daten durch diese Website einverstanden. Bitte beachten Sie unsere Datenschutzerkl\u00e4rung unter <a href=\"https:\/\/anseros-systeme.de\/de\/datenschutz\/\" target=\"_blank\"> Datenschutzerkl\u00e4rung.<\/a><br \/>\n<span class=\"wpcf7-form-control-wrap\" data-name=\"acceptance-740\"><span class=\"wpcf7-form-control wpcf7-acceptance\"><span class=\"wpcf7-list-item\"><input type=\"checkbox\" name=\"acceptance-740\" value=\"1\" aria-invalid=\"false\" \/><\/span><\/span><\/span>Die \u00dcbermittlung Ihrer Anfrage erfolgt verschl\u00fcsselt (SSL \/ TLS). Wir versichern, dass Ihre pers\u00f6nlichen Daten ausschlie\u00dflich dazu verwendet werden, uns zu kontaktieren. Wir werden diese Daten nicht an Dritte weitergeben. Au\u00dferdem versichern wir Ihnen, dass Sie keine E-Mail von uns erhalten, die nicht mit dieser Anfrage verbunden ist. <br \/>\n<\/b>\n<\/p>\n<div class=\"g-recaptcha\" data-sitekey=\"6LeDGWYUAAAAACb5IO0SrcS_TjeexPNia-YIEOti\">\n<\/div>\n<p><input class=\"wpcf7-form-control wpcf7-submit has-spinner\" type=\"submit\" value=\"Senden\" \/>\n<\/p><p style=\"display: none !important;\" class=\"akismet-fields-container\" data-prefix=\"_wpcf7_ak_\"><label>&#916;<textarea name=\"_wpcf7_ak_hp_textarea\" cols=\"45\" rows=\"8\" maxlength=\"100\"><\/textarea><\/label><input type=\"hidden\" id=\"ak_js_1\" name=\"_wpcf7_ak_js\" value=\"54\"\/><script>document.getElementById( \"ak_js_1\" ).setAttribute( \"value\", ( new Date() ).getTime() );<\/script><\/p><div class=\"wpcf7-response-output\" aria-hidden=\"true\"><\/div>\n<\/form>\n<\/div>\n<\/div><\/div>","protected":false},"excerpt":{"rendered":"<p>Fischkultur SARS, Vogelgrippe, Ebola, EHEC, Antibiotika, Inkubator, H\u00fchnerzucht, Schweinezucht, Entenzucht, Fischzucht, Fischbecken, Aquarium. Kontaktieren Sie uns. Wir beraten Sie gerne Ihr Name * Herr.Frau. Titel keinDr.Prof. Ihre E-Mail-Adresse * Ihre Website-Adresse (optional) Telefonnummer * Organisation oder Firmenname * Stra\u00dfenname und-nummer * Postleitzahl * Stadtname * Land * Ihre Nachricht * Felder mit * Markierung m\u00fcssen [&hellip;]<\/p>\n","protected":false},"author":5,"featured_media":0,"parent":2430,"menu_order":0,"comment_status":"closed","ping_status":"closed","template":"","meta":{"footnotes":""},"class_list":["post-5429","page","type-page","status-publish","hentry"],"yoast_head":"<!-- This site is optimized with the Yoast SEO plugin v23.6 - https:\/\/yoast.com\/wordpress\/plugins\/seo\/ -->\n<title>Fischkultur - Anseros Ozone Technologies<\/title>\n<meta name=\"robots\" content=\"noindex, follow, max-snippet:-1, max-image-preview:large, max-video-preview:-1\" \/>\n<meta property=\"og:locale\" content=\"de_DE\" \/>\n<meta property=\"og:type\" content=\"article\" \/>\n<meta property=\"og:title\" content=\"Fischkultur - Anseros Ozone Technologies\" \/>\n<meta property=\"og:description\" content=\"Fischkultur SARS, Vogelgrippe, Ebola, EHEC, Antibiotika, Inkubator, H\u00fchnerzucht, Schweinezucht, Entenzucht, Fischzucht, Fischbecken, Aquarium. Kontaktieren Sie uns. Wir beraten Sie gerne Ihr Name * Herr.Frau. Titel keinDr.Prof. Ihre E-Mail-Adresse * Ihre Website-Adresse (optional) Telefonnummer * Organisation oder Firmenname * Stra\u00dfenname und-nummer * Postleitzahl * Stadtname * Land * Ihre Nachricht * Felder mit * Markierung m\u00fcssen [&hellip;]\" \/>\n<meta property=\"og:url\" content=\"https:\/\/anseros-systeme.de\/de\/ozonanwendungen\/landwirtschaft-lebensmittel\/fischkultur\/\" \/>\n<meta property=\"og:site_name\" content=\"Anseros Ozone Technologies\" \/>\n<meta property=\"article:publisher\" content=\"https:\/\/www.facebook.com\/AnserosDeutschland\/\" \/>\n<meta property=\"article:modified_time\" content=\"2022-01-14T11:06:07+00:00\" \/>\n<meta name=\"twitter:card\" content=\"summary_large_image\" \/>\n<script type=\"application\/ld+json\" class=\"yoast-schema-graph\">{\"@context\":\"https:\/\/schema.org\",\"@graph\":[{\"@type\":\"WebPage\",\"@id\":\"https:\/\/anseros-systeme.de\/de\/ozonanwendungen\/landwirtschaft-lebensmittel\/fischkultur\/\",\"url\":\"https:\/\/anseros-systeme.de\/de\/ozonanwendungen\/landwirtschaft-lebensmittel\/fischkultur\/\",\"name\":\"Fischkultur - Anseros Ozone Technologies\",\"isPartOf\":{\"@id\":\"https:\/\/anseros-systeme.de\/#website\"},\"datePublished\":\"2015-01-12T11:45:07+00:00\",\"dateModified\":\"2022-01-14T11:06:07+00:00\",\"breadcrumb\":{\"@id\":\"https:\/\/anseros-systeme.de\/de\/ozonanwendungen\/landwirtschaft-lebensmittel\/fischkultur\/#breadcrumb\"},\"inLanguage\":\"de\",\"potentialAction\":[{\"@type\":\"ReadAction\",\"target\":[\"https:\/\/anseros-systeme.de\/de\/ozonanwendungen\/landwirtschaft-lebensmittel\/fischkultur\/\"]}]},{\"@type\":\"BreadcrumbList\",\"@id\":\"https:\/\/anseros-systeme.de\/de\/ozonanwendungen\/landwirtschaft-lebensmittel\/fischkultur\/#breadcrumb\",\"itemListElement\":[{\"@type\":\"ListItem\",\"position\":1,\"name\":\"Home\",\"item\":\"https:\/\/anseros-systeme.de\/de\/\"},{\"@type\":\"ListItem\",\"position\":2,\"name\":\"Ozonanwendungen\",\"item\":\"https:\/\/anseros-systeme.de\/de\/ozonanwendungen\/\"},{\"@type\":\"ListItem\",\"position\":3,\"name\":\"Landwirtschaft &#038; Lebensmittel\",\"item\":\"https:\/\/anseros-systeme.de\/de\/ozonanwendungen\/landwirtschaft-lebensmittel\/\"},{\"@type\":\"ListItem\",\"position\":4,\"name\":\"Fischkultur\"}]},{\"@type\":\"WebSite\",\"@id\":\"https:\/\/anseros-systeme.de\/#website\",\"url\":\"https:\/\/anseros-systeme.de\/\",\"name\":\"Anseros Ozone Technologies\",\"description\":\"Ozone Generators | Ozone Analyzers | Ozone Water Treatment Systems | Ozone Air Purification Systems | Ozone Test Chambers\",\"publisher\":{\"@id\":\"https:\/\/anseros-systeme.de\/#organization\"},\"potentialAction\":[{\"@type\":\"SearchAction\",\"target\":{\"@type\":\"EntryPoint\",\"urlTemplate\":\"https:\/\/anseros-systeme.de\/?s={search_term_string}\"},\"query-input\":{\"@type\":\"PropertyValueSpecification\",\"valueRequired\":true,\"valueName\":\"search_term_string\"}}],\"inLanguage\":\"de\"},{\"@type\":\"Organization\",\"@id\":\"https:\/\/anseros-systeme.de\/#organization\",\"name\":\"ANSROS KLAUS NONNENMACHER GmbH\",\"url\":\"https:\/\/anseros-systeme.de\/\",\"logo\":{\"@type\":\"ImageObject\",\"inLanguage\":\"de\",\"@id\":\"https:\/\/anseros-systeme.de\/#\/schema\/logo\/image\/\",\"url\":\"https:\/\/hoxon.de\/wp-content\/uploads\/logo-7-e1609862136604.png\",\"contentUrl\":\"https:\/\/hoxon.de\/wp-content\/uploads\/logo-7-e1609862136604.png\",\"width\":150,\"height\":150,\"caption\":\"ANSROS KLAUS NONNENMACHER GmbH\"},\"image\":{\"@id\":\"https:\/\/anseros-systeme.de\/#\/schema\/logo\/image\/\"},\"sameAs\":[\"https:\/\/www.facebook.com\/AnserosDeutschland\/\"]}]}<\/script>\n<!-- \/ Yoast SEO plugin. -->","yoast_head_json":{"title":"Fischkultur - Anseros Ozone Technologies","robots":{"index":"noindex","follow":"follow","max-snippet":"max-snippet:-1","max-image-preview":"max-image-preview:large","max-video-preview":"max-video-preview:-1"},"og_locale":"de_DE","og_type":"article","og_title":"Fischkultur - Anseros Ozone Technologies","og_description":"Fischkultur SARS, Vogelgrippe, Ebola, EHEC, Antibiotika, Inkubator, H\u00fchnerzucht, Schweinezucht, Entenzucht, Fischzucht, Fischbecken, Aquarium. Kontaktieren Sie uns. Wir beraten Sie gerne Ihr Name * Herr.Frau. Titel keinDr.Prof. Ihre E-Mail-Adresse * Ihre Website-Adresse (optional) Telefonnummer * Organisation oder Firmenname * Stra\u00dfenname und-nummer * Postleitzahl * Stadtname * Land * Ihre Nachricht * Felder mit * Markierung m\u00fcssen [&hellip;]","og_url":"https:\/\/anseros-systeme.de\/de\/ozonanwendungen\/landwirtschaft-lebensmittel\/fischkultur\/","og_site_name":"Anseros Ozone Technologies","article_publisher":"https:\/\/www.facebook.com\/AnserosDeutschland\/","article_modified_time":"2022-01-14T11:06:07+00:00","twitter_card":"summary_large_image","schema":{"@context":"https:\/\/schema.org","@graph":[{"@type":"WebPage","@id":"https:\/\/anseros-systeme.de\/de\/ozonanwendungen\/landwirtschaft-lebensmittel\/fischkultur\/","url":"https:\/\/anseros-systeme.de\/de\/ozonanwendungen\/landwirtschaft-lebensmittel\/fischkultur\/","name":"Fischkultur - Anseros Ozone Technologies","isPartOf":{"@id":"https:\/\/anseros-systeme.de\/#website"},"datePublished":"2015-01-12T11:45:07+00:00","dateModified":"2022-01-14T11:06:07+00:00","breadcrumb":{"@id":"https:\/\/anseros-systeme.de\/de\/ozonanwendungen\/landwirtschaft-lebensmittel\/fischkultur\/#breadcrumb"},"inLanguage":"de","potentialAction":[{"@type":"ReadAction","target":["https:\/\/anseros-systeme.de\/de\/ozonanwendungen\/landwirtschaft-lebensmittel\/fischkultur\/"]}]},{"@type":"BreadcrumbList","@id":"https:\/\/anseros-systeme.de\/de\/ozonanwendungen\/landwirtschaft-lebensmittel\/fischkultur\/#breadcrumb","itemListElement":[{"@type":"ListItem","position":1,"name":"Home","item":"https:\/\/anseros-systeme.de\/de\/"},{"@type":"ListItem","position":2,"name":"Ozonanwendungen","item":"https:\/\/anseros-systeme.de\/de\/ozonanwendungen\/"},{"@type":"ListItem","position":3,"name":"Landwirtschaft &#038; Lebensmittel","item":"https:\/\/anseros-systeme.de\/de\/ozonanwendungen\/landwirtschaft-lebensmittel\/"},{"@type":"ListItem","position":4,"name":"Fischkultur"}]},{"@type":"WebSite","@id":"https:\/\/anseros-systeme.de\/#website","url":"https:\/\/anseros-systeme.de\/","name":"Anseros Ozone Technologies","description":"Ozone Generators | Ozone Analyzers | Ozone Water Treatment Systems | Ozone Air Purification Systems | Ozone Test Chambers","publisher":{"@id":"https:\/\/anseros-systeme.de\/#organization"},"potentialAction":[{"@type":"SearchAction","target":{"@type":"EntryPoint","urlTemplate":"https:\/\/anseros-systeme.de\/?s={search_term_string}"},"query-input":{"@type":"PropertyValueSpecification","valueRequired":true,"valueName":"search_term_string"}}],"inLanguage":"de"},{"@type":"Organization","@id":"https:\/\/anseros-systeme.de\/#organization","name":"ANSROS KLAUS NONNENMACHER GmbH","url":"https:\/\/anseros-systeme.de\/","logo":{"@type":"ImageObject","inLanguage":"de","@id":"https:\/\/anseros-systeme.de\/#\/schema\/logo\/image\/","url":"https:\/\/hoxon.de\/wp-content\/uploads\/logo-7-e1609862136604.png","contentUrl":"https:\/\/hoxon.de\/wp-content\/uploads\/logo-7-e1609862136604.png","width":150,"height":150,"caption":"ANSROS KLAUS NONNENMACHER GmbH"},"image":{"@id":"https:\/\/anseros-systeme.de\/#\/schema\/logo\/image\/"},"sameAs":["https:\/\/www.facebook.com\/AnserosDeutschland\/"]}]}},"_links":{"self":[{"href":"https:\/\/anseros-systeme.de\/de\/wp-json\/wp\/v2\/pages\/5429"}],"collection":[{"href":"https:\/\/anseros-systeme.de\/de\/wp-json\/wp\/v2\/pages"}],"about":[{"href":"https:\/\/anseros-systeme.de\/de\/wp-json\/wp\/v2\/types\/page"}],"author":[{"embeddable":true,"href":"https:\/\/anseros-systeme.de\/de\/wp-json\/wp\/v2\/users\/5"}],"replies":[{"embeddable":true,"href":"https:\/\/anseros-systeme.de\/de\/wp-json\/wp\/v2\/comments?post=5429"}],"version-history":[{"count":4,"href":"https:\/\/anseros-systeme.de\/de\/wp-json\/wp\/v2\/pages\/5429\/revisions"}],"predecessor-version":[{"id":8823,"href":"https:\/\/anseros-systeme.de\/de\/wp-json\/wp\/v2\/pages\/5429\/revisions\/8823"}],"up":[{"embeddable":true,"href":"https:\/\/anseros-systeme.de\/de\/wp-json\/wp\/v2\/pages\/2430"}],"wp:attachment":[{"href":"https:\/\/anseros-systeme.de\/de\/wp-json\/wp\/v2\/media?parent=5429"}],"curies":[{"name":"wp","href":"https:\/\/api.w.org\/{rel}","templated":true}]}}