{"id":8209,"date":"2021-11-06T18:16:08","date_gmt":"2021-11-06T16:16:08","guid":{"rendered":"https:\/\/anseros-systeme.de\/?page_id=8209"},"modified":"2022-01-14T13:17:16","modified_gmt":"2022-01-14T11:17:16","slug":"ozonanlagen","status":"publish","type":"page","link":"https:\/\/anseros-systeme.de\/de\/ozonanlagen\/","title":{"rendered":"Ozonanlagen"},"content":{"rendered":"<div  class=\"ui--tagline-box-wrapper ui--animation clearfix\"><div  id=\"tagline-2\" class=\"ui--tagline-box ui-row clearfix ui--tagline-box-custom-color radius-6px\" data-responsive=\"{&quot;css&quot;:{&quot;min-height&quot;:{&quot;phone&quot;:&quot;auto&quot;,&quot;tablet&quot;:&quot;auto&quot;,&quot;widescreen&quot;:&quot;&quot;}}}\"><div  class=\"ui--tagline-background-container ui--tagline-background-overlay radius-6px\"><\/div><div  class=\"ui--tagline-background-container ui--tagline-background-image radius-6px\"><\/div><div  class=\"ui--tagline-content\"><div  class=\"ui--tagline-box-wrapper ui--animation clearfix\"><div  id=\"tagline-1\" class=\"ui--tagline-box ui-row clearfix ui--tagline-box-custom-color radius-6px\" data-responsive=\"{&quot;css&quot;:{&quot;min-height&quot;:{&quot;phone&quot;:&quot;auto&quot;,&quot;tablet&quot;:&quot;auto&quot;,&quot;widescreen&quot;:&quot;&quot;}}}\"><div  class=\"ui--tagline-background-container ui--tagline-background-overlay radius-6px\"><\/div><div  class=\"ui--tagline-background-container ui--tagline-background-image radius-6px\"><\/div><div  class=\"ui--tagline-content\"><h1 id=\"custom-title-h1-1\" class=\"ui--animation \" style=\"margin-top: 0px; margin-bottom: 30px; \"><strong>Ozon-Anlagen: Mit Ozon-Technologie k\u00f6nnen Sie Ihren Oxidationsprozess in der Wasser- und Gasphase verbessern!<\/strong><\/h1><\/div><\/div><div class=\"ui--shadow ui--shadow-type-3  clearfix\"><img decoding=\"async\" src=\"https:\/\/anseros-systeme.de\/wp-content\/themes\/envision\/includes\/modules\/module.shadow\/shadows\/shadow-3.png\" alt=\"shadow\" \/><\/div><\/div><div class=\"ui-row row\">\n <div   class=\"ui-column span6\"><div class=\"auto-format ui--animation\"><p>Ozon-Anlagen sind intelligente L\u00f6sungen f\u00fcr eine exzellente Wasseraufbereitung und Luftreinigung mit Ozon-Gas. Ozon-Anlagen werden durch den Einsatz in der Luft- oder Wasserumgebung unterschieden. Aus diesem Grund hat Anseros verschiedene Ozon-Prozess-Systeme entwickelt. Die Anseros Ozon-Wasseraufbereitungs-Anlagen | PAP und auch die Anseros Ozon-Luftreinigungsanlagen | CAT verf\u00fcgen \u00fcber integrierte Module, wie beispielsweise Ozongeneratoren, zur Erzeugung von Ozon-Gas und Ozon-Analysatoren zur gleichzeitigen \u00dcberwachung von Ozon-Gas in der Gas- oder Wasserphase. Ozon-Generatoren arbeiten mit Unterdruckdifferenz und werden von Sauerstoffgeneratoren oder Gasflaschen versorgt. Eine zuverl\u00e4ssige und sichere Ozon-Erzeugung mit hoher Sauerstoffqualit\u00e4t gew\u00e4hrleistet Ozon-Konzentrationen bis 300 g\/Nm3. Die aufeinander abgestimmten Ozon-Anlagen realisieren eine hohe Leistung mit einer Ozon-Kapazit\u00e4t bis 180 g O3\/h. Dar\u00fcber hinaus wird das erzeugte Ozon-Gas von Ozon-Monitoren in mehreren Bereichen gemessen. Ozon-Gasz\u00e4hler analysieren das Ozon in trockenen oder feuchten Gaszust\u00e4nden. Im Gegensatz dazu messen Ozon-Wasser-Analysatoren in der Wasserphase mit Hilfe eines nduv-Prozess-Photometers das gel\u00f6ste Ozon in den vorliegenden w\u00e4ssrigen L\u00f6sungen, z.B. in DI- und RO-Wassersystemen sowie in Ozon-wasseraufbereitungsanlagen f\u00fcr die pharmazeutische Industrie mit sauren L\u00f6sungen (H2SO4) oder bei feuchten Bedingungen in der Halbleiterverarbeitung.<\/p>\n<\/div><h1 id=\"custom-title-h1-2\" class=\"ui--animation \" style=\"margin-top: 35px; margin-bottom: 5px; \"><strong>Wie funktioniert die Ozontechnologie?<\/strong><\/h1><div  class=\"ui--divider ui--animation clearfix ui--divider-fade-line\" style=\"margin-top: 0px;  margin-bottom: 3px;\">\n\t\t\t\t\t\t<div class=\"ui--divider-inner-wrap\">\n\t\t\t\t\t\t\t<div class=\"ui--divider-part ui--divider-part-left\"><\/div>\n\t\t\t\t\t\t\t<div class=\"ui--divider-part ui--divider-part-right\"><\/div>\n\t\t\t\t\t\t<\/div>\n\t\t\t\t\t<\/div><div class=\"auto-format ui--animation\"><p>Ozon wird durch Entladungs-Ozon-Generatoren erzeugt.<br \/>\nDer Ozon-Generator der COM-VD-Serie von Anseros arbeitet mit Oberfl\u00e4chenentladungstechnologie. Eine Oberfl\u00e4chenentladung wird durch eine Hochfrequenz und Hochspannung erzeugt. Am Elektrodenrand wird die Oberfl\u00e4chenentladung erzeugt, um den Sauerstoff der Umgebungsluft zu ozonisieren. Die hohe Energiedichte wird das integrierte Dielektrikum erodieren. In diesem Fall werden Partikelfilter ben\u00f6tigt, um zu vermeiden, dass ozonisiertes Gas und ozonisiertes Wasser enthalten sind. Die Anseros-Generatoren sind mit Elektroden aus widerstandsf\u00e4higen Materialien f\u00fcr eine l\u00e4ngere Lebensdauer ausgestattet. Die vollst\u00e4ndige Verhinderung dieses Ph\u00e4nomens ist physikalisch nicht m\u00f6glich.<br \/>\nDaher hat Anseros einen Volumenentladungs-Ozon-Generator mit r\u00f6hrenf\u00f6rmiger Geometrie f\u00fcr die metallfreie Ozongasproduktion speziell f\u00fcr ultra-reine Anwendungen entwickelt. <\/p>\n<\/div><\/div> \n\n <div   class=\"ui-column span6\"><div class=\"auto-format ui--animation\"><p>Die Anseros Tube Technology COM-AD erzeugt gasf\u00f6rmiges Ozon ohne Kontakt zu den Metallelektroden und Partikelemissionen. Durch die Tube Technology sind die Anseros Ozongeneratoren der COM-AD-Serie verschlei\u00dffrei und versprechen eine hohe Langlebigkeit und Nachhaltigkeit ohne Verschlechterung der Ozonkapazit\u00e4t.<\/p>\n<\/div><h1 id=\"custom-title-h1-3\" class=\"ui--animation \" style=\"margin-top: 35px; margin-bottom: 5px; \"><strong>Warum ist ein hoher Standard der Ozon-Generatoren von Anseros notwendig?<\/strong><\/h1><div  class=\"ui--divider ui--animation clearfix ui--divider-fade-line\" style=\"margin-top: 0px;  margin-bottom: 3px;\">\n\t\t\t\t\t\t<div class=\"ui--divider-inner-wrap\">\n\t\t\t\t\t\t\t<div class=\"ui--divider-part ui--divider-part-left\"><\/div>\n\t\t\t\t\t\t\t<div class=\"ui--divider-part ui--divider-part-right\"><\/div>\n\t\t\t\t\t\t<\/div>\n\t\t\t\t\t<\/div><div class=\"auto-format ui--animation\"><p>Anseros hat in den letzten Jahren mehrere Ozonsysteme entwickelt und Erfahrungen mit unseren Partnern gesammelt. Unsere Systeme werden von unseren Ingenieuren \u201emade in Germany\u201c entwickelt und gefertigt. Wir sind einzigartig in der Herstellung von Ozoninstrumenten und der Integration von Ozon-Ger\u00e4ten in Ozon-Systeme. Alle Ozonger\u00e4te sind auf die eingesteckten Ozonger\u00e4te der Firma Anseros abgestimmt. Nur durch diese Synchronisation der eigenen Anseros Produkte kann eine sterile und 100% metallfreie Ozonproduktion realisiert werden.<\/p>\n<\/div><h1 id=\"custom-title-h1-4\" class=\"ui--animation \" style=\"margin-top: 35px; margin-bottom: 5px; \"><strong>Wo k\u00f6nnen unsere Ozon-Anlagen eingesetzt werden?<\/strong><\/h1><div  class=\"ui--divider ui--animation clearfix ui--divider-fade-line\" style=\"margin-top: 0px;  margin-bottom: 3px;\">\n\t\t\t\t\t\t<div class=\"ui--divider-inner-wrap\">\n\t\t\t\t\t\t\t<div class=\"ui--divider-part ui--divider-part-left\"><\/div>\n\t\t\t\t\t\t\t<div class=\"ui--divider-part ui--divider-part-right\"><\/div>\n\t\t\t\t\t\t<\/div>\n\t\t\t\t\t<\/div><div class=\"auto-format ui--animation\"><p>Speziell f\u00fcr die Wasserphase haben wir Ozongeneratoren entwickelt, um keimfreies Wasser zu erzeugen. Ozon reagiert mit Metallen wie Eisen und Mangan und eliminiert diese Stoffe. Aus diesem Grund setzen die Pharma- und Halbleiterindustrie unsere Ozongeneratoren zur Wasseraufbereitung ein.<br \/>\nDurch die Verwendung von Ozon werden Keime verschiedener Krankheiten wie Hepatitis, Pneumokokken, Meningokokken, Malaria, Ebola, Zika-Virus und Lassa-Fieber abget\u00f6tet. Dar\u00fcber hinaus werden Bakterien von Escherichia coli und Chlamydien sowie die Keime von MERS, SARS, EHEC-Infektionen, Tuberkulose sowie die sogenannten Krankenhauskeime und Legionellen vollst\u00e4ndig eliminiert.<br \/>\nUnsere Ozon Generatoren sind f\u00fcr ein breites Anwendungsspektrum geeignet und haben einen sehr geringen Energieverbrauch. Zudem sind die Ozon Ger\u00e4te sehr umweltfreundlich und haben eine hohe Wirksamkeit.<br \/>\nGleichzeitig bieten Anseros Ozon-Anlagen die M\u00f6glichkeit der Raumluft\u00fcberwachung Messger\u00e4te und Alarmsysteme zur risikofreien Prozess\u00fcberwachung an.<br \/>\nFragen Sie uns nach weiteren Informationen zu unseren Ozonanlagen. Wir haben die ideale L\u00f6sung f\u00fcr Ihren individuellen Prozess. Wir freuen uns auf unsere Anfrage.<\/p>\n<\/div><\/div> \n\n<\/div> \n<\/div><\/div><\/div><div class=\"ui-row row\">\n <div   class=\"ui-column span6\"><div class=\"ui--box-widget\"><div  class=\"ui--content-box ui--box ui--content-item ui--animation ui-row\"><div class=\"ui--content-box-header\"><a class=\"ui--content-box-link\" href=\"https:\/\/anseros-systeme.de\/de\/ozon-anlagen\/ozon-luftreinigungsanlagen-cat\/\"><div class=\"ui--content-box-title ui--gradient ui--gradient-grey on--hover clearfix text-center\"><h1 class=\"ui--content-box-title-text\">Ozon-Luftreinigungs-Anlagen | CAT<\/h1><\/div><\/a><\/div><\/div><\/div><\/div> \n\n <div   class=\"ui-column span6\"><div class=\"ui--box-widget\"><div  class=\"ui--content-box ui--box ui--content-item ui--animation ui-row\"><div class=\"ui--content-box-header\"><a class=\"ui--content-box-link\" href=\"https:\/\/anseros-systeme.de\/de\/ozon-anlagen\/ozon-wasseraufbereitungsanlagen-pap\/\"><div class=\"ui--content-box-title ui--gradient ui--gradient-grey on--hover clearfix text-center\"><h1 class=\"ui--content-box-title-text\">Ozon-Wasseraufbereitungs-Anlagen | PAP<\/h1><\/div><\/a><\/div><\/div><\/div><\/div> \n\n<\/div> \n<div class=\"ui-row row\">\n <div   class=\"ui-column span6\"><div class=\"ui--box-widget\"><div  class=\"ui--content-box ui--box ui--content-item ui--animation ui-row\"><div class=\"ui--content-box-header\"><a class=\"ui--content-box-link\" href=\"https:\/\/anseros-systeme.de\/de\/ozon-pruefschraenke\/\"><div class=\"ui--content-box-title ui--gradient ui--gradient-grey on--hover clearfix text-center\"><h1 class=\"ui--content-box-title-text\">Ozon-Pr\u00fcfkammern \/ Ozon-Pr\u00fcfschr\u00e4nke | SIM<\/h1><\/div><\/a><\/div><\/div><\/div><\/div> \n\n <div   class=\"ui-column span6\"><div class=\"ui--box-widget\"><div  class=\"ui--content-box ui--box ui--content-item ui--animation ui-row\"><div class=\"ui--content-box-header\"><a class=\"ui--content-box-link\" href=\"https:\/\/anseros-systeme.de\/de\/advanced-oxidation-process-anlagen-hoxon\/\"><div class=\"ui--content-box-title ui--gradient ui--gradient-grey on--hover clearfix text-center\"><h1 class=\"ui--content-box-title-text\">Advanced-Oxidation-Process-Anlagen | HOXON\u00ae<\/h1><\/div><\/a><\/div><\/div><\/div><\/div> \n\n<\/div> \n<div class=\"ui-row row\">\n <div   class=\"ui-column span6\"><div class=\"ui--box-widget\"><div  class=\"ui--content-box ui--box ui--content-item ui--animation ui-row\"><div class=\"ui--content-box-header\"><a class=\"ui--content-box-link\" href=\"https:\/\/anseros-systeme.de\/de\/ozon-anlagen\/ozon-agraranlagen-k-frisch\/\"><div class=\"ui--content-box-title ui--gradient ui--gradient-grey on--hover clearfix text-center\"><h1 class=\"ui--content-box-title-text\">Ozon-Agrar-Anlagen | K-FRISCH<\/h1><\/div><\/a><\/div><\/div><\/div><\/div> \n\n <div   class=\"ui-column span6\"><div class=\"ui--box-widget\"><div  class=\"ui--content-box ui--box ui--content-item ui--animation ui-row\"><div class=\"ui--content-box-header\"><a class=\"ui--content-box-link\" href=\"https:\/\/anseros-systeme.de\/de\/ozon-anlagen\/ozon-weinbauanlagen-oenocat\/\"><div class=\"ui--content-box-title ui--gradient ui--gradient-grey on--hover clearfix text-center\"><h1 class=\"ui--content-box-title-text\">Ozon-Weinbau-Anlagen | OENOCAT\u00ae<\/h1><\/div><\/a><\/div><\/div><\/div><\/div> \n\n<\/div> \n<div class=\"ui-row row\">\n <div   class=\"ui-column span6\"><div class=\"ui--box-widget\"><div  class=\"ui--content-box ui--box ui--content-item ui--animation ui-row\"><div class=\"ui--content-box-header\"><a class=\"ui--content-box-link\" href=\"https:\/\/anseros-systeme.de\/de\/ozon-verfahrensanlagen-pro3\/\"><div class=\"ui--content-box-title ui--gradient ui--gradient-grey on--hover clearfix text-center\"><h1 class=\"ui--content-box-title-text\">Ozon-Verfahrenstechnische-Anlagen | PRO3<\/h1><\/div><\/a><\/div><\/div><\/div><\/div> \n\n<\/div> \n","protected":false},"excerpt":{"rendered":"<p>Ozon-Anlagen: Mit Ozon-Technologie k\u00f6nnen Sie Ihren Oxidationsprozess in der Wasser- und Gasphase verbessern! Ozon-Anlagen sind intelligente L\u00f6sungen f\u00fcr eine exzellente Wasseraufbereitung und Luftreinigung mit Ozon-Gas. Ozon-Anlagen werden durch den Einsatz in der Luft- oder Wasserumgebung unterschieden. Aus diesem Grund hat Anseros verschiedene Ozon-Prozess-Systeme entwickelt. Die Anseros Ozon-Wasseraufbereitungs-Anlagen | PAP und auch die Anseros Ozon-Luftreinigungsanlagen | [&hellip;]<\/p>\n","protected":false},"author":5,"featured_media":0,"parent":0,"menu_order":0,"comment_status":"closed","ping_status":"closed","template":"","meta":{"footnotes":""},"class_list":["post-8209","page","type-page","status-publish","hentry"],"yoast_head":"<!-- This site is optimized with the Yoast SEO plugin v23.6 - https:\/\/yoast.com\/wordpress\/plugins\/seo\/ -->\n<title>Ozonanlagen - Anseros Ozone Technologies<\/title>\n<meta name=\"description\" content=\"Zeichen: Behandeln Sie Ihr Wasser und Ihre Luft effizient mit dem Einsatz von Ozon-Anlagen.\" \/>\n<meta name=\"robots\" content=\"noindex, follow, max-snippet:-1, max-image-preview:large, max-video-preview:-1\" \/>\n<meta property=\"og:locale\" content=\"de_DE\" \/>\n<meta property=\"og:type\" content=\"article\" \/>\n<meta property=\"og:title\" content=\"Ozonanlagen - Anseros Ozone Technologies\" \/>\n<meta property=\"og:description\" content=\"Zeichen: Behandeln Sie Ihr Wasser und Ihre Luft effizient mit dem Einsatz von Ozon-Anlagen.\" \/>\n<meta property=\"og:url\" content=\"https:\/\/anseros-systeme.de\/de\/ozonanlagen\/\" \/>\n<meta property=\"og:site_name\" content=\"Anseros Ozone Technologies\" \/>\n<meta property=\"article:publisher\" content=\"https:\/\/www.facebook.com\/AnserosDeutschland\/\" \/>\n<meta property=\"article:modified_time\" content=\"2022-01-14T11:17:16+00:00\" \/>\n<meta name=\"twitter:card\" content=\"summary_large_image\" \/>\n<script type=\"application\/ld+json\" class=\"yoast-schema-graph\">{\"@context\":\"https:\/\/schema.org\",\"@graph\":[{\"@type\":\"WebPage\",\"@id\":\"https:\/\/anseros-systeme.de\/de\/ozonanlagen\/\",\"url\":\"https:\/\/anseros-systeme.de\/de\/ozonanlagen\/\",\"name\":\"Ozonanlagen - Anseros Ozone Technologies\",\"isPartOf\":{\"@id\":\"https:\/\/anseros-systeme.de\/#website\"},\"datePublished\":\"2021-11-06T16:16:08+00:00\",\"dateModified\":\"2022-01-14T11:17:16+00:00\",\"description\":\"Zeichen: Behandeln Sie Ihr Wasser und Ihre Luft effizient mit dem Einsatz von Ozon-Anlagen.\",\"breadcrumb\":{\"@id\":\"https:\/\/anseros-systeme.de\/de\/ozonanlagen\/#breadcrumb\"},\"inLanguage\":\"de\",\"potentialAction\":[{\"@type\":\"ReadAction\",\"target\":[\"https:\/\/anseros-systeme.de\/de\/ozonanlagen\/\"]}]},{\"@type\":\"BreadcrumbList\",\"@id\":\"https:\/\/anseros-systeme.de\/de\/ozonanlagen\/#breadcrumb\",\"itemListElement\":[{\"@type\":\"ListItem\",\"position\":1,\"name\":\"Home\",\"item\":\"https:\/\/anseros-systeme.de\/de\/\"},{\"@type\":\"ListItem\",\"position\":2,\"name\":\"Ozonanlagen\"}]},{\"@type\":\"WebSite\",\"@id\":\"https:\/\/anseros-systeme.de\/#website\",\"url\":\"https:\/\/anseros-systeme.de\/\",\"name\":\"Anseros Ozone Technologies\",\"description\":\"Ozone Generators | Ozone Analyzers | Ozone Water Treatment Systems | Ozone Air Purification Systems | Ozone Test Chambers\",\"publisher\":{\"@id\":\"https:\/\/anseros-systeme.de\/#organization\"},\"potentialAction\":[{\"@type\":\"SearchAction\",\"target\":{\"@type\":\"EntryPoint\",\"urlTemplate\":\"https:\/\/anseros-systeme.de\/?s={search_term_string}\"},\"query-input\":{\"@type\":\"PropertyValueSpecification\",\"valueRequired\":true,\"valueName\":\"search_term_string\"}}],\"inLanguage\":\"de\"},{\"@type\":\"Organization\",\"@id\":\"https:\/\/anseros-systeme.de\/#organization\",\"name\":\"ANSROS KLAUS NONNENMACHER GmbH\",\"url\":\"https:\/\/anseros-systeme.de\/\",\"logo\":{\"@type\":\"ImageObject\",\"inLanguage\":\"de\",\"@id\":\"https:\/\/anseros-systeme.de\/#\/schema\/logo\/image\/\",\"url\":\"https:\/\/hoxon.de\/wp-content\/uploads\/logo-7-e1609862136604.png\",\"contentUrl\":\"https:\/\/hoxon.de\/wp-content\/uploads\/logo-7-e1609862136604.png\",\"width\":150,\"height\":150,\"caption\":\"ANSROS KLAUS NONNENMACHER GmbH\"},\"image\":{\"@id\":\"https:\/\/anseros-systeme.de\/#\/schema\/logo\/image\/\"},\"sameAs\":[\"https:\/\/www.facebook.com\/AnserosDeutschland\/\"]}]}<\/script>\n<!-- \/ Yoast SEO plugin. -->","yoast_head_json":{"title":"Ozonanlagen - Anseros Ozone Technologies","description":"Zeichen: Behandeln Sie Ihr Wasser und Ihre Luft effizient mit dem Einsatz von Ozon-Anlagen.","robots":{"index":"noindex","follow":"follow","max-snippet":"max-snippet:-1","max-image-preview":"max-image-preview:large","max-video-preview":"max-video-preview:-1"},"og_locale":"de_DE","og_type":"article","og_title":"Ozonanlagen - Anseros Ozone Technologies","og_description":"Zeichen: Behandeln Sie Ihr Wasser und Ihre Luft effizient mit dem Einsatz von Ozon-Anlagen.","og_url":"https:\/\/anseros-systeme.de\/de\/ozonanlagen\/","og_site_name":"Anseros Ozone Technologies","article_publisher":"https:\/\/www.facebook.com\/AnserosDeutschland\/","article_modified_time":"2022-01-14T11:17:16+00:00","twitter_card":"summary_large_image","schema":{"@context":"https:\/\/schema.org","@graph":[{"@type":"WebPage","@id":"https:\/\/anseros-systeme.de\/de\/ozonanlagen\/","url":"https:\/\/anseros-systeme.de\/de\/ozonanlagen\/","name":"Ozonanlagen - Anseros Ozone Technologies","isPartOf":{"@id":"https:\/\/anseros-systeme.de\/#website"},"datePublished":"2021-11-06T16:16:08+00:00","dateModified":"2022-01-14T11:17:16+00:00","description":"Zeichen: Behandeln Sie Ihr Wasser und Ihre Luft effizient mit dem Einsatz von Ozon-Anlagen.","breadcrumb":{"@id":"https:\/\/anseros-systeme.de\/de\/ozonanlagen\/#breadcrumb"},"inLanguage":"de","potentialAction":[{"@type":"ReadAction","target":["https:\/\/anseros-systeme.de\/de\/ozonanlagen\/"]}]},{"@type":"BreadcrumbList","@id":"https:\/\/anseros-systeme.de\/de\/ozonanlagen\/#breadcrumb","itemListElement":[{"@type":"ListItem","position":1,"name":"Home","item":"https:\/\/anseros-systeme.de\/de\/"},{"@type":"ListItem","position":2,"name":"Ozonanlagen"}]},{"@type":"WebSite","@id":"https:\/\/anseros-systeme.de\/#website","url":"https:\/\/anseros-systeme.de\/","name":"Anseros Ozone Technologies","description":"Ozone Generators | Ozone Analyzers | Ozone Water Treatment Systems | Ozone Air Purification Systems | Ozone Test Chambers","publisher":{"@id":"https:\/\/anseros-systeme.de\/#organization"},"potentialAction":[{"@type":"SearchAction","target":{"@type":"EntryPoint","urlTemplate":"https:\/\/anseros-systeme.de\/?s={search_term_string}"},"query-input":{"@type":"PropertyValueSpecification","valueRequired":true,"valueName":"search_term_string"}}],"inLanguage":"de"},{"@type":"Organization","@id":"https:\/\/anseros-systeme.de\/#organization","name":"ANSROS KLAUS NONNENMACHER GmbH","url":"https:\/\/anseros-systeme.de\/","logo":{"@type":"ImageObject","inLanguage":"de","@id":"https:\/\/anseros-systeme.de\/#\/schema\/logo\/image\/","url":"https:\/\/hoxon.de\/wp-content\/uploads\/logo-7-e1609862136604.png","contentUrl":"https:\/\/hoxon.de\/wp-content\/uploads\/logo-7-e1609862136604.png","width":150,"height":150,"caption":"ANSROS KLAUS NONNENMACHER GmbH"},"image":{"@id":"https:\/\/anseros-systeme.de\/#\/schema\/logo\/image\/"},"sameAs":["https:\/\/www.facebook.com\/AnserosDeutschland\/"]}]}},"_links":{"self":[{"href":"https:\/\/anseros-systeme.de\/de\/wp-json\/wp\/v2\/pages\/8209"}],"collection":[{"href":"https:\/\/anseros-systeme.de\/de\/wp-json\/wp\/v2\/pages"}],"about":[{"href":"https:\/\/anseros-systeme.de\/de\/wp-json\/wp\/v2\/types\/page"}],"author":[{"embeddable":true,"href":"https:\/\/anseros-systeme.de\/de\/wp-json\/wp\/v2\/users\/5"}],"replies":[{"embeddable":true,"href":"https:\/\/anseros-systeme.de\/de\/wp-json\/wp\/v2\/comments?post=8209"}],"version-history":[{"count":14,"href":"https:\/\/anseros-systeme.de\/de\/wp-json\/wp\/v2\/pages\/8209\/revisions"}],"predecessor-version":[{"id":8824,"href":"https:\/\/anseros-systeme.de\/de\/wp-json\/wp\/v2\/pages\/8209\/revisions\/8824"}],"wp:attachment":[{"href":"https:\/\/anseros-systeme.de\/de\/wp-json\/wp\/v2\/media?parent=8209"}],"curies":[{"name":"wp","href":"https:\/\/api.w.org\/{rel}","templated":true}]}}